{"id":4919,"date":"2021-10-17T16:21:25","date_gmt":"2021-10-17T14:21:25","guid":{"rendered":"https:\/\/decofoodshop.nl\/?post_type=product&#038;p=4919"},"modified":"2026-04-07T20:05:51","modified_gmt":"2026-04-07T18:05:51","slug":"mock-roasted-chicken","status":"publish","type":"product","link":"https:\/\/decofoodshop.nl\/de\/product\/namaak-geroosterde-kip\/","title":{"rendered":"Gef\u00e4lschtes Brath\u00e4hnchen"},"content":{"rendered":"<p>Dekoratives gef\u00e4lschtes Brath\u00e4hnchen.<\/p>\n<p>Dieses gef\u00e4lschte Brath\u00e4hnchen ist eine praktische Dekoration.<\/p>\n<p>Das Scheinhuhn sieht aus, als w\u00e4re es ger\u00f6stet oder vom Grill gekommen.<\/p>\n<p>Es ist ein robuster k\u00fcnstlicher H\u00fchnerbraten aus dickem Schaum.<\/p>\n<p>Eine geeignete Gefl\u00fcgelf\u00e4lschungsdekoration f\u00fcr Vitrinen oder Demoanwendungen.<\/p>\n<p>F\u00fcr mehr nat\u00fcrliches Fake Food, schau dir auch die Kategorie an: \u201e<span style=\"color: #008000;\"><strong><a style=\"color: #008000;\" href=\"https:\/\/decofoodshop.nl\/de\/produktkategorie-2\/kunstliches-gemuse\/\">gef\u00e4lschtes Gem\u00fcse<\/a><\/strong><\/span>&#8220;.<\/p>\n<p>&nbsp;<\/p>\n<p>&nbsp;<\/p>","protected":false},"excerpt":{"rendered":"<p>Decoratieve Namaak Geroosterde Kip. Deze namaak &#8216;roast chicken&#8217; is een handzame decoratie. De nepkip ziet eruit alsof deze gebraden is of van de barbeque afkomt. Het betreft een stevige van dikschuim gemaakt kunstkip braadstuk. Een geschikte namaak gevogelte decoratie voor in vitrine&#8217;s of in demo toepassingen. Kijk voor meer natuurlijk nepvoedsel ook even in de [&hellip;]<\/p>\n","protected":false},"featured_media":4920,"template":"","meta":{"_acf_changed":false,"_genesis_hide_title":false,"_genesis_hide_breadcrumbs":false,"_genesis_hide_singular_image":false,"_genesis_hide_footer_widgets":false,"_genesis_custom_body_class":"","_genesis_custom_post_class":"","_genesis_layout":""},"product_brand":[],"product_cat":[50],"product_tag":[],"class_list":{"0":"post-4919","1":"product","2":"type-product","3":"status-publish","4":"has-post-thumbnail","6":"product_cat-namaak-vis-en-vlees","7":"entry","8":"wpx-has-gallery","10":"first","11":"instock","12":"taxable","13":"shipping-taxable","14":"purchasable","15":"product-type-simple"},"acf":[],"yoast_head":"<!-- This site is optimized with the Yoast SEO Premium plugin v27.3 (Yoast SEO v27.4) - https:\/\/yoast.com\/product\/yoast-seo-premium-wordpress\/ -->\n<title>Namaak Geroosterde Kip - Decofoodshop<\/title>\n<meta name=\"description\" content=\"Namaak Geroosterde Kip en meer namaak decoratie braadstukken bestellen bij Decofoodshop.nl Heel veel keuze en directe levering.\" \/>\n<meta name=\"robots\" content=\"index, follow, max-snippet:-1, max-image-preview:large, max-video-preview:-1\" \/>\n<link rel=\"canonical\" href=\"https:\/\/decofoodshop.nl\/de\/produkt\/mock-roasted-chicken\/\" \/>\n<meta property=\"og:locale\" content=\"de_DE\" \/>\n<meta property=\"og:type\" content=\"article\" \/>\n<meta property=\"og:title\" content=\"Namaak Geroosterde Kip\" \/>\n<meta property=\"og:description\" content=\"Namaak Geroosterde Kip en meer namaak decoratie braadstukken bestellen bij Decofoodshop.nl Heel veel keuze en directe levering.\" \/>\n<meta property=\"og:url\" content=\"https:\/\/decofoodshop.nl\/de\/produkt\/mock-roasted-chicken\/\" \/>\n<meta property=\"og:site_name\" content=\"Decofoodshop\" \/>\n<meta property=\"article:modified_time\" content=\"2026-04-07T18:05:51+00:00\" \/>\n<meta property=\"og:image\" content=\"https:\/\/decofoodshop.nl\/wp-content\/uploads\/2021\/10\/Namaak-Geroosterde-Kip-20cm.jpg\" \/>\n\t<meta property=\"og:image:width\" content=\"750\" \/>\n\t<meta property=\"og:image:height\" content=\"750\" \/>\n\t<meta property=\"og:image:type\" content=\"image\/jpeg\" \/>\n<meta name=\"twitter:card\" content=\"summary_large_image\" \/>\n<meta name=\"twitter:label1\" content=\"Gesch\u00e4tzte Lesezeit\" \/>\n\t<meta name=\"twitter:data1\" content=\"1\u00a0Minute\" \/>\n<script type=\"application\/ld+json\" class=\"yoast-schema-graph\">{\"@context\":\"https:\\\/\\\/schema.org\",\"@graph\":[{\"@type\":\"WebPage\",\"@id\":\"https:\\\/\\\/decofoodshop.nl\\\/product\\\/namaak-geroosterde-kip\\\/\",\"url\":\"https:\\\/\\\/decofoodshop.nl\\\/product\\\/namaak-geroosterde-kip\\\/\",\"name\":\"Namaak Geroosterde Kip - Decofoodshop\",\"isPartOf\":{\"@id\":\"https:\\\/\\\/decofoodshop.nl\\\/#website\"},\"primaryImageOfPage\":{\"@id\":\"https:\\\/\\\/decofoodshop.nl\\\/product\\\/namaak-geroosterde-kip\\\/#primaryimage\"},\"image\":{\"@id\":\"https:\\\/\\\/decofoodshop.nl\\\/product\\\/namaak-geroosterde-kip\\\/#primaryimage\"},\"thumbnailUrl\":\"https:\\\/\\\/decofoodshop.nl\\\/wp-content\\\/uploads\\\/2021\\\/10\\\/Namaak-Geroosterde-Kip-20cm.jpg\",\"datePublished\":\"2021-10-17T14:21:25+00:00\",\"dateModified\":\"2026-04-07T18:05:51+00:00\",\"description\":\"Namaak Geroosterde Kip en meer namaak decoratie braadstukken bestellen bij Decofoodshop.nl Heel veel keuze en directe levering.\",\"breadcrumb\":{\"@id\":\"https:\\\/\\\/decofoodshop.nl\\\/product\\\/namaak-geroosterde-kip\\\/#breadcrumb\"},\"inLanguage\":\"de\",\"potentialAction\":[{\"@type\":\"ReadAction\",\"target\":[\"https:\\\/\\\/decofoodshop.nl\\\/product\\\/namaak-geroosterde-kip\\\/\"]}]},{\"@type\":\"ImageObject\",\"inLanguage\":\"de\",\"@id\":\"https:\\\/\\\/decofoodshop.nl\\\/product\\\/namaak-geroosterde-kip\\\/#primaryimage\",\"url\":\"https:\\\/\\\/decofoodshop.nl\\\/wp-content\\\/uploads\\\/2021\\\/10\\\/Namaak-Geroosterde-Kip-20cm.jpg\",\"contentUrl\":\"https:\\\/\\\/decofoodshop.nl\\\/wp-content\\\/uploads\\\/2021\\\/10\\\/Namaak-Geroosterde-Kip-20cm.jpg\",\"width\":750,\"height\":750,\"caption\":\"Namaak Geroosterde Kip van decofoodshop\"},{\"@type\":\"BreadcrumbList\",\"@id\":\"https:\\\/\\\/decofoodshop.nl\\\/product\\\/namaak-geroosterde-kip\\\/#breadcrumb\",\"itemListElement\":[{\"@type\":\"ListItem\",\"position\":1,\"name\":\"Home\",\"item\":\"https:\\\/\\\/decofoodshop.nl\\\/\"},{\"@type\":\"ListItem\",\"position\":2,\"name\":\"Winkel\",\"item\":\"https:\\\/\\\/decofoodshop.nl\\\/winkel\\\/\"},{\"@type\":\"ListItem\",\"position\":3,\"name\":\"Namaak Geroosterde Kip\"}]},{\"@type\":\"WebSite\",\"@id\":\"https:\\\/\\\/decofoodshop.nl\\\/#website\",\"url\":\"https:\\\/\\\/decofoodshop.nl\\\/\",\"name\":\"Decofoodshop\",\"description\":\"\",\"potentialAction\":[{\"@type\":\"SearchAction\",\"target\":{\"@type\":\"EntryPoint\",\"urlTemplate\":\"https:\\\/\\\/decofoodshop.nl\\\/?s={search_term_string}\"},\"query-input\":{\"@type\":\"PropertyValueSpecification\",\"valueRequired\":true,\"valueName\":\"search_term_string\"}}],\"inLanguage\":\"de\"}]}<\/script>\n<!-- \/ Yoast SEO Premium plugin. -->","yoast_head_json":{"title":"Gef\u00e4lschtes Brath\u00e4hnchen - Decofoodshop","description":"Gef\u00e4lschtes Brath\u00e4hnchen und mehr gef\u00e4lschte dekorative Braten bestellen bei Decofoodshop.nl Gro\u00dfe Auswahl und direkte Lieferung.","robots":{"index":"index","follow":"follow","max-snippet":"max-snippet:-1","max-image-preview":"max-image-preview:large","max-video-preview":"max-video-preview:-1"},"canonical":"https:\/\/decofoodshop.nl\/de\/produkt\/mock-roasted-chicken\/","og_locale":"de_DE","og_type":"article","og_title":"Namaak Geroosterde Kip","og_description":"Namaak Geroosterde Kip en meer namaak decoratie braadstukken bestellen bij Decofoodshop.nl Heel veel keuze en directe levering.","og_url":"https:\/\/decofoodshop.nl\/de\/produkt\/mock-roasted-chicken\/","og_site_name":"Decofoodshop","article_modified_time":"2026-04-07T18:05:51+00:00","og_image":[{"width":750,"height":750,"url":"https:\/\/decofoodshop.nl\/wp-content\/uploads\/2021\/10\/Namaak-Geroosterde-Kip-20cm.jpg","type":"image\/jpeg"}],"twitter_card":"summary_large_image","twitter_misc":{"Gesch\u00e4tzte Lesezeit":"1\u00a0Minute"},"schema":{"@context":"https:\/\/schema.org","@graph":[{"@type":"WebPage","@id":"https:\/\/decofoodshop.nl\/product\/namaak-geroosterde-kip\/","url":"https:\/\/decofoodshop.nl\/product\/namaak-geroosterde-kip\/","name":"Gef\u00e4lschtes Brath\u00e4hnchen - Decofoodshop","isPartOf":{"@id":"https:\/\/decofoodshop.nl\/#website"},"primaryImageOfPage":{"@id":"https:\/\/decofoodshop.nl\/product\/namaak-geroosterde-kip\/#primaryimage"},"image":{"@id":"https:\/\/decofoodshop.nl\/product\/namaak-geroosterde-kip\/#primaryimage"},"thumbnailUrl":"https:\/\/decofoodshop.nl\/wp-content\/uploads\/2021\/10\/Namaak-Geroosterde-Kip-20cm.jpg","datePublished":"2021-10-17T14:21:25+00:00","dateModified":"2026-04-07T18:05:51+00:00","description":"Gef\u00e4lschtes Brath\u00e4hnchen und mehr gef\u00e4lschte dekorative Braten bestellen bei Decofoodshop.nl Gro\u00dfe Auswahl und direkte Lieferung.","breadcrumb":{"@id":"https:\/\/decofoodshop.nl\/product\/namaak-geroosterde-kip\/#breadcrumb"},"inLanguage":"de","potentialAction":[{"@type":"ReadAction","target":["https:\/\/decofoodshop.nl\/product\/namaak-geroosterde-kip\/"]}]},{"@type":"ImageObject","inLanguage":"de","@id":"https:\/\/decofoodshop.nl\/product\/namaak-geroosterde-kip\/#primaryimage","url":"https:\/\/decofoodshop.nl\/wp-content\/uploads\/2021\/10\/Namaak-Geroosterde-Kip-20cm.jpg","contentUrl":"https:\/\/decofoodshop.nl\/wp-content\/uploads\/2021\/10\/Namaak-Geroosterde-Kip-20cm.jpg","width":750,"height":750,"caption":"Namaak Geroosterde Kip van decofoodshop"},{"@type":"BreadcrumbList","@id":"https:\/\/decofoodshop.nl\/product\/namaak-geroosterde-kip\/#breadcrumb","itemListElement":[{"@type":"ListItem","position":1,"name":"Home","item":"https:\/\/decofoodshop.nl\/"},{"@type":"ListItem","position":2,"name":"Winkel","item":"https:\/\/decofoodshop.nl\/winkel\/"},{"@type":"ListItem","position":3,"name":"Namaak Geroosterde Kip"}]},{"@type":"WebSite","@id":"https:\/\/decofoodshop.nl\/#website","url":"https:\/\/decofoodshop.nl\/","name":"Dekofoodshop","description":"","potentialAction":[{"@type":"SearchAction","target":{"@type":"EntryPoint","urlTemplate":"https:\/\/decofoodshop.nl\/?s={search_term_string}"},"query-input":{"@type":"PropertyValueSpecification","valueRequired":true,"valueName":"search_term_string"}}],"inLanguage":"de"}]}},"_links":{"self":[{"href":"https:\/\/decofoodshop.nl\/de\/wp-json\/wp\/v2\/product\/4919","targetHints":{"allow":["GET"]}}],"collection":[{"href":"https:\/\/decofoodshop.nl\/de\/wp-json\/wp\/v2\/product"}],"about":[{"href":"https:\/\/decofoodshop.nl\/de\/wp-json\/wp\/v2\/types\/product"}],"wp:featuredmedia":[{"embeddable":true,"href":"https:\/\/decofoodshop.nl\/de\/wp-json\/wp\/v2\/media\/4920"}],"wp:attachment":[{"href":"https:\/\/decofoodshop.nl\/de\/wp-json\/wp\/v2\/media?parent=4919"}],"wp:term":[{"taxonomy":"product_brand","embeddable":true,"href":"https:\/\/decofoodshop.nl\/de\/wp-json\/wp\/v2\/product_brand?post=4919"},{"taxonomy":"product_cat","embeddable":true,"href":"https:\/\/decofoodshop.nl\/de\/wp-json\/wp\/v2\/product_cat?post=4919"},{"taxonomy":"product_tag","embeddable":true,"href":"https:\/\/decofoodshop.nl\/de\/wp-json\/wp\/v2\/product_tag?post=4919"}],"curies":[{"name":"wp","href":"https:\/\/api.w.org\/{rel}","templated":true}]}}