{"id":4943,"date":"2021-10-20T21:01:24","date_gmt":"2021-10-20T19:01:24","guid":{"rendered":"https:\/\/decofoodshop.nl\/?post_type=product&#038;p=4943"},"modified":"2026-03-20T16:09:24","modified_gmt":"2026-03-20T15:09:24","slug":"gefalschte-grillwurst","status":"publish","type":"product","link":"https:\/\/decofoodshop.nl\/de\/product\/namaak-bbq-worstje\/","title":{"rendered":"Gef\u00e4lschte Grillwurst"},"content":{"rendered":"<p>Naturgetreue Fake-Grillwurst.<\/p>\n<p>Das falsche Grillfleisch hat die gebr\u00e4unte Bratenfarbe.<\/p>\n<p>Die Oberfl\u00e4che ist so, als w\u00e4re die falsche Wurst bereits gebraten worden.<\/p>\n<p>Das Gewicht der Fake Grillwurst ist hoch und das Material flexibel.<\/p>\n<p>Robust, farbecht und sehr naturgetreu.<\/p>\n<p>Ideal f\u00fcr Showk\u00fcchen oder andere gef\u00e4lschte Lebensmitteldekorationen.<\/p>\n<p>Werfen Sie auch einen Blick auf unsere <span style=\"color: #008000;\"><strong><a style=\"color: #008000;\" href=\"https:\/\/decofoodshop.nl\/de\/produktkategorie-2\/pakete\/\">k\u00fcnstliche Lebensmittelverpackungen<\/a><\/strong><\/span>.<\/p>","protected":false},"excerpt":{"rendered":"<p>Levensecht nep barbeque worstje. Het namaak grill vlees is voorzien van de gebruinde roast kleur. Oppervlak is alsof het nepworstje al is gebraden. Het gewicht van het Namaak BBQ Worstje is zwaar en het materiaal flexibel. Stevig, kleurvast en bijzonder levensecht. Zeer geschikt voor in showkeukens of andere nepvoedsel decoraties. Kijk ook eens bij onze [&hellip;]<\/p>\n","protected":false},"featured_media":4944,"template":"","meta":{"_acf_changed":false,"_genesis_hide_title":false,"_genesis_hide_breadcrumbs":false,"_genesis_hide_singular_image":false,"_genesis_hide_footer_widgets":false,"_genesis_custom_body_class":"","_genesis_custom_post_class":"","_genesis_layout":""},"product_brand":[],"product_cat":[50],"product_tag":[],"class_list":{"0":"post-4943","1":"product","2":"type-product","3":"status-publish","4":"has-post-thumbnail","6":"product_cat-namaak-vis-en-vlees","7":"entry","8":"wpx-has-gallery","10":"first","11":"instock","12":"taxable","13":"shipping-taxable","14":"purchasable","15":"product-type-simple"},"acf":[],"yoast_head":"<!-- This site is optimized with the Yoast SEO Premium plugin v27.4 (Yoast SEO v27.4) - https:\/\/yoast.com\/product\/yoast-seo-premium-wordpress\/ -->\n<title>Namaak BBQ Worstje - Decofoodshop<\/title>\n<meta name=\"description\" content=\"Namaak BBQ Worstje en meer nep grill vlees en nep bbq vlees bestellen bij Decofoodshop.nl Veel keuzen en direct leverbaar.\" \/>\n<meta name=\"robots\" content=\"index, follow, max-snippet:-1, max-image-preview:large, max-video-preview:-1\" \/>\n<link rel=\"canonical\" href=\"https:\/\/decofoodshop.nl\/de\/produkt\/gefalschte-grillwurst\/\" \/>\n<meta property=\"og:locale\" content=\"de_DE\" \/>\n<meta property=\"og:type\" content=\"article\" \/>\n<meta property=\"og:title\" content=\"Namaak BBQ Worstje\" \/>\n<meta property=\"og:description\" content=\"Namaak BBQ Worstje en meer nep grill vlees en nep bbq vlees bestellen bij Decofoodshop.nl Veel keuzen en direct leverbaar.\" \/>\n<meta property=\"og:url\" content=\"https:\/\/decofoodshop.nl\/de\/produkt\/gefalschte-grillwurst\/\" \/>\n<meta property=\"og:site_name\" content=\"Decofoodshop\" \/>\n<meta property=\"article:modified_time\" content=\"2026-03-20T15:09:24+00:00\" \/>\n<meta property=\"og:image\" content=\"https:\/\/decofoodshop.nl\/wp-content\/uploads\/2021\/10\/Namaak-BBQ-Worstje-.jpg\" \/>\n\t<meta property=\"og:image:width\" content=\"750\" \/>\n\t<meta property=\"og:image:height\" content=\"750\" \/>\n\t<meta property=\"og:image:type\" content=\"image\/jpeg\" \/>\n<meta name=\"twitter:card\" content=\"summary_large_image\" \/>\n<meta name=\"twitter:label1\" content=\"Gesch\u00e4tzte Lesezeit\" \/>\n\t<meta name=\"twitter:data1\" content=\"1\u00a0Minute\" \/>\n<script type=\"application\/ld+json\" class=\"yoast-schema-graph\">{\"@context\":\"https:\\\/\\\/schema.org\",\"@graph\":[{\"@type\":\"WebPage\",\"@id\":\"https:\\\/\\\/decofoodshop.nl\\\/product\\\/namaak-bbq-worstje\\\/\",\"url\":\"https:\\\/\\\/decofoodshop.nl\\\/product\\\/namaak-bbq-worstje\\\/\",\"name\":\"Namaak BBQ Worstje - Decofoodshop\",\"isPartOf\":{\"@id\":\"https:\\\/\\\/decofoodshop.nl\\\/#website\"},\"primaryImageOfPage\":{\"@id\":\"https:\\\/\\\/decofoodshop.nl\\\/product\\\/namaak-bbq-worstje\\\/#primaryimage\"},\"image\":{\"@id\":\"https:\\\/\\\/decofoodshop.nl\\\/product\\\/namaak-bbq-worstje\\\/#primaryimage\"},\"thumbnailUrl\":\"https:\\\/\\\/decofoodshop.nl\\\/wp-content\\\/uploads\\\/2021\\\/10\\\/Namaak-BBQ-Worstje-.jpg\",\"datePublished\":\"2021-10-20T19:01:24+00:00\",\"dateModified\":\"2026-03-20T15:09:24+00:00\",\"description\":\"Namaak BBQ Worstje en meer nep grill vlees en nep bbq vlees bestellen bij Decofoodshop.nl Veel keuzen en direct leverbaar.\",\"breadcrumb\":{\"@id\":\"https:\\\/\\\/decofoodshop.nl\\\/product\\\/namaak-bbq-worstje\\\/#breadcrumb\"},\"inLanguage\":\"de\",\"potentialAction\":[{\"@type\":\"ReadAction\",\"target\":[\"https:\\\/\\\/decofoodshop.nl\\\/product\\\/namaak-bbq-worstje\\\/\"]}]},{\"@type\":\"ImageObject\",\"inLanguage\":\"de\",\"@id\":\"https:\\\/\\\/decofoodshop.nl\\\/product\\\/namaak-bbq-worstje\\\/#primaryimage\",\"url\":\"https:\\\/\\\/decofoodshop.nl\\\/wp-content\\\/uploads\\\/2021\\\/10\\\/Namaak-BBQ-Worstje-.jpg\",\"contentUrl\":\"https:\\\/\\\/decofoodshop.nl\\\/wp-content\\\/uploads\\\/2021\\\/10\\\/Namaak-BBQ-Worstje-.jpg\",\"width\":750,\"height\":750,\"caption\":\"Namaak BBQ Worstje van decofoodshop.nl\"},{\"@type\":\"BreadcrumbList\",\"@id\":\"https:\\\/\\\/decofoodshop.nl\\\/product\\\/namaak-bbq-worstje\\\/#breadcrumb\",\"itemListElement\":[{\"@type\":\"ListItem\",\"position\":1,\"name\":\"Home\",\"item\":\"https:\\\/\\\/decofoodshop.nl\\\/\"},{\"@type\":\"ListItem\",\"position\":2,\"name\":\"Winkel\",\"item\":\"https:\\\/\\\/decofoodshop.nl\\\/winkel\\\/\"},{\"@type\":\"ListItem\",\"position\":3,\"name\":\"Namaak BBQ Worstje\"}]},{\"@type\":\"WebSite\",\"@id\":\"https:\\\/\\\/decofoodshop.nl\\\/#website\",\"url\":\"https:\\\/\\\/decofoodshop.nl\\\/\",\"name\":\"Decofoodshop\",\"description\":\"\",\"potentialAction\":[{\"@type\":\"SearchAction\",\"target\":{\"@type\":\"EntryPoint\",\"urlTemplate\":\"https:\\\/\\\/decofoodshop.nl\\\/?s={search_term_string}\"},\"query-input\":{\"@type\":\"PropertyValueSpecification\",\"valueRequired\":true,\"valueName\":\"search_term_string\"}}],\"inLanguage\":\"de\"}]}<\/script>\n<!-- \/ Yoast SEO Premium plugin. -->","yoast_head_json":{"title":"Gef\u00e4lschte Grillwurst - Decofoodshop","description":"Gef\u00e4lschte Grillwurst und mehr Gef\u00e4lschtes Grillfleisch und gef\u00e4lschtes Grillfleisch bei Decofoodshop.nl bestellen Viele Auswahlm\u00f6glichkeiten und sofort verf\u00fcgbar.","robots":{"index":"index","follow":"follow","max-snippet":"max-snippet:-1","max-image-preview":"max-image-preview:large","max-video-preview":"max-video-preview:-1"},"canonical":"https:\/\/decofoodshop.nl\/de\/produkt\/gefalschte-grillwurst\/","og_locale":"de_DE","og_type":"article","og_title":"Namaak BBQ Worstje","og_description":"Namaak BBQ Worstje en meer nep grill vlees en nep bbq vlees bestellen bij Decofoodshop.nl Veel keuzen en direct leverbaar.","og_url":"https:\/\/decofoodshop.nl\/de\/produkt\/gefalschte-grillwurst\/","og_site_name":"Decofoodshop","article_modified_time":"2026-03-20T15:09:24+00:00","og_image":[{"width":750,"height":750,"url":"https:\/\/decofoodshop.nl\/wp-content\/uploads\/2021\/10\/Namaak-BBQ-Worstje-.jpg","type":"image\/jpeg"}],"twitter_card":"summary_large_image","twitter_misc":{"Gesch\u00e4tzte Lesezeit":"1\u00a0Minute"},"schema":{"@context":"https:\/\/schema.org","@graph":[{"@type":"WebPage","@id":"https:\/\/decofoodshop.nl\/product\/namaak-bbq-worstje\/","url":"https:\/\/decofoodshop.nl\/product\/namaak-bbq-worstje\/","name":"Gef\u00e4lschte Grillwurst - Decofoodshop","isPartOf":{"@id":"https:\/\/decofoodshop.nl\/#website"},"primaryImageOfPage":{"@id":"https:\/\/decofoodshop.nl\/product\/namaak-bbq-worstje\/#primaryimage"},"image":{"@id":"https:\/\/decofoodshop.nl\/product\/namaak-bbq-worstje\/#primaryimage"},"thumbnailUrl":"https:\/\/decofoodshop.nl\/wp-content\/uploads\/2021\/10\/Namaak-BBQ-Worstje-.jpg","datePublished":"2021-10-20T19:01:24+00:00","dateModified":"2026-03-20T15:09:24+00:00","description":"Gef\u00e4lschte Grillwurst und mehr Gef\u00e4lschtes Grillfleisch und gef\u00e4lschtes Grillfleisch bei Decofoodshop.nl bestellen Viele Auswahlm\u00f6glichkeiten und sofort verf\u00fcgbar.","breadcrumb":{"@id":"https:\/\/decofoodshop.nl\/product\/namaak-bbq-worstje\/#breadcrumb"},"inLanguage":"de","potentialAction":[{"@type":"ReadAction","target":["https:\/\/decofoodshop.nl\/product\/namaak-bbq-worstje\/"]}]},{"@type":"ImageObject","inLanguage":"de","@id":"https:\/\/decofoodshop.nl\/product\/namaak-bbq-worstje\/#primaryimage","url":"https:\/\/decofoodshop.nl\/wp-content\/uploads\/2021\/10\/Namaak-BBQ-Worstje-.jpg","contentUrl":"https:\/\/decofoodshop.nl\/wp-content\/uploads\/2021\/10\/Namaak-BBQ-Worstje-.jpg","width":750,"height":750,"caption":"Namaak BBQ Worstje van decofoodshop.nl"},{"@type":"BreadcrumbList","@id":"https:\/\/decofoodshop.nl\/product\/namaak-bbq-worstje\/#breadcrumb","itemListElement":[{"@type":"ListItem","position":1,"name":"Home","item":"https:\/\/decofoodshop.nl\/"},{"@type":"ListItem","position":2,"name":"Winkel","item":"https:\/\/decofoodshop.nl\/winkel\/"},{"@type":"ListItem","position":3,"name":"Namaak BBQ Worstje"}]},{"@type":"WebSite","@id":"https:\/\/decofoodshop.nl\/#website","url":"https:\/\/decofoodshop.nl\/","name":"Dekofoodshop","description":"","potentialAction":[{"@type":"SearchAction","target":{"@type":"EntryPoint","urlTemplate":"https:\/\/decofoodshop.nl\/?s={search_term_string}"},"query-input":{"@type":"PropertyValueSpecification","valueRequired":true,"valueName":"search_term_string"}}],"inLanguage":"de"}]}},"_links":{"self":[{"href":"https:\/\/decofoodshop.nl\/de\/wp-json\/wp\/v2\/product\/4943","targetHints":{"allow":["GET"]}}],"collection":[{"href":"https:\/\/decofoodshop.nl\/de\/wp-json\/wp\/v2\/product"}],"about":[{"href":"https:\/\/decofoodshop.nl\/de\/wp-json\/wp\/v2\/types\/product"}],"wp:featuredmedia":[{"embeddable":true,"href":"https:\/\/decofoodshop.nl\/de\/wp-json\/wp\/v2\/media\/4944"}],"wp:attachment":[{"href":"https:\/\/decofoodshop.nl\/de\/wp-json\/wp\/v2\/media?parent=4943"}],"wp:term":[{"taxonomy":"product_brand","embeddable":true,"href":"https:\/\/decofoodshop.nl\/de\/wp-json\/wp\/v2\/product_brand?post=4943"},{"taxonomy":"product_cat","embeddable":true,"href":"https:\/\/decofoodshop.nl\/de\/wp-json\/wp\/v2\/product_cat?post=4943"},{"taxonomy":"product_tag","embeddable":true,"href":"https:\/\/decofoodshop.nl\/de\/wp-json\/wp\/v2\/product_tag?post=4943"}],"curies":[{"name":"wp","href":"https:\/\/api.w.org\/{rel}","templated":true}]}}