{"id":4953,"date":"2021-10-20T21:16:38","date_gmt":"2021-10-20T19:16:38","guid":{"rendered":"https:\/\/decofoodshop.nl\/?post_type=product&#038;p=4953"},"modified":"2026-03-02T12:36:23","modified_gmt":"2026-03-02T11:36:23","slug":"gefalschte-grillwurst-2","status":"publish","type":"product","link":"https:\/\/decofoodshop.nl\/de\/product\/namaak-grill-worst\/","title":{"rendered":"Gef\u00e4lschte Grillwurst"},"content":{"rendered":"<p>Lebensechte gef\u00e4lschte Grillwurst.<\/p>\n<p>Diese k\u00fcnstliche Wurst hat Originalgr\u00f6\u00dfe.<\/p>\n<p>Die gef\u00e4lschte Wurst ist mit einem Stick versehen.<\/p>\n<p>Schwer im Gewicht und mit echter Grillfarbe.<\/p>\n<p>Es ist ein fester und dauerhaft sch\u00f6ner Wurstattrappe.<\/p>\n<p>Gute Qualit\u00e4t und sch\u00f6n in Kombination mit den anderen gef\u00e4lschten Fleischprodukten.<\/p>\n<p>Weitere gef\u00e4lschte Lebensmittel finden Sie auch in der Kategorie:<span style=\"color: #008000;\"><strong><a style=\"color: #008000;\" href=\"https:\/\/decofoodshop.nl\/de\/produktkategorie-2\/pakete\/\"> Pakete<\/a><\/strong><\/span>.<\/p>","protected":false},"excerpt":{"rendered":"<p>Levensechte nep barbeque worst. Deze kunst worst is op ware grootte. De namaak worst is voorzien van een stokje. Zwaar van gewicht en met een echte grill kleur. Het is een stevig en blijvend mooie worst dummie. Goede kwaliteit en leuk in combinatie met de andere nepvlees producten. Kijk voor meer namaak etenswaar ook even [&hellip;]<\/p>\n","protected":false},"featured_media":4954,"template":"","meta":{"_acf_changed":false,"_genesis_hide_title":false,"_genesis_hide_breadcrumbs":false,"_genesis_hide_singular_image":false,"_genesis_hide_footer_widgets":false,"_genesis_custom_body_class":"","_genesis_custom_post_class":"","_genesis_layout":""},"product_brand":[],"product_cat":[50],"product_tag":[],"class_list":{"0":"post-4953","1":"product","2":"type-product","3":"status-publish","4":"has-post-thumbnail","6":"product_cat-namaak-vis-en-vlees","7":"entry","8":"wpx-has-gallery","10":"first","11":"instock","12":"taxable","13":"shipping-taxable","14":"purchasable","15":"product-type-simple"},"acf":[],"yoast_head":"<!-- This site is optimized with the Yoast SEO Premium plugin v27.3 (Yoast SEO v27.4) - https:\/\/yoast.com\/product\/yoast-seo-premium-wordpress\/ -->\n<title>Namaak Grill Worst - Decofoodshop<\/title>\n<meta name=\"description\" content=\"Namaak Grill Worst en meer nepvlees en nepvis kopen bij Decofoodshop.nl Heel veel keuze en direct leverbaar.\" \/>\n<meta name=\"robots\" content=\"index, follow, max-snippet:-1, max-image-preview:large, max-video-preview:-1\" \/>\n<link rel=\"canonical\" href=\"https:\/\/decofoodshop.nl\/de\/produkt\/gefalschte-grillwurst-2\/\" \/>\n<meta property=\"og:locale\" content=\"de_DE\" \/>\n<meta property=\"og:type\" content=\"article\" \/>\n<meta property=\"og:title\" content=\"Namaak Grill Worst\" \/>\n<meta property=\"og:description\" content=\"Namaak Grill Worst en meer nepvlees en nepvis kopen bij Decofoodshop.nl Heel veel keuze en direct leverbaar.\" \/>\n<meta property=\"og:url\" content=\"https:\/\/decofoodshop.nl\/de\/produkt\/gefalschte-grillwurst-2\/\" \/>\n<meta property=\"og:site_name\" content=\"Decofoodshop\" \/>\n<meta property=\"article:modified_time\" content=\"2026-03-02T11:36:23+00:00\" \/>\n<meta property=\"og:image\" content=\"https:\/\/decofoodshop.nl\/wp-content\/uploads\/2021\/10\/Namaak-Grill-Worst.jpg\" \/>\n\t<meta property=\"og:image:width\" content=\"750\" \/>\n\t<meta property=\"og:image:height\" content=\"750\" \/>\n\t<meta property=\"og:image:type\" content=\"image\/jpeg\" \/>\n<meta name=\"twitter:card\" content=\"summary_large_image\" \/>\n<meta name=\"twitter:label1\" content=\"Gesch\u00e4tzte Lesezeit\" \/>\n\t<meta name=\"twitter:data1\" content=\"1\u00a0Minute\" \/>\n<script type=\"application\/ld+json\" class=\"yoast-schema-graph\">{\"@context\":\"https:\\\/\\\/schema.org\",\"@graph\":[{\"@type\":\"WebPage\",\"@id\":\"https:\\\/\\\/decofoodshop.nl\\\/product\\\/namaak-grill-worst\\\/\",\"url\":\"https:\\\/\\\/decofoodshop.nl\\\/product\\\/namaak-grill-worst\\\/\",\"name\":\"Namaak Grill Worst - Decofoodshop\",\"isPartOf\":{\"@id\":\"https:\\\/\\\/decofoodshop.nl\\\/#website\"},\"primaryImageOfPage\":{\"@id\":\"https:\\\/\\\/decofoodshop.nl\\\/product\\\/namaak-grill-worst\\\/#primaryimage\"},\"image\":{\"@id\":\"https:\\\/\\\/decofoodshop.nl\\\/product\\\/namaak-grill-worst\\\/#primaryimage\"},\"thumbnailUrl\":\"https:\\\/\\\/decofoodshop.nl\\\/wp-content\\\/uploads\\\/2021\\\/10\\\/Namaak-Grill-Worst.jpg\",\"datePublished\":\"2021-10-20T19:16:38+00:00\",\"dateModified\":\"2026-03-02T11:36:23+00:00\",\"description\":\"Namaak Grill Worst en meer nepvlees en nepvis kopen bij Decofoodshop.nl Heel veel keuze en direct leverbaar.\",\"breadcrumb\":{\"@id\":\"https:\\\/\\\/decofoodshop.nl\\\/product\\\/namaak-grill-worst\\\/#breadcrumb\"},\"inLanguage\":\"de\",\"potentialAction\":[{\"@type\":\"ReadAction\",\"target\":[\"https:\\\/\\\/decofoodshop.nl\\\/product\\\/namaak-grill-worst\\\/\"]}]},{\"@type\":\"ImageObject\",\"inLanguage\":\"de\",\"@id\":\"https:\\\/\\\/decofoodshop.nl\\\/product\\\/namaak-grill-worst\\\/#primaryimage\",\"url\":\"https:\\\/\\\/decofoodshop.nl\\\/wp-content\\\/uploads\\\/2021\\\/10\\\/Namaak-Grill-Worst.jpg\",\"contentUrl\":\"https:\\\/\\\/decofoodshop.nl\\\/wp-content\\\/uploads\\\/2021\\\/10\\\/Namaak-Grill-Worst.jpg\",\"width\":750,\"height\":750,\"caption\":\"Namaak Grill Worst en meer nepworsten kopen bij decofoodshop.nl\"},{\"@type\":\"BreadcrumbList\",\"@id\":\"https:\\\/\\\/decofoodshop.nl\\\/product\\\/namaak-grill-worst\\\/#breadcrumb\",\"itemListElement\":[{\"@type\":\"ListItem\",\"position\":1,\"name\":\"Home\",\"item\":\"https:\\\/\\\/decofoodshop.nl\\\/\"},{\"@type\":\"ListItem\",\"position\":2,\"name\":\"Winkel\",\"item\":\"https:\\\/\\\/decofoodshop.nl\\\/winkel\\\/\"},{\"@type\":\"ListItem\",\"position\":3,\"name\":\"Namaak Grill Worst\"}]},{\"@type\":\"WebSite\",\"@id\":\"https:\\\/\\\/decofoodshop.nl\\\/#website\",\"url\":\"https:\\\/\\\/decofoodshop.nl\\\/\",\"name\":\"Decofoodshop\",\"description\":\"\",\"potentialAction\":[{\"@type\":\"SearchAction\",\"target\":{\"@type\":\"EntryPoint\",\"urlTemplate\":\"https:\\\/\\\/decofoodshop.nl\\\/?s={search_term_string}\"},\"query-input\":{\"@type\":\"PropertyValueSpecification\",\"valueRequired\":true,\"valueName\":\"search_term_string\"}}],\"inLanguage\":\"de\"}]}<\/script>\n<!-- \/ Yoast SEO Premium plugin. -->","yoast_head_json":{"title":"Gef\u00e4lschte Grillwurst - Decofoodshop","description":"Gef\u00e4lschte Grillwurst und mehr Kaufen Sie gef\u00e4lschtes Fleisch und gef\u00e4lschten Fisch bei Decofoodshop.nl. Gro\u00dfe Auswahl und sofort verf\u00fcgbar.","robots":{"index":"index","follow":"follow","max-snippet":"max-snippet:-1","max-image-preview":"max-image-preview:large","max-video-preview":"max-video-preview:-1"},"canonical":"https:\/\/decofoodshop.nl\/de\/produkt\/gefalschte-grillwurst-2\/","og_locale":"de_DE","og_type":"article","og_title":"Namaak Grill Worst","og_description":"Namaak Grill Worst en meer nepvlees en nepvis kopen bij Decofoodshop.nl Heel veel keuze en direct leverbaar.","og_url":"https:\/\/decofoodshop.nl\/de\/produkt\/gefalschte-grillwurst-2\/","og_site_name":"Decofoodshop","article_modified_time":"2026-03-02T11:36:23+00:00","og_image":[{"width":750,"height":750,"url":"https:\/\/decofoodshop.nl\/wp-content\/uploads\/2021\/10\/Namaak-Grill-Worst.jpg","type":"image\/jpeg"}],"twitter_card":"summary_large_image","twitter_misc":{"Gesch\u00e4tzte Lesezeit":"1\u00a0Minute"},"schema":{"@context":"https:\/\/schema.org","@graph":[{"@type":"WebPage","@id":"https:\/\/decofoodshop.nl\/product\/namaak-grill-worst\/","url":"https:\/\/decofoodshop.nl\/product\/namaak-grill-worst\/","name":"Gef\u00e4lschte Grillwurst - Decofoodshop","isPartOf":{"@id":"https:\/\/decofoodshop.nl\/#website"},"primaryImageOfPage":{"@id":"https:\/\/decofoodshop.nl\/product\/namaak-grill-worst\/#primaryimage"},"image":{"@id":"https:\/\/decofoodshop.nl\/product\/namaak-grill-worst\/#primaryimage"},"thumbnailUrl":"https:\/\/decofoodshop.nl\/wp-content\/uploads\/2021\/10\/Namaak-Grill-Worst.jpg","datePublished":"2021-10-20T19:16:38+00:00","dateModified":"2026-03-02T11:36:23+00:00","description":"Gef\u00e4lschte Grillwurst und mehr Kaufen Sie gef\u00e4lschtes Fleisch und gef\u00e4lschten Fisch bei Decofoodshop.nl. Gro\u00dfe Auswahl und sofort verf\u00fcgbar.","breadcrumb":{"@id":"https:\/\/decofoodshop.nl\/product\/namaak-grill-worst\/#breadcrumb"},"inLanguage":"de","potentialAction":[{"@type":"ReadAction","target":["https:\/\/decofoodshop.nl\/product\/namaak-grill-worst\/"]}]},{"@type":"ImageObject","inLanguage":"de","@id":"https:\/\/decofoodshop.nl\/product\/namaak-grill-worst\/#primaryimage","url":"https:\/\/decofoodshop.nl\/wp-content\/uploads\/2021\/10\/Namaak-Grill-Worst.jpg","contentUrl":"https:\/\/decofoodshop.nl\/wp-content\/uploads\/2021\/10\/Namaak-Grill-Worst.jpg","width":750,"height":750,"caption":"Namaak Grill Worst en meer nepworsten kopen bij decofoodshop.nl"},{"@type":"BreadcrumbList","@id":"https:\/\/decofoodshop.nl\/product\/namaak-grill-worst\/#breadcrumb","itemListElement":[{"@type":"ListItem","position":1,"name":"Home","item":"https:\/\/decofoodshop.nl\/"},{"@type":"ListItem","position":2,"name":"Winkel","item":"https:\/\/decofoodshop.nl\/winkel\/"},{"@type":"ListItem","position":3,"name":"Namaak Grill Worst"}]},{"@type":"WebSite","@id":"https:\/\/decofoodshop.nl\/#website","url":"https:\/\/decofoodshop.nl\/","name":"Dekofoodshop","description":"","potentialAction":[{"@type":"SearchAction","target":{"@type":"EntryPoint","urlTemplate":"https:\/\/decofoodshop.nl\/?s={search_term_string}"},"query-input":{"@type":"PropertyValueSpecification","valueRequired":true,"valueName":"search_term_string"}}],"inLanguage":"de"}]}},"_links":{"self":[{"href":"https:\/\/decofoodshop.nl\/de\/wp-json\/wp\/v2\/product\/4953","targetHints":{"allow":["GET"]}}],"collection":[{"href":"https:\/\/decofoodshop.nl\/de\/wp-json\/wp\/v2\/product"}],"about":[{"href":"https:\/\/decofoodshop.nl\/de\/wp-json\/wp\/v2\/types\/product"}],"wp:featuredmedia":[{"embeddable":true,"href":"https:\/\/decofoodshop.nl\/de\/wp-json\/wp\/v2\/media\/4954"}],"wp:attachment":[{"href":"https:\/\/decofoodshop.nl\/de\/wp-json\/wp\/v2\/media?parent=4953"}],"wp:term":[{"taxonomy":"product_brand","embeddable":true,"href":"https:\/\/decofoodshop.nl\/de\/wp-json\/wp\/v2\/product_brand?post=4953"},{"taxonomy":"product_cat","embeddable":true,"href":"https:\/\/decofoodshop.nl\/de\/wp-json\/wp\/v2\/product_cat?post=4953"},{"taxonomy":"product_tag","embeddable":true,"href":"https:\/\/decofoodshop.nl\/de\/wp-json\/wp\/v2\/product_tag?post=4953"}],"curies":[{"name":"wp","href":"https:\/\/api.w.org\/{rel}","templated":true}]}}