{"id":5021,"date":"2021-11-03T13:56:57","date_gmt":"2021-11-03T12:56:57","guid":{"rendered":"https:\/\/decofoodshop.nl\/?post_type=product&#038;p=5021"},"modified":"2026-03-02T12:34:26","modified_gmt":"2026-03-02T11:34:26","slug":"gefalschte-tintenfisch-tentakel-set","status":"publish","type":"product","link":"https:\/\/decofoodshop.nl\/de\/product\/namaak-inktvis-tentakels-set\/","title":{"rendered":"Gef\u00e4lschte Tintenfisch-Tentakel-Set"},"content":{"rendered":"<p>Gef\u00e4lschte Tintenfisch-Tentakel-Set.<\/p>\n<p>Sehr nat\u00fcrliche gef\u00e4lschte Tintenfischtentakel.<\/p>\n<p>Die gef\u00e4lschten Krakenarme haben sogar Saugn\u00e4pfe.<\/p>\n<p>Mit nat\u00fcrlicher Farbe und Form.<\/p>\n<p>Preis pro Satz von 6 St\u00fcck.<\/p>\n<p>Super dekorative k\u00fcnstliche Meeresfrucht.<\/p>\n<p>Weitere Food-Dummy-Angebote finden Sie in unserem \u201e<span style=\"color: #008000;\"><strong><a style=\"color: #008000;\" href=\"https:\/\/decofoodshop.nl\/de\/produktkategorie-2\/pakete\/\">Pakete<\/a><\/strong><\/span>&#8220;.<\/p>","protected":false},"excerpt":{"rendered":"<p>Set mit gef\u00e4lschten Tintenfischtentakeln. Sehr nat\u00fcrliche gef\u00e4lschte Tintenfischtentakel. Die gef\u00e4lschten Oktopusarme haben sogar Saugn\u00e4pfe. Mit nat\u00fcrlicher Farbe und Form. Preis pro Set \u00e0 6 St\u00fcck. Super dekorative gef\u00e4lschte Meeresfr\u00fcchte. F\u00fcr weitere Food-Dummy-Angebote schauen Sie sich auch unsere \u201ePakete\u201c an.<\/p>","protected":false},"featured_media":5022,"template":"","meta":{"_acf_changed":false,"_genesis_hide_title":false,"_genesis_hide_breadcrumbs":false,"_genesis_hide_singular_image":false,"_genesis_hide_footer_widgets":false,"_genesis_custom_body_class":"","_genesis_custom_post_class":"","_genesis_layout":""},"product_brand":[],"product_cat":[50],"product_tag":[],"class_list":{"0":"post-5021","1":"product","2":"type-product","3":"status-publish","4":"has-post-thumbnail","6":"product_cat-namaak-vis-en-vlees","7":"entry","8":"wpx-has-gallery","10":"first","11":"instock","12":"taxable","13":"shipping-taxable","14":"purchasable","15":"product-type-simple"},"acf":[],"yoast_head":"<!-- This site is optimized with the Yoast SEO Premium plugin v27.3 (Yoast SEO v27.3) - https:\/\/yoast.com\/product\/yoast-seo-premium-wordpress\/ -->\n<title>Namaak Inktvis Tentakels Set - Decofoodshop<\/title>\n<meta name=\"description\" content=\"Namaak Inktvis Tentakels Set en meer decoratief nep gripp vis en vlees kopen bij Decofoodshop.nl Altijd voorraad en directe levering.\" \/>\n<meta name=\"robots\" content=\"index, follow, max-snippet:-1, max-image-preview:large, max-video-preview:-1\" \/>\n<link rel=\"canonical\" href=\"https:\/\/decofoodshop.nl\/de\/produkt\/gefalschte-tintenfisch-tentakel-set\/\" \/>\n<meta property=\"og:locale\" content=\"de_DE\" \/>\n<meta property=\"og:type\" content=\"article\" \/>\n<meta property=\"og:title\" content=\"Namaak Inktvis Tentakels Set\" \/>\n<meta property=\"og:description\" content=\"Namaak Inktvis Tentakels Set en meer decoratief nep gripp vis en vlees kopen bij Decofoodshop.nl Altijd voorraad en directe levering.\" \/>\n<meta property=\"og:url\" content=\"https:\/\/decofoodshop.nl\/de\/produkt\/gefalschte-tintenfisch-tentakel-set\/\" \/>\n<meta property=\"og:site_name\" content=\"Decofoodshop\" \/>\n<meta property=\"article:modified_time\" content=\"2026-03-02T11:34:26+00:00\" \/>\n<meta property=\"og:image\" content=\"https:\/\/decofoodshop.nl\/wp-content\/uploads\/2021\/11\/Namaak-Inktvis-Tentakels-Set.jpg\" \/>\n\t<meta property=\"og:image:width\" content=\"766\" \/>\n\t<meta property=\"og:image:height\" content=\"766\" \/>\n\t<meta property=\"og:image:type\" content=\"image\/jpeg\" \/>\n<meta name=\"twitter:card\" content=\"summary_large_image\" \/>\n<meta name=\"twitter:label1\" content=\"Gesch\u00e4tzte Lesezeit\" \/>\n\t<meta name=\"twitter:data1\" content=\"1\u00a0Minute\" \/>\n<script type=\"application\/ld+json\" class=\"yoast-schema-graph\">{\"@context\":\"https:\\\/\\\/schema.org\",\"@graph\":[{\"@type\":\"WebPage\",\"@id\":\"https:\\\/\\\/decofoodshop.nl\\\/product\\\/namaak-inktvis-tentakels-set\\\/\",\"url\":\"https:\\\/\\\/decofoodshop.nl\\\/product\\\/namaak-inktvis-tentakels-set\\\/\",\"name\":\"Namaak Inktvis Tentakels Set - Decofoodshop\",\"isPartOf\":{\"@id\":\"https:\\\/\\\/decofoodshop.nl\\\/#website\"},\"primaryImageOfPage\":{\"@id\":\"https:\\\/\\\/decofoodshop.nl\\\/product\\\/namaak-inktvis-tentakels-set\\\/#primaryimage\"},\"image\":{\"@id\":\"https:\\\/\\\/decofoodshop.nl\\\/product\\\/namaak-inktvis-tentakels-set\\\/#primaryimage\"},\"thumbnailUrl\":\"https:\\\/\\\/decofoodshop.nl\\\/wp-content\\\/uploads\\\/2021\\\/11\\\/Namaak-Inktvis-Tentakels-Set.jpg\",\"datePublished\":\"2021-11-03T12:56:57+00:00\",\"dateModified\":\"2026-03-02T11:34:26+00:00\",\"description\":\"Namaak Inktvis Tentakels Set en meer decoratief nep gripp vis en vlees kopen bij Decofoodshop.nl Altijd voorraad en directe levering.\",\"breadcrumb\":{\"@id\":\"https:\\\/\\\/decofoodshop.nl\\\/product\\\/namaak-inktvis-tentakels-set\\\/#breadcrumb\"},\"inLanguage\":\"de\",\"potentialAction\":[{\"@type\":\"ReadAction\",\"target\":[\"https:\\\/\\\/decofoodshop.nl\\\/product\\\/namaak-inktvis-tentakels-set\\\/\"]}]},{\"@type\":\"ImageObject\",\"inLanguage\":\"de\",\"@id\":\"https:\\\/\\\/decofoodshop.nl\\\/product\\\/namaak-inktvis-tentakels-set\\\/#primaryimage\",\"url\":\"https:\\\/\\\/decofoodshop.nl\\\/wp-content\\\/uploads\\\/2021\\\/11\\\/Namaak-Inktvis-Tentakels-Set.jpg\",\"contentUrl\":\"https:\\\/\\\/decofoodshop.nl\\\/wp-content\\\/uploads\\\/2021\\\/11\\\/Namaak-Inktvis-Tentakels-Set.jpg\",\"width\":766,\"height\":766,\"caption\":\"Namaak Inktvis Tentakels Set bij decofoodshop.nl\"},{\"@type\":\"BreadcrumbList\",\"@id\":\"https:\\\/\\\/decofoodshop.nl\\\/product\\\/namaak-inktvis-tentakels-set\\\/#breadcrumb\",\"itemListElement\":[{\"@type\":\"ListItem\",\"position\":1,\"name\":\"Home\",\"item\":\"https:\\\/\\\/decofoodshop.nl\\\/\"},{\"@type\":\"ListItem\",\"position\":2,\"name\":\"Winkel\",\"item\":\"https:\\\/\\\/decofoodshop.nl\\\/winkel\\\/\"},{\"@type\":\"ListItem\",\"position\":3,\"name\":\"Namaak Inktvis Tentakels Set\"}]},{\"@type\":\"WebSite\",\"@id\":\"https:\\\/\\\/decofoodshop.nl\\\/#website\",\"url\":\"https:\\\/\\\/decofoodshop.nl\\\/\",\"name\":\"Decofoodshop\",\"description\":\"\",\"potentialAction\":[{\"@type\":\"SearchAction\",\"target\":{\"@type\":\"EntryPoint\",\"urlTemplate\":\"https:\\\/\\\/decofoodshop.nl\\\/?s={search_term_string}\"},\"query-input\":{\"@type\":\"PropertyValueSpecification\",\"valueRequired\":true,\"valueName\":\"search_term_string\"}}],\"inLanguage\":\"de\"}]}<\/script>\n<!-- \/ Yoast SEO Premium plugin. -->","yoast_head_json":{"title":"Gef\u00e4lschte Tintenfisch-Tentakel-Set - Decofoodshop","description":"Kaufen Sie gef\u00e4lschtes Tintenfisch-Tentakel-Set und mehr dekorativen gef\u00e4lschten Fisch und Fleisch bei Decofoodshop.nl. Immer auf Lager und sofortige Lieferung.","robots":{"index":"index","follow":"follow","max-snippet":"max-snippet:-1","max-image-preview":"max-image-preview:large","max-video-preview":"max-video-preview:-1"},"canonical":"https:\/\/decofoodshop.nl\/de\/produkt\/gefalschte-tintenfisch-tentakel-set\/","og_locale":"de_DE","og_type":"article","og_title":"Namaak Inktvis Tentakels Set","og_description":"Namaak Inktvis Tentakels Set en meer decoratief nep gripp vis en vlees kopen bij Decofoodshop.nl Altijd voorraad en directe levering.","og_url":"https:\/\/decofoodshop.nl\/de\/produkt\/gefalschte-tintenfisch-tentakel-set\/","og_site_name":"Decofoodshop","article_modified_time":"2026-03-02T11:34:26+00:00","og_image":[{"width":766,"height":766,"url":"https:\/\/decofoodshop.nl\/wp-content\/uploads\/2021\/11\/Namaak-Inktvis-Tentakels-Set.jpg","type":"image\/jpeg"}],"twitter_card":"summary_large_image","twitter_misc":{"Gesch\u00e4tzte Lesezeit":"1\u00a0Minute"},"schema":{"@context":"https:\/\/schema.org","@graph":[{"@type":"WebPage","@id":"https:\/\/decofoodshop.nl\/product\/namaak-inktvis-tentakels-set\/","url":"https:\/\/decofoodshop.nl\/product\/namaak-inktvis-tentakels-set\/","name":"Gef\u00e4lschte Tintenfisch-Tentakel-Set - Decofoodshop","isPartOf":{"@id":"https:\/\/decofoodshop.nl\/#website"},"primaryImageOfPage":{"@id":"https:\/\/decofoodshop.nl\/product\/namaak-inktvis-tentakels-set\/#primaryimage"},"image":{"@id":"https:\/\/decofoodshop.nl\/product\/namaak-inktvis-tentakels-set\/#primaryimage"},"thumbnailUrl":"https:\/\/decofoodshop.nl\/wp-content\/uploads\/2021\/11\/Namaak-Inktvis-Tentakels-Set.jpg","datePublished":"2021-11-03T12:56:57+00:00","dateModified":"2026-03-02T11:34:26+00:00","description":"Kaufen Sie gef\u00e4lschtes Tintenfisch-Tentakel-Set und mehr dekorativen gef\u00e4lschten Fisch und Fleisch bei Decofoodshop.nl. Immer auf Lager und sofortige Lieferung.","breadcrumb":{"@id":"https:\/\/decofoodshop.nl\/product\/namaak-inktvis-tentakels-set\/#breadcrumb"},"inLanguage":"de","potentialAction":[{"@type":"ReadAction","target":["https:\/\/decofoodshop.nl\/product\/namaak-inktvis-tentakels-set\/"]}]},{"@type":"ImageObject","inLanguage":"de","@id":"https:\/\/decofoodshop.nl\/product\/namaak-inktvis-tentakels-set\/#primaryimage","url":"https:\/\/decofoodshop.nl\/wp-content\/uploads\/2021\/11\/Namaak-Inktvis-Tentakels-Set.jpg","contentUrl":"https:\/\/decofoodshop.nl\/wp-content\/uploads\/2021\/11\/Namaak-Inktvis-Tentakels-Set.jpg","width":766,"height":766,"caption":"Namaak Inktvis Tentakels Set bij decofoodshop.nl"},{"@type":"BreadcrumbList","@id":"https:\/\/decofoodshop.nl\/product\/namaak-inktvis-tentakels-set\/#breadcrumb","itemListElement":[{"@type":"ListItem","position":1,"name":"Home","item":"https:\/\/decofoodshop.nl\/"},{"@type":"ListItem","position":2,"name":"Winkel","item":"https:\/\/decofoodshop.nl\/winkel\/"},{"@type":"ListItem","position":3,"name":"Namaak Inktvis Tentakels Set"}]},{"@type":"WebSite","@id":"https:\/\/decofoodshop.nl\/#website","url":"https:\/\/decofoodshop.nl\/","name":"Dekofoodshop","description":"","potentialAction":[{"@type":"SearchAction","target":{"@type":"EntryPoint","urlTemplate":"https:\/\/decofoodshop.nl\/?s={search_term_string}"},"query-input":{"@type":"PropertyValueSpecification","valueRequired":true,"valueName":"search_term_string"}}],"inLanguage":"de"}]}},"_links":{"self":[{"href":"https:\/\/decofoodshop.nl\/de\/wp-json\/wp\/v2\/product\/5021","targetHints":{"allow":["GET"]}}],"collection":[{"href":"https:\/\/decofoodshop.nl\/de\/wp-json\/wp\/v2\/product"}],"about":[{"href":"https:\/\/decofoodshop.nl\/de\/wp-json\/wp\/v2\/types\/product"}],"wp:featuredmedia":[{"embeddable":true,"href":"https:\/\/decofoodshop.nl\/de\/wp-json\/wp\/v2\/media\/5022"}],"wp:attachment":[{"href":"https:\/\/decofoodshop.nl\/de\/wp-json\/wp\/v2\/media?parent=5021"}],"wp:term":[{"taxonomy":"product_brand","embeddable":true,"href":"https:\/\/decofoodshop.nl\/de\/wp-json\/wp\/v2\/product_brand?post=5021"},{"taxonomy":"product_cat","embeddable":true,"href":"https:\/\/decofoodshop.nl\/de\/wp-json\/wp\/v2\/product_cat?post=5021"},{"taxonomy":"product_tag","embeddable":true,"href":"https:\/\/decofoodshop.nl\/de\/wp-json\/wp\/v2\/product_tag?post=5021"}],"curies":[{"name":"wp","href":"https:\/\/api.w.org\/{rel}","templated":true}]}}