{"id":5046,"date":"2021-11-08T15:03:07","date_gmt":"2021-11-08T14:03:07","guid":{"rendered":"https:\/\/decofoodshop.nl\/?post_type=product&#038;p=5046"},"modified":"2026-03-19T11:49:38","modified_gmt":"2026-03-19T10:49:38","slug":"fake-arrow-squid-large","status":"publish","type":"product","link":"https:\/\/decofoodshop.nl\/de\/product\/namaak-pijl-inktvis-large\/","title":{"rendered":"Gef\u00e4lschter Pfeil Tintenfisch gro\u00df"},"content":{"rendered":"<p>Besonders naturgetreuer Fake Arrow Squid Large.<\/p>\n<p>Gro\u00dfe Tintenfischattrappe mit einer L\u00e4nge von bis zu 30 cm.<\/p>\n<p>Mit lebensechten Augen und Tentakeln.<\/p>\n<p>Robust und auch flexibel.<\/p>\n<p>Mit charakteristischer gesprenkelter Haut.<\/p>\n<p>Tintenfisch in bester Qualit\u00e4t.<\/p>\n<p>F\u00fcr dekorativere Lebensmittel schauen Sie sich auch unsere an<span style=\"color: #008000;\"> <a style=\"color: #008000;\" href=\"https:\/\/decofoodshop.nl\/de\/produktkategorie-2\/kunstliches-gemuse\/\"><strong>K\u00fcnstliches Gem\u00fcse<\/strong><\/a>.<\/span><\/p>","protected":false},"excerpt":{"rendered":"<p>Bijzonder natuurgetrouwe Namaak Pijl Inktvis Large. Groot formaat pijlstaart inktvis dummie van wel 30cm lang. Met levensechte oogjes en tentakels. Stevig en ook flexibel. Voorzien van kenmerkende gespikkelde huid. Beste kwaliteit kunst inktvissen. Kijk voor meer decoratieve voeding ook bij onze Kunstgroenten.<\/p>","protected":false},"featured_media":5047,"template":"","meta":{"_acf_changed":false,"_genesis_hide_title":false,"_genesis_hide_breadcrumbs":false,"_genesis_hide_singular_image":false,"_genesis_hide_footer_widgets":false,"_genesis_custom_body_class":"","_genesis_custom_post_class":"","_genesis_layout":""},"product_brand":[],"product_cat":[50],"product_tag":[],"class_list":{"0":"post-5046","1":"product","2":"type-product","3":"status-publish","4":"has-post-thumbnail","6":"product_cat-namaak-vis-en-vlees","7":"entry","8":"wpx-has-gallery","10":"first","11":"instock","12":"taxable","13":"shipping-taxable","14":"purchasable","15":"product-type-simple"},"acf":[],"yoast_head":"<!-- This site is optimized with the Yoast SEO Premium plugin v27.3 (Yoast SEO v27.3) - https:\/\/yoast.com\/product\/yoast-seo-premium-wordpress\/ -->\n<title>Namaak Pijl Inktvis Large - Decofoodshop<\/title>\n<meta name=\"description\" content=\"Namaak Pijl Inktvis Large en meer zeefruit dummies kopen bij Decofoodshop.nl Alle namaak voeding direct leverbaar.\" \/>\n<meta name=\"robots\" content=\"index, follow, max-snippet:-1, max-image-preview:large, max-video-preview:-1\" \/>\n<link rel=\"canonical\" href=\"https:\/\/decofoodshop.nl\/de\/produkt\/fake-arrow-squid-large\/\" \/>\n<meta property=\"og:locale\" content=\"de_DE\" \/>\n<meta property=\"og:type\" content=\"article\" \/>\n<meta property=\"og:title\" content=\"Namaak Pijl Inktvis Large\" \/>\n<meta property=\"og:description\" content=\"Namaak Pijl Inktvis Large en meer zeefruit dummies kopen bij Decofoodshop.nl Alle namaak voeding direct leverbaar.\" \/>\n<meta property=\"og:url\" content=\"https:\/\/decofoodshop.nl\/de\/produkt\/fake-arrow-squid-large\/\" \/>\n<meta property=\"og:site_name\" content=\"Decofoodshop\" \/>\n<meta property=\"article:modified_time\" content=\"2026-03-19T10:49:38+00:00\" \/>\n<meta property=\"og:image\" content=\"https:\/\/decofoodshop.nl\/wp-content\/uploads\/2021\/11\/Namaak-Pijl-Inktvis-Large.jpg\" \/>\n\t<meta property=\"og:image:width\" content=\"750\" \/>\n\t<meta property=\"og:image:height\" content=\"750\" \/>\n\t<meta property=\"og:image:type\" content=\"image\/jpeg\" \/>\n<meta name=\"twitter:card\" content=\"summary_large_image\" \/>\n<meta name=\"twitter:label1\" content=\"Gesch\u00e4tzte Lesezeit\" \/>\n\t<meta name=\"twitter:data1\" content=\"1\u00a0Minute\" \/>\n<script type=\"application\/ld+json\" class=\"yoast-schema-graph\">{\"@context\":\"https:\\\/\\\/schema.org\",\"@graph\":[{\"@type\":\"WebPage\",\"@id\":\"https:\\\/\\\/decofoodshop.nl\\\/product\\\/namaak-pijl-inktvis-large\\\/\",\"url\":\"https:\\\/\\\/decofoodshop.nl\\\/product\\\/namaak-pijl-inktvis-large\\\/\",\"name\":\"Namaak Pijl Inktvis Large - Decofoodshop\",\"isPartOf\":{\"@id\":\"https:\\\/\\\/decofoodshop.nl\\\/#website\"},\"primaryImageOfPage\":{\"@id\":\"https:\\\/\\\/decofoodshop.nl\\\/product\\\/namaak-pijl-inktvis-large\\\/#primaryimage\"},\"image\":{\"@id\":\"https:\\\/\\\/decofoodshop.nl\\\/product\\\/namaak-pijl-inktvis-large\\\/#primaryimage\"},\"thumbnailUrl\":\"https:\\\/\\\/decofoodshop.nl\\\/wp-content\\\/uploads\\\/2021\\\/11\\\/Namaak-Pijl-Inktvis-Large.jpg\",\"datePublished\":\"2021-11-08T14:03:07+00:00\",\"dateModified\":\"2026-03-19T10:49:38+00:00\",\"description\":\"Namaak Pijl Inktvis Large en meer zeefruit dummies kopen bij Decofoodshop.nl Alle namaak voeding direct leverbaar.\",\"breadcrumb\":{\"@id\":\"https:\\\/\\\/decofoodshop.nl\\\/product\\\/namaak-pijl-inktvis-large\\\/#breadcrumb\"},\"inLanguage\":\"de\",\"potentialAction\":[{\"@type\":\"ReadAction\",\"target\":[\"https:\\\/\\\/decofoodshop.nl\\\/product\\\/namaak-pijl-inktvis-large\\\/\"]}]},{\"@type\":\"ImageObject\",\"inLanguage\":\"de\",\"@id\":\"https:\\\/\\\/decofoodshop.nl\\\/product\\\/namaak-pijl-inktvis-large\\\/#primaryimage\",\"url\":\"https:\\\/\\\/decofoodshop.nl\\\/wp-content\\\/uploads\\\/2021\\\/11\\\/Namaak-Pijl-Inktvis-Large.jpg\",\"contentUrl\":\"https:\\\/\\\/decofoodshop.nl\\\/wp-content\\\/uploads\\\/2021\\\/11\\\/Namaak-Pijl-Inktvis-Large.jpg\",\"width\":750,\"height\":750,\"caption\":\"Namaak Pijl Inktvis Large van decofoodshop.nl\"},{\"@type\":\"BreadcrumbList\",\"@id\":\"https:\\\/\\\/decofoodshop.nl\\\/product\\\/namaak-pijl-inktvis-large\\\/#breadcrumb\",\"itemListElement\":[{\"@type\":\"ListItem\",\"position\":1,\"name\":\"Home\",\"item\":\"https:\\\/\\\/decofoodshop.nl\\\/\"},{\"@type\":\"ListItem\",\"position\":2,\"name\":\"Winkel\",\"item\":\"https:\\\/\\\/decofoodshop.nl\\\/winkel\\\/\"},{\"@type\":\"ListItem\",\"position\":3,\"name\":\"Namaak Pijl Inktvis Large\"}]},{\"@type\":\"WebSite\",\"@id\":\"https:\\\/\\\/decofoodshop.nl\\\/#website\",\"url\":\"https:\\\/\\\/decofoodshop.nl\\\/\",\"name\":\"Decofoodshop\",\"description\":\"\",\"potentialAction\":[{\"@type\":\"SearchAction\",\"target\":{\"@type\":\"EntryPoint\",\"urlTemplate\":\"https:\\\/\\\/decofoodshop.nl\\\/?s={search_term_string}\"},\"query-input\":{\"@type\":\"PropertyValueSpecification\",\"valueRequired\":true,\"valueName\":\"search_term_string\"}}],\"inLanguage\":\"de\"}]}<\/script>\n<!-- \/ Yoast SEO Premium plugin. -->","yoast_head_json":{"title":"Fake Arrow Squid Large - Decofoodshop","description":"Gef\u00e4lschter Arrow Squid Gro\u00dfe und mehr Meeresfr\u00fcchteattrappen kaufen bei Decofoodshop.nl Alle gef\u00e4lschten Lebensmittel sofort verf\u00fcgbar.","robots":{"index":"index","follow":"follow","max-snippet":"max-snippet:-1","max-image-preview":"max-image-preview:large","max-video-preview":"max-video-preview:-1"},"canonical":"https:\/\/decofoodshop.nl\/de\/produkt\/fake-arrow-squid-large\/","og_locale":"de_DE","og_type":"article","og_title":"Namaak Pijl Inktvis Large","og_description":"Namaak Pijl Inktvis Large en meer zeefruit dummies kopen bij Decofoodshop.nl Alle namaak voeding direct leverbaar.","og_url":"https:\/\/decofoodshop.nl\/de\/produkt\/fake-arrow-squid-large\/","og_site_name":"Decofoodshop","article_modified_time":"2026-03-19T10:49:38+00:00","og_image":[{"width":750,"height":750,"url":"https:\/\/decofoodshop.nl\/wp-content\/uploads\/2021\/11\/Namaak-Pijl-Inktvis-Large.jpg","type":"image\/jpeg"}],"twitter_card":"summary_large_image","twitter_misc":{"Gesch\u00e4tzte Lesezeit":"1\u00a0Minute"},"schema":{"@context":"https:\/\/schema.org","@graph":[{"@type":"WebPage","@id":"https:\/\/decofoodshop.nl\/product\/namaak-pijl-inktvis-large\/","url":"https:\/\/decofoodshop.nl\/product\/namaak-pijl-inktvis-large\/","name":"Fake Arrow Squid Large - Decofoodshop","isPartOf":{"@id":"https:\/\/decofoodshop.nl\/#website"},"primaryImageOfPage":{"@id":"https:\/\/decofoodshop.nl\/product\/namaak-pijl-inktvis-large\/#primaryimage"},"image":{"@id":"https:\/\/decofoodshop.nl\/product\/namaak-pijl-inktvis-large\/#primaryimage"},"thumbnailUrl":"https:\/\/decofoodshop.nl\/wp-content\/uploads\/2021\/11\/Namaak-Pijl-Inktvis-Large.jpg","datePublished":"2021-11-08T14:03:07+00:00","dateModified":"2026-03-19T10:49:38+00:00","description":"Gef\u00e4lschter Arrow Squid Gro\u00dfe und mehr Meeresfr\u00fcchteattrappen kaufen bei Decofoodshop.nl Alle gef\u00e4lschten Lebensmittel sofort verf\u00fcgbar.","breadcrumb":{"@id":"https:\/\/decofoodshop.nl\/product\/namaak-pijl-inktvis-large\/#breadcrumb"},"inLanguage":"de","potentialAction":[{"@type":"ReadAction","target":["https:\/\/decofoodshop.nl\/product\/namaak-pijl-inktvis-large\/"]}]},{"@type":"ImageObject","inLanguage":"de","@id":"https:\/\/decofoodshop.nl\/product\/namaak-pijl-inktvis-large\/#primaryimage","url":"https:\/\/decofoodshop.nl\/wp-content\/uploads\/2021\/11\/Namaak-Pijl-Inktvis-Large.jpg","contentUrl":"https:\/\/decofoodshop.nl\/wp-content\/uploads\/2021\/11\/Namaak-Pijl-Inktvis-Large.jpg","width":750,"height":750,"caption":"Namaak Pijl Inktvis Large van decofoodshop.nl"},{"@type":"BreadcrumbList","@id":"https:\/\/decofoodshop.nl\/product\/namaak-pijl-inktvis-large\/#breadcrumb","itemListElement":[{"@type":"ListItem","position":1,"name":"Home","item":"https:\/\/decofoodshop.nl\/"},{"@type":"ListItem","position":2,"name":"Winkel","item":"https:\/\/decofoodshop.nl\/winkel\/"},{"@type":"ListItem","position":3,"name":"Namaak Pijl Inktvis Large"}]},{"@type":"WebSite","@id":"https:\/\/decofoodshop.nl\/#website","url":"https:\/\/decofoodshop.nl\/","name":"Dekofoodshop","description":"","potentialAction":[{"@type":"SearchAction","target":{"@type":"EntryPoint","urlTemplate":"https:\/\/decofoodshop.nl\/?s={search_term_string}"},"query-input":{"@type":"PropertyValueSpecification","valueRequired":true,"valueName":"search_term_string"}}],"inLanguage":"de"}]}},"_links":{"self":[{"href":"https:\/\/decofoodshop.nl\/de\/wp-json\/wp\/v2\/product\/5046","targetHints":{"allow":["GET"]}}],"collection":[{"href":"https:\/\/decofoodshop.nl\/de\/wp-json\/wp\/v2\/product"}],"about":[{"href":"https:\/\/decofoodshop.nl\/de\/wp-json\/wp\/v2\/types\/product"}],"wp:featuredmedia":[{"embeddable":true,"href":"https:\/\/decofoodshop.nl\/de\/wp-json\/wp\/v2\/media\/5047"}],"wp:attachment":[{"href":"https:\/\/decofoodshop.nl\/de\/wp-json\/wp\/v2\/media?parent=5046"}],"wp:term":[{"taxonomy":"product_brand","embeddable":true,"href":"https:\/\/decofoodshop.nl\/de\/wp-json\/wp\/v2\/product_brand?post=5046"},{"taxonomy":"product_cat","embeddable":true,"href":"https:\/\/decofoodshop.nl\/de\/wp-json\/wp\/v2\/product_cat?post=5046"},{"taxonomy":"product_tag","embeddable":true,"href":"https:\/\/decofoodshop.nl\/de\/wp-json\/wp\/v2\/product_tag?post=5046"}],"curies":[{"name":"wp","href":"https:\/\/api.w.org\/{rel}","templated":true}]}}