{"id":5083,"date":"2021-11-14T16:10:49","date_gmt":"2021-11-14T15:10:49","guid":{"rendered":"https:\/\/decofoodshop.nl\/?post_type=product&#038;p=5083"},"modified":"2026-03-02T12:19:13","modified_gmt":"2026-03-02T11:19:13","slug":"farbige-gefalschte-krabbe","status":"publish","type":"product","link":"https:\/\/decofoodshop.nl\/de\/product\/gekleurde-namaak-krab\/","title":{"rendered":"Farbige gef\u00e4lschte Krabbe"},"content":{"rendered":"<p>Sch\u00f6ne 22 cm breite bunte k\u00fcnstliche Krabbe.<\/p>\n<p>Mit nat\u00fcrlicher Form und naturgetreuen Farben.<\/p>\n<p>Ein besonders auff\u00e4lliges Exemplar.<\/p>\n<p>Tarnfarben und Augen oben.<\/p>\n<p>Die Beine an den Enden sind blau gef\u00e4rbt.<\/p>\n<p>Besonders naturgetreu und superstabil.<\/p>\n<p>Werfen Sie f\u00fcr mehr Zierfutter auch einen Blick auf die fertigen \u201e<span style=\"color: #008000;\"><strong><a style=\"color: #008000;\" href=\"https:\/\/decofoodshop.nl\/de\/produktkategorie-2\/pakete\/\">Pakete<\/a><\/strong><\/span>&#8220;.<\/p>","protected":false},"excerpt":{"rendered":"<p>Sch\u00f6ne 22 cm breite bunte k\u00fcnstliche Krabbe. Mit nat\u00fcrlicher Form und naturgetreuen Farben. Ein besonders auff\u00e4lliges Exemplar. Tarnfarben und Augen oben. Die Beine an den Enden sind blau gef\u00e4rbt. Besonders naturgetreu und superstabil. F\u00fcr mehr Zierfutter schauen Sie sich auch die fertigen \u201ePakete\u201c an.<\/p>","protected":false},"featured_media":5084,"template":"","meta":{"_acf_changed":false,"_genesis_hide_title":false,"_genesis_hide_breadcrumbs":false,"_genesis_hide_singular_image":false,"_genesis_hide_footer_widgets":false,"_genesis_custom_body_class":"","_genesis_custom_post_class":"","_genesis_layout":""},"product_brand":[],"product_cat":[50],"product_tag":[],"class_list":{"0":"post-5083","1":"product","2":"type-product","3":"status-publish","4":"has-post-thumbnail","6":"product_cat-namaak-vis-en-vlees","7":"entry","8":"wpx-has-gallery","10":"first","11":"instock","12":"taxable","13":"shipping-taxable","14":"purchasable","15":"product-type-simple"},"acf":[],"yoast_head":"<!-- This site is optimized with the Yoast SEO Premium plugin v27.3 (Yoast SEO v27.4) - https:\/\/yoast.com\/product\/yoast-seo-premium-wordpress\/ -->\n<title>Gekleurde Namaak Krab - Decofoodshop<\/title>\n<meta name=\"description\" content=\"Gekleurde Namaak Krab en meer nep zeedieren bestellen bij decofoodshop.nl Heel veel keuze en directe levering.\" \/>\n<meta name=\"robots\" content=\"index, follow, max-snippet:-1, max-image-preview:large, max-video-preview:-1\" \/>\n<link rel=\"canonical\" href=\"https:\/\/decofoodshop.nl\/de\/produkt\/farbige-gefalschte-krabbe\/\" \/>\n<meta property=\"og:locale\" content=\"de_DE\" \/>\n<meta property=\"og:type\" content=\"article\" \/>\n<meta property=\"og:title\" content=\"Gekleurde Namaak Krab\" \/>\n<meta property=\"og:description\" content=\"Gekleurde Namaak Krab en meer nep zeedieren bestellen bij decofoodshop.nl Heel veel keuze en directe levering.\" \/>\n<meta property=\"og:url\" content=\"https:\/\/decofoodshop.nl\/de\/produkt\/farbige-gefalschte-krabbe\/\" \/>\n<meta property=\"og:site_name\" content=\"Decofoodshop\" \/>\n<meta property=\"article:modified_time\" content=\"2026-03-02T11:19:13+00:00\" \/>\n<meta property=\"og:image\" content=\"https:\/\/decofoodshop.nl\/wp-content\/uploads\/2021\/11\/Gekleurde-Namaak-Krab-.jpg\" \/>\n\t<meta property=\"og:image:width\" content=\"750\" \/>\n\t<meta property=\"og:image:height\" content=\"750\" \/>\n\t<meta property=\"og:image:type\" content=\"image\/jpeg\" \/>\n<meta name=\"twitter:card\" content=\"summary_large_image\" \/>\n<meta name=\"twitter:label1\" content=\"Gesch\u00e4tzte Lesezeit\" \/>\n\t<meta name=\"twitter:data1\" content=\"1\u00a0Minute\" \/>\n<script type=\"application\/ld+json\" class=\"yoast-schema-graph\">{\"@context\":\"https:\\\/\\\/schema.org\",\"@graph\":[{\"@type\":\"WebPage\",\"@id\":\"https:\\\/\\\/decofoodshop.nl\\\/product\\\/gekleurde-namaak-krab\\\/\",\"url\":\"https:\\\/\\\/decofoodshop.nl\\\/product\\\/gekleurde-namaak-krab\\\/\",\"name\":\"Gekleurde Namaak Krab - Decofoodshop\",\"isPartOf\":{\"@id\":\"https:\\\/\\\/decofoodshop.nl\\\/#website\"},\"primaryImageOfPage\":{\"@id\":\"https:\\\/\\\/decofoodshop.nl\\\/product\\\/gekleurde-namaak-krab\\\/#primaryimage\"},\"image\":{\"@id\":\"https:\\\/\\\/decofoodshop.nl\\\/product\\\/gekleurde-namaak-krab\\\/#primaryimage\"},\"thumbnailUrl\":\"https:\\\/\\\/decofoodshop.nl\\\/wp-content\\\/uploads\\\/2021\\\/11\\\/Gekleurde-Namaak-Krab-.jpg\",\"datePublished\":\"2021-11-14T15:10:49+00:00\",\"dateModified\":\"2026-03-02T11:19:13+00:00\",\"description\":\"Gekleurde Namaak Krab en meer nep zeedieren bestellen bij decofoodshop.nl Heel veel keuze en directe levering.\",\"breadcrumb\":{\"@id\":\"https:\\\/\\\/decofoodshop.nl\\\/product\\\/gekleurde-namaak-krab\\\/#breadcrumb\"},\"inLanguage\":\"de\",\"potentialAction\":[{\"@type\":\"ReadAction\",\"target\":[\"https:\\\/\\\/decofoodshop.nl\\\/product\\\/gekleurde-namaak-krab\\\/\"]}]},{\"@type\":\"ImageObject\",\"inLanguage\":\"de\",\"@id\":\"https:\\\/\\\/decofoodshop.nl\\\/product\\\/gekleurde-namaak-krab\\\/#primaryimage\",\"url\":\"https:\\\/\\\/decofoodshop.nl\\\/wp-content\\\/uploads\\\/2021\\\/11\\\/Gekleurde-Namaak-Krab-.jpg\",\"contentUrl\":\"https:\\\/\\\/decofoodshop.nl\\\/wp-content\\\/uploads\\\/2021\\\/11\\\/Gekleurde-Namaak-Krab-.jpg\",\"width\":750,\"height\":750,\"caption\":\"Gekleurde Namaak Krab\"},{\"@type\":\"BreadcrumbList\",\"@id\":\"https:\\\/\\\/decofoodshop.nl\\\/product\\\/gekleurde-namaak-krab\\\/#breadcrumb\",\"itemListElement\":[{\"@type\":\"ListItem\",\"position\":1,\"name\":\"Home\",\"item\":\"https:\\\/\\\/decofoodshop.nl\\\/\"},{\"@type\":\"ListItem\",\"position\":2,\"name\":\"Winkel\",\"item\":\"https:\\\/\\\/decofoodshop.nl\\\/winkel\\\/\"},{\"@type\":\"ListItem\",\"position\":3,\"name\":\"Gekleurde Namaak Krab\"}]},{\"@type\":\"WebSite\",\"@id\":\"https:\\\/\\\/decofoodshop.nl\\\/#website\",\"url\":\"https:\\\/\\\/decofoodshop.nl\\\/\",\"name\":\"Decofoodshop\",\"description\":\"\",\"potentialAction\":[{\"@type\":\"SearchAction\",\"target\":{\"@type\":\"EntryPoint\",\"urlTemplate\":\"https:\\\/\\\/decofoodshop.nl\\\/?s={search_term_string}\"},\"query-input\":{\"@type\":\"PropertyValueSpecification\",\"valueRequired\":true,\"valueName\":\"search_term_string\"}}],\"inLanguage\":\"de\"}]}<\/script>\n<!-- \/ Yoast SEO Premium plugin. -->","yoast_head_json":{"title":"Farbige k\u00fcnstliche Krabbe - Decofoodshop","description":"Bestellen Sie farbige k\u00fcnstliche Krabben und weitere k\u00fcnstliche Meerestiere bei decofoodshop.nl Gro\u00dfe Auswahl und direkte Lieferung.","robots":{"index":"index","follow":"follow","max-snippet":"max-snippet:-1","max-image-preview":"max-image-preview:large","max-video-preview":"max-video-preview:-1"},"canonical":"https:\/\/decofoodshop.nl\/de\/produkt\/farbige-gefalschte-krabbe\/","og_locale":"de_DE","og_type":"article","og_title":"Gekleurde Namaak Krab","og_description":"Gekleurde Namaak Krab en meer nep zeedieren bestellen bij decofoodshop.nl Heel veel keuze en directe levering.","og_url":"https:\/\/decofoodshop.nl\/de\/produkt\/farbige-gefalschte-krabbe\/","og_site_name":"Decofoodshop","article_modified_time":"2026-03-02T11:19:13+00:00","og_image":[{"width":750,"height":750,"url":"https:\/\/decofoodshop.nl\/wp-content\/uploads\/2021\/11\/Gekleurde-Namaak-Krab-.jpg","type":"image\/jpeg"}],"twitter_card":"summary_large_image","twitter_misc":{"Gesch\u00e4tzte Lesezeit":"1\u00a0Minute"},"schema":{"@context":"https:\/\/schema.org","@graph":[{"@type":"WebPage","@id":"https:\/\/decofoodshop.nl\/product\/gekleurde-namaak-krab\/","url":"https:\/\/decofoodshop.nl\/product\/gekleurde-namaak-krab\/","name":"Farbige k\u00fcnstliche Krabbe - Decofoodshop","isPartOf":{"@id":"https:\/\/decofoodshop.nl\/#website"},"primaryImageOfPage":{"@id":"https:\/\/decofoodshop.nl\/product\/gekleurde-namaak-krab\/#primaryimage"},"image":{"@id":"https:\/\/decofoodshop.nl\/product\/gekleurde-namaak-krab\/#primaryimage"},"thumbnailUrl":"https:\/\/decofoodshop.nl\/wp-content\/uploads\/2021\/11\/Gekleurde-Namaak-Krab-.jpg","datePublished":"2021-11-14T15:10:49+00:00","dateModified":"2026-03-02T11:19:13+00:00","description":"Bestellen Sie farbige k\u00fcnstliche Krabben und weitere k\u00fcnstliche Meerestiere bei decofoodshop.nl Gro\u00dfe Auswahl und direkte Lieferung.","breadcrumb":{"@id":"https:\/\/decofoodshop.nl\/product\/gekleurde-namaak-krab\/#breadcrumb"},"inLanguage":"de","potentialAction":[{"@type":"ReadAction","target":["https:\/\/decofoodshop.nl\/product\/gekleurde-namaak-krab\/"]}]},{"@type":"ImageObject","inLanguage":"de","@id":"https:\/\/decofoodshop.nl\/product\/gekleurde-namaak-krab\/#primaryimage","url":"https:\/\/decofoodshop.nl\/wp-content\/uploads\/2021\/11\/Gekleurde-Namaak-Krab-.jpg","contentUrl":"https:\/\/decofoodshop.nl\/wp-content\/uploads\/2021\/11\/Gekleurde-Namaak-Krab-.jpg","width":750,"height":750,"caption":"Gekleurde Namaak Krab"},{"@type":"BreadcrumbList","@id":"https:\/\/decofoodshop.nl\/product\/gekleurde-namaak-krab\/#breadcrumb","itemListElement":[{"@type":"ListItem","position":1,"name":"Home","item":"https:\/\/decofoodshop.nl\/"},{"@type":"ListItem","position":2,"name":"Winkel","item":"https:\/\/decofoodshop.nl\/winkel\/"},{"@type":"ListItem","position":3,"name":"Gekleurde Namaak Krab"}]},{"@type":"WebSite","@id":"https:\/\/decofoodshop.nl\/#website","url":"https:\/\/decofoodshop.nl\/","name":"Dekofoodshop","description":"","potentialAction":[{"@type":"SearchAction","target":{"@type":"EntryPoint","urlTemplate":"https:\/\/decofoodshop.nl\/?s={search_term_string}"},"query-input":{"@type":"PropertyValueSpecification","valueRequired":true,"valueName":"search_term_string"}}],"inLanguage":"de"}]}},"_links":{"self":[{"href":"https:\/\/decofoodshop.nl\/de\/wp-json\/wp\/v2\/product\/5083","targetHints":{"allow":["GET"]}}],"collection":[{"href":"https:\/\/decofoodshop.nl\/de\/wp-json\/wp\/v2\/product"}],"about":[{"href":"https:\/\/decofoodshop.nl\/de\/wp-json\/wp\/v2\/types\/product"}],"wp:featuredmedia":[{"embeddable":true,"href":"https:\/\/decofoodshop.nl\/de\/wp-json\/wp\/v2\/media\/5084"}],"wp:attachment":[{"href":"https:\/\/decofoodshop.nl\/de\/wp-json\/wp\/v2\/media?parent=5083"}],"wp:term":[{"taxonomy":"product_brand","embeddable":true,"href":"https:\/\/decofoodshop.nl\/de\/wp-json\/wp\/v2\/product_brand?post=5083"},{"taxonomy":"product_cat","embeddable":true,"href":"https:\/\/decofoodshop.nl\/de\/wp-json\/wp\/v2\/product_cat?post=5083"},{"taxonomy":"product_tag","embeddable":true,"href":"https:\/\/decofoodshop.nl\/de\/wp-json\/wp\/v2\/product_tag?post=5083"}],"curies":[{"name":"wp","href":"https:\/\/api.w.org\/{rel}","templated":true}]}}