{"id":5093,"date":"2021-11-14T16:21:26","date_gmt":"2021-11-14T15:21:26","guid":{"rendered":"https:\/\/decofoodshop.nl\/?post_type=product&#038;p=5093"},"modified":"2026-03-19T11:49:38","modified_gmt":"2026-03-19T10:49:38","slug":"blue-faux-sea-krabbe","status":"publish","type":"product","link":"https:\/\/decofoodshop.nl\/de\/product\/blauwe-namaak-zeekrab\/","title":{"rendered":"Blaue Imitat-Seekrabbe"},"content":{"rendered":"<p>Auffallend blau gef\u00e4rbte gef\u00e4lschte Seekrabbe.<\/p>\n<p>Mit lebensechten auff\u00e4lligen Farben.<\/p>\n<p>Ausgestattet mit Beinen und Schere.<\/p>\n<p>Mit nat\u00fcrlicher Form und Augen.<\/p>\n<p>Sowohl oben als auch unten einfach echt!<\/p>\n<p>17 cm breites Format.<\/p>\n<p>Weitere gef\u00e4lschte Lebensmittel finden Sie in unserem \u201e<span style=\"color: #008000;\"><strong><a style=\"color: #008000;\" href=\"https:\/\/decofoodshop.nl\/de\/produktkategorie-2\/pakete\/\">Pakete<\/a><\/strong><\/span>&#8220;.<\/p>","protected":false},"excerpt":{"rendered":"<p>Auffallend blau gef\u00e4rbte k\u00fcnstliche Meereskrabbe. Mit lebensechten, auff\u00e4lligen Farben. Ausgestattet mit Beinen und Schere. Mit nat\u00fcrlicher Form und \u00d6sen. Genau wie das Original von oben und unten! 17 cm breite Gr\u00f6\u00dfe. Weitere gef\u00e4lschte Lebensmittel finden Sie auch in unseren \u201ePaketen\u201c.<\/p>","protected":false},"featured_media":5094,"template":"","meta":{"_acf_changed":false,"_genesis_hide_title":false,"_genesis_hide_breadcrumbs":false,"_genesis_hide_singular_image":false,"_genesis_hide_footer_widgets":false,"_genesis_custom_body_class":"","_genesis_custom_post_class":"","_genesis_layout":""},"product_brand":[],"product_cat":[50],"product_tag":[],"class_list":{"0":"post-5093","1":"product","2":"type-product","3":"status-publish","4":"has-post-thumbnail","6":"product_cat-namaak-vis-en-vlees","7":"entry","8":"wpx-has-gallery","10":"first","11":"instock","12":"taxable","13":"shipping-taxable","14":"purchasable","15":"product-type-simple"},"acf":[],"yoast_head":"<!-- This site is optimized with the Yoast SEO Premium plugin v27.3 (Yoast SEO v27.3) - https:\/\/yoast.com\/product\/yoast-seo-premium-wordpress\/ -->\n<title>Blauwe Namaak Zeekrab - Decofoodshop<\/title>\n<meta name=\"description\" content=\"Blauwe Namaak Zeekrab en veel meer imitatie zeedieren en zee dier dummies bij Decofoodshop.nl Altijd voorraad en en snel bezorgd.\" \/>\n<meta name=\"robots\" content=\"index, follow, max-snippet:-1, max-image-preview:large, max-video-preview:-1\" \/>\n<link rel=\"canonical\" href=\"https:\/\/decofoodshop.nl\/de\/produkt\/blue-faux-sea-krabbe\/\" \/>\n<meta property=\"og:locale\" content=\"de_DE\" \/>\n<meta property=\"og:type\" content=\"article\" \/>\n<meta property=\"og:title\" content=\"Blauwe Namaak Zeekrab\" \/>\n<meta property=\"og:description\" content=\"Blauwe Namaak Zeekrab en veel meer imitatie zeedieren en zee dier dummies bij Decofoodshop.nl Altijd voorraad en en snel bezorgd.\" \/>\n<meta property=\"og:url\" content=\"https:\/\/decofoodshop.nl\/de\/produkt\/blue-faux-sea-krabbe\/\" \/>\n<meta property=\"og:site_name\" content=\"Decofoodshop\" \/>\n<meta property=\"article:modified_time\" content=\"2026-03-19T10:49:38+00:00\" \/>\n<meta property=\"og:image\" content=\"https:\/\/decofoodshop.nl\/wp-content\/uploads\/2021\/11\/Blauwe-Namaak-Zeekrab-.jpg\" \/>\n\t<meta property=\"og:image:width\" content=\"750\" \/>\n\t<meta property=\"og:image:height\" content=\"749\" \/>\n\t<meta property=\"og:image:type\" content=\"image\/jpeg\" \/>\n<meta name=\"twitter:card\" content=\"summary_large_image\" \/>\n<meta name=\"twitter:label1\" content=\"Gesch\u00e4tzte Lesezeit\" \/>\n\t<meta name=\"twitter:data1\" content=\"1\u00a0Minute\" \/>\n<script type=\"application\/ld+json\" class=\"yoast-schema-graph\">{\"@context\":\"https:\\\/\\\/schema.org\",\"@graph\":[{\"@type\":\"WebPage\",\"@id\":\"https:\\\/\\\/decofoodshop.nl\\\/product\\\/blauwe-namaak-zeekrab\\\/\",\"url\":\"https:\\\/\\\/decofoodshop.nl\\\/product\\\/blauwe-namaak-zeekrab\\\/\",\"name\":\"Blauwe Namaak Zeekrab - Decofoodshop\",\"isPartOf\":{\"@id\":\"https:\\\/\\\/decofoodshop.nl\\\/#website\"},\"primaryImageOfPage\":{\"@id\":\"https:\\\/\\\/decofoodshop.nl\\\/product\\\/blauwe-namaak-zeekrab\\\/#primaryimage\"},\"image\":{\"@id\":\"https:\\\/\\\/decofoodshop.nl\\\/product\\\/blauwe-namaak-zeekrab\\\/#primaryimage\"},\"thumbnailUrl\":\"https:\\\/\\\/decofoodshop.nl\\\/wp-content\\\/uploads\\\/2021\\\/11\\\/Blauwe-Namaak-Zeekrab-.jpg\",\"datePublished\":\"2021-11-14T15:21:26+00:00\",\"dateModified\":\"2026-03-19T10:49:38+00:00\",\"description\":\"Blauwe Namaak Zeekrab en veel meer imitatie zeedieren en zee dier dummies bij Decofoodshop.nl Altijd voorraad en en snel bezorgd.\",\"breadcrumb\":{\"@id\":\"https:\\\/\\\/decofoodshop.nl\\\/product\\\/blauwe-namaak-zeekrab\\\/#breadcrumb\"},\"inLanguage\":\"de\",\"potentialAction\":[{\"@type\":\"ReadAction\",\"target\":[\"https:\\\/\\\/decofoodshop.nl\\\/product\\\/blauwe-namaak-zeekrab\\\/\"]}]},{\"@type\":\"ImageObject\",\"inLanguage\":\"de\",\"@id\":\"https:\\\/\\\/decofoodshop.nl\\\/product\\\/blauwe-namaak-zeekrab\\\/#primaryimage\",\"url\":\"https:\\\/\\\/decofoodshop.nl\\\/wp-content\\\/uploads\\\/2021\\\/11\\\/Blauwe-Namaak-Zeekrab-.jpg\",\"contentUrl\":\"https:\\\/\\\/decofoodshop.nl\\\/wp-content\\\/uploads\\\/2021\\\/11\\\/Blauwe-Namaak-Zeekrab-.jpg\",\"width\":750,\"height\":749,\"caption\":\"Blauwe Namaak Zeekrab\"},{\"@type\":\"BreadcrumbList\",\"@id\":\"https:\\\/\\\/decofoodshop.nl\\\/product\\\/blauwe-namaak-zeekrab\\\/#breadcrumb\",\"itemListElement\":[{\"@type\":\"ListItem\",\"position\":1,\"name\":\"Home\",\"item\":\"https:\\\/\\\/decofoodshop.nl\\\/\"},{\"@type\":\"ListItem\",\"position\":2,\"name\":\"Winkel\",\"item\":\"https:\\\/\\\/decofoodshop.nl\\\/winkel\\\/\"},{\"@type\":\"ListItem\",\"position\":3,\"name\":\"Blauwe Namaak Zeekrab\"}]},{\"@type\":\"WebSite\",\"@id\":\"https:\\\/\\\/decofoodshop.nl\\\/#website\",\"url\":\"https:\\\/\\\/decofoodshop.nl\\\/\",\"name\":\"Decofoodshop\",\"description\":\"\",\"potentialAction\":[{\"@type\":\"SearchAction\",\"target\":{\"@type\":\"EntryPoint\",\"urlTemplate\":\"https:\\\/\\\/decofoodshop.nl\\\/?s={search_term_string}\"},\"query-input\":{\"@type\":\"PropertyValueSpecification\",\"valueRequired\":true,\"valueName\":\"search_term_string\"}}],\"inLanguage\":\"de\"}]}<\/script>\n<!-- \/ Yoast SEO Premium plugin. -->","yoast_head_json":{"title":"Blaue k\u00fcnstliche Seekrabbe - Decofoodshop","description":"Blue Fake Sea Crab und viele weitere Imitationen von Meerestieren und Meerestierattrappen bei Decofoodshop.nl. Immer auf Lager und schnelle Lieferung.","robots":{"index":"index","follow":"follow","max-snippet":"max-snippet:-1","max-image-preview":"max-image-preview:large","max-video-preview":"max-video-preview:-1"},"canonical":"https:\/\/decofoodshop.nl\/de\/produkt\/blue-faux-sea-krabbe\/","og_locale":"de_DE","og_type":"article","og_title":"Blauwe Namaak Zeekrab","og_description":"Blauwe Namaak Zeekrab en veel meer imitatie zeedieren en zee dier dummies bij Decofoodshop.nl Altijd voorraad en en snel bezorgd.","og_url":"https:\/\/decofoodshop.nl\/de\/produkt\/blue-faux-sea-krabbe\/","og_site_name":"Decofoodshop","article_modified_time":"2026-03-19T10:49:38+00:00","og_image":[{"width":750,"height":749,"url":"https:\/\/decofoodshop.nl\/wp-content\/uploads\/2021\/11\/Blauwe-Namaak-Zeekrab-.jpg","type":"image\/jpeg"}],"twitter_card":"summary_large_image","twitter_misc":{"Gesch\u00e4tzte Lesezeit":"1\u00a0Minute"},"schema":{"@context":"https:\/\/schema.org","@graph":[{"@type":"WebPage","@id":"https:\/\/decofoodshop.nl\/product\/blauwe-namaak-zeekrab\/","url":"https:\/\/decofoodshop.nl\/product\/blauwe-namaak-zeekrab\/","name":"Blaue k\u00fcnstliche Seekrabbe - Decofoodshop","isPartOf":{"@id":"https:\/\/decofoodshop.nl\/#website"},"primaryImageOfPage":{"@id":"https:\/\/decofoodshop.nl\/product\/blauwe-namaak-zeekrab\/#primaryimage"},"image":{"@id":"https:\/\/decofoodshop.nl\/product\/blauwe-namaak-zeekrab\/#primaryimage"},"thumbnailUrl":"https:\/\/decofoodshop.nl\/wp-content\/uploads\/2021\/11\/Blauwe-Namaak-Zeekrab-.jpg","datePublished":"2021-11-14T15:21:26+00:00","dateModified":"2026-03-19T10:49:38+00:00","description":"Blue Fake Sea Crab und viele weitere Imitationen von Meerestieren und Meerestierattrappen bei Decofoodshop.nl. Immer auf Lager und schnelle Lieferung.","breadcrumb":{"@id":"https:\/\/decofoodshop.nl\/product\/blauwe-namaak-zeekrab\/#breadcrumb"},"inLanguage":"de","potentialAction":[{"@type":"ReadAction","target":["https:\/\/decofoodshop.nl\/product\/blauwe-namaak-zeekrab\/"]}]},{"@type":"ImageObject","inLanguage":"de","@id":"https:\/\/decofoodshop.nl\/product\/blauwe-namaak-zeekrab\/#primaryimage","url":"https:\/\/decofoodshop.nl\/wp-content\/uploads\/2021\/11\/Blauwe-Namaak-Zeekrab-.jpg","contentUrl":"https:\/\/decofoodshop.nl\/wp-content\/uploads\/2021\/11\/Blauwe-Namaak-Zeekrab-.jpg","width":750,"height":749,"caption":"Blauwe Namaak Zeekrab"},{"@type":"BreadcrumbList","@id":"https:\/\/decofoodshop.nl\/product\/blauwe-namaak-zeekrab\/#breadcrumb","itemListElement":[{"@type":"ListItem","position":1,"name":"Home","item":"https:\/\/decofoodshop.nl\/"},{"@type":"ListItem","position":2,"name":"Winkel","item":"https:\/\/decofoodshop.nl\/winkel\/"},{"@type":"ListItem","position":3,"name":"Blauwe Namaak Zeekrab"}]},{"@type":"WebSite","@id":"https:\/\/decofoodshop.nl\/#website","url":"https:\/\/decofoodshop.nl\/","name":"Dekofoodshop","description":"","potentialAction":[{"@type":"SearchAction","target":{"@type":"EntryPoint","urlTemplate":"https:\/\/decofoodshop.nl\/?s={search_term_string}"},"query-input":{"@type":"PropertyValueSpecification","valueRequired":true,"valueName":"search_term_string"}}],"inLanguage":"de"}]}},"_links":{"self":[{"href":"https:\/\/decofoodshop.nl\/de\/wp-json\/wp\/v2\/product\/5093","targetHints":{"allow":["GET"]}}],"collection":[{"href":"https:\/\/decofoodshop.nl\/de\/wp-json\/wp\/v2\/product"}],"about":[{"href":"https:\/\/decofoodshop.nl\/de\/wp-json\/wp\/v2\/types\/product"}],"wp:featuredmedia":[{"embeddable":true,"href":"https:\/\/decofoodshop.nl\/de\/wp-json\/wp\/v2\/media\/5094"}],"wp:attachment":[{"href":"https:\/\/decofoodshop.nl\/de\/wp-json\/wp\/v2\/media?parent=5093"}],"wp:term":[{"taxonomy":"product_brand","embeddable":true,"href":"https:\/\/decofoodshop.nl\/de\/wp-json\/wp\/v2\/product_brand?post=5093"},{"taxonomy":"product_cat","embeddable":true,"href":"https:\/\/decofoodshop.nl\/de\/wp-json\/wp\/v2\/product_cat?post=5093"},{"taxonomy":"product_tag","embeddable":true,"href":"https:\/\/decofoodshop.nl\/de\/wp-json\/wp\/v2\/product_tag?post=5093"}],"curies":[{"name":"wp","href":"https:\/\/api.w.org\/{rel}","templated":true}]}}