{"id":5100,"date":"2021-11-14T16:31:28","date_gmt":"2021-11-14T15:31:28","guid":{"rendered":"https:\/\/decofoodshop.nl\/?post_type=product&#038;p=5100"},"modified":"2026-03-02T12:18:08","modified_gmt":"2026-03-02T11:18:08","slug":"kleine-falsche-spinnenkrabbe","status":"publish","type":"product","link":"https:\/\/decofoodshop.nl\/de\/product\/kleine-namaak-spinkrab\/","title":{"rendered":"Kleine gef\u00e4lschte Spinnenkrabbe"},"content":{"rendered":"<p>Kleine orange gef\u00e4lschte Spinnenkrabbe.<\/p>\n<p>Klein und lebensecht.<\/p>\n<p>11 cm lang und 9 cm breit.<\/p>\n<p>Mit unregelm\u00e4\u00dfiger Oberfl\u00e4che.<\/p>\n<p>Ausgestattet mit Toren und Scheren.<\/p>\n<p>Sehr dekorative Kunstseespinne.<\/p>\n<p>Weitere Lebensmittelimitate finden Sie in unserem \u201e<span style=\"color: #008000;\"><strong><a style=\"color: #008000;\" href=\"https:\/\/decofoodshop.nl\/de\/produktkategorie-2\/pakete\/\">Pakete<\/a><\/strong><\/span>&#8220;.<\/p>","protected":false},"excerpt":{"rendered":"<p>Kleine orange gef\u00e4lschte Spinnenkrabbe. Klein und lebensecht. 11 cm lang und 9 cm breit. Mit unregelm\u00e4\u00dfiger Oberfl\u00e4che. Ausgestattet mit Toren und Scheren. Sehr dekorative k\u00fcnstliche Seespinne. Weitere Futterimitate finden Sie auch in unseren &quot;Paketen&quot;.<\/p>","protected":false},"featured_media":5101,"template":"","meta":{"_acf_changed":false,"_genesis_hide_title":false,"_genesis_hide_breadcrumbs":false,"_genesis_hide_singular_image":false,"_genesis_hide_footer_widgets":false,"_genesis_custom_body_class":"","_genesis_custom_post_class":"","_genesis_layout":""},"product_brand":[],"product_cat":[50],"product_tag":[],"class_list":{"0":"post-5100","1":"product","2":"type-product","3":"status-publish","4":"has-post-thumbnail","6":"product_cat-namaak-vis-en-vlees","7":"entry","8":"wpx-has-gallery","10":"first","11":"instock","12":"taxable","13":"shipping-taxable","14":"purchasable","15":"product-type-simple"},"acf":[],"yoast_head":"<!-- This site is optimized with the Yoast SEO Premium plugin v27.4 (Yoast SEO v27.4) - https:\/\/yoast.com\/product\/yoast-seo-premium-wordpress\/ -->\n<title>Kleine Namaak Spinkrab - Decofoodshop<\/title>\n<meta name=\"description\" content=\"Kleine Namaak Spinkrab en veel meer nep krabben kopen bij Decofoodshop.n Alles soortje namaak voedsel in \u00e9\u00e9n webshop.\" \/>\n<meta name=\"robots\" content=\"index, follow, max-snippet:-1, max-image-preview:large, max-video-preview:-1\" \/>\n<link rel=\"canonical\" href=\"https:\/\/decofoodshop.nl\/de\/produkt\/kleine-falsche-spinnenkrabbe\/\" \/>\n<meta property=\"og:locale\" content=\"de_DE\" \/>\n<meta property=\"og:type\" content=\"article\" \/>\n<meta property=\"og:title\" content=\"Kleine Namaak Spinkrab\" \/>\n<meta property=\"og:description\" content=\"Kleine Namaak Spinkrab en veel meer nep krabben kopen bij Decofoodshop.n Alles soortje namaak voedsel in \u00e9\u00e9n webshop.\" \/>\n<meta property=\"og:url\" content=\"https:\/\/decofoodshop.nl\/de\/produkt\/kleine-falsche-spinnenkrabbe\/\" \/>\n<meta property=\"og:site_name\" content=\"Decofoodshop\" \/>\n<meta property=\"article:modified_time\" content=\"2026-03-02T11:18:08+00:00\" \/>\n<meta property=\"og:image\" content=\"https:\/\/decofoodshop.nl\/wp-content\/uploads\/2021\/11\/Kleine-Namaak-Spinkrab.jpg\" \/>\n\t<meta property=\"og:image:width\" content=\"700\" \/>\n\t<meta property=\"og:image:height\" content=\"702\" \/>\n\t<meta property=\"og:image:type\" content=\"image\/jpeg\" \/>\n<meta name=\"twitter:card\" content=\"summary_large_image\" \/>\n<meta name=\"twitter:label1\" content=\"Gesch\u00e4tzte Lesezeit\" \/>\n\t<meta name=\"twitter:data1\" content=\"1\u00a0Minute\" \/>\n<script type=\"application\/ld+json\" class=\"yoast-schema-graph\">{\"@context\":\"https:\\\/\\\/schema.org\",\"@graph\":[{\"@type\":\"WebPage\",\"@id\":\"https:\\\/\\\/decofoodshop.nl\\\/product\\\/kleine-namaak-spinkrab\\\/\",\"url\":\"https:\\\/\\\/decofoodshop.nl\\\/product\\\/kleine-namaak-spinkrab\\\/\",\"name\":\"Kleine Namaak Spinkrab - Decofoodshop\",\"isPartOf\":{\"@id\":\"https:\\\/\\\/decofoodshop.nl\\\/#website\"},\"primaryImageOfPage\":{\"@id\":\"https:\\\/\\\/decofoodshop.nl\\\/product\\\/kleine-namaak-spinkrab\\\/#primaryimage\"},\"image\":{\"@id\":\"https:\\\/\\\/decofoodshop.nl\\\/product\\\/kleine-namaak-spinkrab\\\/#primaryimage\"},\"thumbnailUrl\":\"https:\\\/\\\/decofoodshop.nl\\\/wp-content\\\/uploads\\\/2021\\\/11\\\/Kleine-Namaak-Spinkrab.jpg\",\"datePublished\":\"2021-11-14T15:31:28+00:00\",\"dateModified\":\"2026-03-02T11:18:08+00:00\",\"description\":\"Kleine Namaak Spinkrab en veel meer nep krabben kopen bij Decofoodshop.n Alles soortje namaak voedsel in \u00e9\u00e9n webshop.\",\"breadcrumb\":{\"@id\":\"https:\\\/\\\/decofoodshop.nl\\\/product\\\/kleine-namaak-spinkrab\\\/#breadcrumb\"},\"inLanguage\":\"de\",\"potentialAction\":[{\"@type\":\"ReadAction\",\"target\":[\"https:\\\/\\\/decofoodshop.nl\\\/product\\\/kleine-namaak-spinkrab\\\/\"]}]},{\"@type\":\"ImageObject\",\"inLanguage\":\"de\",\"@id\":\"https:\\\/\\\/decofoodshop.nl\\\/product\\\/kleine-namaak-spinkrab\\\/#primaryimage\",\"url\":\"https:\\\/\\\/decofoodshop.nl\\\/wp-content\\\/uploads\\\/2021\\\/11\\\/Kleine-Namaak-Spinkrab.jpg\",\"contentUrl\":\"https:\\\/\\\/decofoodshop.nl\\\/wp-content\\\/uploads\\\/2021\\\/11\\\/Kleine-Namaak-Spinkrab.jpg\",\"width\":700,\"height\":702,\"caption\":\"Kleine Namaak Spinkrab en meer bij decofoodshop.nl\"},{\"@type\":\"BreadcrumbList\",\"@id\":\"https:\\\/\\\/decofoodshop.nl\\\/product\\\/kleine-namaak-spinkrab\\\/#breadcrumb\",\"itemListElement\":[{\"@type\":\"ListItem\",\"position\":1,\"name\":\"Home\",\"item\":\"https:\\\/\\\/decofoodshop.nl\\\/\"},{\"@type\":\"ListItem\",\"position\":2,\"name\":\"Winkel\",\"item\":\"https:\\\/\\\/decofoodshop.nl\\\/winkel\\\/\"},{\"@type\":\"ListItem\",\"position\":3,\"name\":\"Kleine Namaak Spinkrab\"}]},{\"@type\":\"WebSite\",\"@id\":\"https:\\\/\\\/decofoodshop.nl\\\/#website\",\"url\":\"https:\\\/\\\/decofoodshop.nl\\\/\",\"name\":\"Decofoodshop\",\"description\":\"\",\"potentialAction\":[{\"@type\":\"SearchAction\",\"target\":{\"@type\":\"EntryPoint\",\"urlTemplate\":\"https:\\\/\\\/decofoodshop.nl\\\/?s={search_term_string}\"},\"query-input\":{\"@type\":\"PropertyValueSpecification\",\"valueRequired\":true,\"valueName\":\"search_term_string\"}}],\"inLanguage\":\"de\"}]}<\/script>\n<!-- \/ Yoast SEO Premium plugin. -->","yoast_head_json":{"title":"Kleine k\u00fcnstliche Seespinne - Decofoodshop","description":"Kaufen Sie kleine gef\u00e4lschte Spinnenkrabben und viele weitere gef\u00e4lschte Krabben bei Decofoodshop.n Alle Arten von gef\u00e4lschten Lebensmitteln in einem Webshop.","robots":{"index":"index","follow":"follow","max-snippet":"max-snippet:-1","max-image-preview":"max-image-preview:large","max-video-preview":"max-video-preview:-1"},"canonical":"https:\/\/decofoodshop.nl\/de\/produkt\/kleine-falsche-spinnenkrabbe\/","og_locale":"de_DE","og_type":"article","og_title":"Kleine Namaak Spinkrab","og_description":"Kleine Namaak Spinkrab en veel meer nep krabben kopen bij Decofoodshop.n Alles soortje namaak voedsel in \u00e9\u00e9n webshop.","og_url":"https:\/\/decofoodshop.nl\/de\/produkt\/kleine-falsche-spinnenkrabbe\/","og_site_name":"Decofoodshop","article_modified_time":"2026-03-02T11:18:08+00:00","og_image":[{"width":700,"height":702,"url":"https:\/\/decofoodshop.nl\/wp-content\/uploads\/2021\/11\/Kleine-Namaak-Spinkrab.jpg","type":"image\/jpeg"}],"twitter_card":"summary_large_image","twitter_misc":{"Gesch\u00e4tzte Lesezeit":"1\u00a0Minute"},"schema":{"@context":"https:\/\/schema.org","@graph":[{"@type":"WebPage","@id":"https:\/\/decofoodshop.nl\/product\/kleine-namaak-spinkrab\/","url":"https:\/\/decofoodshop.nl\/product\/kleine-namaak-spinkrab\/","name":"Kleine k\u00fcnstliche Seespinne - Decofoodshop","isPartOf":{"@id":"https:\/\/decofoodshop.nl\/#website"},"primaryImageOfPage":{"@id":"https:\/\/decofoodshop.nl\/product\/kleine-namaak-spinkrab\/#primaryimage"},"image":{"@id":"https:\/\/decofoodshop.nl\/product\/kleine-namaak-spinkrab\/#primaryimage"},"thumbnailUrl":"https:\/\/decofoodshop.nl\/wp-content\/uploads\/2021\/11\/Kleine-Namaak-Spinkrab.jpg","datePublished":"2021-11-14T15:31:28+00:00","dateModified":"2026-03-02T11:18:08+00:00","description":"Kaufen Sie kleine gef\u00e4lschte Spinnenkrabben und viele weitere gef\u00e4lschte Krabben bei Decofoodshop.n Alle Arten von gef\u00e4lschten Lebensmitteln in einem Webshop.","breadcrumb":{"@id":"https:\/\/decofoodshop.nl\/product\/kleine-namaak-spinkrab\/#breadcrumb"},"inLanguage":"de","potentialAction":[{"@type":"ReadAction","target":["https:\/\/decofoodshop.nl\/product\/kleine-namaak-spinkrab\/"]}]},{"@type":"ImageObject","inLanguage":"de","@id":"https:\/\/decofoodshop.nl\/product\/kleine-namaak-spinkrab\/#primaryimage","url":"https:\/\/decofoodshop.nl\/wp-content\/uploads\/2021\/11\/Kleine-Namaak-Spinkrab.jpg","contentUrl":"https:\/\/decofoodshop.nl\/wp-content\/uploads\/2021\/11\/Kleine-Namaak-Spinkrab.jpg","width":700,"height":702,"caption":"Kleine Namaak Spinkrab en meer bij decofoodshop.nl"},{"@type":"BreadcrumbList","@id":"https:\/\/decofoodshop.nl\/product\/kleine-namaak-spinkrab\/#breadcrumb","itemListElement":[{"@type":"ListItem","position":1,"name":"Home","item":"https:\/\/decofoodshop.nl\/"},{"@type":"ListItem","position":2,"name":"Winkel","item":"https:\/\/decofoodshop.nl\/winkel\/"},{"@type":"ListItem","position":3,"name":"Kleine Namaak Spinkrab"}]},{"@type":"WebSite","@id":"https:\/\/decofoodshop.nl\/#website","url":"https:\/\/decofoodshop.nl\/","name":"Dekofoodshop","description":"","potentialAction":[{"@type":"SearchAction","target":{"@type":"EntryPoint","urlTemplate":"https:\/\/decofoodshop.nl\/?s={search_term_string}"},"query-input":{"@type":"PropertyValueSpecification","valueRequired":true,"valueName":"search_term_string"}}],"inLanguage":"de"}]}},"_links":{"self":[{"href":"https:\/\/decofoodshop.nl\/de\/wp-json\/wp\/v2\/product\/5100","targetHints":{"allow":["GET"]}}],"collection":[{"href":"https:\/\/decofoodshop.nl\/de\/wp-json\/wp\/v2\/product"}],"about":[{"href":"https:\/\/decofoodshop.nl\/de\/wp-json\/wp\/v2\/types\/product"}],"wp:featuredmedia":[{"embeddable":true,"href":"https:\/\/decofoodshop.nl\/de\/wp-json\/wp\/v2\/media\/5101"}],"wp:attachment":[{"href":"https:\/\/decofoodshop.nl\/de\/wp-json\/wp\/v2\/media?parent=5100"}],"wp:term":[{"taxonomy":"product_brand","embeddable":true,"href":"https:\/\/decofoodshop.nl\/de\/wp-json\/wp\/v2\/product_brand?post=5100"},{"taxonomy":"product_cat","embeddable":true,"href":"https:\/\/decofoodshop.nl\/de\/wp-json\/wp\/v2\/product_cat?post=5100"},{"taxonomy":"product_tag","embeddable":true,"href":"https:\/\/decofoodshop.nl\/de\/wp-json\/wp\/v2\/product_tag?post=5100"}],"curies":[{"name":"wp","href":"https:\/\/api.w.org\/{rel}","templated":true}]}}