{"id":5197,"date":"2021-12-07T11:33:48","date_gmt":"2021-12-07T10:33:48","guid":{"rendered":"https:\/\/decofoodshop.nl\/?post_type=product&#038;p=5197"},"modified":"2026-03-02T12:17:32","modified_gmt":"2026-03-02T11:17:32","slug":"tropischer-gruner-gefalschter-fisch","status":"publish","type":"product","link":"https:\/\/decofoodshop.nl\/de\/product\/tropische-groene-nepvis\/","title":{"rendered":"Tropischer gr\u00fcner gef\u00e4lschter Fisch"},"content":{"rendered":"<p>Auffallend exotischer tropischer gr\u00fcner gef\u00e4lschter Fisch.<\/p>\n<p>Ausgestattet mit Schuppen, Flossen und Augen.<\/p>\n<p>Leuchtend gr\u00fcn mit wei\u00dfer Unterseite.<\/p>\n<p>Flexibles Material und sehr robust.<\/p>\n<p>Sehr dekoratives Fischimitat von 23 cm L\u00e4nge.<\/p>\n<p>Weitere nat\u00fcrliche Lebensmittelf\u00e4lschungen finden Sie auch in unserem <span style=\"color: #008000;\"><strong><a style=\"color: #008000;\" href=\"https:\/\/decofoodshop.nl\/de\/produktkategorie-2\/pakete\/\">Pakete<\/a><\/strong><\/span>.<\/p>","protected":false},"excerpt":{"rendered":"<p>Auffallend exotischer tropischer gr\u00fcner Kunstfisch. Ausgestattet mit Schuppen, Flossen und Augen. Hellgr\u00fcne Farbe mit wei\u00dfer Unterseite. Flexibles Material und sehr robust. Sehr dekorativer Fischimitat mit einer L\u00e4nge von 23 cm. Weitere nat\u00fcrliche Lebensmittelimitationen finden Sie in unseren Paketen.<\/p>","protected":false},"featured_media":5209,"template":"","meta":{"_acf_changed":false,"_genesis_hide_title":false,"_genesis_hide_breadcrumbs":false,"_genesis_hide_singular_image":false,"_genesis_hide_footer_widgets":false,"_genesis_custom_body_class":"","_genesis_custom_post_class":"","_genesis_layout":""},"product_brand":[],"product_cat":[50],"product_tag":[],"class_list":{"0":"post-5197","1":"product","2":"type-product","3":"status-publish","4":"has-post-thumbnail","6":"product_cat-namaak-vis-en-vlees","7":"entry","8":"wpx-has-gallery","10":"first","11":"instock","12":"taxable","13":"shipping-taxable","14":"purchasable","15":"product-type-simple"},"acf":[],"yoast_head":"<!-- This site is optimized with the Yoast SEO Premium plugin v27.3 (Yoast SEO v27.4) - https:\/\/yoast.com\/product\/yoast-seo-premium-wordpress\/ -->\n<title>Tropische Groene Nepvis - Decofoodshop<\/title>\n<meta name=\"description\" content=\"Tropische Groene Nepvis en veel meer namaak vissen kopen bij Decofoodshop. De leverancier van voedsel dummies en siervoeding.\" \/>\n<meta name=\"robots\" content=\"index, follow, max-snippet:-1, max-image-preview:large, max-video-preview:-1\" \/>\n<link rel=\"canonical\" href=\"https:\/\/decofoodshop.nl\/de\/produkt\/tropischer-gruner-gefalschter-fisch\/\" \/>\n<meta property=\"og:locale\" content=\"de_DE\" \/>\n<meta property=\"og:type\" content=\"article\" \/>\n<meta property=\"og:title\" content=\"Tropische Groene Nepvis\" \/>\n<meta property=\"og:description\" content=\"Tropische Groene Nepvis en veel meer namaak vissen kopen bij Decofoodshop. De leverancier van voedsel dummies en siervoeding.\" \/>\n<meta property=\"og:url\" content=\"https:\/\/decofoodshop.nl\/de\/produkt\/tropischer-gruner-gefalschter-fisch\/\" \/>\n<meta property=\"og:site_name\" content=\"Decofoodshop\" \/>\n<meta property=\"article:modified_time\" content=\"2026-03-02T11:17:32+00:00\" \/>\n<meta property=\"og:image\" content=\"https:\/\/decofoodshop.nl\/wp-content\/uploads\/2021\/12\/Tropische-Groene-Nepvis-side-1.jpg\" \/>\n\t<meta property=\"og:image:width\" content=\"602\" \/>\n\t<meta property=\"og:image:height\" content=\"602\" \/>\n\t<meta property=\"og:image:type\" content=\"image\/jpeg\" \/>\n<meta name=\"twitter:card\" content=\"summary_large_image\" \/>\n<meta name=\"twitter:label1\" content=\"Gesch\u00e4tzte Lesezeit\" \/>\n\t<meta name=\"twitter:data1\" content=\"1\u00a0Minute\" \/>\n<script type=\"application\/ld+json\" class=\"yoast-schema-graph\">{\"@context\":\"https:\\\/\\\/schema.org\",\"@graph\":[{\"@type\":\"WebPage\",\"@id\":\"https:\\\/\\\/decofoodshop.nl\\\/product\\\/tropische-groene-nepvis\\\/\",\"url\":\"https:\\\/\\\/decofoodshop.nl\\\/product\\\/tropische-groene-nepvis\\\/\",\"name\":\"Tropische Groene Nepvis - Decofoodshop\",\"isPartOf\":{\"@id\":\"https:\\\/\\\/decofoodshop.nl\\\/#website\"},\"primaryImageOfPage\":{\"@id\":\"https:\\\/\\\/decofoodshop.nl\\\/product\\\/tropische-groene-nepvis\\\/#primaryimage\"},\"image\":{\"@id\":\"https:\\\/\\\/decofoodshop.nl\\\/product\\\/tropische-groene-nepvis\\\/#primaryimage\"},\"thumbnailUrl\":\"https:\\\/\\\/decofoodshop.nl\\\/wp-content\\\/uploads\\\/2021\\\/12\\\/Tropische-Groene-Nepvis-side-1.jpg\",\"datePublished\":\"2021-12-07T10:33:48+00:00\",\"dateModified\":\"2026-03-02T11:17:32+00:00\",\"description\":\"Tropische Groene Nepvis en veel meer namaak vissen kopen bij Decofoodshop. De leverancier van voedsel dummies en siervoeding.\",\"breadcrumb\":{\"@id\":\"https:\\\/\\\/decofoodshop.nl\\\/product\\\/tropische-groene-nepvis\\\/#breadcrumb\"},\"inLanguage\":\"de\",\"potentialAction\":[{\"@type\":\"ReadAction\",\"target\":[\"https:\\\/\\\/decofoodshop.nl\\\/product\\\/tropische-groene-nepvis\\\/\"]}]},{\"@type\":\"ImageObject\",\"inLanguage\":\"de\",\"@id\":\"https:\\\/\\\/decofoodshop.nl\\\/product\\\/tropische-groene-nepvis\\\/#primaryimage\",\"url\":\"https:\\\/\\\/decofoodshop.nl\\\/wp-content\\\/uploads\\\/2021\\\/12\\\/Tropische-Groene-Nepvis-side-1.jpg\",\"contentUrl\":\"https:\\\/\\\/decofoodshop.nl\\\/wp-content\\\/uploads\\\/2021\\\/12\\\/Tropische-Groene-Nepvis-side-1.jpg\",\"width\":602,\"height\":602,\"caption\":\"Tropische Groene Nepvis van Decofoodshop.nl\"},{\"@type\":\"BreadcrumbList\",\"@id\":\"https:\\\/\\\/decofoodshop.nl\\\/product\\\/tropische-groene-nepvis\\\/#breadcrumb\",\"itemListElement\":[{\"@type\":\"ListItem\",\"position\":1,\"name\":\"Home\",\"item\":\"https:\\\/\\\/decofoodshop.nl\\\/\"},{\"@type\":\"ListItem\",\"position\":2,\"name\":\"Winkel\",\"item\":\"https:\\\/\\\/decofoodshop.nl\\\/winkel\\\/\"},{\"@type\":\"ListItem\",\"position\":3,\"name\":\"Tropische Groene Nepvis\"}]},{\"@type\":\"WebSite\",\"@id\":\"https:\\\/\\\/decofoodshop.nl\\\/#website\",\"url\":\"https:\\\/\\\/decofoodshop.nl\\\/\",\"name\":\"Decofoodshop\",\"description\":\"\",\"potentialAction\":[{\"@type\":\"SearchAction\",\"target\":{\"@type\":\"EntryPoint\",\"urlTemplate\":\"https:\\\/\\\/decofoodshop.nl\\\/?s={search_term_string}\"},\"query-input\":{\"@type\":\"PropertyValueSpecification\",\"valueRequired\":true,\"valueName\":\"search_term_string\"}}],\"inLanguage\":\"de\"}]}<\/script>\n<!-- \/ Yoast SEO Premium plugin. -->","yoast_head_json":{"title":"Tropischer gr\u00fcner Kunstfisch - Decofoodshop","description":"Kaufen Sie bei Decofoodshop tropische gr\u00fcne Kunstfische und viele weitere Kunstfische. Der Anbieter von Futterattrappen und Zierfutter.","robots":{"index":"index","follow":"follow","max-snippet":"max-snippet:-1","max-image-preview":"max-image-preview:large","max-video-preview":"max-video-preview:-1"},"canonical":"https:\/\/decofoodshop.nl\/de\/produkt\/tropischer-gruner-gefalschter-fisch\/","og_locale":"de_DE","og_type":"article","og_title":"Tropische Groene Nepvis","og_description":"Tropische Groene Nepvis en veel meer namaak vissen kopen bij Decofoodshop. De leverancier van voedsel dummies en siervoeding.","og_url":"https:\/\/decofoodshop.nl\/de\/produkt\/tropischer-gruner-gefalschter-fisch\/","og_site_name":"Decofoodshop","article_modified_time":"2026-03-02T11:17:32+00:00","og_image":[{"width":602,"height":602,"url":"https:\/\/decofoodshop.nl\/wp-content\/uploads\/2021\/12\/Tropische-Groene-Nepvis-side-1.jpg","type":"image\/jpeg"}],"twitter_card":"summary_large_image","twitter_misc":{"Gesch\u00e4tzte Lesezeit":"1\u00a0Minute"},"schema":{"@context":"https:\/\/schema.org","@graph":[{"@type":"WebPage","@id":"https:\/\/decofoodshop.nl\/product\/tropische-groene-nepvis\/","url":"https:\/\/decofoodshop.nl\/product\/tropische-groene-nepvis\/","name":"Tropischer gr\u00fcner Kunstfisch - Decofoodshop","isPartOf":{"@id":"https:\/\/decofoodshop.nl\/#website"},"primaryImageOfPage":{"@id":"https:\/\/decofoodshop.nl\/product\/tropische-groene-nepvis\/#primaryimage"},"image":{"@id":"https:\/\/decofoodshop.nl\/product\/tropische-groene-nepvis\/#primaryimage"},"thumbnailUrl":"https:\/\/decofoodshop.nl\/wp-content\/uploads\/2021\/12\/Tropische-Groene-Nepvis-side-1.jpg","datePublished":"2021-12-07T10:33:48+00:00","dateModified":"2026-03-02T11:17:32+00:00","description":"Kaufen Sie bei Decofoodshop tropische gr\u00fcne Kunstfische und viele weitere Kunstfische. Der Anbieter von Futterattrappen und Zierfutter.","breadcrumb":{"@id":"https:\/\/decofoodshop.nl\/product\/tropische-groene-nepvis\/#breadcrumb"},"inLanguage":"de","potentialAction":[{"@type":"ReadAction","target":["https:\/\/decofoodshop.nl\/product\/tropische-groene-nepvis\/"]}]},{"@type":"ImageObject","inLanguage":"de","@id":"https:\/\/decofoodshop.nl\/product\/tropische-groene-nepvis\/#primaryimage","url":"https:\/\/decofoodshop.nl\/wp-content\/uploads\/2021\/12\/Tropische-Groene-Nepvis-side-1.jpg","contentUrl":"https:\/\/decofoodshop.nl\/wp-content\/uploads\/2021\/12\/Tropische-Groene-Nepvis-side-1.jpg","width":602,"height":602,"caption":"Tropische Groene Nepvis van Decofoodshop.nl"},{"@type":"BreadcrumbList","@id":"https:\/\/decofoodshop.nl\/product\/tropische-groene-nepvis\/#breadcrumb","itemListElement":[{"@type":"ListItem","position":1,"name":"Home","item":"https:\/\/decofoodshop.nl\/"},{"@type":"ListItem","position":2,"name":"Winkel","item":"https:\/\/decofoodshop.nl\/winkel\/"},{"@type":"ListItem","position":3,"name":"Tropische Groene Nepvis"}]},{"@type":"WebSite","@id":"https:\/\/decofoodshop.nl\/#website","url":"https:\/\/decofoodshop.nl\/","name":"Dekofoodshop","description":"","potentialAction":[{"@type":"SearchAction","target":{"@type":"EntryPoint","urlTemplate":"https:\/\/decofoodshop.nl\/?s={search_term_string}"},"query-input":{"@type":"PropertyValueSpecification","valueRequired":true,"valueName":"search_term_string"}}],"inLanguage":"de"}]}},"_links":{"self":[{"href":"https:\/\/decofoodshop.nl\/de\/wp-json\/wp\/v2\/product\/5197","targetHints":{"allow":["GET"]}}],"collection":[{"href":"https:\/\/decofoodshop.nl\/de\/wp-json\/wp\/v2\/product"}],"about":[{"href":"https:\/\/decofoodshop.nl\/de\/wp-json\/wp\/v2\/types\/product"}],"wp:featuredmedia":[{"embeddable":true,"href":"https:\/\/decofoodshop.nl\/de\/wp-json\/wp\/v2\/media\/5209"}],"wp:attachment":[{"href":"https:\/\/decofoodshop.nl\/de\/wp-json\/wp\/v2\/media?parent=5197"}],"wp:term":[{"taxonomy":"product_brand","embeddable":true,"href":"https:\/\/decofoodshop.nl\/de\/wp-json\/wp\/v2\/product_brand?post=5197"},{"taxonomy":"product_cat","embeddable":true,"href":"https:\/\/decofoodshop.nl\/de\/wp-json\/wp\/v2\/product_cat?post=5197"},{"taxonomy":"product_tag","embeddable":true,"href":"https:\/\/decofoodshop.nl\/de\/wp-json\/wp\/v2\/product_tag?post=5197"}],"curies":[{"name":"wp","href":"https:\/\/api.w.org\/{rel}","templated":true}]}}