{"id":548,"date":"2016-06-01T09:48:51","date_gmt":"2016-06-01T09:48:51","guid":{"rendered":"https:\/\/decofoodshop.nl\/product\/form-armchair\/"},"modified":"2019-03-21T09:24:54","modified_gmt":"2019-03-21T09:24:54","slug":"kunstliche-fruchtverpackung-gross","status":"publish","type":"product","link":"https:\/\/decofoodshop.nl\/de\/product\/kuenstliche-fruchtverpackung-gross\/","title":{"rendered":"K\u00fcnstliche Fruchtverpackung gro\u00df"},"content":{"rendered":"<p>Pellentesker Bewohner morbi tristique senectus et netus et malesuada fames ac turpis egestas. vestibulum tortor quam, feugiat vitae, ultricies eget, tempor sit amet, ante. Donec eu libero sit amet quam egestas semper. Aenean ultricies mi vitae est.<\/p>","protected":false},"excerpt":{"rendered":"<p>Pellentesker Bewohner morbi tristique senectus et netus et malesuada fames ac turpis egestas. vestibulum tortor quam, feugiat vitae, ultricies eget, tempor sit amet, ante.<\/p>","protected":false},"featured_media":650,"template":"","meta":{"_acf_changed":false,"_genesis_hide_title":false,"_genesis_hide_breadcrumbs":false,"_genesis_hide_singular_image":false,"_genesis_hide_footer_widgets":false,"_genesis_custom_body_class":"","_genesis_custom_post_class":"","_genesis_layout":""},"product_brand":[],"product_cat":[15],"product_tag":[66,67],"class_list":{"0":"post-548","1":"product","2":"type-product","3":"status-publish","4":"has-post-thumbnail","6":"product_cat-geen-categorie","7":"product_tag-white-de","8":"product_tag-wood-de","9":"entry","10":"wpx-has-gallery","12":"first","13":"instock","14":"taxable","15":"shipping-taxable","16":"purchasable","17":"product-type-simple"},"acf":[],"yoast_head":"<!-- This site is optimized with the Yoast SEO Premium plugin v27.3 (Yoast SEO v27.3) - https:\/\/yoast.com\/product\/yoast-seo-premium-wordpress\/ -->\n<title>Donker Rode Kunst Tomaat 7cm alleen te koop bij Decofoodhop.<\/title>\n<meta name=\"description\" content=\"Ook deze Donker Rode Kunst Tomaat 7cm is niet van echt te onderscheiden. Decofoodshop verkoopt een zeer groot assortiment kunstgroenten.\" \/>\n<meta name=\"robots\" content=\"index, follow, max-snippet:-1, max-image-preview:large, max-video-preview:-1\" \/>\n<link rel=\"canonical\" href=\"https:\/\/decofoodshop.nl\/de\/produkt\/kunstliche-fruchtverpackung-gross\/\" \/>\n<meta property=\"og:locale\" content=\"de_DE\" \/>\n<meta property=\"og:type\" content=\"article\" \/>\n<meta property=\"og:title\" content=\"K\u00fcnstliche Fruchtverpackung gro\u00df\" \/>\n<meta property=\"og:description\" content=\"Ook deze Donker Rode Kunst Tomaat 7cm is niet van echt te onderscheiden. Decofoodshop verkoopt een zeer groot assortiment kunstgroenten.\" \/>\n<meta property=\"og:url\" content=\"https:\/\/decofoodshop.nl\/de\/produkt\/kunstliche-fruchtverpackung-gross\/\" \/>\n<meta property=\"og:site_name\" content=\"Decofoodshop\" \/>\n<meta property=\"article:modified_time\" content=\"2019-03-21T09:24:54+00:00\" \/>\n<meta property=\"og:image\" content=\"https:\/\/decofoodshop.nl\/wp-content\/uploads\/2016\/06\/Donker-Rode-Kunst-Tomaat-7cm.jpg\" \/>\n\t<meta property=\"og:image:width\" content=\"747\" \/>\n\t<meta property=\"og:image:height\" content=\"787\" \/>\n\t<meta property=\"og:image:type\" content=\"image\/jpeg\" \/>\n<meta name=\"twitter:card\" content=\"summary_large_image\" \/>\n<script type=\"application\/ld+json\" class=\"yoast-schema-graph\">{\"@context\":\"https:\\\/\\\/schema.org\",\"@graph\":[{\"@type\":\"WebPage\",\"@id\":\"https:\\\/\\\/decofoodshop.nl\\\/product\\\/kuenstliche-fruchtverpackung-gross\\\/\",\"url\":\"https:\\\/\\\/decofoodshop.nl\\\/product\\\/kuenstliche-fruchtverpackung-gross\\\/\",\"name\":\"Donker Rode Kunst Tomaat 7cm alleen te koop bij Decofoodhop.\",\"isPartOf\":{\"@id\":\"https:\\\/\\\/decofoodshop.nl\\\/#website\"},\"primaryImageOfPage\":{\"@id\":\"https:\\\/\\\/decofoodshop.nl\\\/product\\\/kuenstliche-fruchtverpackung-gross\\\/#primaryimage\"},\"image\":{\"@id\":\"https:\\\/\\\/decofoodshop.nl\\\/product\\\/kuenstliche-fruchtverpackung-gross\\\/#primaryimage\"},\"thumbnailUrl\":\"https:\\\/\\\/decofoodshop.nl\\\/wp-content\\\/uploads\\\/2016\\\/06\\\/Donker-Rode-Kunst-Tomaat-7cm.jpg\",\"datePublished\":\"2016-06-01T09:48:51+00:00\",\"dateModified\":\"2019-03-21T09:24:54+00:00\",\"description\":\"Ook deze Donker Rode Kunst Tomaat 7cm is niet van echt te onderscheiden. Decofoodshop verkoopt een zeer groot assortiment kunstgroenten.\",\"breadcrumb\":{\"@id\":\"https:\\\/\\\/decofoodshop.nl\\\/product\\\/kuenstliche-fruchtverpackung-gross\\\/#breadcrumb\"},\"inLanguage\":\"de\",\"potentialAction\":[{\"@type\":\"ReadAction\",\"target\":[\"https:\\\/\\\/decofoodshop.nl\\\/product\\\/kuenstliche-fruchtverpackung-gross\\\/\"]}]},{\"@type\":\"ImageObject\",\"inLanguage\":\"de\",\"@id\":\"https:\\\/\\\/decofoodshop.nl\\\/product\\\/kuenstliche-fruchtverpackung-gross\\\/#primaryimage\",\"url\":\"https:\\\/\\\/decofoodshop.nl\\\/wp-content\\\/uploads\\\/2016\\\/06\\\/Donker-Rode-Kunst-Tomaat-7cm.jpg\",\"contentUrl\":\"https:\\\/\\\/decofoodshop.nl\\\/wp-content\\\/uploads\\\/2016\\\/06\\\/Donker-Rode-Kunst-Tomaat-7cm.jpg\",\"width\":747,\"height\":787,\"caption\":\"Donker Rode Kunst Tomaat 7cm van Decofoodshop.nl\"},{\"@type\":\"BreadcrumbList\",\"@id\":\"https:\\\/\\\/decofoodshop.nl\\\/product\\\/kuenstliche-fruchtverpackung-gross\\\/#breadcrumb\",\"itemListElement\":[{\"@type\":\"ListItem\",\"position\":1,\"name\":\"Home\",\"item\":\"https:\\\/\\\/decofoodshop.nl\\\/\"},{\"@type\":\"ListItem\",\"position\":2,\"name\":\"Winkel\",\"item\":\"https:\\\/\\\/decofoodshop.nl\\\/winkel\\\/\"},{\"@type\":\"ListItem\",\"position\":3,\"name\":\"K\u00fcnstliche Fruchtverpackung gro\u00df\"}]},{\"@type\":\"WebSite\",\"@id\":\"https:\\\/\\\/decofoodshop.nl\\\/#website\",\"url\":\"https:\\\/\\\/decofoodshop.nl\\\/\",\"name\":\"Decofoodshop\",\"description\":\"\",\"potentialAction\":[{\"@type\":\"SearchAction\",\"target\":{\"@type\":\"EntryPoint\",\"urlTemplate\":\"https:\\\/\\\/decofoodshop.nl\\\/?s={search_term_string}\"},\"query-input\":{\"@type\":\"PropertyValueSpecification\",\"valueRequired\":true,\"valueName\":\"search_term_string\"}}],\"inLanguage\":\"de\"}]}<\/script>\n<!-- \/ Yoast SEO Premium plugin. -->","yoast_head_json":{"title":"Dunkelrote k\u00fcnstliche Tomate 7cm nur bei Decofoodshop erh\u00e4ltlich.","description":"Diese dunkelrote k\u00fcnstliche Tomate 7 cm ist auch nicht von der echten zu unterscheiden. Decofoodshop verkauft ein sehr gro\u00dfes Sortiment an k\u00fcnstlichem Gem\u00fcse.","robots":{"index":"index","follow":"follow","max-snippet":"max-snippet:-1","max-image-preview":"max-image-preview:large","max-video-preview":"max-video-preview:-1"},"canonical":"https:\/\/decofoodshop.nl\/de\/produkt\/kunstliche-fruchtverpackung-gross\/","og_locale":"de_DE","og_type":"article","og_title":"K\u00fcnstliche Fruchtverpackung gro\u00df","og_description":"Ook deze Donker Rode Kunst Tomaat 7cm is niet van echt te onderscheiden. Decofoodshop verkoopt een zeer groot assortiment kunstgroenten.","og_url":"https:\/\/decofoodshop.nl\/de\/produkt\/kunstliche-fruchtverpackung-gross\/","og_site_name":"Decofoodshop","article_modified_time":"2019-03-21T09:24:54+00:00","og_image":[{"width":747,"height":787,"url":"https:\/\/decofoodshop.nl\/wp-content\/uploads\/2016\/06\/Donker-Rode-Kunst-Tomaat-7cm.jpg","type":"image\/jpeg"}],"twitter_card":"summary_large_image","schema":{"@context":"https:\/\/schema.org","@graph":[{"@type":"WebPage","@id":"https:\/\/decofoodshop.nl\/product\/kuenstliche-fruchtverpackung-gross\/","url":"https:\/\/decofoodshop.nl\/product\/kuenstliche-fruchtverpackung-gross\/","name":"Dunkelrote k\u00fcnstliche Tomate 7cm nur bei Decofoodshop erh\u00e4ltlich.","isPartOf":{"@id":"https:\/\/decofoodshop.nl\/#website"},"primaryImageOfPage":{"@id":"https:\/\/decofoodshop.nl\/product\/kuenstliche-fruchtverpackung-gross\/#primaryimage"},"image":{"@id":"https:\/\/decofoodshop.nl\/product\/kuenstliche-fruchtverpackung-gross\/#primaryimage"},"thumbnailUrl":"https:\/\/decofoodshop.nl\/wp-content\/uploads\/2016\/06\/Donker-Rode-Kunst-Tomaat-7cm.jpg","datePublished":"2016-06-01T09:48:51+00:00","dateModified":"2019-03-21T09:24:54+00:00","description":"Diese dunkelrote k\u00fcnstliche Tomate 7 cm ist auch nicht von der echten zu unterscheiden. Decofoodshop verkauft ein sehr gro\u00dfes Sortiment an k\u00fcnstlichem Gem\u00fcse.","breadcrumb":{"@id":"https:\/\/decofoodshop.nl\/product\/kuenstliche-fruchtverpackung-gross\/#breadcrumb"},"inLanguage":"de","potentialAction":[{"@type":"ReadAction","target":["https:\/\/decofoodshop.nl\/product\/kuenstliche-fruchtverpackung-gross\/"]}]},{"@type":"ImageObject","inLanguage":"de","@id":"https:\/\/decofoodshop.nl\/product\/kuenstliche-fruchtverpackung-gross\/#primaryimage","url":"https:\/\/decofoodshop.nl\/wp-content\/uploads\/2016\/06\/Donker-Rode-Kunst-Tomaat-7cm.jpg","contentUrl":"https:\/\/decofoodshop.nl\/wp-content\/uploads\/2016\/06\/Donker-Rode-Kunst-Tomaat-7cm.jpg","width":747,"height":787,"caption":"Donker Rode Kunst Tomaat 7cm van Decofoodshop.nl"},{"@type":"BreadcrumbList","@id":"https:\/\/decofoodshop.nl\/product\/kuenstliche-fruchtverpackung-gross\/#breadcrumb","itemListElement":[{"@type":"ListItem","position":1,"name":"Home","item":"https:\/\/decofoodshop.nl\/"},{"@type":"ListItem","position":2,"name":"Winkel","item":"https:\/\/decofoodshop.nl\/winkel\/"},{"@type":"ListItem","position":3,"name":"K\u00fcnstliche Fruchtverpackung gro\u00df"}]},{"@type":"WebSite","@id":"https:\/\/decofoodshop.nl\/#website","url":"https:\/\/decofoodshop.nl\/","name":"Dekofoodshop","description":"","potentialAction":[{"@type":"SearchAction","target":{"@type":"EntryPoint","urlTemplate":"https:\/\/decofoodshop.nl\/?s={search_term_string}"},"query-input":{"@type":"PropertyValueSpecification","valueRequired":true,"valueName":"search_term_string"}}],"inLanguage":"de"}]}},"_links":{"self":[{"href":"https:\/\/decofoodshop.nl\/de\/wp-json\/wp\/v2\/product\/548","targetHints":{"allow":["GET"]}}],"collection":[{"href":"https:\/\/decofoodshop.nl\/de\/wp-json\/wp\/v2\/product"}],"about":[{"href":"https:\/\/decofoodshop.nl\/de\/wp-json\/wp\/v2\/types\/product"}],"wp:featuredmedia":[{"embeddable":true,"href":"https:\/\/decofoodshop.nl\/de\/wp-json\/wp\/v2\/media\/650"}],"wp:attachment":[{"href":"https:\/\/decofoodshop.nl\/de\/wp-json\/wp\/v2\/media?parent=548"}],"wp:term":[{"taxonomy":"product_brand","embeddable":true,"href":"https:\/\/decofoodshop.nl\/de\/wp-json\/wp\/v2\/product_brand?post=548"},{"taxonomy":"product_cat","embeddable":true,"href":"https:\/\/decofoodshop.nl\/de\/wp-json\/wp\/v2\/product_cat?post=548"},{"taxonomy":"product_tag","embeddable":true,"href":"https:\/\/decofoodshop.nl\/de\/wp-json\/wp\/v2\/product_tag?post=548"}],"curies":[{"name":"wp","href":"https:\/\/api.w.org\/{rel}","templated":true}]}}