{"id":6626,"date":"2022-09-13T20:13:51","date_gmt":"2022-09-13T18:13:51","guid":{"rendered":"https:\/\/decofoodshop.nl\/?post_type=product&#038;p=6626"},"modified":"2026-03-13T21:50:51","modified_gmt":"2026-03-13T20:50:51","slug":"druivenblad-slinger-met-zijtakken","status":"publish","type":"product","link":"https:\/\/decofoodshop.nl\/de\/product\/druivenblad-slinger-met-zijtakken\/","title":{"rendered":"Druivenblad Slinger Met Zijtakken"},"content":{"rendered":"<p>Lange und volle Weinblattgirlande mit Seitenzweigen.<\/p>\n<p>Sehr nat\u00fcrliche Qualit\u00e4t.<\/p>\n<p>Diese k\u00fcnstliche Traubengirlande ist nicht weniger als 230 cm lang.<\/p>\n<p>Versehen mit 17 St\u00fcck kleinen Seitenzweigen.<\/p>\n<p>Mit gro\u00dfen und kleinen k\u00fcnstlichen Weinbl\u00e4ttern.<\/p>\n<p>Einfach anzubringen und mit innenliegendem Metallgewinde ausgestattet.<\/p>\n<p>Auch sch\u00f6n in Kombination mit unserem<span style=\"color: #008000;\"> <a style=\"color: #008000;\" href=\"https:\/\/decofoodshop.nl\/de\/produkt\/kunstlicher-weintrauben-klein-blau\/\"><strong>B\u00fcndel k\u00fcnstlicher Weintrauben<\/strong><\/a>.<\/span><\/p>\n<p>Schauen Sie sich auch unsere Kunstpflanzen an <span style=\"color: #008000;\"><strong><a style=\"color: #008000;\" href=\"https:\/\/kunstpalm.nl\/\">Kunstpalm.nl<\/a><\/strong><\/span><\/p>\n<p>&nbsp;<\/p>\n<p>&nbsp;<\/p>","protected":false},"excerpt":{"rendered":"<p>Lange en volle druifblad slinger met zijtakken. Zeer natuurgetrouwe kwaliteit. Deze nepdruivenslinger is maar liefst 230cm lang. Voorzien van wel 17 stuks kleine zijtakjes. Met grote en kleine kunstdruiven bladeren. Makkelijk te bevestigen en voorzien van interne metaaldraad. Ook fraai in combinatie met onze kunstdruiven trossen. Neem ook eens een kijkje bij onze kunstplanten op [&hellip;]<\/p>\n","protected":false},"featured_media":6636,"template":"","meta":{"_acf_changed":false,"_genesis_hide_title":false,"_genesis_hide_breadcrumbs":false,"_genesis_hide_singular_image":false,"_genesis_hide_footer_widgets":false,"_genesis_custom_body_class":"","_genesis_custom_post_class":"","_genesis_layout":""},"product_brand":[],"product_cat":[51],"product_tag":[],"class_list":{"0":"post-6626","1":"product","2":"type-product","3":"status-publish","4":"has-post-thumbnail","6":"product_cat-overige","7":"entry","8":"wpx-has-gallery","10":"first","11":"instock","12":"taxable","13":"shipping-taxable","14":"purchasable","15":"product-type-simple"},"acf":[],"yoast_head":"<!-- This site is optimized with the Yoast SEO Premium plugin v27.3 (Yoast SEO v27.3) - https:\/\/yoast.com\/product\/yoast-seo-premium-wordpress\/ -->\n<title>Druivenblad Slinger Met Zijtakken - Decofoodshop<\/title>\n<meta name=\"description\" content=\"Lange Druivenblad Slinger Met Zijtakken van wel 230cm lang. Professionele kwaliteit kunstdruivenblad slingers bestellen bij Decofoodshop.nl\" \/>\n<meta name=\"robots\" content=\"index, follow, max-snippet:-1, max-image-preview:large, max-video-preview:-1\" \/>\n<link rel=\"canonical\" href=\"https:\/\/decofoodshop.nl\/de\/produkt\/druivenblad-slinger-met-zijtakken\/\" \/>\n<meta property=\"og:locale\" content=\"de_DE\" \/>\n<meta property=\"og:type\" content=\"article\" \/>\n<meta property=\"og:title\" content=\"Druivenblad Slinger Met Zijtakken\" \/>\n<meta property=\"og:description\" content=\"Lange Druivenblad Slinger Met Zijtakken van wel 230cm lang. Professionele kwaliteit kunstdruivenblad slingers bestellen bij Decofoodshop.nl\" \/>\n<meta property=\"og:url\" content=\"https:\/\/decofoodshop.nl\/de\/produkt\/druivenblad-slinger-met-zijtakken\/\" \/>\n<meta property=\"og:site_name\" content=\"Decofoodshop\" \/>\n<meta property=\"article:modified_time\" content=\"2026-03-13T20:50:51+00:00\" \/>\n<meta property=\"og:image\" content=\"https:\/\/decofoodshop.nl\/wp-content\/uploads\/2022\/09\/Druifblad-Slinger-Met-Zijtakken-230cm.jpg\" \/>\n\t<meta property=\"og:image:width\" content=\"750\" \/>\n\t<meta property=\"og:image:height\" content=\"1125\" \/>\n\t<meta property=\"og:image:type\" content=\"image\/jpeg\" \/>\n<meta name=\"twitter:card\" content=\"summary_large_image\" \/>\n<meta name=\"twitter:label1\" content=\"Gesch\u00e4tzte Lesezeit\" \/>\n\t<meta name=\"twitter:data1\" content=\"1\u00a0Minute\" \/>\n<script type=\"application\/ld+json\" class=\"yoast-schema-graph\">{\"@context\":\"https:\\\/\\\/schema.org\",\"@graph\":[{\"@type\":\"WebPage\",\"@id\":\"https:\\\/\\\/decofoodshop.nl\\\/product\\\/druivenblad-slinger-met-zijtakken\\\/\",\"url\":\"https:\\\/\\\/decofoodshop.nl\\\/product\\\/druivenblad-slinger-met-zijtakken\\\/\",\"name\":\"Druivenblad Slinger Met Zijtakken - Decofoodshop\",\"isPartOf\":{\"@id\":\"https:\\\/\\\/decofoodshop.nl\\\/#website\"},\"primaryImageOfPage\":{\"@id\":\"https:\\\/\\\/decofoodshop.nl\\\/product\\\/druivenblad-slinger-met-zijtakken\\\/#primaryimage\"},\"image\":{\"@id\":\"https:\\\/\\\/decofoodshop.nl\\\/product\\\/druivenblad-slinger-met-zijtakken\\\/#primaryimage\"},\"thumbnailUrl\":\"https:\\\/\\\/decofoodshop.nl\\\/wp-content\\\/uploads\\\/2022\\\/09\\\/Druifblad-Slinger-Met-Zijtakken-230cm.jpg\",\"datePublished\":\"2022-09-13T18:13:51+00:00\",\"dateModified\":\"2026-03-13T20:50:51+00:00\",\"description\":\"Lange Druivenblad Slinger Met Zijtakken van wel 230cm lang. Professionele kwaliteit kunstdruivenblad slingers bestellen bij Decofoodshop.nl\",\"breadcrumb\":{\"@id\":\"https:\\\/\\\/decofoodshop.nl\\\/product\\\/druivenblad-slinger-met-zijtakken\\\/#breadcrumb\"},\"inLanguage\":\"de\",\"potentialAction\":[{\"@type\":\"ReadAction\",\"target\":[\"https:\\\/\\\/decofoodshop.nl\\\/product\\\/druivenblad-slinger-met-zijtakken\\\/\"]}]},{\"@type\":\"ImageObject\",\"inLanguage\":\"de\",\"@id\":\"https:\\\/\\\/decofoodshop.nl\\\/product\\\/druivenblad-slinger-met-zijtakken\\\/#primaryimage\",\"url\":\"https:\\\/\\\/decofoodshop.nl\\\/wp-content\\\/uploads\\\/2022\\\/09\\\/Druifblad-Slinger-Met-Zijtakken-230cm.jpg\",\"contentUrl\":\"https:\\\/\\\/decofoodshop.nl\\\/wp-content\\\/uploads\\\/2022\\\/09\\\/Druifblad-Slinger-Met-Zijtakken-230cm.jpg\",\"width\":750,\"height\":1125,\"caption\":\"Druivenblad Slinger Met Zijtakken van decofoodshop.nl\"},{\"@type\":\"BreadcrumbList\",\"@id\":\"https:\\\/\\\/decofoodshop.nl\\\/product\\\/druivenblad-slinger-met-zijtakken\\\/#breadcrumb\",\"itemListElement\":[{\"@type\":\"ListItem\",\"position\":1,\"name\":\"Home\",\"item\":\"https:\\\/\\\/decofoodshop.nl\\\/\"},{\"@type\":\"ListItem\",\"position\":2,\"name\":\"Winkel\",\"item\":\"https:\\\/\\\/decofoodshop.nl\\\/winkel\\\/\"},{\"@type\":\"ListItem\",\"position\":3,\"name\":\"Druivenblad Slinger Met Zijtakken\"}]},{\"@type\":\"WebSite\",\"@id\":\"https:\\\/\\\/decofoodshop.nl\\\/#website\",\"url\":\"https:\\\/\\\/decofoodshop.nl\\\/\",\"name\":\"Decofoodshop\",\"description\":\"\",\"potentialAction\":[{\"@type\":\"SearchAction\",\"target\":{\"@type\":\"EntryPoint\",\"urlTemplate\":\"https:\\\/\\\/decofoodshop.nl\\\/?s={search_term_string}\"},\"query-input\":{\"@type\":\"PropertyValueSpecification\",\"valueRequired\":true,\"valueName\":\"search_term_string\"}}],\"inLanguage\":\"de\"}]}<\/script>\n<!-- \/ Yoast SEO Premium plugin. -->","yoast_head_json":{"title":"Druivenblad Slinger Met Zijtakken - Decofoodshop","description":"Lange Druivenblad Slinger Met Zijtakken van wel 230cm lang. Professionele kwaliteit kunstdruivenblad slingers bestellen bij Decofoodshop.nl","robots":{"index":"index","follow":"follow","max-snippet":"max-snippet:-1","max-image-preview":"max-image-preview:large","max-video-preview":"max-video-preview:-1"},"canonical":"https:\/\/decofoodshop.nl\/de\/produkt\/druivenblad-slinger-met-zijtakken\/","og_locale":"de_DE","og_type":"article","og_title":"Druivenblad Slinger Met Zijtakken","og_description":"Lange Druivenblad Slinger Met Zijtakken van wel 230cm lang. Professionele kwaliteit kunstdruivenblad slingers bestellen bij Decofoodshop.nl","og_url":"https:\/\/decofoodshop.nl\/de\/produkt\/druivenblad-slinger-met-zijtakken\/","og_site_name":"Decofoodshop","article_modified_time":"2026-03-13T20:50:51+00:00","og_image":[{"width":750,"height":1125,"url":"https:\/\/decofoodshop.nl\/wp-content\/uploads\/2022\/09\/Druifblad-Slinger-Met-Zijtakken-230cm.jpg","type":"image\/jpeg"}],"twitter_card":"summary_large_image","twitter_misc":{"Gesch\u00e4tzte Lesezeit":"1\u00a0Minute"},"schema":{"@context":"https:\/\/schema.org","@graph":[{"@type":"WebPage","@id":"https:\/\/decofoodshop.nl\/product\/druivenblad-slinger-met-zijtakken\/","url":"https:\/\/decofoodshop.nl\/product\/druivenblad-slinger-met-zijtakken\/","name":"Druivenblad Slinger Met Zijtakken - Decofoodshop","isPartOf":{"@id":"https:\/\/decofoodshop.nl\/#website"},"primaryImageOfPage":{"@id":"https:\/\/decofoodshop.nl\/product\/druivenblad-slinger-met-zijtakken\/#primaryimage"},"image":{"@id":"https:\/\/decofoodshop.nl\/product\/druivenblad-slinger-met-zijtakken\/#primaryimage"},"thumbnailUrl":"https:\/\/decofoodshop.nl\/wp-content\/uploads\/2022\/09\/Druifblad-Slinger-Met-Zijtakken-230cm.jpg","datePublished":"2022-09-13T18:13:51+00:00","dateModified":"2026-03-13T20:50:51+00:00","description":"Lange Druivenblad Slinger Met Zijtakken van wel 230cm lang. Professionele kwaliteit kunstdruivenblad slingers bestellen bij Decofoodshop.nl","breadcrumb":{"@id":"https:\/\/decofoodshop.nl\/product\/druivenblad-slinger-met-zijtakken\/#breadcrumb"},"inLanguage":"de","potentialAction":[{"@type":"ReadAction","target":["https:\/\/decofoodshop.nl\/product\/druivenblad-slinger-met-zijtakken\/"]}]},{"@type":"ImageObject","inLanguage":"de","@id":"https:\/\/decofoodshop.nl\/product\/druivenblad-slinger-met-zijtakken\/#primaryimage","url":"https:\/\/decofoodshop.nl\/wp-content\/uploads\/2022\/09\/Druifblad-Slinger-Met-Zijtakken-230cm.jpg","contentUrl":"https:\/\/decofoodshop.nl\/wp-content\/uploads\/2022\/09\/Druifblad-Slinger-Met-Zijtakken-230cm.jpg","width":750,"height":1125,"caption":"Druivenblad Slinger Met Zijtakken van decofoodshop.nl"},{"@type":"BreadcrumbList","@id":"https:\/\/decofoodshop.nl\/product\/druivenblad-slinger-met-zijtakken\/#breadcrumb","itemListElement":[{"@type":"ListItem","position":1,"name":"Home","item":"https:\/\/decofoodshop.nl\/"},{"@type":"ListItem","position":2,"name":"Winkel","item":"https:\/\/decofoodshop.nl\/winkel\/"},{"@type":"ListItem","position":3,"name":"Druivenblad Slinger Met Zijtakken"}]},{"@type":"WebSite","@id":"https:\/\/decofoodshop.nl\/#website","url":"https:\/\/decofoodshop.nl\/","name":"Dekofoodshop","description":"","potentialAction":[{"@type":"SearchAction","target":{"@type":"EntryPoint","urlTemplate":"https:\/\/decofoodshop.nl\/?s={search_term_string}"},"query-input":{"@type":"PropertyValueSpecification","valueRequired":true,"valueName":"search_term_string"}}],"inLanguage":"de"}]}},"_links":{"self":[{"href":"https:\/\/decofoodshop.nl\/de\/wp-json\/wp\/v2\/product\/6626","targetHints":{"allow":["GET"]}}],"collection":[{"href":"https:\/\/decofoodshop.nl\/de\/wp-json\/wp\/v2\/product"}],"about":[{"href":"https:\/\/decofoodshop.nl\/de\/wp-json\/wp\/v2\/types\/product"}],"wp:featuredmedia":[{"embeddable":true,"href":"https:\/\/decofoodshop.nl\/de\/wp-json\/wp\/v2\/media\/6636"}],"wp:attachment":[{"href":"https:\/\/decofoodshop.nl\/de\/wp-json\/wp\/v2\/media?parent=6626"}],"wp:term":[{"taxonomy":"product_brand","embeddable":true,"href":"https:\/\/decofoodshop.nl\/de\/wp-json\/wp\/v2\/product_brand?post=6626"},{"taxonomy":"product_cat","embeddable":true,"href":"https:\/\/decofoodshop.nl\/de\/wp-json\/wp\/v2\/product_cat?post=6626"},{"taxonomy":"product_tag","embeddable":true,"href":"https:\/\/decofoodshop.nl\/de\/wp-json\/wp\/v2\/product_tag?post=6626"}],"curies":[{"name":"wp","href":"https:\/\/api.w.org\/{rel}","templated":true}]}}