{"id":6918,"date":"2022-11-21T09:41:43","date_gmt":"2022-11-21T08:41:43","guid":{"rendered":"https:\/\/decofoodshop.nl\/?post_type=product&#038;p=6918"},"modified":"2026-03-02T12:16:05","modified_gmt":"2026-03-02T11:16:05","slug":"fake-pie-piece-blueberry-6-pieces","status":"publish","type":"product","link":"https:\/\/decofoodshop.nl\/de\/product\/namaak-taartpunt-blauwe-bes-6-stuks\/","title":{"rendered":"Gef\u00e4lschte Tortenscheibe Blaubeere 6 St\u00fcck"},"content":{"rendered":"<p>Dieses Set gef\u00e4lschter Tortenheber Heidelbeere besteht aus 6 St\u00fccken.<\/p>\n<p>Die Fake Cake Slices werden individuell mit naturgetreuen Toppings und Dips veredelt.<\/p>\n<p>Die Oberseite der gef\u00e4lschten Kuchenst\u00fccke ist mit Blaubeeren und einem Spritzer Puderzucker verziert.<\/p>\n<p>Unter jedem Tortenst\u00fcck befindet sich ein Magnet, um es bei Bedarf aufzuh\u00e4ngen.<\/p>\n<p>Das Material des Beerenkuchens ist teilweise komprimierbar und nicht zerbrechlich.<\/p>\n<p>Ansehen<span style=\"color: #008000;\"><a style=\"color: #008000;\" href=\"https:\/\/decofoodshop.nl\/de\/produktkategorie-2\/andere\/\"><b> hier <\/b><\/a><\/span>auch die anderen Deko-Lebensmittel, die wir anbieten.<\/p>\n<p>&nbsp;<\/p>","protected":false},"excerpt":{"rendered":"<p>Deze set namaak taartpunt blauwe bes bestaat uit 6 punten. De neptaartpunten zijn los van elkaar afgewerkt met levensechte toppings en dips. De bovenkant van de nep taartpunten zijn versiert met blauwe bessen en een spray van poedersuiker. Onder elke decoratie taartpunt zit een magneet om deze eventueel op te kunnen hangen. Het materiaal van [&hellip;]<\/p>\n","protected":false},"featured_media":6939,"template":"","meta":{"_acf_changed":false,"_genesis_hide_title":false,"_genesis_hide_breadcrumbs":false,"_genesis_hide_singular_image":false,"_genesis_hide_footer_widgets":false,"_genesis_custom_body_class":"","_genesis_custom_post_class":"","_genesis_layout":""},"product_brand":[],"product_cat":[46],"product_tag":[],"class_list":{"0":"post-6918","1":"product","2":"type-product","3":"status-publish","4":"has-post-thumbnail","6":"product_cat-broodengebak","7":"entry","8":"wpx-has-gallery","10":"first","11":"instock","12":"taxable","13":"shipping-taxable","14":"purchasable","15":"product-type-simple"},"acf":[],"yoast_head":"<!-- This site is optimized with the Yoast SEO Premium plugin v27.3 (Yoast SEO v27.4) - https:\/\/yoast.com\/product\/yoast-seo-premium-wordpress\/ -->\n<title>Namaak Taartpunt Blauwe Bes 6 stuks - Decofoodshop<\/title>\n<meta name=\"description\" content=\"Bij Decofoodshop vind je een enorm assortiment aan namaak voedsel. Hier ook de Namaak Taartpunt Blauwe bes. Natuurgetrouw en van hoge kwaliteit.\" \/>\n<meta name=\"robots\" content=\"index, follow, max-snippet:-1, max-image-preview:large, max-video-preview:-1\" \/>\n<link rel=\"canonical\" href=\"https:\/\/decofoodshop.nl\/de\/produktkategorie-2\/brotkuchen\/\" \/>\n<meta property=\"og:locale\" content=\"de_DE\" \/>\n<meta property=\"og:type\" content=\"article\" \/>\n<meta property=\"og:title\" content=\"Namaak Taartpunt Blauwe Bes 6 stuks\" \/>\n<meta property=\"og:description\" content=\"Bij Decofoodshop vind je een enorm assortiment aan namaak voedsel. Hier ook de Namaak Taartpunt Blauwe bes. Natuurgetrouw en van hoge kwaliteit.\" \/>\n<meta property=\"og:url\" content=\"https:\/\/decofoodshop.nl\/de\/produktkategorie-2\/brotkuchen\/\" \/>\n<meta property=\"og:site_name\" content=\"Decofoodshop\" \/>\n<meta property=\"article:modified_time\" content=\"2026-03-02T11:16:05+00:00\" \/>\n<meta property=\"og:image\" content=\"https:\/\/decofoodshop.nl\/wp-content\/uploads\/2022\/11\/cake-bessen-groot-punten-2.0.jpg\" \/>\n\t<meta property=\"og:image:width\" content=\"600\" \/>\n\t<meta property=\"og:image:height\" content=\"600\" \/>\n\t<meta property=\"og:image:type\" content=\"image\/jpeg\" \/>\n<meta name=\"twitter:card\" content=\"summary_large_image\" \/>\n<meta name=\"twitter:label1\" content=\"Gesch\u00e4tzte Lesezeit\" \/>\n\t<meta name=\"twitter:data1\" content=\"1\u00a0Minute\" \/>\n<script type=\"application\/ld+json\" class=\"yoast-schema-graph\">{\"@context\":\"https:\\\/\\\/schema.org\",\"@graph\":[{\"@type\":\"WebPage\",\"@id\":\"https:\\\/\\\/decofoodshop.nl\\\/product\\\/namaak-taartpunt-blauwe-bes-6-stuks\\\/\",\"url\":\"https:\\\/\\\/decofoodshop.nl\\\/product-categorie\\\/broodengebak\\\/\",\"name\":\"Namaak Taartpunt Blauwe Bes 6 stuks - Decofoodshop\",\"isPartOf\":{\"@id\":\"https:\\\/\\\/decofoodshop.nl\\\/#website\"},\"primaryImageOfPage\":{\"@id\":\"https:\\\/\\\/decofoodshop.nl\\\/product-categorie\\\/broodengebak\\\/#primaryimage\"},\"image\":{\"@id\":\"https:\\\/\\\/decofoodshop.nl\\\/product-categorie\\\/broodengebak\\\/#primaryimage\"},\"thumbnailUrl\":\"https:\\\/\\\/decofoodshop.nl\\\/wp-content\\\/uploads\\\/2022\\\/11\\\/cake-bessen-groot-punten-2.0.jpg\",\"datePublished\":\"2022-11-21T08:41:43+00:00\",\"dateModified\":\"2026-03-02T11:16:05+00:00\",\"description\":\"Bij Decofoodshop vind je een enorm assortiment aan namaak voedsel. Hier ook de Namaak Taartpunt Blauwe bes. Natuurgetrouw en van hoge kwaliteit.\",\"breadcrumb\":{\"@id\":\"https:\\\/\\\/decofoodshop.nl\\\/product-categorie\\\/broodengebak\\\/#breadcrumb\"},\"inLanguage\":\"de\",\"potentialAction\":[{\"@type\":\"ReadAction\",\"target\":[\"https:\\\/\\\/decofoodshop.nl\\\/product-categorie\\\/broodengebak\\\/\"]}]},{\"@type\":\"ImageObject\",\"inLanguage\":\"de\",\"@id\":\"https:\\\/\\\/decofoodshop.nl\\\/product-categorie\\\/broodengebak\\\/#primaryimage\",\"url\":\"https:\\\/\\\/decofoodshop.nl\\\/wp-content\\\/uploads\\\/2022\\\/11\\\/cake-bessen-groot-punten-2.0.jpg\",\"contentUrl\":\"https:\\\/\\\/decofoodshop.nl\\\/wp-content\\\/uploads\\\/2022\\\/11\\\/cake-bessen-groot-punten-2.0.jpg\",\"width\":600,\"height\":600,\"caption\":\"Namaak Taartpunt Blauwe Bes 6 stuks bestellen bij Decofoodshop.nl\"},{\"@type\":\"BreadcrumbList\",\"@id\":\"https:\\\/\\\/decofoodshop.nl\\\/product-categorie\\\/broodengebak\\\/#breadcrumb\",\"itemListElement\":[{\"@type\":\"ListItem\",\"position\":1,\"name\":\"Home\",\"item\":\"https:\\\/\\\/decofoodshop.nl\\\/\"},{\"@type\":\"ListItem\",\"position\":2,\"name\":\"Winkel\",\"item\":\"https:\\\/\\\/decofoodshop.nl\\\/winkel\\\/\"},{\"@type\":\"ListItem\",\"position\":3,\"name\":\"Namaak Taartpunt Blauwe Bes 6 stuks\"}]},{\"@type\":\"WebSite\",\"@id\":\"https:\\\/\\\/decofoodshop.nl\\\/#website\",\"url\":\"https:\\\/\\\/decofoodshop.nl\\\/\",\"name\":\"Decofoodshop\",\"description\":\"\",\"potentialAction\":[{\"@type\":\"SearchAction\",\"target\":{\"@type\":\"EntryPoint\",\"urlTemplate\":\"https:\\\/\\\/decofoodshop.nl\\\/?s={search_term_string}\"},\"query-input\":{\"@type\":\"PropertyValueSpecification\",\"valueRequired\":true,\"valueName\":\"search_term_string\"}}],\"inLanguage\":\"de\"}]}<\/script>\n<!-- \/ Yoast SEO Premium plugin. -->","yoast_head_json":{"title":"Gef\u00e4lschte Tortenscheibe Blue Berry 6 St\u00fcck - Decofoodshop","description":"Bei Decofoodshop finden Sie eine gro\u00dfe Auswahl an gef\u00e4lschten Lebensmitteln. Hier auch der Counterfeit Pie Point Blueberry. Naturgetreu und hochwertig.","robots":{"index":"index","follow":"follow","max-snippet":"max-snippet:-1","max-image-preview":"max-image-preview:large","max-video-preview":"max-video-preview:-1"},"canonical":"https:\/\/decofoodshop.nl\/de\/produktkategorie-2\/brotkuchen\/","og_locale":"de_DE","og_type":"article","og_title":"Namaak Taartpunt Blauwe Bes 6 stuks","og_description":"Bij Decofoodshop vind je een enorm assortiment aan namaak voedsel. Hier ook de Namaak Taartpunt Blauwe bes. Natuurgetrouw en van hoge kwaliteit.","og_url":"https:\/\/decofoodshop.nl\/de\/produktkategorie-2\/brotkuchen\/","og_site_name":"Decofoodshop","article_modified_time":"2026-03-02T11:16:05+00:00","og_image":[{"width":600,"height":600,"url":"https:\/\/decofoodshop.nl\/wp-content\/uploads\/2022\/11\/cake-bessen-groot-punten-2.0.jpg","type":"image\/jpeg"}],"twitter_card":"summary_large_image","twitter_misc":{"Gesch\u00e4tzte Lesezeit":"1\u00a0Minute"},"schema":{"@context":"https:\/\/schema.org","@graph":[{"@type":"WebPage","@id":"https:\/\/decofoodshop.nl\/product\/namaak-taartpunt-blauwe-bes-6-stuks\/","url":"https:\/\/decofoodshop.nl\/product-categorie\/broodengebak\/","name":"Gef\u00e4lschte Tortenscheibe Blue Berry 6 St\u00fcck - Decofoodshop","isPartOf":{"@id":"https:\/\/decofoodshop.nl\/#website"},"primaryImageOfPage":{"@id":"https:\/\/decofoodshop.nl\/product-categorie\/broodengebak\/#primaryimage"},"image":{"@id":"https:\/\/decofoodshop.nl\/product-categorie\/broodengebak\/#primaryimage"},"thumbnailUrl":"https:\/\/decofoodshop.nl\/wp-content\/uploads\/2022\/11\/cake-bessen-groot-punten-2.0.jpg","datePublished":"2022-11-21T08:41:43+00:00","dateModified":"2026-03-02T11:16:05+00:00","description":"Bei Decofoodshop finden Sie eine gro\u00dfe Auswahl an gef\u00e4lschten Lebensmitteln. Hier auch der Counterfeit Pie Point Blueberry. Naturgetreu und hochwertig.","breadcrumb":{"@id":"https:\/\/decofoodshop.nl\/product-categorie\/broodengebak\/#breadcrumb"},"inLanguage":"de","potentialAction":[{"@type":"ReadAction","target":["https:\/\/decofoodshop.nl\/product-categorie\/broodengebak\/"]}]},{"@type":"ImageObject","inLanguage":"de","@id":"https:\/\/decofoodshop.nl\/product-categorie\/broodengebak\/#primaryimage","url":"https:\/\/decofoodshop.nl\/wp-content\/uploads\/2022\/11\/cake-bessen-groot-punten-2.0.jpg","contentUrl":"https:\/\/decofoodshop.nl\/wp-content\/uploads\/2022\/11\/cake-bessen-groot-punten-2.0.jpg","width":600,"height":600,"caption":"Namaak Taartpunt Blauwe Bes 6 stuks bestellen bij Decofoodshop.nl"},{"@type":"BreadcrumbList","@id":"https:\/\/decofoodshop.nl\/product-categorie\/broodengebak\/#breadcrumb","itemListElement":[{"@type":"ListItem","position":1,"name":"Home","item":"https:\/\/decofoodshop.nl\/"},{"@type":"ListItem","position":2,"name":"Winkel","item":"https:\/\/decofoodshop.nl\/winkel\/"},{"@type":"ListItem","position":3,"name":"Namaak Taartpunt Blauwe Bes 6 stuks"}]},{"@type":"WebSite","@id":"https:\/\/decofoodshop.nl\/#website","url":"https:\/\/decofoodshop.nl\/","name":"Dekofoodshop","description":"","potentialAction":[{"@type":"SearchAction","target":{"@type":"EntryPoint","urlTemplate":"https:\/\/decofoodshop.nl\/?s={search_term_string}"},"query-input":{"@type":"PropertyValueSpecification","valueRequired":true,"valueName":"search_term_string"}}],"inLanguage":"de"}]}},"_links":{"self":[{"href":"https:\/\/decofoodshop.nl\/de\/wp-json\/wp\/v2\/product\/6918","targetHints":{"allow":["GET"]}}],"collection":[{"href":"https:\/\/decofoodshop.nl\/de\/wp-json\/wp\/v2\/product"}],"about":[{"href":"https:\/\/decofoodshop.nl\/de\/wp-json\/wp\/v2\/types\/product"}],"wp:featuredmedia":[{"embeddable":true,"href":"https:\/\/decofoodshop.nl\/de\/wp-json\/wp\/v2\/media\/6939"}],"wp:attachment":[{"href":"https:\/\/decofoodshop.nl\/de\/wp-json\/wp\/v2\/media?parent=6918"}],"wp:term":[{"taxonomy":"product_brand","embeddable":true,"href":"https:\/\/decofoodshop.nl\/de\/wp-json\/wp\/v2\/product_brand?post=6918"},{"taxonomy":"product_cat","embeddable":true,"href":"https:\/\/decofoodshop.nl\/de\/wp-json\/wp\/v2\/product_cat?post=6918"},{"taxonomy":"product_tag","embeddable":true,"href":"https:\/\/decofoodshop.nl\/de\/wp-json\/wp\/v2\/product_tag?post=6918"}],"curies":[{"name":"wp","href":"https:\/\/api.w.org\/{rel}","templated":true}]}}