{"id":6941,"date":"2022-11-21T12:30:15","date_gmt":"2022-11-21T11:30:15","guid":{"rendered":"https:\/\/decofoodshop.nl\/?post_type=product&#038;p=6941"},"modified":"2026-03-26T10:32:50","modified_gmt":"2026-03-26T09:32:50","slug":"namaak-taartpunten-bramen","status":"publish","type":"product","link":"https:\/\/decofoodshop.nl\/de\/product\/namaak-taartpunten-bramen\/","title":{"rendered":"Namaak Taartpunten Bramen 6 Stuks"},"content":{"rendered":"<p>De Namaak Taartpunten Bramen 6 Stuks is een set van neptaartpunten gemaakt van een indrukbare foam.<\/p>\n<p>De taartpunten hebben een dripcake topping die is afgewerkt met nep bramen.<\/p>\n<p>Der k\u00fcnstliche Kuchen hat ein realistisches Aussehen und eine hohe Verarbeitungsqualit\u00e4t.<\/p>\n<p>Dieses Set aus k\u00fcnstlichen Kuchenst\u00fccken eignet sich perfekt f\u00fcr den Einsatz als dekorative Torte in Schaufenstern, Kuchenauslagen und vielem mehr.<\/p>\n<p>Schauen Sie sich auch die Kategorie mit an <span style=\"color: #008000;\"><strong><a style=\"color: #008000;\" href=\"https:\/\/decofoodshop.nl\/de\/produktkategorie-2\/kunstliches-gemuse\/\">k\u00fcnstliches Gem\u00fcse<\/a><\/strong><\/span>.<\/p>","protected":false},"excerpt":{"rendered":"<p>De Namaak Taartpunten Bramen 6 Stuks is een set van neptaartpunten gemaakt van een indrukbare foam. De taartpunten hebben een dripcake topping die is afgewerkt met nep bramen. De kunsttaart heeft een realistische uitstraling en heeft een hoge afwerkingskwaliteit. Deze set namaak taartpunten is perfect inzetbaar als decoratief gebak in etalages, gebak displays en nog [&hellip;]<\/p>\n","protected":false},"featured_media":6947,"template":"","meta":{"_acf_changed":false,"_genesis_hide_title":false,"_genesis_hide_breadcrumbs":false,"_genesis_hide_singular_image":false,"_genesis_hide_footer_widgets":false,"_genesis_custom_body_class":"","_genesis_custom_post_class":"","_genesis_layout":""},"product_brand":[],"product_cat":[46],"product_tag":[],"class_list":{"0":"post-6941","1":"product","2":"type-product","3":"status-publish","4":"has-post-thumbnail","6":"product_cat-broodengebak","7":"entry","8":"wpx-has-gallery","10":"first","11":"instock","12":"taxable","13":"shipping-taxable","14":"purchasable","15":"product-type-simple"},"acf":[],"yoast_head":"<!-- This site is optimized with the Yoast SEO Premium plugin v27.3 (Yoast SEO v27.4) - https:\/\/yoast.com\/product\/yoast-seo-premium-wordpress\/ -->\n<title>Namaak Taartpunten Bramen - Decofoodshop<\/title>\n<meta name=\"description\" content=\"Namaak Taartpunten Bramen 6 stuks en meer kunstvoeding te koop bij Decofoodshop. Kijk ook hier ook voor nefruit, nepgroenten en nepbroden.\" \/>\n<meta name=\"robots\" content=\"index, follow, max-snippet:-1, max-image-preview:large, max-video-preview:-1\" \/>\n<link rel=\"canonical\" href=\"https:\/\/decofoodshop.nl\/de\/produktkategorie-2\/brotkuchen\/\" \/>\n<meta property=\"og:locale\" content=\"de_DE\" \/>\n<meta property=\"og:type\" content=\"article\" \/>\n<meta property=\"og:title\" content=\"Namaak Taartpunten Bramen 6 Stuks\" \/>\n<meta property=\"og:description\" content=\"Namaak Taartpunten Bramen 6 stuks en meer kunstvoeding te koop bij Decofoodshop. Kijk ook hier ook voor nefruit, nepgroenten en nepbroden.\" \/>\n<meta property=\"og:url\" content=\"https:\/\/decofoodshop.nl\/de\/produktkategorie-2\/brotkuchen\/\" \/>\n<meta property=\"og:site_name\" content=\"Decofoodshop\" \/>\n<meta property=\"article:modified_time\" content=\"2026-03-26T09:32:50+00:00\" \/>\n<meta property=\"og:image\" content=\"https:\/\/decofoodshop.nl\/wp-content\/uploads\/2022\/11\/Namaak-Taartpunten-Frambozen-6-Stuks-zijaanzicht-2.0.jpg\" \/>\n\t<meta property=\"og:image:width\" content=\"600\" \/>\n\t<meta property=\"og:image:height\" content=\"600\" \/>\n\t<meta property=\"og:image:type\" content=\"image\/jpeg\" \/>\n<meta name=\"twitter:card\" content=\"summary_large_image\" \/>\n<meta name=\"twitter:label1\" content=\"Gesch\u00e4tzte Lesezeit\" \/>\n\t<meta name=\"twitter:data1\" content=\"1\u00a0Minute\" \/>\n<script type=\"application\/ld+json\" class=\"yoast-schema-graph\">{\"@context\":\"https:\\\/\\\/schema.org\",\"@graph\":[{\"@type\":\"WebPage\",\"@id\":\"https:\\\/\\\/decofoodshop.nl\\\/product\\\/namaak-taartpunten-bramen\\\/\",\"url\":\"https:\\\/\\\/decofoodshop.nl\\\/product-categorie\\\/broodengebak\\\/\",\"name\":\"Namaak Taartpunten Bramen - Decofoodshop\",\"isPartOf\":{\"@id\":\"https:\\\/\\\/decofoodshop.nl\\\/#website\"},\"primaryImageOfPage\":{\"@id\":\"https:\\\/\\\/decofoodshop.nl\\\/product-categorie\\\/broodengebak\\\/#primaryimage\"},\"image\":{\"@id\":\"https:\\\/\\\/decofoodshop.nl\\\/product-categorie\\\/broodengebak\\\/#primaryimage\"},\"thumbnailUrl\":\"https:\\\/\\\/decofoodshop.nl\\\/wp-content\\\/uploads\\\/2022\\\/11\\\/Namaak-Taartpunten-Frambozen-6-Stuks-zijaanzicht-2.0.jpg\",\"datePublished\":\"2022-11-21T11:30:15+00:00\",\"dateModified\":\"2026-03-26T09:32:50+00:00\",\"description\":\"Namaak Taartpunten Bramen 6 stuks en meer kunstvoeding te koop bij Decofoodshop. Kijk ook hier ook voor nefruit, nepgroenten en nepbroden.\",\"breadcrumb\":{\"@id\":\"https:\\\/\\\/decofoodshop.nl\\\/product-categorie\\\/broodengebak\\\/#breadcrumb\"},\"inLanguage\":\"de\",\"potentialAction\":[{\"@type\":\"ReadAction\",\"target\":[\"https:\\\/\\\/decofoodshop.nl\\\/product-categorie\\\/broodengebak\\\/\"]}]},{\"@type\":\"ImageObject\",\"inLanguage\":\"de\",\"@id\":\"https:\\\/\\\/decofoodshop.nl\\\/product-categorie\\\/broodengebak\\\/#primaryimage\",\"url\":\"https:\\\/\\\/decofoodshop.nl\\\/wp-content\\\/uploads\\\/2022\\\/11\\\/Namaak-Taartpunten-Frambozen-6-Stuks-zijaanzicht-2.0.jpg\",\"contentUrl\":\"https:\\\/\\\/decofoodshop.nl\\\/wp-content\\\/uploads\\\/2022\\\/11\\\/Namaak-Taartpunten-Frambozen-6-Stuks-zijaanzicht-2.0.jpg\",\"width\":600,\"height\":600,\"caption\":\"Namaak Taartpunten Bramen 6 Stuks\"},{\"@type\":\"BreadcrumbList\",\"@id\":\"https:\\\/\\\/decofoodshop.nl\\\/product-categorie\\\/broodengebak\\\/#breadcrumb\",\"itemListElement\":[{\"@type\":\"ListItem\",\"position\":1,\"name\":\"Home\",\"item\":\"https:\\\/\\\/decofoodshop.nl\\\/\"},{\"@type\":\"ListItem\",\"position\":2,\"name\":\"Winkel\",\"item\":\"https:\\\/\\\/decofoodshop.nl\\\/winkel\\\/\"},{\"@type\":\"ListItem\",\"position\":3,\"name\":\"Namaak Taartpunten Bramen 6 Stuks\"}]},{\"@type\":\"WebSite\",\"@id\":\"https:\\\/\\\/decofoodshop.nl\\\/#website\",\"url\":\"https:\\\/\\\/decofoodshop.nl\\\/\",\"name\":\"Decofoodshop\",\"description\":\"\",\"potentialAction\":[{\"@type\":\"SearchAction\",\"target\":{\"@type\":\"EntryPoint\",\"urlTemplate\":\"https:\\\/\\\/decofoodshop.nl\\\/?s={search_term_string}\"},\"query-input\":{\"@type\":\"PropertyValueSpecification\",\"valueRequired\":true,\"valueName\":\"search_term_string\"}}],\"inLanguage\":\"de\"}]}<\/script>\n<!-- \/ Yoast SEO Premium plugin. -->","yoast_head_json":{"title":"Namaak Taartpunten Bramen - Decofoodshop","description":"Namaak Taartpunten Bramen 6 stuks en meer kunstvoeding te koop bij Decofoodshop. Kijk ook hier ook voor nefruit, nepgroenten en nepbroden.","robots":{"index":"index","follow":"follow","max-snippet":"max-snippet:-1","max-image-preview":"max-image-preview:large","max-video-preview":"max-video-preview:-1"},"canonical":"https:\/\/decofoodshop.nl\/de\/produktkategorie-2\/brotkuchen\/","og_locale":"de_DE","og_type":"article","og_title":"Namaak Taartpunten Bramen 6 Stuks","og_description":"Namaak Taartpunten Bramen 6 stuks en meer kunstvoeding te koop bij Decofoodshop. Kijk ook hier ook voor nefruit, nepgroenten en nepbroden.","og_url":"https:\/\/decofoodshop.nl\/de\/produktkategorie-2\/brotkuchen\/","og_site_name":"Decofoodshop","article_modified_time":"2026-03-26T09:32:50+00:00","og_image":[{"width":600,"height":600,"url":"https:\/\/decofoodshop.nl\/wp-content\/uploads\/2022\/11\/Namaak-Taartpunten-Frambozen-6-Stuks-zijaanzicht-2.0.jpg","type":"image\/jpeg"}],"twitter_card":"summary_large_image","twitter_misc":{"Gesch\u00e4tzte Lesezeit":"1\u00a0Minute"},"schema":{"@context":"https:\/\/schema.org","@graph":[{"@type":"WebPage","@id":"https:\/\/decofoodshop.nl\/product\/namaak-taartpunten-bramen\/","url":"https:\/\/decofoodshop.nl\/product-categorie\/broodengebak\/","name":"Namaak Taartpunten Bramen - Decofoodshop","isPartOf":{"@id":"https:\/\/decofoodshop.nl\/#website"},"primaryImageOfPage":{"@id":"https:\/\/decofoodshop.nl\/product-categorie\/broodengebak\/#primaryimage"},"image":{"@id":"https:\/\/decofoodshop.nl\/product-categorie\/broodengebak\/#primaryimage"},"thumbnailUrl":"https:\/\/decofoodshop.nl\/wp-content\/uploads\/2022\/11\/Namaak-Taartpunten-Frambozen-6-Stuks-zijaanzicht-2.0.jpg","datePublished":"2022-11-21T11:30:15+00:00","dateModified":"2026-03-26T09:32:50+00:00","description":"Namaak Taartpunten Bramen 6 stuks en meer kunstvoeding te koop bij Decofoodshop. Kijk ook hier ook voor nefruit, nepgroenten en nepbroden.","breadcrumb":{"@id":"https:\/\/decofoodshop.nl\/product-categorie\/broodengebak\/#breadcrumb"},"inLanguage":"de","potentialAction":[{"@type":"ReadAction","target":["https:\/\/decofoodshop.nl\/product-categorie\/broodengebak\/"]}]},{"@type":"ImageObject","inLanguage":"de","@id":"https:\/\/decofoodshop.nl\/product-categorie\/broodengebak\/#primaryimage","url":"https:\/\/decofoodshop.nl\/wp-content\/uploads\/2022\/11\/Namaak-Taartpunten-Frambozen-6-Stuks-zijaanzicht-2.0.jpg","contentUrl":"https:\/\/decofoodshop.nl\/wp-content\/uploads\/2022\/11\/Namaak-Taartpunten-Frambozen-6-Stuks-zijaanzicht-2.0.jpg","width":600,"height":600,"caption":"Namaak Taartpunten Bramen 6 Stuks"},{"@type":"BreadcrumbList","@id":"https:\/\/decofoodshop.nl\/product-categorie\/broodengebak\/#breadcrumb","itemListElement":[{"@type":"ListItem","position":1,"name":"Home","item":"https:\/\/decofoodshop.nl\/"},{"@type":"ListItem","position":2,"name":"Winkel","item":"https:\/\/decofoodshop.nl\/winkel\/"},{"@type":"ListItem","position":3,"name":"Namaak Taartpunten Bramen 6 Stuks"}]},{"@type":"WebSite","@id":"https:\/\/decofoodshop.nl\/#website","url":"https:\/\/decofoodshop.nl\/","name":"Dekofoodshop","description":"","potentialAction":[{"@type":"SearchAction","target":{"@type":"EntryPoint","urlTemplate":"https:\/\/decofoodshop.nl\/?s={search_term_string}"},"query-input":{"@type":"PropertyValueSpecification","valueRequired":true,"valueName":"search_term_string"}}],"inLanguage":"de"}]}},"_links":{"self":[{"href":"https:\/\/decofoodshop.nl\/de\/wp-json\/wp\/v2\/product\/6941","targetHints":{"allow":["GET"]}}],"collection":[{"href":"https:\/\/decofoodshop.nl\/de\/wp-json\/wp\/v2\/product"}],"about":[{"href":"https:\/\/decofoodshop.nl\/de\/wp-json\/wp\/v2\/types\/product"}],"wp:featuredmedia":[{"embeddable":true,"href":"https:\/\/decofoodshop.nl\/de\/wp-json\/wp\/v2\/media\/6947"}],"wp:attachment":[{"href":"https:\/\/decofoodshop.nl\/de\/wp-json\/wp\/v2\/media?parent=6941"}],"wp:term":[{"taxonomy":"product_brand","embeddable":true,"href":"https:\/\/decofoodshop.nl\/de\/wp-json\/wp\/v2\/product_brand?post=6941"},{"taxonomy":"product_cat","embeddable":true,"href":"https:\/\/decofoodshop.nl\/de\/wp-json\/wp\/v2\/product_cat?post=6941"},{"taxonomy":"product_tag","embeddable":true,"href":"https:\/\/decofoodshop.nl\/de\/wp-json\/wp\/v2\/product_tag?post=6941"}],"curies":[{"name":"wp","href":"https:\/\/api.w.org\/{rel}","templated":true}]}}