{"id":6948,"date":"2022-11-21T13:46:58","date_gmt":"2022-11-21T12:46:58","guid":{"rendered":"https:\/\/decofoodshop.nl\/?post_type=product&#038;p=6948"},"modified":"2026-03-02T12:15:22","modified_gmt":"2026-03-02T11:15:22","slug":"gefalschte-macarons-10-stuck","status":"publish","type":"product","link":"https:\/\/decofoodshop.nl\/de\/product\/namaak-macarons-5-stuks\/","title":{"rendered":"Imitation Macarons 5 St\u00fcck"},"content":{"rendered":"<p>Dieses Set Fake Macarons 5 St\u00fcck ist eine sch\u00f6ne Dekoration f\u00fcr Schaufenster und Auslagen.<\/p>\n<p>Die gef\u00e4lschten Macarons haben verschiedene Farben, sodass sie gut miteinander kombiniert werden k\u00f6nnen.<\/p>\n<p>Das Set besteht aus 5 Teilen in den Farben Orange, Pink, Blau, Gelb und Schwarz.<\/p>\n<p>Alle Macarons-Schnuller werden gebrauchsfertig geliefert.<\/p>\n<p>Die Macaron-Imitationen sind wie echte und superstabil.<\/p>\n<p>Hergestellt aus weichem und komprimierbarem Schaumstoff.<\/p>\n<p>Besonders dekorativ und sauber verarbeitet.<\/p>\n<p>Mit einem Durchmesser von 5 cm sind die Fake-Macarons genauso gro\u00df wie die echten.<\/p>\n<p>Die k\u00fcnstlichen Macarons sind vom Original nicht zu unterscheiden.<\/p>\n<p>Auf jeden Fall ein sch\u00f6nes Set Fake Macarons, 5 St\u00fcck, f\u00fcr viele Anwendungen verwendbar.<\/p>\n<p>Ansehen <span style=\"color: #008000;\"><strong><a style=\"color: #008000;\" href=\"https:\/\/decofoodshop.nl\/de\/produktkategorie-2\/kunstliches-gemuse\/\">hier<\/a><\/strong><\/span> auch unser Kunstgem\u00fcse.<\/p>","protected":false},"excerpt":{"rendered":"<p>Deze set van Namaak Macarons 5 stuks is een prachtige decoratie voor etalage en displays. De nep Macarons hebben diverse kleuren waardoor ze goed samen toepasbaar zijn. De set bestaat uit 5 stuks in de kleuren oranje, roze, blauw, geel en zwart. Alle Macarons dummy&#8217;s worden gebruiksklaar geleverd. De imitatie macarons zijn net echt en [&hellip;]<\/p>\n","protected":false},"featured_media":10699,"template":"","meta":{"_acf_changed":false,"_genesis_hide_title":false,"_genesis_hide_breadcrumbs":false,"_genesis_hide_singular_image":false,"_genesis_hide_footer_widgets":false,"_genesis_custom_body_class":"","_genesis_custom_post_class":"","_genesis_layout":""},"product_brand":[],"product_cat":[46],"product_tag":[],"class_list":{"0":"post-6948","1":"product","2":"type-product","3":"status-publish","4":"has-post-thumbnail","6":"product_cat-broodengebak","7":"entry","8":"wpx-has-gallery","10":"first","11":"instock","12":"taxable","13":"shipping-taxable","14":"purchasable","15":"product-type-simple"},"acf":[],"yoast_head":"<!-- This site is optimized with the Yoast SEO Premium plugin v27.3 (Yoast SEO v27.3) - https:\/\/yoast.com\/product\/yoast-seo-premium-wordpress\/ -->\n<title>Namaak Macarons 5 stuks - Decofoodshop<\/title>\n<meta name=\"description\" content=\"De namaak macarons 5 stuks is een set van 5 kleurrijke nepmacarons. Super decoratief en van fraaie kwaliteit. Direct leverbaar bij Decofoodshop.nl.\" \/>\n<meta name=\"robots\" content=\"index, follow, max-snippet:-1, max-image-preview:large, max-video-preview:-1\" \/>\n<link rel=\"canonical\" href=\"https:\/\/decofoodshop.nl\/de\/produktkategorie-2\/brotkuchen\/\" \/>\n<meta property=\"og:locale\" content=\"de_DE\" \/>\n<meta property=\"og:type\" content=\"article\" \/>\n<meta property=\"og:title\" content=\"Namaak Macarons 5 stuks\" \/>\n<meta property=\"og:description\" content=\"De namaak macarons 5 stuks is een set van 5 kleurrijke nepmacarons. Super decoratief en van fraaie kwaliteit. Direct leverbaar bij Decofoodshop.nl.\" \/>\n<meta property=\"og:url\" content=\"https:\/\/decofoodshop.nl\/de\/produktkategorie-2\/brotkuchen\/\" \/>\n<meta property=\"og:site_name\" content=\"Decofoodshop\" \/>\n<meta property=\"article:modified_time\" content=\"2026-03-02T11:15:22+00:00\" \/>\n<meta property=\"og:image\" content=\"https:\/\/decofoodshop.nl\/wp-content\/uploads\/2022\/11\/Namaak-Macarons-5-stuks-rij.jpg\" \/>\n\t<meta property=\"og:image:width\" content=\"1500\" \/>\n\t<meta property=\"og:image:height\" content=\"1500\" \/>\n\t<meta property=\"og:image:type\" content=\"image\/jpeg\" \/>\n<meta name=\"twitter:card\" content=\"summary_large_image\" \/>\n<meta name=\"twitter:label1\" content=\"Gesch\u00e4tzte Lesezeit\" \/>\n\t<meta name=\"twitter:data1\" content=\"1\u00a0Minute\" \/>\n<script type=\"application\/ld+json\" class=\"yoast-schema-graph\">{\"@context\":\"https:\\\/\\\/schema.org\",\"@graph\":[{\"@type\":\"WebPage\",\"@id\":\"https:\\\/\\\/decofoodshop.nl\\\/product\\\/namaak-macarons-5-stuks\\\/\",\"url\":\"https:\\\/\\\/decofoodshop.nl\\\/product-categorie\\\/broodengebak\\\/\",\"name\":\"Namaak Macarons 5 stuks - Decofoodshop\",\"isPartOf\":{\"@id\":\"https:\\\/\\\/decofoodshop.nl\\\/#website\"},\"primaryImageOfPage\":{\"@id\":\"https:\\\/\\\/decofoodshop.nl\\\/product-categorie\\\/broodengebak\\\/#primaryimage\"},\"image\":{\"@id\":\"https:\\\/\\\/decofoodshop.nl\\\/product-categorie\\\/broodengebak\\\/#primaryimage\"},\"thumbnailUrl\":\"https:\\\/\\\/decofoodshop.nl\\\/wp-content\\\/uploads\\\/2022\\\/11\\\/Namaak-Macarons-5-stuks-rij.jpg\",\"datePublished\":\"2022-11-21T12:46:58+00:00\",\"dateModified\":\"2026-03-02T11:15:22+00:00\",\"description\":\"De namaak macarons 5 stuks is een set van 5 kleurrijke nepmacarons. Super decoratief en van fraaie kwaliteit. Direct leverbaar bij Decofoodshop.nl.\",\"breadcrumb\":{\"@id\":\"https:\\\/\\\/decofoodshop.nl\\\/product-categorie\\\/broodengebak\\\/#breadcrumb\"},\"inLanguage\":\"de\",\"potentialAction\":[{\"@type\":\"ReadAction\",\"target\":[\"https:\\\/\\\/decofoodshop.nl\\\/product-categorie\\\/broodengebak\\\/\"]}]},{\"@type\":\"ImageObject\",\"inLanguage\":\"de\",\"@id\":\"https:\\\/\\\/decofoodshop.nl\\\/product-categorie\\\/broodengebak\\\/#primaryimage\",\"url\":\"https:\\\/\\\/decofoodshop.nl\\\/wp-content\\\/uploads\\\/2022\\\/11\\\/Namaak-Macarons-5-stuks-rij.jpg\",\"contentUrl\":\"https:\\\/\\\/decofoodshop.nl\\\/wp-content\\\/uploads\\\/2022\\\/11\\\/Namaak-Macarons-5-stuks-rij.jpg\",\"width\":1500,\"height\":1500,\"caption\":\"Namaak Macarons 5 stuks\"},{\"@type\":\"BreadcrumbList\",\"@id\":\"https:\\\/\\\/decofoodshop.nl\\\/product-categorie\\\/broodengebak\\\/#breadcrumb\",\"itemListElement\":[{\"@type\":\"ListItem\",\"position\":1,\"name\":\"Home\",\"item\":\"https:\\\/\\\/decofoodshop.nl\\\/\"},{\"@type\":\"ListItem\",\"position\":2,\"name\":\"Winkel\",\"item\":\"https:\\\/\\\/decofoodshop.nl\\\/winkel\\\/\"},{\"@type\":\"ListItem\",\"position\":3,\"name\":\"Namaak Macarons 5 stuks\"}]},{\"@type\":\"WebSite\",\"@id\":\"https:\\\/\\\/decofoodshop.nl\\\/#website\",\"url\":\"https:\\\/\\\/decofoodshop.nl\\\/\",\"name\":\"Decofoodshop\",\"description\":\"\",\"potentialAction\":[{\"@type\":\"SearchAction\",\"target\":{\"@type\":\"EntryPoint\",\"urlTemplate\":\"https:\\\/\\\/decofoodshop.nl\\\/?s={search_term_string}\"},\"query-input\":{\"@type\":\"PropertyValueSpecification\",\"valueRequired\":true,\"valueName\":\"search_term_string\"}}],\"inLanguage\":\"de\"}]}<\/script>\n<!-- \/ Yoast SEO Premium plugin. -->","yoast_head_json":{"title":"Imitation Macarons 5 St\u00fcck - Decofoodshop","description":"Bei den Fake Macarons 5 St\u00fcck handelt es sich um ein Set mit 5 bunten Fake Macarons. Super dekorativ und von sch\u00f6ner Qualit\u00e4t. Direkt erh\u00e4ltlich bei Decofoodshop.nl.","robots":{"index":"index","follow":"follow","max-snippet":"max-snippet:-1","max-image-preview":"max-image-preview:large","max-video-preview":"max-video-preview:-1"},"canonical":"https:\/\/decofoodshop.nl\/de\/produktkategorie-2\/brotkuchen\/","og_locale":"de_DE","og_type":"article","og_title":"Namaak Macarons 5 stuks","og_description":"De namaak macarons 5 stuks is een set van 5 kleurrijke nepmacarons. Super decoratief en van fraaie kwaliteit. Direct leverbaar bij Decofoodshop.nl.","og_url":"https:\/\/decofoodshop.nl\/de\/produktkategorie-2\/brotkuchen\/","og_site_name":"Decofoodshop","article_modified_time":"2026-03-02T11:15:22+00:00","og_image":[{"width":1500,"height":1500,"url":"https:\/\/decofoodshop.nl\/wp-content\/uploads\/2022\/11\/Namaak-Macarons-5-stuks-rij.jpg","type":"image\/jpeg"}],"twitter_card":"summary_large_image","twitter_misc":{"Gesch\u00e4tzte Lesezeit":"1\u00a0Minute"},"schema":{"@context":"https:\/\/schema.org","@graph":[{"@type":"WebPage","@id":"https:\/\/decofoodshop.nl\/product\/namaak-macarons-5-stuks\/","url":"https:\/\/decofoodshop.nl\/product-categorie\/broodengebak\/","name":"Imitation Macarons 5 St\u00fcck - Decofoodshop","isPartOf":{"@id":"https:\/\/decofoodshop.nl\/#website"},"primaryImageOfPage":{"@id":"https:\/\/decofoodshop.nl\/product-categorie\/broodengebak\/#primaryimage"},"image":{"@id":"https:\/\/decofoodshop.nl\/product-categorie\/broodengebak\/#primaryimage"},"thumbnailUrl":"https:\/\/decofoodshop.nl\/wp-content\/uploads\/2022\/11\/Namaak-Macarons-5-stuks-rij.jpg","datePublished":"2022-11-21T12:46:58+00:00","dateModified":"2026-03-02T11:15:22+00:00","description":"Bei den Fake Macarons 5 St\u00fcck handelt es sich um ein Set mit 5 bunten Fake Macarons. Super dekorativ und von sch\u00f6ner Qualit\u00e4t. Direkt erh\u00e4ltlich bei Decofoodshop.nl.","breadcrumb":{"@id":"https:\/\/decofoodshop.nl\/product-categorie\/broodengebak\/#breadcrumb"},"inLanguage":"de","potentialAction":[{"@type":"ReadAction","target":["https:\/\/decofoodshop.nl\/product-categorie\/broodengebak\/"]}]},{"@type":"ImageObject","inLanguage":"de","@id":"https:\/\/decofoodshop.nl\/product-categorie\/broodengebak\/#primaryimage","url":"https:\/\/decofoodshop.nl\/wp-content\/uploads\/2022\/11\/Namaak-Macarons-5-stuks-rij.jpg","contentUrl":"https:\/\/decofoodshop.nl\/wp-content\/uploads\/2022\/11\/Namaak-Macarons-5-stuks-rij.jpg","width":1500,"height":1500,"caption":"Namaak Macarons 5 stuks"},{"@type":"BreadcrumbList","@id":"https:\/\/decofoodshop.nl\/product-categorie\/broodengebak\/#breadcrumb","itemListElement":[{"@type":"ListItem","position":1,"name":"Home","item":"https:\/\/decofoodshop.nl\/"},{"@type":"ListItem","position":2,"name":"Winkel","item":"https:\/\/decofoodshop.nl\/winkel\/"},{"@type":"ListItem","position":3,"name":"Namaak Macarons 5 stuks"}]},{"@type":"WebSite","@id":"https:\/\/decofoodshop.nl\/#website","url":"https:\/\/decofoodshop.nl\/","name":"Dekofoodshop","description":"","potentialAction":[{"@type":"SearchAction","target":{"@type":"EntryPoint","urlTemplate":"https:\/\/decofoodshop.nl\/?s={search_term_string}"},"query-input":{"@type":"PropertyValueSpecification","valueRequired":true,"valueName":"search_term_string"}}],"inLanguage":"de"}]}},"_links":{"self":[{"href":"https:\/\/decofoodshop.nl\/de\/wp-json\/wp\/v2\/product\/6948","targetHints":{"allow":["GET"]}}],"collection":[{"href":"https:\/\/decofoodshop.nl\/de\/wp-json\/wp\/v2\/product"}],"about":[{"href":"https:\/\/decofoodshop.nl\/de\/wp-json\/wp\/v2\/types\/product"}],"wp:featuredmedia":[{"embeddable":true,"href":"https:\/\/decofoodshop.nl\/de\/wp-json\/wp\/v2\/media\/10699"}],"wp:attachment":[{"href":"https:\/\/decofoodshop.nl\/de\/wp-json\/wp\/v2\/media?parent=6948"}],"wp:term":[{"taxonomy":"product_brand","embeddable":true,"href":"https:\/\/decofoodshop.nl\/de\/wp-json\/wp\/v2\/product_brand?post=6948"},{"taxonomy":"product_cat","embeddable":true,"href":"https:\/\/decofoodshop.nl\/de\/wp-json\/wp\/v2\/product_cat?post=6948"},{"taxonomy":"product_tag","embeddable":true,"href":"https:\/\/decofoodshop.nl\/de\/wp-json\/wp\/v2\/product_tag?post=6948"}],"curies":[{"name":"wp","href":"https:\/\/api.w.org\/{rel}","templated":true}]}}