{"id":6954,"date":"2022-11-21T14:47:31","date_gmt":"2022-11-21T13:47:31","guid":{"rendered":"https:\/\/decofoodshop.nl\/?post_type=product&#038;p=6954"},"modified":"2026-03-02T12:14:17","modified_gmt":"2026-03-02T11:14:17","slug":"gefalschte-eiswaffel-6-stk","status":"publish","type":"product","link":"https:\/\/decofoodshop.nl\/de\/product\/namaak-ijshoorntje-6-stuks\/","title":{"rendered":"Gef\u00e4lschte Eiswaffel 6 St\u00fcck"},"content":{"rendered":"<p>Die Fake Ice Cream Cone 6 St\u00fcck ist eine sch\u00f6ne Kombination aus 6 verschiedenen Farben von Fake Ice Cream.<\/p>\n<p>Diese Dummy-Eiscremes sind von der Realit\u00e4t nicht zu unterscheiden.<\/p>\n<p>Die gef\u00e4lschten Eiscremes bestehen aus einem harten Kunststoff, der sie formstabil macht.<\/p>\n<p>Dadurch haben die k\u00fcnstlichen Eiscremes eine einzigartige Form, die sie noch echter erscheinen l\u00e4sst.<\/p>\n<p>Die gef\u00e4lschten Softeiscremes werden in einem Set mit 6 Farben verkauft, was sie zu einer farbenfrohen Dekoration macht.<\/p>\n<p>F\u00fcr mehr Dummy-Futter k\u00f6nnen Sie sich unsere verschiedenen ansehen<span style=\"color: #008000;\"> <a style=\"color: #008000;\" href=\"https:\/\/decofoodshop.nl\/de\/\"><strong>Kategorien<\/strong>.<\/a><\/span><\/p>\n<p>&nbsp;<\/p>","protected":false},"excerpt":{"rendered":"<p>De Namaak ijshoorntje 6 stuks is een prachtige combinatie van 6 verschillende kleuren namaak roomijsjes. Deze dummy ijsjes zijn niet van echt te onderscheiden. De nep ijsjes zijn gemaakt van een hard kunststof waardoor ze vormvast zijn. Hierdoor hebben de kunstijsjes een unieke vorm waardoor ze nog echter lijken. De namaak softijsjes worden verkocht in [&hellip;]<\/p>\n","protected":false},"featured_media":6956,"template":"","meta":{"_acf_changed":false,"_genesis_hide_title":false,"_genesis_hide_breadcrumbs":false,"_genesis_hide_singular_image":false,"_genesis_hide_footer_widgets":false,"_genesis_custom_body_class":"","_genesis_custom_post_class":"","_genesis_layout":""},"product_brand":[],"product_cat":[51],"product_tag":[],"class_list":{"0":"post-6954","1":"product","2":"type-product","3":"status-publish","4":"has-post-thumbnail","6":"product_cat-overige","7":"entry","8":"wpx-has-gallery","10":"first","11":"instock","12":"taxable","13":"shipping-taxable","14":"purchasable","15":"product-type-simple"},"acf":[],"yoast_head":"<!-- This site is optimized with the Yoast SEO Premium plugin v27.3 (Yoast SEO v27.3) - https:\/\/yoast.com\/product\/yoast-seo-premium-wordpress\/ -->\n<title>Namaak ijshoorntje 6 stuks - Decofoodshop<\/title>\n<meta name=\"description\" content=\"Namaak ijshoorntje 6 stuks. Bij Decofoodshop.nl helpen wij u graag verder met het vinden van decoratie voeding. Groot assortiment en direct leverbaar.\" \/>\n<meta name=\"robots\" content=\"index, follow, max-snippet:-1, max-image-preview:large, max-video-preview:-1\" \/>\n<link rel=\"canonical\" href=\"https:\/\/decofoodshop.nl\/de\/produktkategorie-2\/andere\/\" \/>\n<meta property=\"og:locale\" content=\"de_DE\" \/>\n<meta property=\"og:type\" content=\"article\" \/>\n<meta property=\"og:title\" content=\"Namaak ijshoorntje 6 stuks\" \/>\n<meta property=\"og:description\" content=\"Namaak ijshoorntje 6 stuks. Bij Decofoodshop.nl helpen wij u graag verder met het vinden van decoratie voeding. Groot assortiment en direct leverbaar.\" \/>\n<meta property=\"og:url\" content=\"https:\/\/decofoodshop.nl\/de\/produktkategorie-2\/andere\/\" \/>\n<meta property=\"og:site_name\" content=\"Decofoodshop\" \/>\n<meta property=\"article:modified_time\" content=\"2026-03-02T11:14:17+00:00\" \/>\n<meta property=\"og:image\" content=\"https:\/\/decofoodshop.nl\/wp-content\/uploads\/2022\/11\/namaak-roomijs-rijtje.jpg\" \/>\n\t<meta property=\"og:image:width\" content=\"600\" \/>\n\t<meta property=\"og:image:height\" content=\"600\" \/>\n\t<meta property=\"og:image:type\" content=\"image\/jpeg\" \/>\n<meta name=\"twitter:card\" content=\"summary_large_image\" \/>\n<meta name=\"twitter:label1\" content=\"Gesch\u00e4tzte Lesezeit\" \/>\n\t<meta name=\"twitter:data1\" content=\"1\u00a0Minute\" \/>\n<script type=\"application\/ld+json\" class=\"yoast-schema-graph\">{\"@context\":\"https:\\\/\\\/schema.org\",\"@graph\":[{\"@type\":\"WebPage\",\"@id\":\"https:\\\/\\\/decofoodshop.nl\\\/product\\\/namaak-ijshoorntje-6-stuks\\\/\",\"url\":\"https:\\\/\\\/decofoodshop.nl\\\/product-categorie\\\/overige\\\/\",\"name\":\"Namaak ijshoorntje 6 stuks - Decofoodshop\",\"isPartOf\":{\"@id\":\"https:\\\/\\\/decofoodshop.nl\\\/#website\"},\"primaryImageOfPage\":{\"@id\":\"https:\\\/\\\/decofoodshop.nl\\\/product-categorie\\\/overige\\\/#primaryimage\"},\"image\":{\"@id\":\"https:\\\/\\\/decofoodshop.nl\\\/product-categorie\\\/overige\\\/#primaryimage\"},\"thumbnailUrl\":\"https:\\\/\\\/decofoodshop.nl\\\/wp-content\\\/uploads\\\/2022\\\/11\\\/namaak-roomijs-rijtje.jpg\",\"datePublished\":\"2022-11-21T13:47:31+00:00\",\"dateModified\":\"2026-03-02T11:14:17+00:00\",\"description\":\"Namaak ijshoorntje 6 stuks. Bij Decofoodshop.nl helpen wij u graag verder met het vinden van decoratie voeding. Groot assortiment en direct leverbaar.\",\"breadcrumb\":{\"@id\":\"https:\\\/\\\/decofoodshop.nl\\\/product-categorie\\\/overige\\\/#breadcrumb\"},\"inLanguage\":\"de\",\"potentialAction\":[{\"@type\":\"ReadAction\",\"target\":[\"https:\\\/\\\/decofoodshop.nl\\\/product-categorie\\\/overige\\\/\"]}]},{\"@type\":\"ImageObject\",\"inLanguage\":\"de\",\"@id\":\"https:\\\/\\\/decofoodshop.nl\\\/product-categorie\\\/overige\\\/#primaryimage\",\"url\":\"https:\\\/\\\/decofoodshop.nl\\\/wp-content\\\/uploads\\\/2022\\\/11\\\/namaak-roomijs-rijtje.jpg\",\"contentUrl\":\"https:\\\/\\\/decofoodshop.nl\\\/wp-content\\\/uploads\\\/2022\\\/11\\\/namaak-roomijs-rijtje.jpg\",\"width\":600,\"height\":600,\"caption\":\"Namaak ijshoorntje 6 stuks\"},{\"@type\":\"BreadcrumbList\",\"@id\":\"https:\\\/\\\/decofoodshop.nl\\\/product-categorie\\\/overige\\\/#breadcrumb\",\"itemListElement\":[{\"@type\":\"ListItem\",\"position\":1,\"name\":\"Home\",\"item\":\"https:\\\/\\\/decofoodshop.nl\\\/\"},{\"@type\":\"ListItem\",\"position\":2,\"name\":\"Winkel\",\"item\":\"https:\\\/\\\/decofoodshop.nl\\\/winkel\\\/\"},{\"@type\":\"ListItem\",\"position\":3,\"name\":\"Namaak ijshoorntje 6 stuks\"}]},{\"@type\":\"WebSite\",\"@id\":\"https:\\\/\\\/decofoodshop.nl\\\/#website\",\"url\":\"https:\\\/\\\/decofoodshop.nl\\\/\",\"name\":\"Decofoodshop\",\"description\":\"\",\"potentialAction\":[{\"@type\":\"SearchAction\",\"target\":{\"@type\":\"EntryPoint\",\"urlTemplate\":\"https:\\\/\\\/decofoodshop.nl\\\/?s={search_term_string}\"},\"query-input\":{\"@type\":\"PropertyValueSpecification\",\"valueRequired\":true,\"valueName\":\"search_term_string\"}}],\"inLanguage\":\"de\"}]}<\/script>\n<!-- \/ Yoast SEO Premium plugin. -->","yoast_head_json":{"title":"Gef\u00e4lschte Eiswaffel 6 St\u00fcck - Decofoodshop","description":"Gef\u00e4lschte Eiswaffel 6 St\u00fcck. Bei Decofoodshop.nl helfen wir Ihnen gerne bei der Suche nach dekorativen Lebensmitteln. Gro\u00dfes Sortiment und sofort verf\u00fcgbar.","robots":{"index":"index","follow":"follow","max-snippet":"max-snippet:-1","max-image-preview":"max-image-preview:large","max-video-preview":"max-video-preview:-1"},"canonical":"https:\/\/decofoodshop.nl\/de\/produktkategorie-2\/andere\/","og_locale":"de_DE","og_type":"article","og_title":"Namaak ijshoorntje 6 stuks","og_description":"Namaak ijshoorntje 6 stuks. Bij Decofoodshop.nl helpen wij u graag verder met het vinden van decoratie voeding. Groot assortiment en direct leverbaar.","og_url":"https:\/\/decofoodshop.nl\/de\/produktkategorie-2\/andere\/","og_site_name":"Decofoodshop","article_modified_time":"2026-03-02T11:14:17+00:00","og_image":[{"width":600,"height":600,"url":"https:\/\/decofoodshop.nl\/wp-content\/uploads\/2022\/11\/namaak-roomijs-rijtje.jpg","type":"image\/jpeg"}],"twitter_card":"summary_large_image","twitter_misc":{"Gesch\u00e4tzte Lesezeit":"1\u00a0Minute"},"schema":{"@context":"https:\/\/schema.org","@graph":[{"@type":"WebPage","@id":"https:\/\/decofoodshop.nl\/product\/namaak-ijshoorntje-6-stuks\/","url":"https:\/\/decofoodshop.nl\/product-categorie\/overige\/","name":"Gef\u00e4lschte Eiswaffel 6 St\u00fcck - Decofoodshop","isPartOf":{"@id":"https:\/\/decofoodshop.nl\/#website"},"primaryImageOfPage":{"@id":"https:\/\/decofoodshop.nl\/product-categorie\/overige\/#primaryimage"},"image":{"@id":"https:\/\/decofoodshop.nl\/product-categorie\/overige\/#primaryimage"},"thumbnailUrl":"https:\/\/decofoodshop.nl\/wp-content\/uploads\/2022\/11\/namaak-roomijs-rijtje.jpg","datePublished":"2022-11-21T13:47:31+00:00","dateModified":"2026-03-02T11:14:17+00:00","description":"Gef\u00e4lschte Eiswaffel 6 St\u00fcck. Bei Decofoodshop.nl helfen wir Ihnen gerne bei der Suche nach dekorativen Lebensmitteln. Gro\u00dfes Sortiment und sofort verf\u00fcgbar.","breadcrumb":{"@id":"https:\/\/decofoodshop.nl\/product-categorie\/overige\/#breadcrumb"},"inLanguage":"de","potentialAction":[{"@type":"ReadAction","target":["https:\/\/decofoodshop.nl\/product-categorie\/overige\/"]}]},{"@type":"ImageObject","inLanguage":"de","@id":"https:\/\/decofoodshop.nl\/product-categorie\/overige\/#primaryimage","url":"https:\/\/decofoodshop.nl\/wp-content\/uploads\/2022\/11\/namaak-roomijs-rijtje.jpg","contentUrl":"https:\/\/decofoodshop.nl\/wp-content\/uploads\/2022\/11\/namaak-roomijs-rijtje.jpg","width":600,"height":600,"caption":"Namaak ijshoorntje 6 stuks"},{"@type":"BreadcrumbList","@id":"https:\/\/decofoodshop.nl\/product-categorie\/overige\/#breadcrumb","itemListElement":[{"@type":"ListItem","position":1,"name":"Home","item":"https:\/\/decofoodshop.nl\/"},{"@type":"ListItem","position":2,"name":"Winkel","item":"https:\/\/decofoodshop.nl\/winkel\/"},{"@type":"ListItem","position":3,"name":"Namaak ijshoorntje 6 stuks"}]},{"@type":"WebSite","@id":"https:\/\/decofoodshop.nl\/#website","url":"https:\/\/decofoodshop.nl\/","name":"Dekofoodshop","description":"","potentialAction":[{"@type":"SearchAction","target":{"@type":"EntryPoint","urlTemplate":"https:\/\/decofoodshop.nl\/?s={search_term_string}"},"query-input":{"@type":"PropertyValueSpecification","valueRequired":true,"valueName":"search_term_string"}}],"inLanguage":"de"}]}},"_links":{"self":[{"href":"https:\/\/decofoodshop.nl\/de\/wp-json\/wp\/v2\/product\/6954","targetHints":{"allow":["GET"]}}],"collection":[{"href":"https:\/\/decofoodshop.nl\/de\/wp-json\/wp\/v2\/product"}],"about":[{"href":"https:\/\/decofoodshop.nl\/de\/wp-json\/wp\/v2\/types\/product"}],"wp:featuredmedia":[{"embeddable":true,"href":"https:\/\/decofoodshop.nl\/de\/wp-json\/wp\/v2\/media\/6956"}],"wp:attachment":[{"href":"https:\/\/decofoodshop.nl\/de\/wp-json\/wp\/v2\/media?parent=6954"}],"wp:term":[{"taxonomy":"product_brand","embeddable":true,"href":"https:\/\/decofoodshop.nl\/de\/wp-json\/wp\/v2\/product_brand?post=6954"},{"taxonomy":"product_cat","embeddable":true,"href":"https:\/\/decofoodshop.nl\/de\/wp-json\/wp\/v2\/product_cat?post=6954"},{"taxonomy":"product_tag","embeddable":true,"href":"https:\/\/decofoodshop.nl\/de\/wp-json\/wp\/v2\/product_tag?post=6954"}],"curies":[{"name":"wp","href":"https:\/\/api.w.org\/{rel}","templated":true}]}}