{"id":6962,"date":"2022-11-21T15:49:55","date_gmt":"2022-11-21T14:49:55","guid":{"rendered":"https:\/\/decofoodshop.nl\/?post_type=product&#038;p=6962"},"modified":"2026-03-13T15:10:11","modified_gmt":"2026-03-13T14:10:11","slug":"gefalschtes-ofenbrot","status":"publish","type":"product","link":"https:\/\/decofoodshop.nl\/de\/product\/namaak-ovenbrood\/","title":{"rendered":"Gef\u00e4lschtes Ofenbrot"},"content":{"rendered":"<p>Dieses verzierte gef\u00e4lschte Ofenbrot ist eine wunderbare Erg\u00e4nzung als Dekorationsartikel.<\/p>\n<p>Das Kunstbrot besteht aus weichem PU, wodurch es unzerbrechlich und dr\u00fcckbar ist.<\/p>\n<p>Das Dummy-Brot hat auf der Oberseite verschiedene Verf\u00e4rbungen, um es lebensecht aussehen zu lassen.<\/p>\n<p>Dieses gef\u00e4lschte Brot l\u00e4sst sich wunderbar mit unseren anderen Broten oder Deko-Lebensmitteln kombinieren.<\/p>\n<p>Die Ma\u00dfe des Dekobrotes finden Sie unter &#039;Zus\u00e4tzliche Informationen&#039;.<\/p>\n<p>Weitere gef\u00e4lschte Lebensmittel finden Sie in unserem <strong><span style=\"color: #008000;\">&quot;k\u00fcnstliches Gem\u00fcse&quot; <\/span><\/strong>Kategorie.<\/p>","protected":false},"excerpt":{"rendered":"<p>Dit Sierlijke Namaak Ovenbrood is een prachtige toevoeging als decoratief item. Het Kunstbrood is van zacht PU gemaakt waardoor het niet breekbaar is en ingedrukt kan worden. Het dummy brood heeft verschillende verkleuringen op de bovenkant om het levensecht te laten ogen. Dit namaak brood is prachtig te combineren met onze andere broden of decoratieve [&hellip;]<\/p>\n","protected":false},"featured_media":6968,"template":"","meta":{"_acf_changed":false,"_genesis_hide_title":false,"_genesis_hide_breadcrumbs":false,"_genesis_hide_singular_image":false,"_genesis_hide_footer_widgets":false,"_genesis_custom_body_class":"","_genesis_custom_post_class":"","_genesis_layout":""},"product_brand":[],"product_cat":[46],"product_tag":[],"class_list":{"0":"post-6962","1":"product","2":"type-product","3":"status-publish","4":"has-post-thumbnail","6":"product_cat-broodengebak","7":"entry","8":"wpx-has-gallery","10":"first","11":"instock","12":"taxable","13":"shipping-taxable","14":"purchasable","15":"product-type-simple"},"acf":[],"yoast_head":"<!-- This site is optimized with the Yoast SEO Premium plugin v27.3 (Yoast SEO v27.3) - https:\/\/yoast.com\/product\/yoast-seo-premium-wordpress\/ -->\n<title>Namaak Ovenbrood - Decofoodshop<\/title>\n<meta name=\"description\" content=\"Decofoodshop.nl heeft een groot assortiment namaak brood en gebak. Wij leveren alles direct uit eigen voorraad en garanderen een makkelijk bestelproces.\" \/>\n<meta name=\"robots\" content=\"index, follow, max-snippet:-1, max-image-preview:large, max-video-preview:-1\" \/>\n<link rel=\"canonical\" href=\"https:\/\/decofoodshop.nl\/de\/produktkategorie-2\/brotkuchen\/\" \/>\n<meta property=\"og:locale\" content=\"de_DE\" \/>\n<meta property=\"og:type\" content=\"article\" \/>\n<meta property=\"og:title\" content=\"Namaak Ovenbrood\" \/>\n<meta property=\"og:description\" content=\"Decofoodshop.nl heeft een groot assortiment namaak brood en gebak. Wij leveren alles direct uit eigen voorraad en garanderen een makkelijk bestelproces.\" \/>\n<meta property=\"og:url\" content=\"https:\/\/decofoodshop.nl\/de\/produktkategorie-2\/brotkuchen\/\" \/>\n<meta property=\"og:site_name\" content=\"Decofoodshop\" \/>\n<meta property=\"article:modified_time\" content=\"2026-03-13T14:10:11+00:00\" \/>\n<meta property=\"og:image\" content=\"https:\/\/decofoodshop.nl\/wp-content\/uploads\/2022\/11\/Namaak-Ovenbrood-foto.jpg\" \/>\n\t<meta property=\"og:image:width\" content=\"600\" \/>\n\t<meta property=\"og:image:height\" content=\"600\" \/>\n\t<meta property=\"og:image:type\" content=\"image\/jpeg\" \/>\n<meta name=\"twitter:card\" content=\"summary_large_image\" \/>\n<meta name=\"twitter:label1\" content=\"Gesch\u00e4tzte Lesezeit\" \/>\n\t<meta name=\"twitter:data1\" content=\"1\u00a0Minute\" \/>\n<script type=\"application\/ld+json\" class=\"yoast-schema-graph\">{\"@context\":\"https:\\\/\\\/schema.org\",\"@graph\":[{\"@type\":\"WebPage\",\"@id\":\"https:\\\/\\\/decofoodshop.nl\\\/product\\\/namaak-ovenbrood\\\/\",\"url\":\"https:\\\/\\\/decofoodshop.nl\\\/product-categorie\\\/broodengebak\\\/\",\"name\":\"Namaak Ovenbrood - Decofoodshop\",\"isPartOf\":{\"@id\":\"https:\\\/\\\/decofoodshop.nl\\\/#website\"},\"primaryImageOfPage\":{\"@id\":\"https:\\\/\\\/decofoodshop.nl\\\/product-categorie\\\/broodengebak\\\/#primaryimage\"},\"image\":{\"@id\":\"https:\\\/\\\/decofoodshop.nl\\\/product-categorie\\\/broodengebak\\\/#primaryimage\"},\"thumbnailUrl\":\"https:\\\/\\\/decofoodshop.nl\\\/wp-content\\\/uploads\\\/2022\\\/11\\\/Namaak-Ovenbrood-foto.jpg\",\"datePublished\":\"2022-11-21T14:49:55+00:00\",\"dateModified\":\"2026-03-13T14:10:11+00:00\",\"description\":\"Decofoodshop.nl heeft een groot assortiment namaak brood en gebak. Wij leveren alles direct uit eigen voorraad en garanderen een makkelijk bestelproces.\",\"breadcrumb\":{\"@id\":\"https:\\\/\\\/decofoodshop.nl\\\/product-categorie\\\/broodengebak\\\/#breadcrumb\"},\"inLanguage\":\"de\",\"potentialAction\":[{\"@type\":\"ReadAction\",\"target\":[\"https:\\\/\\\/decofoodshop.nl\\\/product-categorie\\\/broodengebak\\\/\"]}]},{\"@type\":\"ImageObject\",\"inLanguage\":\"de\",\"@id\":\"https:\\\/\\\/decofoodshop.nl\\\/product-categorie\\\/broodengebak\\\/#primaryimage\",\"url\":\"https:\\\/\\\/decofoodshop.nl\\\/wp-content\\\/uploads\\\/2022\\\/11\\\/Namaak-Ovenbrood-foto.jpg\",\"contentUrl\":\"https:\\\/\\\/decofoodshop.nl\\\/wp-content\\\/uploads\\\/2022\\\/11\\\/Namaak-Ovenbrood-foto.jpg\",\"width\":600,\"height\":600,\"caption\":\"Namaak Ovenbrood\"},{\"@type\":\"BreadcrumbList\",\"@id\":\"https:\\\/\\\/decofoodshop.nl\\\/product-categorie\\\/broodengebak\\\/#breadcrumb\",\"itemListElement\":[{\"@type\":\"ListItem\",\"position\":1,\"name\":\"Home\",\"item\":\"https:\\\/\\\/decofoodshop.nl\\\/\"},{\"@type\":\"ListItem\",\"position\":2,\"name\":\"Winkel\",\"item\":\"https:\\\/\\\/decofoodshop.nl\\\/winkel\\\/\"},{\"@type\":\"ListItem\",\"position\":3,\"name\":\"Namaak Ovenbrood\"}]},{\"@type\":\"WebSite\",\"@id\":\"https:\\\/\\\/decofoodshop.nl\\\/#website\",\"url\":\"https:\\\/\\\/decofoodshop.nl\\\/\",\"name\":\"Decofoodshop\",\"description\":\"\",\"potentialAction\":[{\"@type\":\"SearchAction\",\"target\":{\"@type\":\"EntryPoint\",\"urlTemplate\":\"https:\\\/\\\/decofoodshop.nl\\\/?s={search_term_string}\"},\"query-input\":{\"@type\":\"PropertyValueSpecification\",\"valueRequired\":true,\"valueName\":\"search_term_string\"}}],\"inLanguage\":\"de\"}]}<\/script>\n<!-- \/ Yoast SEO Premium plugin. -->","yoast_head_json":{"title":"Gef\u00e4lschtes Ofenbrot - Decofoodshop","description":"Decofoodshop.nl hat eine gro\u00dfe Auswahl an gef\u00e4lschtem Brot und Geb\u00e4ck. Wir liefern alles direkt aus unserem eigenen Lager und garantieren einen unkomplizierten Bestellprozess.","robots":{"index":"index","follow":"follow","max-snippet":"max-snippet:-1","max-image-preview":"max-image-preview:large","max-video-preview":"max-video-preview:-1"},"canonical":"https:\/\/decofoodshop.nl\/de\/produktkategorie-2\/brotkuchen\/","og_locale":"de_DE","og_type":"article","og_title":"Namaak Ovenbrood","og_description":"Decofoodshop.nl heeft een groot assortiment namaak brood en gebak. Wij leveren alles direct uit eigen voorraad en garanderen een makkelijk bestelproces.","og_url":"https:\/\/decofoodshop.nl\/de\/produktkategorie-2\/brotkuchen\/","og_site_name":"Decofoodshop","article_modified_time":"2026-03-13T14:10:11+00:00","og_image":[{"width":600,"height":600,"url":"https:\/\/decofoodshop.nl\/wp-content\/uploads\/2022\/11\/Namaak-Ovenbrood-foto.jpg","type":"image\/jpeg"}],"twitter_card":"summary_large_image","twitter_misc":{"Gesch\u00e4tzte Lesezeit":"1\u00a0Minute"},"schema":{"@context":"https:\/\/schema.org","@graph":[{"@type":"WebPage","@id":"https:\/\/decofoodshop.nl\/product\/namaak-ovenbrood\/","url":"https:\/\/decofoodshop.nl\/product-categorie\/broodengebak\/","name":"Gef\u00e4lschtes Ofenbrot - Decofoodshop","isPartOf":{"@id":"https:\/\/decofoodshop.nl\/#website"},"primaryImageOfPage":{"@id":"https:\/\/decofoodshop.nl\/product-categorie\/broodengebak\/#primaryimage"},"image":{"@id":"https:\/\/decofoodshop.nl\/product-categorie\/broodengebak\/#primaryimage"},"thumbnailUrl":"https:\/\/decofoodshop.nl\/wp-content\/uploads\/2022\/11\/Namaak-Ovenbrood-foto.jpg","datePublished":"2022-11-21T14:49:55+00:00","dateModified":"2026-03-13T14:10:11+00:00","description":"Decofoodshop.nl hat eine gro\u00dfe Auswahl an gef\u00e4lschtem Brot und Geb\u00e4ck. Wir liefern alles direkt aus unserem eigenen Lager und garantieren einen unkomplizierten Bestellprozess.","breadcrumb":{"@id":"https:\/\/decofoodshop.nl\/product-categorie\/broodengebak\/#breadcrumb"},"inLanguage":"de","potentialAction":[{"@type":"ReadAction","target":["https:\/\/decofoodshop.nl\/product-categorie\/broodengebak\/"]}]},{"@type":"ImageObject","inLanguage":"de","@id":"https:\/\/decofoodshop.nl\/product-categorie\/broodengebak\/#primaryimage","url":"https:\/\/decofoodshop.nl\/wp-content\/uploads\/2022\/11\/Namaak-Ovenbrood-foto.jpg","contentUrl":"https:\/\/decofoodshop.nl\/wp-content\/uploads\/2022\/11\/Namaak-Ovenbrood-foto.jpg","width":600,"height":600,"caption":"Namaak Ovenbrood"},{"@type":"BreadcrumbList","@id":"https:\/\/decofoodshop.nl\/product-categorie\/broodengebak\/#breadcrumb","itemListElement":[{"@type":"ListItem","position":1,"name":"Home","item":"https:\/\/decofoodshop.nl\/"},{"@type":"ListItem","position":2,"name":"Winkel","item":"https:\/\/decofoodshop.nl\/winkel\/"},{"@type":"ListItem","position":3,"name":"Namaak Ovenbrood"}]},{"@type":"WebSite","@id":"https:\/\/decofoodshop.nl\/#website","url":"https:\/\/decofoodshop.nl\/","name":"Dekofoodshop","description":"","potentialAction":[{"@type":"SearchAction","target":{"@type":"EntryPoint","urlTemplate":"https:\/\/decofoodshop.nl\/?s={search_term_string}"},"query-input":{"@type":"PropertyValueSpecification","valueRequired":true,"valueName":"search_term_string"}}],"inLanguage":"de"}]}},"_links":{"self":[{"href":"https:\/\/decofoodshop.nl\/de\/wp-json\/wp\/v2\/product\/6962","targetHints":{"allow":["GET"]}}],"collection":[{"href":"https:\/\/decofoodshop.nl\/de\/wp-json\/wp\/v2\/product"}],"about":[{"href":"https:\/\/decofoodshop.nl\/de\/wp-json\/wp\/v2\/types\/product"}],"wp:featuredmedia":[{"embeddable":true,"href":"https:\/\/decofoodshop.nl\/de\/wp-json\/wp\/v2\/media\/6968"}],"wp:attachment":[{"href":"https:\/\/decofoodshop.nl\/de\/wp-json\/wp\/v2\/media?parent=6962"}],"wp:term":[{"taxonomy":"product_brand","embeddable":true,"href":"https:\/\/decofoodshop.nl\/de\/wp-json\/wp\/v2\/product_brand?post=6962"},{"taxonomy":"product_cat","embeddable":true,"href":"https:\/\/decofoodshop.nl\/de\/wp-json\/wp\/v2\/product_cat?post=6962"},{"taxonomy":"product_tag","embeddable":true,"href":"https:\/\/decofoodshop.nl\/de\/wp-json\/wp\/v2\/product_tag?post=6962"}],"curies":[{"name":"wp","href":"https:\/\/api.w.org\/{rel}","templated":true}]}}