{"id":6970,"date":"2022-11-21T17:12:48","date_gmt":"2022-11-21T16:12:48","guid":{"rendered":"https:\/\/decofoodshop.nl\/?post_type=product&#038;p=6970"},"modified":"2026-04-08T14:32:26","modified_gmt":"2026-04-08T12:32:26","slug":"fake-point-baguette","status":"publish","type":"product","link":"https:\/\/decofoodshop.nl\/de\/product\/namaak-punt-stokbrood\/","title":{"rendered":"Gef\u00e4lschtes Point Baguette"},"content":{"rendered":"<p>Dieses Fake Point Baguette ist ein lebensechtes Kunstbaguette.<\/p>\n<p>Das gef\u00e4lschte Baguette hat eine L\u00e4nge von 33 cm.<\/p>\n<p>Das Fake Point Baguette besteht aus einem weichen Schaumstoff, der es biegsam und komprimierbar macht.<\/p>\n<p>Das gef\u00e4lschte Baguette ist daher nicht zerbrechlich und schlagfest.<\/p>\n<p>Das Fake-Baguette l\u00e4sst sich gut mit unseren anderen Fake-Brotsorten kombinieren und <span style=\"color: #008000;\"><a style=\"color: #008000;\" href=\"https:\/\/decofoodshop.nl\/de\/\"><strong>Formel<\/strong> <\/a><\/span>um ein sch\u00f6nes dekoratives Ganzes zu machen.<\/p>","protected":false},"excerpt":{"rendered":"<p>Dit namaak punt stokbrood is een levensecht kunst stokbrood. Het nep stokbrood heeft een lengte van 33cm. Het nep punt stokbrood is gemaakt van een zachte foam waardoor het buigbaar en indrukbaar is. Het namaak stokbrood is daardoor niet breekbaar en stootbestendig. Het nepstokbrood is goed te combineren met onze andere namaak broden en kunstvoeding [&hellip;]<\/p>\n","protected":false},"featured_media":6971,"template":"","meta":{"_acf_changed":false,"_genesis_hide_title":false,"_genesis_hide_breadcrumbs":false,"_genesis_hide_singular_image":false,"_genesis_hide_footer_widgets":false,"_genesis_custom_body_class":"","_genesis_custom_post_class":"","_genesis_layout":""},"product_brand":[],"product_cat":[46],"product_tag":[],"class_list":{"0":"post-6970","1":"product","2":"type-product","3":"status-publish","4":"has-post-thumbnail","6":"product_cat-broodengebak","7":"entry","8":"wpx-has-gallery","10":"first","11":"instock","12":"taxable","13":"shipping-taxable","14":"purchasable","15":"product-type-simple"},"acf":[],"yoast_head":"<!-- This site is optimized with the Yoast SEO Premium plugin v27.3 (Yoast SEO v27.4) - https:\/\/yoast.com\/product\/yoast-seo-premium-wordpress\/ -->\n<title>Namaak Punt Stokbrood - Decofoodshop<\/title>\n<meta name=\"description\" content=\"Decofoodshop.nl is d\u00e9 namaak voedsel webshop. Naast het namaak punt stokbrood is ons assortiment uitgebreid met allerlei verschillende namaak etenswaren.\" \/>\n<meta name=\"robots\" content=\"index, follow, max-snippet:-1, max-image-preview:large, max-video-preview:-1\" \/>\n<link rel=\"canonical\" href=\"https:\/\/decofoodshop.nl\/de\/produktkategorie-2\/brotkuchen\/\" \/>\n<meta property=\"og:locale\" content=\"de_DE\" \/>\n<meta property=\"og:type\" content=\"article\" \/>\n<meta property=\"og:title\" content=\"Namaak Punt Stokbrood\" \/>\n<meta property=\"og:description\" content=\"Decofoodshop.nl is d\u00e9 namaak voedsel webshop. Naast het namaak punt stokbrood is ons assortiment uitgebreid met allerlei verschillende namaak etenswaren.\" \/>\n<meta property=\"og:url\" content=\"https:\/\/decofoodshop.nl\/de\/produktkategorie-2\/brotkuchen\/\" \/>\n<meta property=\"og:site_name\" content=\"Decofoodshop\" \/>\n<meta property=\"article:modified_time\" content=\"2026-04-08T12:32:26+00:00\" \/>\n<meta property=\"og:image\" content=\"https:\/\/decofoodshop.nl\/wp-content\/uploads\/2022\/11\/namaak-punt-stokbrood.jpg\" \/>\n\t<meta property=\"og:image:width\" content=\"600\" \/>\n\t<meta property=\"og:image:height\" content=\"600\" \/>\n\t<meta property=\"og:image:type\" content=\"image\/jpeg\" \/>\n<meta name=\"twitter:card\" content=\"summary_large_image\" \/>\n<meta name=\"twitter:label1\" content=\"Gesch\u00e4tzte Lesezeit\" \/>\n\t<meta name=\"twitter:data1\" content=\"1\u00a0Minute\" \/>\n<script type=\"application\/ld+json\" class=\"yoast-schema-graph\">{\"@context\":\"https:\\\/\\\/schema.org\",\"@graph\":[{\"@type\":\"WebPage\",\"@id\":\"https:\\\/\\\/decofoodshop.nl\\\/product\\\/namaak-punt-stokbrood\\\/\",\"url\":\"https:\\\/\\\/decofoodshop.nl\\\/product-categorie\\\/broodengebak\\\/\",\"name\":\"Namaak Punt Stokbrood - Decofoodshop\",\"isPartOf\":{\"@id\":\"https:\\\/\\\/decofoodshop.nl\\\/#website\"},\"primaryImageOfPage\":{\"@id\":\"https:\\\/\\\/decofoodshop.nl\\\/product-categorie\\\/broodengebak\\\/#primaryimage\"},\"image\":{\"@id\":\"https:\\\/\\\/decofoodshop.nl\\\/product-categorie\\\/broodengebak\\\/#primaryimage\"},\"thumbnailUrl\":\"https:\\\/\\\/decofoodshop.nl\\\/wp-content\\\/uploads\\\/2022\\\/11\\\/namaak-punt-stokbrood.jpg\",\"datePublished\":\"2022-11-21T16:12:48+00:00\",\"dateModified\":\"2026-04-08T12:32:26+00:00\",\"description\":\"Decofoodshop.nl is d\u00e9 namaak voedsel webshop. Naast het namaak punt stokbrood is ons assortiment uitgebreid met allerlei verschillende namaak etenswaren.\",\"breadcrumb\":{\"@id\":\"https:\\\/\\\/decofoodshop.nl\\\/product-categorie\\\/broodengebak\\\/#breadcrumb\"},\"inLanguage\":\"de\",\"potentialAction\":[{\"@type\":\"ReadAction\",\"target\":[\"https:\\\/\\\/decofoodshop.nl\\\/product-categorie\\\/broodengebak\\\/\"]}]},{\"@type\":\"ImageObject\",\"inLanguage\":\"de\",\"@id\":\"https:\\\/\\\/decofoodshop.nl\\\/product-categorie\\\/broodengebak\\\/#primaryimage\",\"url\":\"https:\\\/\\\/decofoodshop.nl\\\/wp-content\\\/uploads\\\/2022\\\/11\\\/namaak-punt-stokbrood.jpg\",\"contentUrl\":\"https:\\\/\\\/decofoodshop.nl\\\/wp-content\\\/uploads\\\/2022\\\/11\\\/namaak-punt-stokbrood.jpg\",\"width\":600,\"height\":600,\"caption\":\"namaak punt stokbrood\"},{\"@type\":\"BreadcrumbList\",\"@id\":\"https:\\\/\\\/decofoodshop.nl\\\/product-categorie\\\/broodengebak\\\/#breadcrumb\",\"itemListElement\":[{\"@type\":\"ListItem\",\"position\":1,\"name\":\"Home\",\"item\":\"https:\\\/\\\/decofoodshop.nl\\\/\"},{\"@type\":\"ListItem\",\"position\":2,\"name\":\"Winkel\",\"item\":\"https:\\\/\\\/decofoodshop.nl\\\/winkel\\\/\"},{\"@type\":\"ListItem\",\"position\":3,\"name\":\"Namaak Punt Stokbrood\"}]},{\"@type\":\"WebSite\",\"@id\":\"https:\\\/\\\/decofoodshop.nl\\\/#website\",\"url\":\"https:\\\/\\\/decofoodshop.nl\\\/\",\"name\":\"Decofoodshop\",\"description\":\"\",\"potentialAction\":[{\"@type\":\"SearchAction\",\"target\":{\"@type\":\"EntryPoint\",\"urlTemplate\":\"https:\\\/\\\/decofoodshop.nl\\\/?s={search_term_string}\"},\"query-input\":{\"@type\":\"PropertyValueSpecification\",\"valueRequired\":true,\"valueName\":\"search_term_string\"}}],\"inLanguage\":\"de\"}]}<\/script>\n<!-- \/ Yoast SEO Premium plugin. -->","yoast_head_json":{"title":"Gef\u00e4lschtes Spitzenbaguette - Decofoodshop","description":"Decofoodshop.nl ist der Webshop f\u00fcr gef\u00e4lschte Lebensmittel. Neben dem gef\u00e4lschten Baguette wurde unser Sortiment um verschiedenste gef\u00e4lschte Lebensmittel erweitert.","robots":{"index":"index","follow":"follow","max-snippet":"max-snippet:-1","max-image-preview":"max-image-preview:large","max-video-preview":"max-video-preview:-1"},"canonical":"https:\/\/decofoodshop.nl\/de\/produktkategorie-2\/brotkuchen\/","og_locale":"de_DE","og_type":"article","og_title":"Namaak Punt Stokbrood","og_description":"Decofoodshop.nl is d\u00e9 namaak voedsel webshop. Naast het namaak punt stokbrood is ons assortiment uitgebreid met allerlei verschillende namaak etenswaren.","og_url":"https:\/\/decofoodshop.nl\/de\/produktkategorie-2\/brotkuchen\/","og_site_name":"Decofoodshop","article_modified_time":"2026-04-08T12:32:26+00:00","og_image":[{"width":600,"height":600,"url":"https:\/\/decofoodshop.nl\/wp-content\/uploads\/2022\/11\/namaak-punt-stokbrood.jpg","type":"image\/jpeg"}],"twitter_card":"summary_large_image","twitter_misc":{"Gesch\u00e4tzte Lesezeit":"1\u00a0Minute"},"schema":{"@context":"https:\/\/schema.org","@graph":[{"@type":"WebPage","@id":"https:\/\/decofoodshop.nl\/product\/namaak-punt-stokbrood\/","url":"https:\/\/decofoodshop.nl\/product-categorie\/broodengebak\/","name":"Gef\u00e4lschtes Spitzenbaguette - Decofoodshop","isPartOf":{"@id":"https:\/\/decofoodshop.nl\/#website"},"primaryImageOfPage":{"@id":"https:\/\/decofoodshop.nl\/product-categorie\/broodengebak\/#primaryimage"},"image":{"@id":"https:\/\/decofoodshop.nl\/product-categorie\/broodengebak\/#primaryimage"},"thumbnailUrl":"https:\/\/decofoodshop.nl\/wp-content\/uploads\/2022\/11\/namaak-punt-stokbrood.jpg","datePublished":"2022-11-21T16:12:48+00:00","dateModified":"2026-04-08T12:32:26+00:00","description":"Decofoodshop.nl ist der Webshop f\u00fcr gef\u00e4lschte Lebensmittel. Neben dem gef\u00e4lschten Baguette wurde unser Sortiment um verschiedenste gef\u00e4lschte Lebensmittel erweitert.","breadcrumb":{"@id":"https:\/\/decofoodshop.nl\/product-categorie\/broodengebak\/#breadcrumb"},"inLanguage":"de","potentialAction":[{"@type":"ReadAction","target":["https:\/\/decofoodshop.nl\/product-categorie\/broodengebak\/"]}]},{"@type":"ImageObject","inLanguage":"de","@id":"https:\/\/decofoodshop.nl\/product-categorie\/broodengebak\/#primaryimage","url":"https:\/\/decofoodshop.nl\/wp-content\/uploads\/2022\/11\/namaak-punt-stokbrood.jpg","contentUrl":"https:\/\/decofoodshop.nl\/wp-content\/uploads\/2022\/11\/namaak-punt-stokbrood.jpg","width":600,"height":600,"caption":"namaak punt stokbrood"},{"@type":"BreadcrumbList","@id":"https:\/\/decofoodshop.nl\/product-categorie\/broodengebak\/#breadcrumb","itemListElement":[{"@type":"ListItem","position":1,"name":"Home","item":"https:\/\/decofoodshop.nl\/"},{"@type":"ListItem","position":2,"name":"Winkel","item":"https:\/\/decofoodshop.nl\/winkel\/"},{"@type":"ListItem","position":3,"name":"Namaak Punt Stokbrood"}]},{"@type":"WebSite","@id":"https:\/\/decofoodshop.nl\/#website","url":"https:\/\/decofoodshop.nl\/","name":"Dekofoodshop","description":"","potentialAction":[{"@type":"SearchAction","target":{"@type":"EntryPoint","urlTemplate":"https:\/\/decofoodshop.nl\/?s={search_term_string}"},"query-input":{"@type":"PropertyValueSpecification","valueRequired":true,"valueName":"search_term_string"}}],"inLanguage":"de"}]}},"_links":{"self":[{"href":"https:\/\/decofoodshop.nl\/de\/wp-json\/wp\/v2\/product\/6970","targetHints":{"allow":["GET"]}}],"collection":[{"href":"https:\/\/decofoodshop.nl\/de\/wp-json\/wp\/v2\/product"}],"about":[{"href":"https:\/\/decofoodshop.nl\/de\/wp-json\/wp\/v2\/types\/product"}],"wp:featuredmedia":[{"embeddable":true,"href":"https:\/\/decofoodshop.nl\/de\/wp-json\/wp\/v2\/media\/6971"}],"wp:attachment":[{"href":"https:\/\/decofoodshop.nl\/de\/wp-json\/wp\/v2\/media?parent=6970"}],"wp:term":[{"taxonomy":"product_brand","embeddable":true,"href":"https:\/\/decofoodshop.nl\/de\/wp-json\/wp\/v2\/product_brand?post=6970"},{"taxonomy":"product_cat","embeddable":true,"href":"https:\/\/decofoodshop.nl\/de\/wp-json\/wp\/v2\/product_cat?post=6970"},{"taxonomy":"product_tag","embeddable":true,"href":"https:\/\/decofoodshop.nl\/de\/wp-json\/wp\/v2\/product_tag?post=6970"}],"curies":[{"name":"wp","href":"https:\/\/api.w.org\/{rel}","templated":true}]}}