{"id":6981,"date":"2022-11-22T13:05:10","date_gmt":"2022-11-22T12:05:10","guid":{"rendered":"https:\/\/decofoodshop.nl\/?post_type=product&#038;p=6981"},"modified":"2026-02-28T15:18:32","modified_gmt":"2026-02-28T14:18:32","slug":"gefalschtes-fruchtgeback-set","status":"publish","type":"product","link":"https:\/\/decofoodshop.nl\/de\/product\/namaak-fruit-gebakjes-set\/","title":{"rendered":"Gef\u00e4lschtes Fruchtgeb\u00e4ck-Set"},"content":{"rendered":"<p>Suchen Sie nach einer l\u00e4nger haltbaren Alternative zu einem echten Geb\u00e4ck oder Muffin? Dann sind Sie bei diesem Geb\u00e4ckset mit gef\u00e4lschten Fr\u00fcchten genau richtig.<\/p>\n<p>Das Set besteht aus 6 verschiedenen Deko-Geb\u00e4cken mit unterschiedlichen Fr\u00fcchten, die ein farbenfrohes und schmackhaftes Ganzes bilden.<\/p>\n<p>Die Kunstgeb\u00e4cke sind vielseitig einsetzbar als Dekoration f\u00fcr Schaufenster, Auslagen und vieles mehr.<\/p>\n<p>Das gef\u00e4lschte Geb\u00e4ck besteht aus einem weichen Kunststoff, der es sto\u00dffest macht.<\/p>\n<p>Darauf liegen die Fruchtst\u00fccke, die aus einem h\u00e4rteren Kunststoff bestehen.<\/p>\n<p>Sehen Sie sich auch unsere anderen gef\u00e4lschten Backwaren und gef\u00e4lschten Kuchen an oder werfen Sie einen Blick auf unser gesamtes Sortiment <span style=\"color: #008000;\"><a style=\"color: #008000;\" href=\"https:\/\/decofoodshop.nl\/de\/\"><strong>Hier<\/strong><\/a><\/span>.<\/p>","protected":false},"excerpt":{"rendered":"<p>Zoek je naar een langer houdbaar alternatief op een echt gebakje of muffin? Dan zit je goed met deze namaak fruit gebakjes set. De set bestaat uit 6 verschillende decoratieve gebakjes met verschillend fruit om een kleurrijk en smakelijk geheel te vormen. De kunstgebakjes zijn breed inzetbaar als decoratie voor bijvoorbeeld \u00e9talages, displays en nog [&hellip;]<\/p>\n","protected":false},"featured_media":6983,"template":"","meta":{"_acf_changed":false,"_genesis_hide_title":false,"_genesis_hide_breadcrumbs":false,"_genesis_hide_singular_image":false,"_genesis_hide_footer_widgets":false,"_genesis_custom_body_class":"","_genesis_custom_post_class":"","_genesis_layout":""},"product_brand":[],"product_cat":[46],"product_tag":[],"class_list":{"0":"post-6981","1":"product","2":"type-product","3":"status-publish","4":"has-post-thumbnail","6":"product_cat-broodengebak","7":"entry","8":"wpx-has-gallery","10":"first","11":"instock","12":"taxable","13":"shipping-taxable","14":"purchasable","15":"product-type-simple"},"acf":[],"yoast_head":"<!-- This site is optimized with the Yoast SEO Premium plugin v27.3 (Yoast SEO v27.3) - https:\/\/yoast.com\/product\/yoast-seo-premium-wordpress\/ -->\n<title>Namaak Fruit Gebakjes Set - Decofoodshop<\/title>\n<meta name=\"description\" content=\"Namaak Fruit Gebakjes Set is een van onze bestsellers. Decofoodshop.nl heeft een ruim assortiment decoratie gebak, taarten en veel meer kunstvoeding.\" \/>\n<meta name=\"robots\" content=\"index, follow, max-snippet:-1, max-image-preview:large, max-video-preview:-1\" \/>\n<link rel=\"canonical\" href=\"https:\/\/decofoodshop.nl\/de\/produktkategorie-2\/brotkuchen\/\" \/>\n<meta property=\"og:locale\" content=\"de_DE\" \/>\n<meta property=\"og:type\" content=\"article\" \/>\n<meta property=\"og:title\" content=\"Namaak Fruit Gebakjes Set\" \/>\n<meta property=\"og:description\" content=\"Namaak Fruit Gebakjes Set is een van onze bestsellers. Decofoodshop.nl heeft een ruim assortiment decoratie gebak, taarten en veel meer kunstvoeding.\" \/>\n<meta property=\"og:url\" content=\"https:\/\/decofoodshop.nl\/de\/produktkategorie-2\/brotkuchen\/\" \/>\n<meta property=\"og:site_name\" content=\"Decofoodshop\" \/>\n<meta property=\"article:modified_time\" content=\"2026-02-28T14:18:32+00:00\" \/>\n<meta property=\"og:image\" content=\"https:\/\/decofoodshop.nl\/wp-content\/uploads\/2022\/11\/Namaak-gebakjes-set-vooraanzicht.jpg\" \/>\n\t<meta property=\"og:image:width\" content=\"600\" \/>\n\t<meta property=\"og:image:height\" content=\"600\" \/>\n\t<meta property=\"og:image:type\" content=\"image\/jpeg\" \/>\n<meta name=\"twitter:card\" content=\"summary_large_image\" \/>\n<meta name=\"twitter:label1\" content=\"Gesch\u00e4tzte Lesezeit\" \/>\n\t<meta name=\"twitter:data1\" content=\"1\u00a0Minute\" \/>\n<script type=\"application\/ld+json\" class=\"yoast-schema-graph\">{\"@context\":\"https:\\\/\\\/schema.org\",\"@graph\":[{\"@type\":\"WebPage\",\"@id\":\"https:\\\/\\\/decofoodshop.nl\\\/product\\\/namaak-fruit-gebakjes-set\\\/\",\"url\":\"https:\\\/\\\/decofoodshop.nl\\\/product-categorie\\\/broodengebak\\\/\",\"name\":\"Namaak Fruit Gebakjes Set - Decofoodshop\",\"isPartOf\":{\"@id\":\"https:\\\/\\\/decofoodshop.nl\\\/#website\"},\"primaryImageOfPage\":{\"@id\":\"https:\\\/\\\/decofoodshop.nl\\\/product-categorie\\\/broodengebak\\\/#primaryimage\"},\"image\":{\"@id\":\"https:\\\/\\\/decofoodshop.nl\\\/product-categorie\\\/broodengebak\\\/#primaryimage\"},\"thumbnailUrl\":\"https:\\\/\\\/decofoodshop.nl\\\/wp-content\\\/uploads\\\/2022\\\/11\\\/Namaak-gebakjes-set-vooraanzicht.jpg\",\"datePublished\":\"2022-11-22T12:05:10+00:00\",\"dateModified\":\"2026-02-28T14:18:32+00:00\",\"description\":\"Namaak Fruit Gebakjes Set is een van onze bestsellers. Decofoodshop.nl heeft een ruim assortiment decoratie gebak, taarten en veel meer kunstvoeding.\",\"breadcrumb\":{\"@id\":\"https:\\\/\\\/decofoodshop.nl\\\/product-categorie\\\/broodengebak\\\/#breadcrumb\"},\"inLanguage\":\"de\",\"potentialAction\":[{\"@type\":\"ReadAction\",\"target\":[\"https:\\\/\\\/decofoodshop.nl\\\/product-categorie\\\/broodengebak\\\/\"]}]},{\"@type\":\"ImageObject\",\"inLanguage\":\"de\",\"@id\":\"https:\\\/\\\/decofoodshop.nl\\\/product-categorie\\\/broodengebak\\\/#primaryimage\",\"url\":\"https:\\\/\\\/decofoodshop.nl\\\/wp-content\\\/uploads\\\/2022\\\/11\\\/Namaak-gebakjes-set-vooraanzicht.jpg\",\"contentUrl\":\"https:\\\/\\\/decofoodshop.nl\\\/wp-content\\\/uploads\\\/2022\\\/11\\\/Namaak-gebakjes-set-vooraanzicht.jpg\",\"width\":600,\"height\":600,\"caption\":\"namaak fruit gebakjes set\"},{\"@type\":\"BreadcrumbList\",\"@id\":\"https:\\\/\\\/decofoodshop.nl\\\/product-categorie\\\/broodengebak\\\/#breadcrumb\",\"itemListElement\":[{\"@type\":\"ListItem\",\"position\":1,\"name\":\"Home\",\"item\":\"https:\\\/\\\/decofoodshop.nl\\\/\"},{\"@type\":\"ListItem\",\"position\":2,\"name\":\"Winkel\",\"item\":\"https:\\\/\\\/decofoodshop.nl\\\/winkel\\\/\"},{\"@type\":\"ListItem\",\"position\":3,\"name\":\"Namaak Fruit Gebakjes Set\"}]},{\"@type\":\"WebSite\",\"@id\":\"https:\\\/\\\/decofoodshop.nl\\\/#website\",\"url\":\"https:\\\/\\\/decofoodshop.nl\\\/\",\"name\":\"Decofoodshop\",\"description\":\"\",\"potentialAction\":[{\"@type\":\"SearchAction\",\"target\":{\"@type\":\"EntryPoint\",\"urlTemplate\":\"https:\\\/\\\/decofoodshop.nl\\\/?s={search_term_string}\"},\"query-input\":{\"@type\":\"PropertyValueSpecification\",\"valueRequired\":true,\"valueName\":\"search_term_string\"}}],\"inLanguage\":\"de\"}]}<\/script>\n<!-- \/ Yoast SEO Premium plugin. -->","yoast_head_json":{"title":"Gef\u00e4lschtes Fruchtgeb\u00e4ck-Set - Decofoodshop","description":"Fake Fruit Pastry Set ist einer unserer Bestseller. Decofoodshop.nl hat eine gro\u00dfe Auswahl an dekorativem Geb\u00e4ck, Kuchen und vielem mehr Art Food.","robots":{"index":"index","follow":"follow","max-snippet":"max-snippet:-1","max-image-preview":"max-image-preview:large","max-video-preview":"max-video-preview:-1"},"canonical":"https:\/\/decofoodshop.nl\/de\/produktkategorie-2\/brotkuchen\/","og_locale":"de_DE","og_type":"article","og_title":"Namaak Fruit Gebakjes Set","og_description":"Namaak Fruit Gebakjes Set is een van onze bestsellers. Decofoodshop.nl heeft een ruim assortiment decoratie gebak, taarten en veel meer kunstvoeding.","og_url":"https:\/\/decofoodshop.nl\/de\/produktkategorie-2\/brotkuchen\/","og_site_name":"Decofoodshop","article_modified_time":"2026-02-28T14:18:32+00:00","og_image":[{"width":600,"height":600,"url":"https:\/\/decofoodshop.nl\/wp-content\/uploads\/2022\/11\/Namaak-gebakjes-set-vooraanzicht.jpg","type":"image\/jpeg"}],"twitter_card":"summary_large_image","twitter_misc":{"Gesch\u00e4tzte Lesezeit":"1\u00a0Minute"},"schema":{"@context":"https:\/\/schema.org","@graph":[{"@type":"WebPage","@id":"https:\/\/decofoodshop.nl\/product\/namaak-fruit-gebakjes-set\/","url":"https:\/\/decofoodshop.nl\/product-categorie\/broodengebak\/","name":"Gef\u00e4lschtes Fruchtgeb\u00e4ck-Set - Decofoodshop","isPartOf":{"@id":"https:\/\/decofoodshop.nl\/#website"},"primaryImageOfPage":{"@id":"https:\/\/decofoodshop.nl\/product-categorie\/broodengebak\/#primaryimage"},"image":{"@id":"https:\/\/decofoodshop.nl\/product-categorie\/broodengebak\/#primaryimage"},"thumbnailUrl":"https:\/\/decofoodshop.nl\/wp-content\/uploads\/2022\/11\/Namaak-gebakjes-set-vooraanzicht.jpg","datePublished":"2022-11-22T12:05:10+00:00","dateModified":"2026-02-28T14:18:32+00:00","description":"Fake Fruit Pastry Set ist einer unserer Bestseller. Decofoodshop.nl hat eine gro\u00dfe Auswahl an dekorativem Geb\u00e4ck, Kuchen und vielem mehr Art Food.","breadcrumb":{"@id":"https:\/\/decofoodshop.nl\/product-categorie\/broodengebak\/#breadcrumb"},"inLanguage":"de","potentialAction":[{"@type":"ReadAction","target":["https:\/\/decofoodshop.nl\/product-categorie\/broodengebak\/"]}]},{"@type":"ImageObject","inLanguage":"de","@id":"https:\/\/decofoodshop.nl\/product-categorie\/broodengebak\/#primaryimage","url":"https:\/\/decofoodshop.nl\/wp-content\/uploads\/2022\/11\/Namaak-gebakjes-set-vooraanzicht.jpg","contentUrl":"https:\/\/decofoodshop.nl\/wp-content\/uploads\/2022\/11\/Namaak-gebakjes-set-vooraanzicht.jpg","width":600,"height":600,"caption":"namaak fruit gebakjes set"},{"@type":"BreadcrumbList","@id":"https:\/\/decofoodshop.nl\/product-categorie\/broodengebak\/#breadcrumb","itemListElement":[{"@type":"ListItem","position":1,"name":"Home","item":"https:\/\/decofoodshop.nl\/"},{"@type":"ListItem","position":2,"name":"Winkel","item":"https:\/\/decofoodshop.nl\/winkel\/"},{"@type":"ListItem","position":3,"name":"Namaak Fruit Gebakjes Set"}]},{"@type":"WebSite","@id":"https:\/\/decofoodshop.nl\/#website","url":"https:\/\/decofoodshop.nl\/","name":"Dekofoodshop","description":"","potentialAction":[{"@type":"SearchAction","target":{"@type":"EntryPoint","urlTemplate":"https:\/\/decofoodshop.nl\/?s={search_term_string}"},"query-input":{"@type":"PropertyValueSpecification","valueRequired":true,"valueName":"search_term_string"}}],"inLanguage":"de"}]}},"_links":{"self":[{"href":"https:\/\/decofoodshop.nl\/de\/wp-json\/wp\/v2\/product\/6981","targetHints":{"allow":["GET"]}}],"collection":[{"href":"https:\/\/decofoodshop.nl\/de\/wp-json\/wp\/v2\/product"}],"about":[{"href":"https:\/\/decofoodshop.nl\/de\/wp-json\/wp\/v2\/types\/product"}],"wp:featuredmedia":[{"embeddable":true,"href":"https:\/\/decofoodshop.nl\/de\/wp-json\/wp\/v2\/media\/6983"}],"wp:attachment":[{"href":"https:\/\/decofoodshop.nl\/de\/wp-json\/wp\/v2\/media?parent=6981"}],"wp:term":[{"taxonomy":"product_brand","embeddable":true,"href":"https:\/\/decofoodshop.nl\/de\/wp-json\/wp\/v2\/product_brand?post=6981"},{"taxonomy":"product_cat","embeddable":true,"href":"https:\/\/decofoodshop.nl\/de\/wp-json\/wp\/v2\/product_cat?post=6981"},{"taxonomy":"product_tag","embeddable":true,"href":"https:\/\/decofoodshop.nl\/de\/wp-json\/wp\/v2\/product_tag?post=6981"}],"curies":[{"name":"wp","href":"https:\/\/api.w.org\/{rel}","templated":true}]}}