{"id":6995,"date":"2022-11-24T11:19:16","date_gmt":"2022-11-24T10:19:16","guid":{"rendered":"https:\/\/decofoodshop.nl\/?post_type=product&#038;p=6995"},"modified":"2026-02-28T15:18:28","modified_gmt":"2026-02-28T14:18:28","slug":"art-braid-brot-mit-samen","status":"publish","type":"product","link":"https:\/\/decofoodshop.nl\/de\/product\/kunst-vlechtbrood-met-zaden\/","title":{"rendered":"K\u00fcnstlicher Zopf mit Samen"},"content":{"rendered":"<p>Dieses gef\u00e4lschte Saatbrot ist wundersch\u00f6n und detailliert.<\/p>\n<p>Das k\u00fcnstliche Brot hat eine nat\u00fcrliche braune Farbe und ist mit kleinen wei\u00dfen Samen veredelt.<\/p>\n<p>Die Form des gef\u00e4lschten Brotes ist nicht von der echten zu unterscheiden.<\/p>\n<p>Die Unterseite des k\u00fcnstlichen Brotes ist flach, damit das Brot richtig abgelegt werden kann.<\/p>\n<p>Sehen Sie sich neben diesem gef\u00e4lschten Brot auch uns an <span style=\"color: #008000;\"><a style=\"color: #008000;\" href=\"https:\/\/decofoodshop.nl\/de\/produktkategorie-2\/kunstliches-gemuse\/\"><strong>k\u00fcnstliches Gem\u00fcse<\/strong> <\/a><\/span>oder <strong><span style=\"color: #008000;\"><a style=\"color: #008000;\" href=\"https:\/\/decofoodshop.nl\/de\/produktkategorie-2\/kunstliche-fruchte\/\">k\u00fcnstliche Fr\u00fcchte<\/a> <\/span><\/strong>Produktauswahl.<\/p>","protected":false},"excerpt":{"rendered":"<p>Dit namaak vlechtbrood met zaden is mooi en\u00a0 gedetailleerd. Het kunstbrood heeft een natuurgetrouwe bruine kleur en is afgewerkt met kleine witte zaden. De vorm van het namaak brood is niet van echt te onderscheiden. De onderkant van het kunst brood is vlak zodat het brood goed neer te leggen is. Bekijk naast dit namaak [&hellip;]<\/p>\n","protected":false},"featured_media":6998,"template":"","meta":{"_acf_changed":false,"_genesis_hide_title":false,"_genesis_hide_breadcrumbs":false,"_genesis_hide_singular_image":false,"_genesis_hide_footer_widgets":false,"_genesis_custom_body_class":"","_genesis_custom_post_class":"","_genesis_layout":""},"product_brand":[],"product_cat":[46],"product_tag":[],"class_list":{"0":"post-6995","1":"product","2":"type-product","3":"status-publish","4":"has-post-thumbnail","6":"product_cat-broodengebak","7":"entry","8":"wpx-has-gallery","10":"first","11":"instock","12":"taxable","13":"shipping-taxable","14":"purchasable","15":"product-type-simple"},"acf":[],"yoast_head":"<!-- This site is optimized with the Yoast SEO Premium plugin v27.3 (Yoast SEO v27.3) - https:\/\/yoast.com\/product\/yoast-seo-premium-wordpress\/ -->\n<title>Kunst Vlechtbrood Met Zaden - Decofoodshop<\/title>\n<meta name=\"description\" content=\"Het kunst vlechtbrood met zaden is een van de vele mooie namaak broden die wij aanbieden. Decofoodshop.nl staat klaar voor al uw decoratie voedingswaren.\" \/>\n<meta name=\"robots\" content=\"index, follow, max-snippet:-1, max-image-preview:large, max-video-preview:-1\" \/>\n<link rel=\"canonical\" href=\"https:\/\/decofoodshop.nl\/de\/produktkategorie-2\/brotkuchen\/\" \/>\n<meta property=\"og:locale\" content=\"de_DE\" \/>\n<meta property=\"og:type\" content=\"article\" \/>\n<meta property=\"og:title\" content=\"Kunst Vlechtbrood Met Zaden\" \/>\n<meta property=\"og:description\" content=\"Het kunst vlechtbrood met zaden is een van de vele mooie namaak broden die wij aanbieden. Decofoodshop.nl staat klaar voor al uw decoratie voedingswaren.\" \/>\n<meta property=\"og:url\" content=\"https:\/\/decofoodshop.nl\/de\/produktkategorie-2\/brotkuchen\/\" \/>\n<meta property=\"og:site_name\" content=\"Decofoodshop\" \/>\n<meta property=\"article:modified_time\" content=\"2026-02-28T14:18:28+00:00\" \/>\n<meta property=\"og:image\" content=\"https:\/\/decofoodshop.nl\/wp-content\/uploads\/2022\/11\/Namaak-vlechtbrood-met-zaden-vooraanzicht.jpg\" \/>\n\t<meta property=\"og:image:width\" content=\"700\" \/>\n\t<meta property=\"og:image:height\" content=\"700\" \/>\n\t<meta property=\"og:image:type\" content=\"image\/jpeg\" \/>\n<meta name=\"twitter:card\" content=\"summary_large_image\" \/>\n<meta name=\"twitter:label1\" content=\"Gesch\u00e4tzte Lesezeit\" \/>\n\t<meta name=\"twitter:data1\" content=\"1\u00a0Minute\" \/>\n<script type=\"application\/ld+json\" class=\"yoast-schema-graph\">{\"@context\":\"https:\\\/\\\/schema.org\",\"@graph\":[{\"@type\":\"WebPage\",\"@id\":\"https:\\\/\\\/decofoodshop.nl\\\/product\\\/kunst-vlechtbrood-met-zaden\\\/\",\"url\":\"https:\\\/\\\/decofoodshop.nl\\\/product-categorie\\\/broodengebak\\\/\",\"name\":\"Kunst Vlechtbrood Met Zaden - Decofoodshop\",\"isPartOf\":{\"@id\":\"https:\\\/\\\/decofoodshop.nl\\\/#website\"},\"primaryImageOfPage\":{\"@id\":\"https:\\\/\\\/decofoodshop.nl\\\/product-categorie\\\/broodengebak\\\/#primaryimage\"},\"image\":{\"@id\":\"https:\\\/\\\/decofoodshop.nl\\\/product-categorie\\\/broodengebak\\\/#primaryimage\"},\"thumbnailUrl\":\"https:\\\/\\\/decofoodshop.nl\\\/wp-content\\\/uploads\\\/2022\\\/11\\\/Namaak-vlechtbrood-met-zaden-vooraanzicht.jpg\",\"datePublished\":\"2022-11-24T10:19:16+00:00\",\"dateModified\":\"2026-02-28T14:18:28+00:00\",\"description\":\"Het kunst vlechtbrood met zaden is een van de vele mooie namaak broden die wij aanbieden. Decofoodshop.nl staat klaar voor al uw decoratie voedingswaren.\",\"breadcrumb\":{\"@id\":\"https:\\\/\\\/decofoodshop.nl\\\/product-categorie\\\/broodengebak\\\/#breadcrumb\"},\"inLanguage\":\"de\",\"potentialAction\":[{\"@type\":\"ReadAction\",\"target\":[\"https:\\\/\\\/decofoodshop.nl\\\/product-categorie\\\/broodengebak\\\/\"]}]},{\"@type\":\"ImageObject\",\"inLanguage\":\"de\",\"@id\":\"https:\\\/\\\/decofoodshop.nl\\\/product-categorie\\\/broodengebak\\\/#primaryimage\",\"url\":\"https:\\\/\\\/decofoodshop.nl\\\/wp-content\\\/uploads\\\/2022\\\/11\\\/Namaak-vlechtbrood-met-zaden-vooraanzicht.jpg\",\"contentUrl\":\"https:\\\/\\\/decofoodshop.nl\\\/wp-content\\\/uploads\\\/2022\\\/11\\\/Namaak-vlechtbrood-met-zaden-vooraanzicht.jpg\",\"width\":700,\"height\":700,\"caption\":\"Namaak vlechtbrood met zaden vooraanzicht\"},{\"@type\":\"BreadcrumbList\",\"@id\":\"https:\\\/\\\/decofoodshop.nl\\\/product-categorie\\\/broodengebak\\\/#breadcrumb\",\"itemListElement\":[{\"@type\":\"ListItem\",\"position\":1,\"name\":\"Home\",\"item\":\"https:\\\/\\\/decofoodshop.nl\\\/\"},{\"@type\":\"ListItem\",\"position\":2,\"name\":\"Winkel\",\"item\":\"https:\\\/\\\/decofoodshop.nl\\\/winkel\\\/\"},{\"@type\":\"ListItem\",\"position\":3,\"name\":\"Kunst Vlechtbrood Met Zaden\"}]},{\"@type\":\"WebSite\",\"@id\":\"https:\\\/\\\/decofoodshop.nl\\\/#website\",\"url\":\"https:\\\/\\\/decofoodshop.nl\\\/\",\"name\":\"Decofoodshop\",\"description\":\"\",\"potentialAction\":[{\"@type\":\"SearchAction\",\"target\":{\"@type\":\"EntryPoint\",\"urlTemplate\":\"https:\\\/\\\/decofoodshop.nl\\\/?s={search_term_string}\"},\"query-input\":{\"@type\":\"PropertyValueSpecification\",\"valueRequired\":true,\"valueName\":\"search_term_string\"}}],\"inLanguage\":\"de\"}]}<\/script>\n<!-- \/ Yoast SEO Premium plugin. -->","yoast_head_json":{"title":"K\u00fcnstlicher Zopf mit Samen - Decofoodshop","description":"Das k\u00fcnstliche Zopfbrot mit Kernen ist eines der vielen sch\u00f6nen Brotf\u00e4lschungen, die wir anbieten. Decofoodshop.nl ist bereit f\u00fcr all Ihre dekorativen Lebensmittel.","robots":{"index":"index","follow":"follow","max-snippet":"max-snippet:-1","max-image-preview":"max-image-preview:large","max-video-preview":"max-video-preview:-1"},"canonical":"https:\/\/decofoodshop.nl\/de\/produktkategorie-2\/brotkuchen\/","og_locale":"de_DE","og_type":"article","og_title":"Kunst Vlechtbrood Met Zaden","og_description":"Het kunst vlechtbrood met zaden is een van de vele mooie namaak broden die wij aanbieden. Decofoodshop.nl staat klaar voor al uw decoratie voedingswaren.","og_url":"https:\/\/decofoodshop.nl\/de\/produktkategorie-2\/brotkuchen\/","og_site_name":"Decofoodshop","article_modified_time":"2026-02-28T14:18:28+00:00","og_image":[{"width":700,"height":700,"url":"https:\/\/decofoodshop.nl\/wp-content\/uploads\/2022\/11\/Namaak-vlechtbrood-met-zaden-vooraanzicht.jpg","type":"image\/jpeg"}],"twitter_card":"summary_large_image","twitter_misc":{"Gesch\u00e4tzte Lesezeit":"1\u00a0Minute"},"schema":{"@context":"https:\/\/schema.org","@graph":[{"@type":"WebPage","@id":"https:\/\/decofoodshop.nl\/product\/kunst-vlechtbrood-met-zaden\/","url":"https:\/\/decofoodshop.nl\/product-categorie\/broodengebak\/","name":"K\u00fcnstlicher Zopf mit Samen - Decofoodshop","isPartOf":{"@id":"https:\/\/decofoodshop.nl\/#website"},"primaryImageOfPage":{"@id":"https:\/\/decofoodshop.nl\/product-categorie\/broodengebak\/#primaryimage"},"image":{"@id":"https:\/\/decofoodshop.nl\/product-categorie\/broodengebak\/#primaryimage"},"thumbnailUrl":"https:\/\/decofoodshop.nl\/wp-content\/uploads\/2022\/11\/Namaak-vlechtbrood-met-zaden-vooraanzicht.jpg","datePublished":"2022-11-24T10:19:16+00:00","dateModified":"2026-02-28T14:18:28+00:00","description":"Das k\u00fcnstliche Zopfbrot mit Kernen ist eines der vielen sch\u00f6nen Brotf\u00e4lschungen, die wir anbieten. Decofoodshop.nl ist bereit f\u00fcr all Ihre dekorativen Lebensmittel.","breadcrumb":{"@id":"https:\/\/decofoodshop.nl\/product-categorie\/broodengebak\/#breadcrumb"},"inLanguage":"de","potentialAction":[{"@type":"ReadAction","target":["https:\/\/decofoodshop.nl\/product-categorie\/broodengebak\/"]}]},{"@type":"ImageObject","inLanguage":"de","@id":"https:\/\/decofoodshop.nl\/product-categorie\/broodengebak\/#primaryimage","url":"https:\/\/decofoodshop.nl\/wp-content\/uploads\/2022\/11\/Namaak-vlechtbrood-met-zaden-vooraanzicht.jpg","contentUrl":"https:\/\/decofoodshop.nl\/wp-content\/uploads\/2022\/11\/Namaak-vlechtbrood-met-zaden-vooraanzicht.jpg","width":700,"height":700,"caption":"Namaak vlechtbrood met zaden vooraanzicht"},{"@type":"BreadcrumbList","@id":"https:\/\/decofoodshop.nl\/product-categorie\/broodengebak\/#breadcrumb","itemListElement":[{"@type":"ListItem","position":1,"name":"Home","item":"https:\/\/decofoodshop.nl\/"},{"@type":"ListItem","position":2,"name":"Winkel","item":"https:\/\/decofoodshop.nl\/winkel\/"},{"@type":"ListItem","position":3,"name":"Kunst Vlechtbrood Met Zaden"}]},{"@type":"WebSite","@id":"https:\/\/decofoodshop.nl\/#website","url":"https:\/\/decofoodshop.nl\/","name":"Dekofoodshop","description":"","potentialAction":[{"@type":"SearchAction","target":{"@type":"EntryPoint","urlTemplate":"https:\/\/decofoodshop.nl\/?s={search_term_string}"},"query-input":{"@type":"PropertyValueSpecification","valueRequired":true,"valueName":"search_term_string"}}],"inLanguage":"de"}]}},"_links":{"self":[{"href":"https:\/\/decofoodshop.nl\/de\/wp-json\/wp\/v2\/product\/6995","targetHints":{"allow":["GET"]}}],"collection":[{"href":"https:\/\/decofoodshop.nl\/de\/wp-json\/wp\/v2\/product"}],"about":[{"href":"https:\/\/decofoodshop.nl\/de\/wp-json\/wp\/v2\/types\/product"}],"wp:featuredmedia":[{"embeddable":true,"href":"https:\/\/decofoodshop.nl\/de\/wp-json\/wp\/v2\/media\/6998"}],"wp:attachment":[{"href":"https:\/\/decofoodshop.nl\/de\/wp-json\/wp\/v2\/media?parent=6995"}],"wp:term":[{"taxonomy":"product_brand","embeddable":true,"href":"https:\/\/decofoodshop.nl\/de\/wp-json\/wp\/v2\/product_brand?post=6995"},{"taxonomy":"product_cat","embeddable":true,"href":"https:\/\/decofoodshop.nl\/de\/wp-json\/wp\/v2\/product_cat?post=6995"},{"taxonomy":"product_tag","embeddable":true,"href":"https:\/\/decofoodshop.nl\/de\/wp-json\/wp\/v2\/product_tag?post=6995"}],"curies":[{"name":"wp","href":"https:\/\/api.w.org\/{rel}","templated":true}]}}