{"id":7046,"date":"2022-11-28T12:04:55","date_gmt":"2022-11-28T11:04:55","guid":{"rendered":"https:\/\/decofoodshop.nl\/?post_type=product&#038;p=7046"},"modified":"2026-02-28T15:18:22","modified_gmt":"2026-02-28T14:18:22","slug":"gefalschte-eclairs-3-teilig","status":"publish","type":"product","link":"https:\/\/decofoodshop.nl\/de\/product\/namaak-eclairs-3-stuks\/","title":{"rendered":"Gef\u00e4lschte Eclairs 3 Stk"},"content":{"rendered":"<p style=\"padding-left: 40px;\">Diese gef\u00e4lschten Eclairs 3 St\u00fcck sind eine Packung mit verschiedenen Arten von gef\u00e4lschten Eclairs.<\/p>\n<p style=\"padding-left: 40px;\">Die Fake-Eclairs liegen auf einem Halter und werden mit Fake-Creme und verschiedenen Toppings veredelt.<\/p>\n<p style=\"padding-left: 40px;\">Die k\u00fcnstlichen Eclairs k\u00f6nnen zusammen oder einzeln zur Dekoration verwendet werden.<\/p>\n<p style=\"padding-left: 40px;\">Diese Deko-Konditorei besteht aus einer Kombination aus hartem Kunststoff und weichem Schaumstoff, wodurch sie lebensecht aussieht.<\/p>\n<p style=\"padding-left: 40px;\">Diese gef\u00e4lschten Eclairs haben eine sehr hochwertige Verarbeitung.<\/p>\n<p style=\"padding-left: 40px;\">Weitere Deko Lebensmittel finden Sie auch unter <strong><span style=\"color: #008000;\"><a style=\"color: #008000;\" href=\"https:\/\/decofoodshop.nl\/de\/produktkategorie-2\/andere\/\">Andere<\/a><\/span>.<\/strong><\/p>\n<p>&nbsp;<\/p>","protected":false},"excerpt":{"rendered":"<p>Deze namaak eclairs 3 stuks is een pakket van verschillende soorten nep eclairs. De namaak eclairs liggen op een houder en zijn afgewerkt met namaak room en verschillende toppings. De kunst eclairs zijn samen en los goed toe te passen ter decoratie. Deze decoratie patisserie is van een combinatie van hard plastic en zacht schuim [&hellip;]<\/p>\n","protected":false},"featured_media":7049,"template":"","meta":{"_acf_changed":false,"_genesis_hide_title":false,"_genesis_hide_breadcrumbs":false,"_genesis_hide_singular_image":false,"_genesis_hide_footer_widgets":false,"_genesis_custom_body_class":"","_genesis_custom_post_class":"","_genesis_layout":""},"product_brand":[],"product_cat":[46],"product_tag":[],"class_list":{"0":"post-7046","1":"product","2":"type-product","3":"status-publish","4":"has-post-thumbnail","6":"product_cat-broodengebak","7":"entry","8":"wpx-has-gallery","10":"first","11":"instock","12":"taxable","13":"shipping-taxable","14":"purchasable","15":"product-type-simple"},"acf":[],"yoast_head":"<!-- This site is optimized with the Yoast SEO Premium plugin v27.3 (Yoast SEO v27.4) - https:\/\/yoast.com\/product\/yoast-seo-premium-wordpress\/ -->\n<title>Namaak Eclairs 3 stuks - Decofoodshop<\/title>\n<meta name=\"description\" content=\"namaak eclairs 3 stuks | Decofoodshop.nl - De webshop voor decoratief fruit, groente, gebak en nog veel meer. Direct geleverd uit eigen voorraad.\" \/>\n<meta name=\"robots\" content=\"index, follow, max-snippet:-1, max-image-preview:large, max-video-preview:-1\" \/>\n<link rel=\"canonical\" href=\"https:\/\/decofoodshop.nl\/de\/produktkategorie-2\/brotkuchen\/\" \/>\n<meta property=\"og:locale\" content=\"de_DE\" \/>\n<meta property=\"og:type\" content=\"article\" \/>\n<meta property=\"og:title\" content=\"Namaak Eclairs 3 stuks\" \/>\n<meta property=\"og:description\" content=\"namaak eclairs 3 stuks | Decofoodshop.nl - De webshop voor decoratief fruit, groente, gebak en nog veel meer. Direct geleverd uit eigen voorraad.\" \/>\n<meta property=\"og:url\" content=\"https:\/\/decofoodshop.nl\/de\/produktkategorie-2\/brotkuchen\/\" \/>\n<meta property=\"og:site_name\" content=\"Decofoodshop\" \/>\n<meta property=\"article:modified_time\" content=\"2026-02-28T14:18:22+00:00\" \/>\n<meta property=\"og:image\" content=\"https:\/\/decofoodshop.nl\/wp-content\/uploads\/2022\/11\/namaak-eclaires-.jpg\" \/>\n\t<meta property=\"og:image:width\" content=\"800\" \/>\n\t<meta property=\"og:image:height\" content=\"800\" \/>\n\t<meta property=\"og:image:type\" content=\"image\/jpeg\" \/>\n<meta name=\"twitter:card\" content=\"summary_large_image\" \/>\n<meta name=\"twitter:label1\" content=\"Gesch\u00e4tzte Lesezeit\" \/>\n\t<meta name=\"twitter:data1\" content=\"1\u00a0Minute\" \/>\n<script type=\"application\/ld+json\" class=\"yoast-schema-graph\">{\"@context\":\"https:\\\/\\\/schema.org\",\"@graph\":[{\"@type\":\"WebPage\",\"@id\":\"https:\\\/\\\/decofoodshop.nl\\\/product\\\/namaak-eclairs-3-stuks\\\/\",\"url\":\"https:\\\/\\\/decofoodshop.nl\\\/product-categorie\\\/broodengebak\\\/\",\"name\":\"Namaak Eclairs 3 stuks - Decofoodshop\",\"isPartOf\":{\"@id\":\"https:\\\/\\\/decofoodshop.nl\\\/#website\"},\"primaryImageOfPage\":{\"@id\":\"https:\\\/\\\/decofoodshop.nl\\\/product-categorie\\\/broodengebak\\\/#primaryimage\"},\"image\":{\"@id\":\"https:\\\/\\\/decofoodshop.nl\\\/product-categorie\\\/broodengebak\\\/#primaryimage\"},\"thumbnailUrl\":\"https:\\\/\\\/decofoodshop.nl\\\/wp-content\\\/uploads\\\/2022\\\/11\\\/namaak-eclaires-.jpg\",\"datePublished\":\"2022-11-28T11:04:55+00:00\",\"dateModified\":\"2026-02-28T14:18:22+00:00\",\"description\":\"namaak eclairs 3 stuks | Decofoodshop.nl - De webshop voor decoratief fruit, groente, gebak en nog veel meer. Direct geleverd uit eigen voorraad.\",\"breadcrumb\":{\"@id\":\"https:\\\/\\\/decofoodshop.nl\\\/product-categorie\\\/broodengebak\\\/#breadcrumb\"},\"inLanguage\":\"de\",\"potentialAction\":[{\"@type\":\"ReadAction\",\"target\":[\"https:\\\/\\\/decofoodshop.nl\\\/product-categorie\\\/broodengebak\\\/\"]}]},{\"@type\":\"ImageObject\",\"inLanguage\":\"de\",\"@id\":\"https:\\\/\\\/decofoodshop.nl\\\/product-categorie\\\/broodengebak\\\/#primaryimage\",\"url\":\"https:\\\/\\\/decofoodshop.nl\\\/wp-content\\\/uploads\\\/2022\\\/11\\\/namaak-eclaires-.jpg\",\"contentUrl\":\"https:\\\/\\\/decofoodshop.nl\\\/wp-content\\\/uploads\\\/2022\\\/11\\\/namaak-eclaires-.jpg\",\"width\":800,\"height\":800,\"caption\":\"namaak eclairs 3 soorten\"},{\"@type\":\"BreadcrumbList\",\"@id\":\"https:\\\/\\\/decofoodshop.nl\\\/product-categorie\\\/broodengebak\\\/#breadcrumb\",\"itemListElement\":[{\"@type\":\"ListItem\",\"position\":1,\"name\":\"Home\",\"item\":\"https:\\\/\\\/decofoodshop.nl\\\/\"},{\"@type\":\"ListItem\",\"position\":2,\"name\":\"Winkel\",\"item\":\"https:\\\/\\\/decofoodshop.nl\\\/winkel\\\/\"},{\"@type\":\"ListItem\",\"position\":3,\"name\":\"Namaak Eclairs 3 stuks\"}]},{\"@type\":\"WebSite\",\"@id\":\"https:\\\/\\\/decofoodshop.nl\\\/#website\",\"url\":\"https:\\\/\\\/decofoodshop.nl\\\/\",\"name\":\"Decofoodshop\",\"description\":\"\",\"potentialAction\":[{\"@type\":\"SearchAction\",\"target\":{\"@type\":\"EntryPoint\",\"urlTemplate\":\"https:\\\/\\\/decofoodshop.nl\\\/?s={search_term_string}\"},\"query-input\":{\"@type\":\"PropertyValueSpecification\",\"valueRequired\":true,\"valueName\":\"search_term_string\"}}],\"inLanguage\":\"de\"}]}<\/script>\n<!-- \/ Yoast SEO Premium plugin. -->","yoast_head_json":{"title":"Gef\u00e4lschte Eclairs 3 St\u00fcck - Decofoodshop","description":"gef\u00e4lschte Eclairs 3 St\u00fcck | Decofoodshop.nl - Der Webshop f\u00fcr dekoratives Obst, Gem\u00fcse, Geb\u00e4ck und vieles mehr. Lieferung direkt aus unserem eigenen Lager.","robots":{"index":"index","follow":"follow","max-snippet":"max-snippet:-1","max-image-preview":"max-image-preview:large","max-video-preview":"max-video-preview:-1"},"canonical":"https:\/\/decofoodshop.nl\/de\/produktkategorie-2\/brotkuchen\/","og_locale":"de_DE","og_type":"article","og_title":"Namaak Eclairs 3 stuks","og_description":"namaak eclairs 3 stuks | Decofoodshop.nl - De webshop voor decoratief fruit, groente, gebak en nog veel meer. Direct geleverd uit eigen voorraad.","og_url":"https:\/\/decofoodshop.nl\/de\/produktkategorie-2\/brotkuchen\/","og_site_name":"Decofoodshop","article_modified_time":"2026-02-28T14:18:22+00:00","og_image":[{"width":800,"height":800,"url":"https:\/\/decofoodshop.nl\/wp-content\/uploads\/2022\/11\/namaak-eclaires-.jpg","type":"image\/jpeg"}],"twitter_card":"summary_large_image","twitter_misc":{"Gesch\u00e4tzte Lesezeit":"1\u00a0Minute"},"schema":{"@context":"https:\/\/schema.org","@graph":[{"@type":"WebPage","@id":"https:\/\/decofoodshop.nl\/product\/namaak-eclairs-3-stuks\/","url":"https:\/\/decofoodshop.nl\/product-categorie\/broodengebak\/","name":"Gef\u00e4lschte Eclairs 3 St\u00fcck - Decofoodshop","isPartOf":{"@id":"https:\/\/decofoodshop.nl\/#website"},"primaryImageOfPage":{"@id":"https:\/\/decofoodshop.nl\/product-categorie\/broodengebak\/#primaryimage"},"image":{"@id":"https:\/\/decofoodshop.nl\/product-categorie\/broodengebak\/#primaryimage"},"thumbnailUrl":"https:\/\/decofoodshop.nl\/wp-content\/uploads\/2022\/11\/namaak-eclaires-.jpg","datePublished":"2022-11-28T11:04:55+00:00","dateModified":"2026-02-28T14:18:22+00:00","description":"gef\u00e4lschte Eclairs 3 St\u00fcck | Decofoodshop.nl - Der Webshop f\u00fcr dekoratives Obst, Gem\u00fcse, Geb\u00e4ck und vieles mehr. Lieferung direkt aus unserem eigenen Lager.","breadcrumb":{"@id":"https:\/\/decofoodshop.nl\/product-categorie\/broodengebak\/#breadcrumb"},"inLanguage":"de","potentialAction":[{"@type":"ReadAction","target":["https:\/\/decofoodshop.nl\/product-categorie\/broodengebak\/"]}]},{"@type":"ImageObject","inLanguage":"de","@id":"https:\/\/decofoodshop.nl\/product-categorie\/broodengebak\/#primaryimage","url":"https:\/\/decofoodshop.nl\/wp-content\/uploads\/2022\/11\/namaak-eclaires-.jpg","contentUrl":"https:\/\/decofoodshop.nl\/wp-content\/uploads\/2022\/11\/namaak-eclaires-.jpg","width":800,"height":800,"caption":"namaak eclairs 3 soorten"},{"@type":"BreadcrumbList","@id":"https:\/\/decofoodshop.nl\/product-categorie\/broodengebak\/#breadcrumb","itemListElement":[{"@type":"ListItem","position":1,"name":"Home","item":"https:\/\/decofoodshop.nl\/"},{"@type":"ListItem","position":2,"name":"Winkel","item":"https:\/\/decofoodshop.nl\/winkel\/"},{"@type":"ListItem","position":3,"name":"Namaak Eclairs 3 stuks"}]},{"@type":"WebSite","@id":"https:\/\/decofoodshop.nl\/#website","url":"https:\/\/decofoodshop.nl\/","name":"Dekofoodshop","description":"","potentialAction":[{"@type":"SearchAction","target":{"@type":"EntryPoint","urlTemplate":"https:\/\/decofoodshop.nl\/?s={search_term_string}"},"query-input":{"@type":"PropertyValueSpecification","valueRequired":true,"valueName":"search_term_string"}}],"inLanguage":"de"}]}},"_links":{"self":[{"href":"https:\/\/decofoodshop.nl\/de\/wp-json\/wp\/v2\/product\/7046","targetHints":{"allow":["GET"]}}],"collection":[{"href":"https:\/\/decofoodshop.nl\/de\/wp-json\/wp\/v2\/product"}],"about":[{"href":"https:\/\/decofoodshop.nl\/de\/wp-json\/wp\/v2\/types\/product"}],"wp:featuredmedia":[{"embeddable":true,"href":"https:\/\/decofoodshop.nl\/de\/wp-json\/wp\/v2\/media\/7049"}],"wp:attachment":[{"href":"https:\/\/decofoodshop.nl\/de\/wp-json\/wp\/v2\/media?parent=7046"}],"wp:term":[{"taxonomy":"product_brand","embeddable":true,"href":"https:\/\/decofoodshop.nl\/de\/wp-json\/wp\/v2\/product_brand?post=7046"},{"taxonomy":"product_cat","embeddable":true,"href":"https:\/\/decofoodshop.nl\/de\/wp-json\/wp\/v2\/product_cat?post=7046"},{"taxonomy":"product_tag","embeddable":true,"href":"https:\/\/decofoodshop.nl\/de\/wp-json\/wp\/v2\/product_tag?post=7046"}],"curies":[{"name":"wp","href":"https:\/\/api.w.org\/{rel}","templated":true}]}}