{"id":7057,"date":"2022-11-28T14:00:54","date_gmt":"2022-11-28T13:00:54","guid":{"rendered":"https:\/\/decofoodshop.nl\/?post_type=product&#038;p=7057"},"modified":"2026-03-07T14:59:14","modified_gmt":"2026-03-07T13:59:14","slug":"gefalschter-erdbeer-tropfkuchen","status":"publish","type":"product","link":"https:\/\/decofoodshop.nl\/de\/product\/namaak-dripcake-aardbei\/","title":{"rendered":"Gef\u00e4lschte Dripcake-Erdbeere"},"content":{"rendered":"<p>Der gef\u00e4lschte Erdbeer-Tropfkuchen ist ein wundersch\u00f6n detaillierter gef\u00e4lschter Kuchen.<\/p>\n<p>Der gef\u00e4lschte Kuchen besteht aus einem weichen Schaum mit einer glatten falschen Glasur.<\/p>\n<p>Die Dekorationstorte wird mit verschiedenen k\u00fcnstlichen Fr\u00fcchten f\u00fcr ein farbenfrohes Ganzes veredelt.<\/p>\n<p>Dieser gef\u00e4lschte Kuchen ist auch in verschiedenen Geschmacksrichtungen erh\u00e4ltlich.<\/p>\n<p>Sehen Sie sich auch unsere verschiedenen vorgefertigten Pakete an <span style=\"color: #008000;\"><a style=\"color: #008000;\" href=\"https:\/\/decofoodshop.nl\/de\/produktkategorie-2\/pakete\/\"><strong>hier<\/strong><\/a><\/span>.<\/p>","protected":false},"excerpt":{"rendered":"<p>De namaak dripcake aardbei is een prachtig gedetailleerd namaak taartje. Het namaak taartje is gemaakt van een zacht foam met daarom een glad namaak glazuur. De decoratie cake is afgewerkt met verschillende namaak vruchten voor een kleurrijk geheel. Deze namaak taart is ook in verschillende smaken verkrijgbaar. Bekijk ook onze verschillende kant en klare pakketten [&hellip;]<\/p>\n","protected":false},"featured_media":7059,"template":"","meta":{"_acf_changed":false,"_genesis_hide_title":false,"_genesis_hide_breadcrumbs":false,"_genesis_hide_singular_image":false,"_genesis_hide_footer_widgets":false,"_genesis_custom_body_class":"","_genesis_custom_post_class":"","_genesis_layout":""},"product_brand":[],"product_cat":[46],"product_tag":[],"class_list":{"0":"post-7057","1":"product","2":"type-product","3":"status-publish","4":"has-post-thumbnail","6":"product_cat-broodengebak","7":"entry","8":"wpx-has-gallery","10":"first","11":"instock","12":"taxable","13":"shipping-taxable","14":"purchasable","15":"product-type-simple"},"acf":[],"yoast_head":"<!-- This site is optimized with the Yoast SEO Premium plugin v27.3 (Yoast SEO v27.3) - https:\/\/yoast.com\/product\/yoast-seo-premium-wordpress\/ -->\n<title>Namaak Dripcake Aardbei - Decofoodshop<\/title>\n<meta name=\"description\" content=\"Namaak Dripcake Aardbei | Decofoodshop.nl. Namaak gebak is een van onze specialiteiten. Alles producten worden direct uit eigen voorraad verzonden.\" \/>\n<meta name=\"robots\" content=\"index, follow, max-snippet:-1, max-image-preview:large, max-video-preview:-1\" \/>\n<link rel=\"canonical\" href=\"https:\/\/decofoodshop.nl\/de\/produktkategorie-2\/brotkuchen\/\" \/>\n<meta property=\"og:locale\" content=\"de_DE\" \/>\n<meta property=\"og:type\" content=\"article\" \/>\n<meta property=\"og:title\" content=\"Namaak Dripcake Aardbei\" \/>\n<meta property=\"og:description\" content=\"Namaak Dripcake Aardbei | Decofoodshop.nl. Namaak gebak is een van onze specialiteiten. Alles producten worden direct uit eigen voorraad verzonden.\" \/>\n<meta property=\"og:url\" content=\"https:\/\/decofoodshop.nl\/de\/produktkategorie-2\/brotkuchen\/\" \/>\n<meta property=\"og:site_name\" content=\"Decofoodshop\" \/>\n<meta property=\"article:modified_time\" content=\"2026-03-07T13:59:14+00:00\" \/>\n<meta property=\"og:image\" content=\"https:\/\/decofoodshop.nl\/wp-content\/uploads\/2022\/11\/namaak-dripcake-aardbei-zijaanzicht.jpg\" \/>\n\t<meta property=\"og:image:width\" content=\"800\" \/>\n\t<meta property=\"og:image:height\" content=\"800\" \/>\n\t<meta property=\"og:image:type\" content=\"image\/jpeg\" \/>\n<meta name=\"twitter:card\" content=\"summary_large_image\" \/>\n<meta name=\"twitter:label1\" content=\"Gesch\u00e4tzte Lesezeit\" \/>\n\t<meta name=\"twitter:data1\" content=\"1\u00a0Minute\" \/>\n<script type=\"application\/ld+json\" class=\"yoast-schema-graph\">{\"@context\":\"https:\\\/\\\/schema.org\",\"@graph\":[{\"@type\":\"WebPage\",\"@id\":\"https:\\\/\\\/decofoodshop.nl\\\/product\\\/namaak-dripcake-aardbei\\\/\",\"url\":\"https:\\\/\\\/decofoodshop.nl\\\/product-categorie\\\/broodengebak\\\/\",\"name\":\"Namaak Dripcake Aardbei - Decofoodshop\",\"isPartOf\":{\"@id\":\"https:\\\/\\\/decofoodshop.nl\\\/#website\"},\"primaryImageOfPage\":{\"@id\":\"https:\\\/\\\/decofoodshop.nl\\\/product-categorie\\\/broodengebak\\\/#primaryimage\"},\"image\":{\"@id\":\"https:\\\/\\\/decofoodshop.nl\\\/product-categorie\\\/broodengebak\\\/#primaryimage\"},\"thumbnailUrl\":\"https:\\\/\\\/decofoodshop.nl\\\/wp-content\\\/uploads\\\/2022\\\/11\\\/namaak-dripcake-aardbei-zijaanzicht.jpg\",\"datePublished\":\"2022-11-28T13:00:54+00:00\",\"dateModified\":\"2026-03-07T13:59:14+00:00\",\"description\":\"Namaak Dripcake Aardbei | Decofoodshop.nl. Namaak gebak is een van onze specialiteiten. Alles producten worden direct uit eigen voorraad verzonden.\",\"breadcrumb\":{\"@id\":\"https:\\\/\\\/decofoodshop.nl\\\/product-categorie\\\/broodengebak\\\/#breadcrumb\"},\"inLanguage\":\"de\",\"potentialAction\":[{\"@type\":\"ReadAction\",\"target\":[\"https:\\\/\\\/decofoodshop.nl\\\/product-categorie\\\/broodengebak\\\/\"]}]},{\"@type\":\"ImageObject\",\"inLanguage\":\"de\",\"@id\":\"https:\\\/\\\/decofoodshop.nl\\\/product-categorie\\\/broodengebak\\\/#primaryimage\",\"url\":\"https:\\\/\\\/decofoodshop.nl\\\/wp-content\\\/uploads\\\/2022\\\/11\\\/namaak-dripcake-aardbei-zijaanzicht.jpg\",\"contentUrl\":\"https:\\\/\\\/decofoodshop.nl\\\/wp-content\\\/uploads\\\/2022\\\/11\\\/namaak-dripcake-aardbei-zijaanzicht.jpg\",\"width\":800,\"height\":800,\"caption\":\"namaak dripcake aardbei zijaanzicht\"},{\"@type\":\"BreadcrumbList\",\"@id\":\"https:\\\/\\\/decofoodshop.nl\\\/product-categorie\\\/broodengebak\\\/#breadcrumb\",\"itemListElement\":[{\"@type\":\"ListItem\",\"position\":1,\"name\":\"Home\",\"item\":\"https:\\\/\\\/decofoodshop.nl\\\/\"},{\"@type\":\"ListItem\",\"position\":2,\"name\":\"Winkel\",\"item\":\"https:\\\/\\\/decofoodshop.nl\\\/winkel\\\/\"},{\"@type\":\"ListItem\",\"position\":3,\"name\":\"Namaak Dripcake Aardbei\"}]},{\"@type\":\"WebSite\",\"@id\":\"https:\\\/\\\/decofoodshop.nl\\\/#website\",\"url\":\"https:\\\/\\\/decofoodshop.nl\\\/\",\"name\":\"Decofoodshop\",\"description\":\"\",\"potentialAction\":[{\"@type\":\"SearchAction\",\"target\":{\"@type\":\"EntryPoint\",\"urlTemplate\":\"https:\\\/\\\/decofoodshop.nl\\\/?s={search_term_string}\"},\"query-input\":{\"@type\":\"PropertyValueSpecification\",\"valueRequired\":true,\"valueName\":\"search_term_string\"}}],\"inLanguage\":\"de\"}]}<\/script>\n<!-- \/ Yoast SEO Premium plugin. -->","yoast_head_json":{"title":"Fake Dripcake Erdbeere - Decofoodshop","description":"Fake Dripcake Erdbeere | Decofoodshop.nl. Geb\u00e4ckf\u00e4lschungen sind eine unserer Spezialit\u00e4ten. Alle Produkte werden direkt aus unserem eigenen Lager versandt.","robots":{"index":"index","follow":"follow","max-snippet":"max-snippet:-1","max-image-preview":"max-image-preview:large","max-video-preview":"max-video-preview:-1"},"canonical":"https:\/\/decofoodshop.nl\/de\/produktkategorie-2\/brotkuchen\/","og_locale":"de_DE","og_type":"article","og_title":"Namaak Dripcake Aardbei","og_description":"Namaak Dripcake Aardbei | Decofoodshop.nl. Namaak gebak is een van onze specialiteiten. Alles producten worden direct uit eigen voorraad verzonden.","og_url":"https:\/\/decofoodshop.nl\/de\/produktkategorie-2\/brotkuchen\/","og_site_name":"Decofoodshop","article_modified_time":"2026-03-07T13:59:14+00:00","og_image":[{"width":800,"height":800,"url":"https:\/\/decofoodshop.nl\/wp-content\/uploads\/2022\/11\/namaak-dripcake-aardbei-zijaanzicht.jpg","type":"image\/jpeg"}],"twitter_card":"summary_large_image","twitter_misc":{"Gesch\u00e4tzte Lesezeit":"1\u00a0Minute"},"schema":{"@context":"https:\/\/schema.org","@graph":[{"@type":"WebPage","@id":"https:\/\/decofoodshop.nl\/product\/namaak-dripcake-aardbei\/","url":"https:\/\/decofoodshop.nl\/product-categorie\/broodengebak\/","name":"Fake Dripcake Erdbeere - Decofoodshop","isPartOf":{"@id":"https:\/\/decofoodshop.nl\/#website"},"primaryImageOfPage":{"@id":"https:\/\/decofoodshop.nl\/product-categorie\/broodengebak\/#primaryimage"},"image":{"@id":"https:\/\/decofoodshop.nl\/product-categorie\/broodengebak\/#primaryimage"},"thumbnailUrl":"https:\/\/decofoodshop.nl\/wp-content\/uploads\/2022\/11\/namaak-dripcake-aardbei-zijaanzicht.jpg","datePublished":"2022-11-28T13:00:54+00:00","dateModified":"2026-03-07T13:59:14+00:00","description":"Fake Dripcake Erdbeere | Decofoodshop.nl. Geb\u00e4ckf\u00e4lschungen sind eine unserer Spezialit\u00e4ten. Alle Produkte werden direkt aus unserem eigenen Lager versandt.","breadcrumb":{"@id":"https:\/\/decofoodshop.nl\/product-categorie\/broodengebak\/#breadcrumb"},"inLanguage":"de","potentialAction":[{"@type":"ReadAction","target":["https:\/\/decofoodshop.nl\/product-categorie\/broodengebak\/"]}]},{"@type":"ImageObject","inLanguage":"de","@id":"https:\/\/decofoodshop.nl\/product-categorie\/broodengebak\/#primaryimage","url":"https:\/\/decofoodshop.nl\/wp-content\/uploads\/2022\/11\/namaak-dripcake-aardbei-zijaanzicht.jpg","contentUrl":"https:\/\/decofoodshop.nl\/wp-content\/uploads\/2022\/11\/namaak-dripcake-aardbei-zijaanzicht.jpg","width":800,"height":800,"caption":"namaak dripcake aardbei zijaanzicht"},{"@type":"BreadcrumbList","@id":"https:\/\/decofoodshop.nl\/product-categorie\/broodengebak\/#breadcrumb","itemListElement":[{"@type":"ListItem","position":1,"name":"Home","item":"https:\/\/decofoodshop.nl\/"},{"@type":"ListItem","position":2,"name":"Winkel","item":"https:\/\/decofoodshop.nl\/winkel\/"},{"@type":"ListItem","position":3,"name":"Namaak Dripcake Aardbei"}]},{"@type":"WebSite","@id":"https:\/\/decofoodshop.nl\/#website","url":"https:\/\/decofoodshop.nl\/","name":"Dekofoodshop","description":"","potentialAction":[{"@type":"SearchAction","target":{"@type":"EntryPoint","urlTemplate":"https:\/\/decofoodshop.nl\/?s={search_term_string}"},"query-input":{"@type":"PropertyValueSpecification","valueRequired":true,"valueName":"search_term_string"}}],"inLanguage":"de"}]}},"_links":{"self":[{"href":"https:\/\/decofoodshop.nl\/de\/wp-json\/wp\/v2\/product\/7057","targetHints":{"allow":["GET"]}}],"collection":[{"href":"https:\/\/decofoodshop.nl\/de\/wp-json\/wp\/v2\/product"}],"about":[{"href":"https:\/\/decofoodshop.nl\/de\/wp-json\/wp\/v2\/types\/product"}],"wp:featuredmedia":[{"embeddable":true,"href":"https:\/\/decofoodshop.nl\/de\/wp-json\/wp\/v2\/media\/7059"}],"wp:attachment":[{"href":"https:\/\/decofoodshop.nl\/de\/wp-json\/wp\/v2\/media?parent=7057"}],"wp:term":[{"taxonomy":"product_brand","embeddable":true,"href":"https:\/\/decofoodshop.nl\/de\/wp-json\/wp\/v2\/product_brand?post=7057"},{"taxonomy":"product_cat","embeddable":true,"href":"https:\/\/decofoodshop.nl\/de\/wp-json\/wp\/v2\/product_cat?post=7057"},{"taxonomy":"product_tag","embeddable":true,"href":"https:\/\/decofoodshop.nl\/de\/wp-json\/wp\/v2\/product_tag?post=7057"}],"curies":[{"name":"wp","href":"https:\/\/api.w.org\/{rel}","templated":true}]}}