{"id":7062,"date":"2022-11-28T14:35:35","date_gmt":"2022-11-28T13:35:35","guid":{"rendered":"https:\/\/decofoodshop.nl\/?post_type=product&#038;p=7062"},"modified":"2026-03-19T11:49:38","modified_gmt":"2026-03-19T10:49:38","slug":"gefalschter-orangenkuchen","status":"publish","type":"product","link":"https:\/\/decofoodshop.nl\/de\/product\/namaak-sinaasappel-taartje\/","title":{"rendered":"Gef\u00e4lschter Orangenkuchen"},"content":{"rendered":"<p>Der gef\u00e4lschte Orangenkuchen ist einer der kleinen Kuchen, die wir anbieten.<\/p>\n<p>Der gef\u00e4lschte Kuchen hat eine sch\u00f6ne orangefarbene Glasur, die ihm ein lebensechtes Aussehen verleiht.<\/p>\n<p>Auf dem Kuchen wurden verschiedene gef\u00e4lschte Bel\u00e4ge platziert, darunter gef\u00e4lschte Schokolade, Orangenst\u00fccke und gef\u00e4lschte Sahne.<\/p>\n<p>Das verleiht dem Kunstgeb\u00e4ck ein \u00e4u\u00dferst appetitliches Aussehen.<\/p>\n<p>Die Deko-Torte besteht aus einem weichen Schaumstoff, der gepresst werden kann und dann wieder in seine urspr\u00fcngliche Form zur\u00fcckkehrt.<\/p>\n<p>F\u00fcr mehr unserer Dekorationslebensmittel k\u00f6nnen Sie <strong><span style=\"color: #008000;\"><a style=\"color: #008000;\" href=\"https:\/\/decofoodshop.nl\/de\/produktkategorie-2\/gefalschter-fisch-und-fleisch\/\">hier<\/a> <\/span><\/strong>Klicken Sie hier, um zu unserem k\u00fcnstlichen Fleisch und Fisch zu gelangen.<\/p>","protected":false},"excerpt":{"rendered":"<p>Het namaak sinaasappel taartje is een van de kleine taartjes die wij aanbieden. Het namaak taartje heeft mooi oranje glazuur waardoor het een levensechte uitstraling krijgt. Op het taartje zijn verschillende namaak toppings geplaatst waaronder namaak chocolade, sinaasappel stukjes en namaak room. Het kunst gebak heeft hierdoor een uiterst smakelijke uitstraling. Het decoratie taartje is [&hellip;]<\/p>\n","protected":false},"featured_media":7065,"template":"","meta":{"_acf_changed":false,"_genesis_hide_title":false,"_genesis_hide_breadcrumbs":false,"_genesis_hide_singular_image":false,"_genesis_hide_footer_widgets":false,"_genesis_custom_body_class":"","_genesis_custom_post_class":"","_genesis_layout":""},"product_brand":[],"product_cat":[46],"product_tag":[],"class_list":{"0":"post-7062","1":"product","2":"type-product","3":"status-publish","4":"has-post-thumbnail","6":"product_cat-broodengebak","7":"entry","8":"wpx-has-gallery","10":"first","11":"instock","12":"taxable","13":"shipping-taxable","14":"purchasable","15":"product-type-simple"},"acf":[],"yoast_head":"<!-- This site is optimized with the Yoast SEO Premium plugin v27.3 (Yoast SEO v27.3) - https:\/\/yoast.com\/product\/yoast-seo-premium-wordpress\/ -->\n<title>Namaak Sinaasappel Taartje - Decofoodshop<\/title>\n<meta name=\"description\" content=\"Het namaak sinaasappel taartje is een van de verschillende dripcakes die op Decofoodshop.nl aangeboden worden. Bekijk ons gehele assortiment kunst gebak.\" \/>\n<meta name=\"robots\" content=\"index, follow, max-snippet:-1, max-image-preview:large, max-video-preview:-1\" \/>\n<link rel=\"canonical\" href=\"https:\/\/decofoodshop.nl\/de\/produktkategorie-2\/brotkuchen\/\" \/>\n<meta property=\"og:locale\" content=\"de_DE\" \/>\n<meta property=\"og:type\" content=\"article\" \/>\n<meta property=\"og:title\" content=\"Namaak Sinaasappel Taartje\" \/>\n<meta property=\"og:description\" content=\"Het namaak sinaasappel taartje is een van de verschillende dripcakes die op Decofoodshop.nl aangeboden worden. Bekijk ons gehele assortiment kunst gebak.\" \/>\n<meta property=\"og:url\" content=\"https:\/\/decofoodshop.nl\/de\/produktkategorie-2\/brotkuchen\/\" \/>\n<meta property=\"og:site_name\" content=\"Decofoodshop\" \/>\n<meta property=\"article:modified_time\" content=\"2026-03-19T10:49:38+00:00\" \/>\n<meta property=\"og:image\" content=\"https:\/\/decofoodshop.nl\/wp-content\/uploads\/2022\/11\/namaak-sinaasappel-taartje-vooraanzicht.jpg\" \/>\n\t<meta property=\"og:image:width\" content=\"800\" \/>\n\t<meta property=\"og:image:height\" content=\"800\" \/>\n\t<meta property=\"og:image:type\" content=\"image\/jpeg\" \/>\n<meta name=\"twitter:card\" content=\"summary_large_image\" \/>\n<meta name=\"twitter:label1\" content=\"Gesch\u00e4tzte Lesezeit\" \/>\n\t<meta name=\"twitter:data1\" content=\"1\u00a0Minute\" \/>\n<script type=\"application\/ld+json\" class=\"yoast-schema-graph\">{\"@context\":\"https:\\\/\\\/schema.org\",\"@graph\":[{\"@type\":\"WebPage\",\"@id\":\"https:\\\/\\\/decofoodshop.nl\\\/product\\\/namaak-sinaasappel-taartje\\\/\",\"url\":\"https:\\\/\\\/decofoodshop.nl\\\/product-categorie\\\/broodengebak\\\/\",\"name\":\"Namaak Sinaasappel Taartje - Decofoodshop\",\"isPartOf\":{\"@id\":\"https:\\\/\\\/decofoodshop.nl\\\/#website\"},\"primaryImageOfPage\":{\"@id\":\"https:\\\/\\\/decofoodshop.nl\\\/product-categorie\\\/broodengebak\\\/#primaryimage\"},\"image\":{\"@id\":\"https:\\\/\\\/decofoodshop.nl\\\/product-categorie\\\/broodengebak\\\/#primaryimage\"},\"thumbnailUrl\":\"https:\\\/\\\/decofoodshop.nl\\\/wp-content\\\/uploads\\\/2022\\\/11\\\/namaak-sinaasappel-taartje-vooraanzicht.jpg\",\"datePublished\":\"2022-11-28T13:35:35+00:00\",\"dateModified\":\"2026-03-19T10:49:38+00:00\",\"description\":\"Het namaak sinaasappel taartje is een van de verschillende dripcakes die op Decofoodshop.nl aangeboden worden. Bekijk ons gehele assortiment kunst gebak.\",\"breadcrumb\":{\"@id\":\"https:\\\/\\\/decofoodshop.nl\\\/product-categorie\\\/broodengebak\\\/#breadcrumb\"},\"inLanguage\":\"de\",\"potentialAction\":[{\"@type\":\"ReadAction\",\"target\":[\"https:\\\/\\\/decofoodshop.nl\\\/product-categorie\\\/broodengebak\\\/\"]}]},{\"@type\":\"ImageObject\",\"inLanguage\":\"de\",\"@id\":\"https:\\\/\\\/decofoodshop.nl\\\/product-categorie\\\/broodengebak\\\/#primaryimage\",\"url\":\"https:\\\/\\\/decofoodshop.nl\\\/wp-content\\\/uploads\\\/2022\\\/11\\\/namaak-sinaasappel-taartje-vooraanzicht.jpg\",\"contentUrl\":\"https:\\\/\\\/decofoodshop.nl\\\/wp-content\\\/uploads\\\/2022\\\/11\\\/namaak-sinaasappel-taartje-vooraanzicht.jpg\",\"width\":800,\"height\":800,\"caption\":\"namaak sinaasappel taartje vooraanzicht\"},{\"@type\":\"BreadcrumbList\",\"@id\":\"https:\\\/\\\/decofoodshop.nl\\\/product-categorie\\\/broodengebak\\\/#breadcrumb\",\"itemListElement\":[{\"@type\":\"ListItem\",\"position\":1,\"name\":\"Home\",\"item\":\"https:\\\/\\\/decofoodshop.nl\\\/\"},{\"@type\":\"ListItem\",\"position\":2,\"name\":\"Winkel\",\"item\":\"https:\\\/\\\/decofoodshop.nl\\\/winkel\\\/\"},{\"@type\":\"ListItem\",\"position\":3,\"name\":\"Namaak Sinaasappel Taartje\"}]},{\"@type\":\"WebSite\",\"@id\":\"https:\\\/\\\/decofoodshop.nl\\\/#website\",\"url\":\"https:\\\/\\\/decofoodshop.nl\\\/\",\"name\":\"Decofoodshop\",\"description\":\"\",\"potentialAction\":[{\"@type\":\"SearchAction\",\"target\":{\"@type\":\"EntryPoint\",\"urlTemplate\":\"https:\\\/\\\/decofoodshop.nl\\\/?s={search_term_string}\"},\"query-input\":{\"@type\":\"PropertyValueSpecification\",\"valueRequired\":true,\"valueName\":\"search_term_string\"}}],\"inLanguage\":\"de\"}]}<\/script>\n<!-- \/ Yoast SEO Premium plugin. -->","yoast_head_json":{"title":"Gef\u00e4lschter Orangenkuchen - Decofoodshop","description":"Der gef\u00e4lschte Orangenkuchen ist einer der verschiedenen Tropfkuchen, die auf Decofoodshop.nl angeboten werden. Sehen Sie sich unser gesamtes Angebot an Kunstgeb\u00e4ck an.","robots":{"index":"index","follow":"follow","max-snippet":"max-snippet:-1","max-image-preview":"max-image-preview:large","max-video-preview":"max-video-preview:-1"},"canonical":"https:\/\/decofoodshop.nl\/de\/produktkategorie-2\/brotkuchen\/","og_locale":"de_DE","og_type":"article","og_title":"Namaak Sinaasappel Taartje","og_description":"Het namaak sinaasappel taartje is een van de verschillende dripcakes die op Decofoodshop.nl aangeboden worden. Bekijk ons gehele assortiment kunst gebak.","og_url":"https:\/\/decofoodshop.nl\/de\/produktkategorie-2\/brotkuchen\/","og_site_name":"Decofoodshop","article_modified_time":"2026-03-19T10:49:38+00:00","og_image":[{"width":800,"height":800,"url":"https:\/\/decofoodshop.nl\/wp-content\/uploads\/2022\/11\/namaak-sinaasappel-taartje-vooraanzicht.jpg","type":"image\/jpeg"}],"twitter_card":"summary_large_image","twitter_misc":{"Gesch\u00e4tzte Lesezeit":"1\u00a0Minute"},"schema":{"@context":"https:\/\/schema.org","@graph":[{"@type":"WebPage","@id":"https:\/\/decofoodshop.nl\/product\/namaak-sinaasappel-taartje\/","url":"https:\/\/decofoodshop.nl\/product-categorie\/broodengebak\/","name":"Gef\u00e4lschter Orangenkuchen - Decofoodshop","isPartOf":{"@id":"https:\/\/decofoodshop.nl\/#website"},"primaryImageOfPage":{"@id":"https:\/\/decofoodshop.nl\/product-categorie\/broodengebak\/#primaryimage"},"image":{"@id":"https:\/\/decofoodshop.nl\/product-categorie\/broodengebak\/#primaryimage"},"thumbnailUrl":"https:\/\/decofoodshop.nl\/wp-content\/uploads\/2022\/11\/namaak-sinaasappel-taartje-vooraanzicht.jpg","datePublished":"2022-11-28T13:35:35+00:00","dateModified":"2026-03-19T10:49:38+00:00","description":"Der gef\u00e4lschte Orangenkuchen ist einer der verschiedenen Tropfkuchen, die auf Decofoodshop.nl angeboten werden. Sehen Sie sich unser gesamtes Angebot an Kunstgeb\u00e4ck an.","breadcrumb":{"@id":"https:\/\/decofoodshop.nl\/product-categorie\/broodengebak\/#breadcrumb"},"inLanguage":"de","potentialAction":[{"@type":"ReadAction","target":["https:\/\/decofoodshop.nl\/product-categorie\/broodengebak\/"]}]},{"@type":"ImageObject","inLanguage":"de","@id":"https:\/\/decofoodshop.nl\/product-categorie\/broodengebak\/#primaryimage","url":"https:\/\/decofoodshop.nl\/wp-content\/uploads\/2022\/11\/namaak-sinaasappel-taartje-vooraanzicht.jpg","contentUrl":"https:\/\/decofoodshop.nl\/wp-content\/uploads\/2022\/11\/namaak-sinaasappel-taartje-vooraanzicht.jpg","width":800,"height":800,"caption":"namaak sinaasappel taartje vooraanzicht"},{"@type":"BreadcrumbList","@id":"https:\/\/decofoodshop.nl\/product-categorie\/broodengebak\/#breadcrumb","itemListElement":[{"@type":"ListItem","position":1,"name":"Home","item":"https:\/\/decofoodshop.nl\/"},{"@type":"ListItem","position":2,"name":"Winkel","item":"https:\/\/decofoodshop.nl\/winkel\/"},{"@type":"ListItem","position":3,"name":"Namaak Sinaasappel Taartje"}]},{"@type":"WebSite","@id":"https:\/\/decofoodshop.nl\/#website","url":"https:\/\/decofoodshop.nl\/","name":"Dekofoodshop","description":"","potentialAction":[{"@type":"SearchAction","target":{"@type":"EntryPoint","urlTemplate":"https:\/\/decofoodshop.nl\/?s={search_term_string}"},"query-input":{"@type":"PropertyValueSpecification","valueRequired":true,"valueName":"search_term_string"}}],"inLanguage":"de"}]}},"_links":{"self":[{"href":"https:\/\/decofoodshop.nl\/de\/wp-json\/wp\/v2\/product\/7062","targetHints":{"allow":["GET"]}}],"collection":[{"href":"https:\/\/decofoodshop.nl\/de\/wp-json\/wp\/v2\/product"}],"about":[{"href":"https:\/\/decofoodshop.nl\/de\/wp-json\/wp\/v2\/types\/product"}],"wp:featuredmedia":[{"embeddable":true,"href":"https:\/\/decofoodshop.nl\/de\/wp-json\/wp\/v2\/media\/7065"}],"wp:attachment":[{"href":"https:\/\/decofoodshop.nl\/de\/wp-json\/wp\/v2\/media?parent=7062"}],"wp:term":[{"taxonomy":"product_brand","embeddable":true,"href":"https:\/\/decofoodshop.nl\/de\/wp-json\/wp\/v2\/product_brand?post=7062"},{"taxonomy":"product_cat","embeddable":true,"href":"https:\/\/decofoodshop.nl\/de\/wp-json\/wp\/v2\/product_cat?post=7062"},{"taxonomy":"product_tag","embeddable":true,"href":"https:\/\/decofoodshop.nl\/de\/wp-json\/wp\/v2\/product_tag?post=7062"}],"curies":[{"name":"wp","href":"https:\/\/api.w.org\/{rel}","templated":true}]}}