{"id":7209,"date":"2023-01-05T12:21:10","date_gmt":"2023-01-05T11:21:10","guid":{"rendered":"https:\/\/decofoodshop.nl\/?post_type=product&#038;p=7209"},"modified":"2026-03-18T17:06:02","modified_gmt":"2026-03-18T16:06:02","slug":"fake-bratgarnelen-set-6-tlg","status":"publish","type":"product","link":"https:\/\/decofoodshop.nl\/de\/product\/namaak-gefrituurde-garnaal-set-6-stuks\/","title":{"rendered":"Gef\u00e4lschtes gebratenes Garnelen-Set 6-teilig"},"content":{"rendered":"<p>Das frittierte Garnelen Set besteht aus 6 St\u00fcck<\/p>\n<p>Mit der gl\u00e4nzenden Oberfl\u00e4che scheinen die Garnelen gerade aus der Fritteuse gekommen zu sein.<\/p>\n<p>Der Schwanz ragt am Ende dieser gef\u00e4lschten frittierten Garnele heraus.<\/p>\n<p>Dieser Schwanz ist anmutig verarbeitet und verleiht den gef\u00e4lschten Garnelen ihr realistisches Aussehen.<\/p>\n<p>Diese gef\u00e4lschten gebratenen Garnelen werden auch Ebi-Fry genannt.<\/p>\n<p>Die gef\u00e4lschten Ebi-Fry sind wundersch\u00f6n dekorativ.<\/p>\n<p>Schauen Sie sich auch unsere an <strong><span style=\"color: #008000;\"><a style=\"color: #008000;\" href=\"https:\/\/decofoodshop.nl\/de\/produktkategorie-2\/kunstliches-gemuse\/\">gef\u00e4lschtes Gem\u00fcse<\/a> <\/span><\/strong>Kategorie f\u00fcr mehr gef\u00e4lschte Lebensmittel.<\/p>","protected":false},"excerpt":{"rendered":"<p>De namaak gefrituurde garnaal set bestaat uit 6 stuks Met de glimmende afwerking lijken de garnalen net uit de frituur te komen. Aan het uiteinde van deze nep gefrituurde garnalen steekt het staartje uit. Dit staartje is sierlijk afgewerkt en geeft de nep garnalen hun realistische uitstraling. Deze namaak gefrituurde garnalen worden ook wel ebi-fry [&hellip;]<\/p>\n","protected":false},"featured_media":7214,"template":"","meta":{"_acf_changed":false,"_genesis_hide_title":false,"_genesis_hide_breadcrumbs":false,"_genesis_hide_singular_image":false,"_genesis_hide_footer_widgets":false,"_genesis_custom_body_class":"","_genesis_custom_post_class":"","_genesis_layout":""},"product_brand":[],"product_cat":[50],"product_tag":[],"class_list":{"0":"post-7209","1":"product","2":"type-product","3":"status-publish","4":"has-post-thumbnail","6":"product_cat-namaak-vis-en-vlees","7":"entry","8":"wpx-has-gallery","10":"first","11":"instock","12":"taxable","13":"shipping-taxable","14":"purchasable","15":"product-type-simple"},"acf":[],"yoast_head":"<!-- This site is optimized with the Yoast SEO Premium plugin v27.3 (Yoast SEO v27.3) - https:\/\/yoast.com\/product\/yoast-seo-premium-wordpress\/ -->\n<title>Namaak Gefrituurde Garnaal set 6 stuks - Decofoodshop<\/title>\n<meta name=\"description\" content=\"De Namaak gefrituurde garnaal set 6 stuks is alleen verkrijgbaar bij Decofoodshop.nl. Het grootste assortiment namaak voedingswaren.\" \/>\n<meta name=\"robots\" content=\"index, follow, max-snippet:-1, max-image-preview:large, max-video-preview:-1\" \/>\n<link rel=\"canonical\" href=\"https:\/\/decofoodshop.nl\/de\/produktkategorie-2\/gefalschter-fisch-und-fleisch\/\" \/>\n<meta property=\"og:locale\" content=\"de_DE\" \/>\n<meta property=\"og:type\" content=\"article\" \/>\n<meta property=\"og:title\" content=\"Namaak Gefrituurde Garnaal set 6 stuks\" \/>\n<meta property=\"og:description\" content=\"De Namaak gefrituurde garnaal set 6 stuks is alleen verkrijgbaar bij Decofoodshop.nl. Het grootste assortiment namaak voedingswaren.\" \/>\n<meta property=\"og:url\" content=\"https:\/\/decofoodshop.nl\/de\/produktkategorie-2\/gefalschter-fisch-und-fleisch\/\" \/>\n<meta property=\"og:site_name\" content=\"Decofoodshop\" \/>\n<meta property=\"article:modified_time\" content=\"2026-03-18T16:06:02+00:00\" \/>\n<meta property=\"og:image\" content=\"https:\/\/decofoodshop.nl\/wp-content\/uploads\/2023\/01\/namaak-gefrituurde-garnaal-6-stuks-vooraanzicht.jpg\" \/>\n\t<meta property=\"og:image:width\" content=\"595\" \/>\n\t<meta property=\"og:image:height\" content=\"595\" \/>\n\t<meta property=\"og:image:type\" content=\"image\/jpeg\" \/>\n<meta name=\"twitter:card\" content=\"summary_large_image\" \/>\n<meta name=\"twitter:label1\" content=\"Gesch\u00e4tzte Lesezeit\" \/>\n\t<meta name=\"twitter:data1\" content=\"1\u00a0Minute\" \/>\n<script type=\"application\/ld+json\" class=\"yoast-schema-graph\">{\"@context\":\"https:\\\/\\\/schema.org\",\"@graph\":[{\"@type\":\"WebPage\",\"@id\":\"https:\\\/\\\/decofoodshop.nl\\\/product\\\/namaak-gefrituurde-garnaal-set-6-stuks\\\/\",\"url\":\"https:\\\/\\\/decofoodshop.nl\\\/product-categorie\\\/namaak-vis-en-vlees\\\/\",\"name\":\"Namaak Gefrituurde Garnaal set 6 stuks - Decofoodshop\",\"isPartOf\":{\"@id\":\"https:\\\/\\\/decofoodshop.nl\\\/#website\"},\"primaryImageOfPage\":{\"@id\":\"https:\\\/\\\/decofoodshop.nl\\\/product-categorie\\\/namaak-vis-en-vlees\\\/#primaryimage\"},\"image\":{\"@id\":\"https:\\\/\\\/decofoodshop.nl\\\/product-categorie\\\/namaak-vis-en-vlees\\\/#primaryimage\"},\"thumbnailUrl\":\"https:\\\/\\\/decofoodshop.nl\\\/wp-content\\\/uploads\\\/2023\\\/01\\\/namaak-gefrituurde-garnaal-6-stuks-vooraanzicht.jpg\",\"datePublished\":\"2023-01-05T11:21:10+00:00\",\"dateModified\":\"2026-03-18T16:06:02+00:00\",\"description\":\"De Namaak gefrituurde garnaal set 6 stuks is alleen verkrijgbaar bij Decofoodshop.nl. Het grootste assortiment namaak voedingswaren.\",\"breadcrumb\":{\"@id\":\"https:\\\/\\\/decofoodshop.nl\\\/product-categorie\\\/namaak-vis-en-vlees\\\/#breadcrumb\"},\"inLanguage\":\"de\",\"potentialAction\":[{\"@type\":\"ReadAction\",\"target\":[\"https:\\\/\\\/decofoodshop.nl\\\/product-categorie\\\/namaak-vis-en-vlees\\\/\"]}]},{\"@type\":\"ImageObject\",\"inLanguage\":\"de\",\"@id\":\"https:\\\/\\\/decofoodshop.nl\\\/product-categorie\\\/namaak-vis-en-vlees\\\/#primaryimage\",\"url\":\"https:\\\/\\\/decofoodshop.nl\\\/wp-content\\\/uploads\\\/2023\\\/01\\\/namaak-gefrituurde-garnaal-6-stuks-vooraanzicht.jpg\",\"contentUrl\":\"https:\\\/\\\/decofoodshop.nl\\\/wp-content\\\/uploads\\\/2023\\\/01\\\/namaak-gefrituurde-garnaal-6-stuks-vooraanzicht.jpg\",\"width\":595,\"height\":595,\"caption\":\"namaak gefrituurde garnaal 6 stuks\"},{\"@type\":\"BreadcrumbList\",\"@id\":\"https:\\\/\\\/decofoodshop.nl\\\/product-categorie\\\/namaak-vis-en-vlees\\\/#breadcrumb\",\"itemListElement\":[{\"@type\":\"ListItem\",\"position\":1,\"name\":\"Home\",\"item\":\"https:\\\/\\\/decofoodshop.nl\\\/\"},{\"@type\":\"ListItem\",\"position\":2,\"name\":\"Winkel\",\"item\":\"https:\\\/\\\/decofoodshop.nl\\\/winkel\\\/\"},{\"@type\":\"ListItem\",\"position\":3,\"name\":\"Namaak Gefrituurde Garnaal set 6 stuks\"}]},{\"@type\":\"WebSite\",\"@id\":\"https:\\\/\\\/decofoodshop.nl\\\/#website\",\"url\":\"https:\\\/\\\/decofoodshop.nl\\\/\",\"name\":\"Decofoodshop\",\"description\":\"\",\"potentialAction\":[{\"@type\":\"SearchAction\",\"target\":{\"@type\":\"EntryPoint\",\"urlTemplate\":\"https:\\\/\\\/decofoodshop.nl\\\/?s={search_term_string}\"},\"query-input\":{\"@type\":\"PropertyValueSpecification\",\"valueRequired\":true,\"valueName\":\"search_term_string\"}}],\"inLanguage\":\"de\"}]}<\/script>\n<!-- \/ Yoast SEO Premium plugin. -->","yoast_head_json":{"title":"Gef\u00e4lschtes gebratenes Garnelen-Set 6 St\u00fcck - Decofoodshop","description":"Das Fake frittierte Garnelen-Set 6 St\u00fcck ist nur bei Decofoodshop.nl erh\u00e4ltlich. Das gr\u00f6\u00dfte Sortiment an gef\u00e4lschten Lebensmitteln.","robots":{"index":"index","follow":"follow","max-snippet":"max-snippet:-1","max-image-preview":"max-image-preview:large","max-video-preview":"max-video-preview:-1"},"canonical":"https:\/\/decofoodshop.nl\/de\/produktkategorie-2\/gefalschter-fisch-und-fleisch\/","og_locale":"de_DE","og_type":"article","og_title":"Namaak Gefrituurde Garnaal set 6 stuks","og_description":"De Namaak gefrituurde garnaal set 6 stuks is alleen verkrijgbaar bij Decofoodshop.nl. Het grootste assortiment namaak voedingswaren.","og_url":"https:\/\/decofoodshop.nl\/de\/produktkategorie-2\/gefalschter-fisch-und-fleisch\/","og_site_name":"Decofoodshop","article_modified_time":"2026-03-18T16:06:02+00:00","og_image":[{"width":595,"height":595,"url":"https:\/\/decofoodshop.nl\/wp-content\/uploads\/2023\/01\/namaak-gefrituurde-garnaal-6-stuks-vooraanzicht.jpg","type":"image\/jpeg"}],"twitter_card":"summary_large_image","twitter_misc":{"Gesch\u00e4tzte Lesezeit":"1\u00a0Minute"},"schema":{"@context":"https:\/\/schema.org","@graph":[{"@type":"WebPage","@id":"https:\/\/decofoodshop.nl\/product\/namaak-gefrituurde-garnaal-set-6-stuks\/","url":"https:\/\/decofoodshop.nl\/product-categorie\/namaak-vis-en-vlees\/","name":"Gef\u00e4lschtes gebratenes Garnelen-Set 6 St\u00fcck - Decofoodshop","isPartOf":{"@id":"https:\/\/decofoodshop.nl\/#website"},"primaryImageOfPage":{"@id":"https:\/\/decofoodshop.nl\/product-categorie\/namaak-vis-en-vlees\/#primaryimage"},"image":{"@id":"https:\/\/decofoodshop.nl\/product-categorie\/namaak-vis-en-vlees\/#primaryimage"},"thumbnailUrl":"https:\/\/decofoodshop.nl\/wp-content\/uploads\/2023\/01\/namaak-gefrituurde-garnaal-6-stuks-vooraanzicht.jpg","datePublished":"2023-01-05T11:21:10+00:00","dateModified":"2026-03-18T16:06:02+00:00","description":"Das Fake frittierte Garnelen-Set 6 St\u00fcck ist nur bei Decofoodshop.nl erh\u00e4ltlich. Das gr\u00f6\u00dfte Sortiment an gef\u00e4lschten Lebensmitteln.","breadcrumb":{"@id":"https:\/\/decofoodshop.nl\/product-categorie\/namaak-vis-en-vlees\/#breadcrumb"},"inLanguage":"de","potentialAction":[{"@type":"ReadAction","target":["https:\/\/decofoodshop.nl\/product-categorie\/namaak-vis-en-vlees\/"]}]},{"@type":"ImageObject","inLanguage":"de","@id":"https:\/\/decofoodshop.nl\/product-categorie\/namaak-vis-en-vlees\/#primaryimage","url":"https:\/\/decofoodshop.nl\/wp-content\/uploads\/2023\/01\/namaak-gefrituurde-garnaal-6-stuks-vooraanzicht.jpg","contentUrl":"https:\/\/decofoodshop.nl\/wp-content\/uploads\/2023\/01\/namaak-gefrituurde-garnaal-6-stuks-vooraanzicht.jpg","width":595,"height":595,"caption":"namaak gefrituurde garnaal 6 stuks"},{"@type":"BreadcrumbList","@id":"https:\/\/decofoodshop.nl\/product-categorie\/namaak-vis-en-vlees\/#breadcrumb","itemListElement":[{"@type":"ListItem","position":1,"name":"Home","item":"https:\/\/decofoodshop.nl\/"},{"@type":"ListItem","position":2,"name":"Winkel","item":"https:\/\/decofoodshop.nl\/winkel\/"},{"@type":"ListItem","position":3,"name":"Namaak Gefrituurde Garnaal set 6 stuks"}]},{"@type":"WebSite","@id":"https:\/\/decofoodshop.nl\/#website","url":"https:\/\/decofoodshop.nl\/","name":"Dekofoodshop","description":"","potentialAction":[{"@type":"SearchAction","target":{"@type":"EntryPoint","urlTemplate":"https:\/\/decofoodshop.nl\/?s={search_term_string}"},"query-input":{"@type":"PropertyValueSpecification","valueRequired":true,"valueName":"search_term_string"}}],"inLanguage":"de"}]}},"_links":{"self":[{"href":"https:\/\/decofoodshop.nl\/de\/wp-json\/wp\/v2\/product\/7209","targetHints":{"allow":["GET"]}}],"collection":[{"href":"https:\/\/decofoodshop.nl\/de\/wp-json\/wp\/v2\/product"}],"about":[{"href":"https:\/\/decofoodshop.nl\/de\/wp-json\/wp\/v2\/types\/product"}],"wp:featuredmedia":[{"embeddable":true,"href":"https:\/\/decofoodshop.nl\/de\/wp-json\/wp\/v2\/media\/7214"}],"wp:attachment":[{"href":"https:\/\/decofoodshop.nl\/de\/wp-json\/wp\/v2\/media?parent=7209"}],"wp:term":[{"taxonomy":"product_brand","embeddable":true,"href":"https:\/\/decofoodshop.nl\/de\/wp-json\/wp\/v2\/product_brand?post=7209"},{"taxonomy":"product_cat","embeddable":true,"href":"https:\/\/decofoodshop.nl\/de\/wp-json\/wp\/v2\/product_cat?post=7209"},{"taxonomy":"product_tag","embeddable":true,"href":"https:\/\/decofoodshop.nl\/de\/wp-json\/wp\/v2\/product_tag?post=7209"}],"curies":[{"name":"wp","href":"https:\/\/api.w.org\/{rel}","templated":true}]}}