{"id":7219,"date":"2023-01-06T10:22:40","date_gmt":"2023-01-06T09:22:40","guid":{"rendered":"https:\/\/decofoodshop.nl\/?post_type=product&#038;p=7219"},"modified":"2026-04-02T21:42:28","modified_gmt":"2026-04-02T19:42:28","slug":"gefalschte-avocado-mit-kern","status":"publish","type":"product","link":"https:\/\/decofoodshop.nl\/de\/product\/namaak-avocado-met-pit\/","title":{"rendered":"Gef\u00e4lschte Avocado mit Grube"},"content":{"rendered":"<p>Die unechte Avocado mit Kern ist eine sehr realistische Attrappe.<\/p>\n<p>Die k\u00fcnstliche Avocado besteht aus einem weichen Schaum, der immer wieder in Form kommt.<\/p>\n<p>Die k\u00fcnstliche Avocado und der Kern sind in voller Gr\u00f6\u00dfe.<\/p>\n<p>Das Ganze ist fachm\u00e4nnisch aneinander befestigt und die Grube kann nicht entfernt werden.<\/p>\n<p>Diese gef\u00e4lschte halbe Avocado mit Kern l\u00e4sst sich gut mit unseren anderen Avocados kombinieren.<\/p>\n<p>F\u00fcr viel vielf\u00e4ltigere Dekoration bei uns <strong><span style=\"color: #008000;\"><a style=\"color: #008000;\" href=\"https:\/\/decofoodshop.nl\/de\/produktkategorie-2\/andere\/\">Andere <\/a><\/span><\/strong>Kategorie.<\/p>","protected":false},"excerpt":{"rendered":"<p>De namaak avocado met pit is een hele realistische dummy. De kunst avocado is gemaakt van een zacht foam wat altijd terug in model komt. De kunst avocado en de pit zijn op ware grote. Het geheel zit vakkundig aan elkaar vast gemaakt en de pit is dus niet te verwijderen. Deze namaak halve avocado [&hellip;]<\/p>\n","protected":false},"featured_media":7220,"template":"","meta":{"_acf_changed":false,"_genesis_hide_title":false,"_genesis_hide_breadcrumbs":false,"_genesis_hide_singular_image":false,"_genesis_hide_footer_widgets":false,"_genesis_custom_body_class":"","_genesis_custom_post_class":"","_genesis_layout":""},"product_brand":[],"product_cat":[48],"product_tag":[],"class_list":{"0":"post-7219","1":"product","2":"type-product","3":"status-publish","4":"has-post-thumbnail","6":"product_cat-kunstgroenten","7":"entry","8":"wpx-has-gallery","10":"first","11":"instock","12":"taxable","13":"shipping-taxable","14":"purchasable","15":"product-type-simple"},"acf":[],"yoast_head":"<!-- This site is optimized with the Yoast SEO Premium plugin v27.3 (Yoast SEO v27.3) - https:\/\/yoast.com\/product\/yoast-seo-premium-wordpress\/ -->\n<title>Namaak Avocado Met Pit - Decofoodshop<\/title>\n<meta name=\"description\" content=\"Op zoek naar allerlei decoratie voedingswaren en veel meer? kijk snel op decofoodshop.nl voor het grootste assortiment van namaak groente, fruit en vlees.\" \/>\n<meta name=\"robots\" content=\"index, follow, max-snippet:-1, max-image-preview:large, max-video-preview:-1\" \/>\n<link rel=\"canonical\" href=\"https:\/\/decofoodshop.nl\/de\/produktkategorie-2\/kunstliches-gemuse\/\" \/>\n<meta property=\"og:locale\" content=\"de_DE\" \/>\n<meta property=\"og:type\" content=\"article\" \/>\n<meta property=\"og:title\" content=\"Namaak Avocado Met Pit\" \/>\n<meta property=\"og:description\" content=\"Op zoek naar allerlei decoratie voedingswaren en veel meer? kijk snel op decofoodshop.nl voor het grootste assortiment van namaak groente, fruit en vlees.\" \/>\n<meta property=\"og:url\" content=\"https:\/\/decofoodshop.nl\/de\/produktkategorie-2\/kunstliches-gemuse\/\" \/>\n<meta property=\"og:site_name\" content=\"Decofoodshop\" \/>\n<meta property=\"article:modified_time\" content=\"2026-04-02T19:42:28+00:00\" \/>\n<meta property=\"og:image\" content=\"https:\/\/decofoodshop.nl\/wp-content\/uploads\/2023\/01\/kunst-avocado-met-pit-zijaanzicht.jpg\" \/>\n\t<meta property=\"og:image:width\" content=\"647\" \/>\n\t<meta property=\"og:image:height\" content=\"647\" \/>\n\t<meta property=\"og:image:type\" content=\"image\/jpeg\" \/>\n<meta name=\"twitter:card\" content=\"summary_large_image\" \/>\n<meta name=\"twitter:label1\" content=\"Gesch\u00e4tzte Lesezeit\" \/>\n\t<meta name=\"twitter:data1\" content=\"1\u00a0Minute\" \/>\n<script type=\"application\/ld+json\" class=\"yoast-schema-graph\">{\"@context\":\"https:\\\/\\\/schema.org\",\"@graph\":[{\"@type\":\"WebPage\",\"@id\":\"https:\\\/\\\/decofoodshop.nl\\\/product\\\/namaak-avocado-met-pit\\\/\",\"url\":\"https:\\\/\\\/decofoodshop.nl\\\/product-categorie\\\/kunstgroenten\\\/\",\"name\":\"Namaak Avocado Met Pit - Decofoodshop\",\"isPartOf\":{\"@id\":\"https:\\\/\\\/decofoodshop.nl\\\/#website\"},\"primaryImageOfPage\":{\"@id\":\"https:\\\/\\\/decofoodshop.nl\\\/product-categorie\\\/kunstgroenten\\\/#primaryimage\"},\"image\":{\"@id\":\"https:\\\/\\\/decofoodshop.nl\\\/product-categorie\\\/kunstgroenten\\\/#primaryimage\"},\"thumbnailUrl\":\"https:\\\/\\\/decofoodshop.nl\\\/wp-content\\\/uploads\\\/2023\\\/01\\\/kunst-avocado-met-pit-zijaanzicht.jpg\",\"datePublished\":\"2023-01-06T09:22:40+00:00\",\"dateModified\":\"2026-04-02T19:42:28+00:00\",\"description\":\"Op zoek naar allerlei decoratie voedingswaren en veel meer? kijk snel op decofoodshop.nl voor het grootste assortiment van namaak groente, fruit en vlees.\",\"breadcrumb\":{\"@id\":\"https:\\\/\\\/decofoodshop.nl\\\/product-categorie\\\/kunstgroenten\\\/#breadcrumb\"},\"inLanguage\":\"de\",\"potentialAction\":[{\"@type\":\"ReadAction\",\"target\":[\"https:\\\/\\\/decofoodshop.nl\\\/product-categorie\\\/kunstgroenten\\\/\"]}]},{\"@type\":\"ImageObject\",\"inLanguage\":\"de\",\"@id\":\"https:\\\/\\\/decofoodshop.nl\\\/product-categorie\\\/kunstgroenten\\\/#primaryimage\",\"url\":\"https:\\\/\\\/decofoodshop.nl\\\/wp-content\\\/uploads\\\/2023\\\/01\\\/kunst-avocado-met-pit-zijaanzicht.jpg\",\"contentUrl\":\"https:\\\/\\\/decofoodshop.nl\\\/wp-content\\\/uploads\\\/2023\\\/01\\\/kunst-avocado-met-pit-zijaanzicht.jpg\",\"width\":647,\"height\":647,\"caption\":\"kunst avocado met pit\"},{\"@type\":\"BreadcrumbList\",\"@id\":\"https:\\\/\\\/decofoodshop.nl\\\/product-categorie\\\/kunstgroenten\\\/#breadcrumb\",\"itemListElement\":[{\"@type\":\"ListItem\",\"position\":1,\"name\":\"Home\",\"item\":\"https:\\\/\\\/decofoodshop.nl\\\/\"},{\"@type\":\"ListItem\",\"position\":2,\"name\":\"Winkel\",\"item\":\"https:\\\/\\\/decofoodshop.nl\\\/winkel\\\/\"},{\"@type\":\"ListItem\",\"position\":3,\"name\":\"Namaak Avocado Met Pit\"}]},{\"@type\":\"WebSite\",\"@id\":\"https:\\\/\\\/decofoodshop.nl\\\/#website\",\"url\":\"https:\\\/\\\/decofoodshop.nl\\\/\",\"name\":\"Decofoodshop\",\"description\":\"\",\"potentialAction\":[{\"@type\":\"SearchAction\",\"target\":{\"@type\":\"EntryPoint\",\"urlTemplate\":\"https:\\\/\\\/decofoodshop.nl\\\/?s={search_term_string}\"},\"query-input\":{\"@type\":\"PropertyValueSpecification\",\"valueRequired\":true,\"valueName\":\"search_term_string\"}}],\"inLanguage\":\"de\"}]}<\/script>\n<!-- \/ Yoast SEO Premium plugin. -->","yoast_head_json":{"title":"Gef\u00e4lschte Avocado mit Kern - Decofoodshop","description":"Auf der Suche nach dekorativen Lebensmitteln aller Art und vielem mehr? Werfen Sie einen kurzen Blick auf decofoodshop.nl f\u00fcr das gr\u00f6\u00dfte Sortiment an gef\u00e4lschtem Gem\u00fcse, Obst und Fleisch.","robots":{"index":"index","follow":"follow","max-snippet":"max-snippet:-1","max-image-preview":"max-image-preview:large","max-video-preview":"max-video-preview:-1"},"canonical":"https:\/\/decofoodshop.nl\/de\/produktkategorie-2\/kunstliches-gemuse\/","og_locale":"de_DE","og_type":"article","og_title":"Namaak Avocado Met Pit","og_description":"Op zoek naar allerlei decoratie voedingswaren en veel meer? kijk snel op decofoodshop.nl voor het grootste assortiment van namaak groente, fruit en vlees.","og_url":"https:\/\/decofoodshop.nl\/de\/produktkategorie-2\/kunstliches-gemuse\/","og_site_name":"Decofoodshop","article_modified_time":"2026-04-02T19:42:28+00:00","og_image":[{"width":647,"height":647,"url":"https:\/\/decofoodshop.nl\/wp-content\/uploads\/2023\/01\/kunst-avocado-met-pit-zijaanzicht.jpg","type":"image\/jpeg"}],"twitter_card":"summary_large_image","twitter_misc":{"Gesch\u00e4tzte Lesezeit":"1\u00a0Minute"},"schema":{"@context":"https:\/\/schema.org","@graph":[{"@type":"WebPage","@id":"https:\/\/decofoodshop.nl\/product\/namaak-avocado-met-pit\/","url":"https:\/\/decofoodshop.nl\/product-categorie\/kunstgroenten\/","name":"Gef\u00e4lschte Avocado mit Kern - Decofoodshop","isPartOf":{"@id":"https:\/\/decofoodshop.nl\/#website"},"primaryImageOfPage":{"@id":"https:\/\/decofoodshop.nl\/product-categorie\/kunstgroenten\/#primaryimage"},"image":{"@id":"https:\/\/decofoodshop.nl\/product-categorie\/kunstgroenten\/#primaryimage"},"thumbnailUrl":"https:\/\/decofoodshop.nl\/wp-content\/uploads\/2023\/01\/kunst-avocado-met-pit-zijaanzicht.jpg","datePublished":"2023-01-06T09:22:40+00:00","dateModified":"2026-04-02T19:42:28+00:00","description":"Auf der Suche nach dekorativen Lebensmitteln aller Art und vielem mehr? Werfen Sie einen kurzen Blick auf decofoodshop.nl f\u00fcr das gr\u00f6\u00dfte Sortiment an gef\u00e4lschtem Gem\u00fcse, Obst und Fleisch.","breadcrumb":{"@id":"https:\/\/decofoodshop.nl\/product-categorie\/kunstgroenten\/#breadcrumb"},"inLanguage":"de","potentialAction":[{"@type":"ReadAction","target":["https:\/\/decofoodshop.nl\/product-categorie\/kunstgroenten\/"]}]},{"@type":"ImageObject","inLanguage":"de","@id":"https:\/\/decofoodshop.nl\/product-categorie\/kunstgroenten\/#primaryimage","url":"https:\/\/decofoodshop.nl\/wp-content\/uploads\/2023\/01\/kunst-avocado-met-pit-zijaanzicht.jpg","contentUrl":"https:\/\/decofoodshop.nl\/wp-content\/uploads\/2023\/01\/kunst-avocado-met-pit-zijaanzicht.jpg","width":647,"height":647,"caption":"kunst avocado met pit"},{"@type":"BreadcrumbList","@id":"https:\/\/decofoodshop.nl\/product-categorie\/kunstgroenten\/#breadcrumb","itemListElement":[{"@type":"ListItem","position":1,"name":"Home","item":"https:\/\/decofoodshop.nl\/"},{"@type":"ListItem","position":2,"name":"Winkel","item":"https:\/\/decofoodshop.nl\/winkel\/"},{"@type":"ListItem","position":3,"name":"Namaak Avocado Met Pit"}]},{"@type":"WebSite","@id":"https:\/\/decofoodshop.nl\/#website","url":"https:\/\/decofoodshop.nl\/","name":"Dekofoodshop","description":"","potentialAction":[{"@type":"SearchAction","target":{"@type":"EntryPoint","urlTemplate":"https:\/\/decofoodshop.nl\/?s={search_term_string}"},"query-input":{"@type":"PropertyValueSpecification","valueRequired":true,"valueName":"search_term_string"}}],"inLanguage":"de"}]}},"_links":{"self":[{"href":"https:\/\/decofoodshop.nl\/de\/wp-json\/wp\/v2\/product\/7219","targetHints":{"allow":["GET"]}}],"collection":[{"href":"https:\/\/decofoodshop.nl\/de\/wp-json\/wp\/v2\/product"}],"about":[{"href":"https:\/\/decofoodshop.nl\/de\/wp-json\/wp\/v2\/types\/product"}],"wp:featuredmedia":[{"embeddable":true,"href":"https:\/\/decofoodshop.nl\/de\/wp-json\/wp\/v2\/media\/7220"}],"wp:attachment":[{"href":"https:\/\/decofoodshop.nl\/de\/wp-json\/wp\/v2\/media?parent=7219"}],"wp:term":[{"taxonomy":"product_brand","embeddable":true,"href":"https:\/\/decofoodshop.nl\/de\/wp-json\/wp\/v2\/product_brand?post=7219"},{"taxonomy":"product_cat","embeddable":true,"href":"https:\/\/decofoodshop.nl\/de\/wp-json\/wp\/v2\/product_cat?post=7219"},{"taxonomy":"product_tag","embeddable":true,"href":"https:\/\/decofoodshop.nl\/de\/wp-json\/wp\/v2\/product_tag?post=7219"}],"curies":[{"name":"wp","href":"https:\/\/api.w.org\/{rel}","templated":true}]}}