{"id":7225,"date":"2023-01-06T11:31:32","date_gmt":"2023-01-06T10:31:32","guid":{"rendered":"https:\/\/decofoodshop.nl\/?post_type=product&#038;p=7225"},"modified":"2026-04-09T14:21:02","modified_gmt":"2026-04-09T12:21:02","slug":"gefalschte-suskartoffel","status":"publish","type":"product","link":"https:\/\/decofoodshop.nl\/de\/product\/namaak-zoete-aardappel\/","title":{"rendered":"Gef\u00e4lschte S\u00fc\u00dfkartoffel"},"content":{"rendered":"<p>Die gef\u00e4lschte S\u00fc\u00dfkartoffel ist eine sch\u00f6ne Nachbildung.<\/p>\n<p>Hellrosa und mit einer holprigen Oberfl\u00e4che hat die k\u00fcnstliche S\u00fc\u00dfkartoffel eine echte Optik.<\/p>\n<p>Die k\u00fcnstliche S\u00fc\u00dfkartoffel ist robust und kann Schl\u00e4ge aushalten.<\/p>\n<p>Es ist eines unserer vielen verschiedenen gef\u00e4lschten Obst- und Gem\u00fcsesorten.<\/p>\n<p>F\u00fcr unser gesamtes Sortiment werfen Sie einen Blick auf unsere <strong><span style=\"color: #008000;\"><a style=\"color: #008000;\" href=\"https:\/\/decofoodshop.nl\/de\/\">Startseite.<\/a><\/span><\/strong><\/p>\n<p>&nbsp;<\/p>","protected":false},"excerpt":{"rendered":"<p>De namaak zoete aardappel is een prachtige replica. Licht roze van kleur en met een hobbelig oppervlak heeft de kunst zoete aardappel een echte uitstraling. De Kunst zoete aardappel is stevig en kan tegen een stootje. Het is een van onze vele verschillende namaak groeten en fruit. Voor ons gehele assortiment neem een kijkje op [&hellip;]<\/p>\n","protected":false},"featured_media":7228,"template":"","meta":{"_acf_changed":false,"_genesis_hide_title":false,"_genesis_hide_breadcrumbs":false,"_genesis_hide_singular_image":false,"_genesis_hide_footer_widgets":false,"_genesis_custom_body_class":"","_genesis_custom_post_class":"","_genesis_layout":""},"product_brand":[],"product_cat":[48],"product_tag":[],"class_list":{"0":"post-7225","1":"product","2":"type-product","3":"status-publish","4":"has-post-thumbnail","6":"product_cat-kunstgroenten","7":"entry","8":"wpx-has-gallery","10":"first","11":"instock","12":"taxable","13":"shipping-taxable","14":"purchasable","15":"product-type-simple"},"acf":[],"yoast_head":"<!-- This site is optimized with the Yoast SEO Premium plugin v27.3 (Yoast SEO v27.4) - https:\/\/yoast.com\/product\/yoast-seo-premium-wordpress\/ -->\n<title>Namaak Zoete Aardappel - Aangeboden op Decofoodshop .nl<\/title>\n<meta name=\"description\" content=\"Zoek je dummy voedingswaren? Kijk dan op Decofoodshop.nl. Het grootste assortiment namaak vlees en vis en namaak groente en fruit.\" \/>\n<meta name=\"robots\" content=\"index, follow, max-snippet:-1, max-image-preview:large, max-video-preview:-1\" \/>\n<link rel=\"canonical\" href=\"https:\/\/decofoodshop.nl\/de\/produktkategorie-2\/kunstliches-gemuse\/\" \/>\n<meta property=\"og:locale\" content=\"de_DE\" \/>\n<meta property=\"og:type\" content=\"article\" \/>\n<meta property=\"og:title\" content=\"Namaak Zoete Aardappel\" \/>\n<meta property=\"og:description\" content=\"Zoek je dummy voedingswaren? Kijk dan op Decofoodshop.nl. Het grootste assortiment namaak vlees en vis en namaak groente en fruit.\" \/>\n<meta property=\"og:url\" content=\"https:\/\/decofoodshop.nl\/de\/produktkategorie-2\/kunstliches-gemuse\/\" \/>\n<meta property=\"og:site_name\" content=\"Decofoodshop\" \/>\n<meta property=\"article:modified_time\" content=\"2026-04-09T12:21:02+00:00\" \/>\n<meta property=\"og:image\" content=\"https:\/\/decofoodshop.nl\/wp-content\/uploads\/2023\/01\/namaak-zoete-aardappel.jpg\" \/>\n\t<meta property=\"og:image:width\" content=\"655\" \/>\n\t<meta property=\"og:image:height\" content=\"655\" \/>\n\t<meta property=\"og:image:type\" content=\"image\/jpeg\" \/>\n<meta name=\"twitter:card\" content=\"summary_large_image\" \/>\n<meta name=\"twitter:label1\" content=\"Gesch\u00e4tzte Lesezeit\" \/>\n\t<meta name=\"twitter:data1\" content=\"1\u00a0Minute\" \/>\n<script type=\"application\/ld+json\" class=\"yoast-schema-graph\">{\"@context\":\"https:\\\/\\\/schema.org\",\"@graph\":[{\"@type\":\"WebPage\",\"@id\":\"https:\\\/\\\/decofoodshop.nl\\\/product\\\/namaak-zoete-aardappel\\\/\",\"url\":\"https:\\\/\\\/decofoodshop.nl\\\/product-categorie\\\/kunstgroenten\\\/\",\"name\":\"Namaak Zoete Aardappel - Aangeboden op Decofoodshop .nl\",\"isPartOf\":{\"@id\":\"https:\\\/\\\/decofoodshop.nl\\\/#website\"},\"primaryImageOfPage\":{\"@id\":\"https:\\\/\\\/decofoodshop.nl\\\/product-categorie\\\/kunstgroenten\\\/#primaryimage\"},\"image\":{\"@id\":\"https:\\\/\\\/decofoodshop.nl\\\/product-categorie\\\/kunstgroenten\\\/#primaryimage\"},\"thumbnailUrl\":\"https:\\\/\\\/decofoodshop.nl\\\/wp-content\\\/uploads\\\/2023\\\/01\\\/namaak-zoete-aardappel.jpg\",\"datePublished\":\"2023-01-06T10:31:32+00:00\",\"dateModified\":\"2026-04-09T12:21:02+00:00\",\"description\":\"Zoek je dummy voedingswaren? Kijk dan op Decofoodshop.nl. Het grootste assortiment namaak vlees en vis en namaak groente en fruit.\",\"breadcrumb\":{\"@id\":\"https:\\\/\\\/decofoodshop.nl\\\/product-categorie\\\/kunstgroenten\\\/#breadcrumb\"},\"inLanguage\":\"de\",\"potentialAction\":[{\"@type\":\"ReadAction\",\"target\":[\"https:\\\/\\\/decofoodshop.nl\\\/product-categorie\\\/kunstgroenten\\\/\"]}]},{\"@type\":\"ImageObject\",\"inLanguage\":\"de\",\"@id\":\"https:\\\/\\\/decofoodshop.nl\\\/product-categorie\\\/kunstgroenten\\\/#primaryimage\",\"url\":\"https:\\\/\\\/decofoodshop.nl\\\/wp-content\\\/uploads\\\/2023\\\/01\\\/namaak-zoete-aardappel.jpg\",\"contentUrl\":\"https:\\\/\\\/decofoodshop.nl\\\/wp-content\\\/uploads\\\/2023\\\/01\\\/namaak-zoete-aardappel.jpg\",\"width\":655,\"height\":655,\"caption\":\"namaak zoete aardappel\"},{\"@type\":\"BreadcrumbList\",\"@id\":\"https:\\\/\\\/decofoodshop.nl\\\/product-categorie\\\/kunstgroenten\\\/#breadcrumb\",\"itemListElement\":[{\"@type\":\"ListItem\",\"position\":1,\"name\":\"Home\",\"item\":\"https:\\\/\\\/decofoodshop.nl\\\/\"},{\"@type\":\"ListItem\",\"position\":2,\"name\":\"Winkel\",\"item\":\"https:\\\/\\\/decofoodshop.nl\\\/winkel\\\/\"},{\"@type\":\"ListItem\",\"position\":3,\"name\":\"Namaak Zoete Aardappel\"}]},{\"@type\":\"WebSite\",\"@id\":\"https:\\\/\\\/decofoodshop.nl\\\/#website\",\"url\":\"https:\\\/\\\/decofoodshop.nl\\\/\",\"name\":\"Decofoodshop\",\"description\":\"\",\"potentialAction\":[{\"@type\":\"SearchAction\",\"target\":{\"@type\":\"EntryPoint\",\"urlTemplate\":\"https:\\\/\\\/decofoodshop.nl\\\/?s={search_term_string}\"},\"query-input\":{\"@type\":\"PropertyValueSpecification\",\"valueRequired\":true,\"valueName\":\"search_term_string\"}}],\"inLanguage\":\"de\"}]}<\/script>\n<!-- \/ Yoast SEO Premium plugin. -->","yoast_head_json":{"title":"Gef\u00e4lschte S\u00fc\u00dfkartoffel - Angeboten bei Decofoodshop .nl","description":"Suchen Sie Dummy-Lebensmittel? Besuchen Sie Decofoodshop.nl. Das gr\u00f6\u00dfte Angebot an gef\u00e4lschtem Fleisch und Fisch sowie gef\u00e4lschtem Obst und Gem\u00fcse.","robots":{"index":"index","follow":"follow","max-snippet":"max-snippet:-1","max-image-preview":"max-image-preview:large","max-video-preview":"max-video-preview:-1"},"canonical":"https:\/\/decofoodshop.nl\/de\/produktkategorie-2\/kunstliches-gemuse\/","og_locale":"de_DE","og_type":"article","og_title":"Namaak Zoete Aardappel","og_description":"Zoek je dummy voedingswaren? Kijk dan op Decofoodshop.nl. Het grootste assortiment namaak vlees en vis en namaak groente en fruit.","og_url":"https:\/\/decofoodshop.nl\/de\/produktkategorie-2\/kunstliches-gemuse\/","og_site_name":"Decofoodshop","article_modified_time":"2026-04-09T12:21:02+00:00","og_image":[{"width":655,"height":655,"url":"https:\/\/decofoodshop.nl\/wp-content\/uploads\/2023\/01\/namaak-zoete-aardappel.jpg","type":"image\/jpeg"}],"twitter_card":"summary_large_image","twitter_misc":{"Gesch\u00e4tzte Lesezeit":"1\u00a0Minute"},"schema":{"@context":"https:\/\/schema.org","@graph":[{"@type":"WebPage","@id":"https:\/\/decofoodshop.nl\/product\/namaak-zoete-aardappel\/","url":"https:\/\/decofoodshop.nl\/product-categorie\/kunstgroenten\/","name":"Gef\u00e4lschte S\u00fc\u00dfkartoffel - Angeboten bei Decofoodshop .nl","isPartOf":{"@id":"https:\/\/decofoodshop.nl\/#website"},"primaryImageOfPage":{"@id":"https:\/\/decofoodshop.nl\/product-categorie\/kunstgroenten\/#primaryimage"},"image":{"@id":"https:\/\/decofoodshop.nl\/product-categorie\/kunstgroenten\/#primaryimage"},"thumbnailUrl":"https:\/\/decofoodshop.nl\/wp-content\/uploads\/2023\/01\/namaak-zoete-aardappel.jpg","datePublished":"2023-01-06T10:31:32+00:00","dateModified":"2026-04-09T12:21:02+00:00","description":"Suchen Sie Dummy-Lebensmittel? Besuchen Sie Decofoodshop.nl. Das gr\u00f6\u00dfte Angebot an gef\u00e4lschtem Fleisch und Fisch sowie gef\u00e4lschtem Obst und Gem\u00fcse.","breadcrumb":{"@id":"https:\/\/decofoodshop.nl\/product-categorie\/kunstgroenten\/#breadcrumb"},"inLanguage":"de","potentialAction":[{"@type":"ReadAction","target":["https:\/\/decofoodshop.nl\/product-categorie\/kunstgroenten\/"]}]},{"@type":"ImageObject","inLanguage":"de","@id":"https:\/\/decofoodshop.nl\/product-categorie\/kunstgroenten\/#primaryimage","url":"https:\/\/decofoodshop.nl\/wp-content\/uploads\/2023\/01\/namaak-zoete-aardappel.jpg","contentUrl":"https:\/\/decofoodshop.nl\/wp-content\/uploads\/2023\/01\/namaak-zoete-aardappel.jpg","width":655,"height":655,"caption":"namaak zoete aardappel"},{"@type":"BreadcrumbList","@id":"https:\/\/decofoodshop.nl\/product-categorie\/kunstgroenten\/#breadcrumb","itemListElement":[{"@type":"ListItem","position":1,"name":"Home","item":"https:\/\/decofoodshop.nl\/"},{"@type":"ListItem","position":2,"name":"Winkel","item":"https:\/\/decofoodshop.nl\/winkel\/"},{"@type":"ListItem","position":3,"name":"Namaak Zoete Aardappel"}]},{"@type":"WebSite","@id":"https:\/\/decofoodshop.nl\/#website","url":"https:\/\/decofoodshop.nl\/","name":"Dekofoodshop","description":"","potentialAction":[{"@type":"SearchAction","target":{"@type":"EntryPoint","urlTemplate":"https:\/\/decofoodshop.nl\/?s={search_term_string}"},"query-input":{"@type":"PropertyValueSpecification","valueRequired":true,"valueName":"search_term_string"}}],"inLanguage":"de"}]}},"_links":{"self":[{"href":"https:\/\/decofoodshop.nl\/de\/wp-json\/wp\/v2\/product\/7225","targetHints":{"allow":["GET"]}}],"collection":[{"href":"https:\/\/decofoodshop.nl\/de\/wp-json\/wp\/v2\/product"}],"about":[{"href":"https:\/\/decofoodshop.nl\/de\/wp-json\/wp\/v2\/types\/product"}],"wp:featuredmedia":[{"embeddable":true,"href":"https:\/\/decofoodshop.nl\/de\/wp-json\/wp\/v2\/media\/7228"}],"wp:attachment":[{"href":"https:\/\/decofoodshop.nl\/de\/wp-json\/wp\/v2\/media?parent=7225"}],"wp:term":[{"taxonomy":"product_brand","embeddable":true,"href":"https:\/\/decofoodshop.nl\/de\/wp-json\/wp\/v2\/product_brand?post=7225"},{"taxonomy":"product_cat","embeddable":true,"href":"https:\/\/decofoodshop.nl\/de\/wp-json\/wp\/v2\/product_cat?post=7225"},{"taxonomy":"product_tag","embeddable":true,"href":"https:\/\/decofoodshop.nl\/de\/wp-json\/wp\/v2\/product_tag?post=7225"}],"curies":[{"name":"wp","href":"https:\/\/api.w.org\/{rel}","templated":true}]}}