{"id":7250,"date":"2023-01-09T10:45:59","date_gmt":"2023-01-09T09:45:59","guid":{"rendered":"https:\/\/decofoodshop.nl\/?post_type=product&#038;p=7250"},"modified":"2026-03-02T12:07:54","modified_gmt":"2026-03-02T11:07:54","slug":"gefalschtes-krabbenscheren-set","status":"publish","type":"product","link":"https:\/\/decofoodshop.nl\/de\/product\/namaak-krab-schaar-set\/","title":{"rendered":"Gef\u00e4lschtes Krabbenscheren-Set"},"content":{"rendered":"<p>Das Fake Crab Scissors Set besteht aus 6 Teilen.<\/p>\n<p>Mit den realistischen Farben und der wahren Gr\u00f6\u00dfe sind die gef\u00e4lschten Krabbenscheren nicht von der Realit\u00e4t zu unterscheiden.<\/p>\n<p>Die falschen Krabbenbeine bestehen aus einem harten Kunststoff und sind nicht zerbrechlich.<\/p>\n<p>Da die k\u00fcnstlichen Krabbenscheren massiv sind, haben sie ein angenehmes Gewicht.<\/p>\n<p>Die k\u00fcnstlichen Krebsscheren lassen sich gut mit allen anderen dekorativen Fisch- und Fleischsorten kombinieren, die auf unserer Website angeboten werden.<\/p>\n<p>F\u00fcr erschwingliche und fertige Pakete k\u00f6nnen Sie auch einen Blick auf werfen <strong><span style=\"color: #008000;\"><a style=\"color: #008000;\" href=\"https:\/\/decofoodshop.nl\/de\/produktkategorie-2\/pakete\/\">Pakete.<\/a><\/span><\/strong><\/p>","protected":false},"excerpt":{"rendered":"<p>De namaak krab schaar set betstaat uit 6 stuks. Met de realistische kleuren en ware grootte zijn de nep krabben scharen niet van echt te onderscheiden. De namaak krabben poten zijn gemaakt van een hard plastic en zijn niet breekbaar. Omdat de nep krabben scharen solide zijn hebben ze een aangenaam gewicht. De kunst krab [&hellip;]<\/p>\n","protected":false},"featured_media":7251,"template":"","meta":{"_acf_changed":false,"_genesis_hide_title":false,"_genesis_hide_breadcrumbs":false,"_genesis_hide_singular_image":false,"_genesis_hide_footer_widgets":false,"_genesis_custom_body_class":"","_genesis_custom_post_class":"","_genesis_layout":""},"product_brand":[],"product_cat":[50],"product_tag":[],"class_list":{"0":"post-7250","1":"product","2":"type-product","3":"status-publish","4":"has-post-thumbnail","6":"product_cat-namaak-vis-en-vlees","7":"entry","8":"wpx-has-gallery","10":"first","11":"instock","12":"taxable","13":"shipping-taxable","14":"purchasable","15":"product-type-simple"},"acf":[],"yoast_head":"<!-- This site is optimized with the Yoast SEO Premium plugin v27.3 (Yoast SEO v27.4) - https:\/\/yoast.com\/product\/yoast-seo-premium-wordpress\/ -->\n<title>Namaak Krab Schaar Set - alleen te koop bij Decofoodshop .nl<\/title>\n<meta name=\"description\" content=\"De namaak krab schaar set is een van de vele verschillende namaak vis producten op voorraad bij Decofoodshop.nl. Makkelijk te bestellen en snel in huis!\" \/>\n<meta name=\"robots\" content=\"index, follow, max-snippet:-1, max-image-preview:large, max-video-preview:-1\" \/>\n<link rel=\"canonical\" href=\"https:\/\/decofoodshop.nl\/de\/produktkategorie-2\/gefalschter-fisch-und-fleisch\/\" \/>\n<meta property=\"og:locale\" content=\"de_DE\" \/>\n<meta property=\"og:type\" content=\"article\" \/>\n<meta property=\"og:title\" content=\"Namaak Krab Schaar Set\" \/>\n<meta property=\"og:description\" content=\"De namaak krab schaar set is een van de vele verschillende namaak vis producten op voorraad bij Decofoodshop.nl. Makkelijk te bestellen en snel in huis!\" \/>\n<meta property=\"og:url\" content=\"https:\/\/decofoodshop.nl\/de\/produktkategorie-2\/gefalschter-fisch-und-fleisch\/\" \/>\n<meta property=\"og:site_name\" content=\"Decofoodshop\" \/>\n<meta property=\"article:modified_time\" content=\"2026-03-02T11:07:54+00:00\" \/>\n<meta property=\"og:image\" content=\"https:\/\/decofoodshop.nl\/wp-content\/uploads\/2023\/01\/namaaak-krabbenpoten-6-stuks.jpg\" \/>\n\t<meta property=\"og:image:width\" content=\"506\" \/>\n\t<meta property=\"og:image:height\" content=\"506\" \/>\n\t<meta property=\"og:image:type\" content=\"image\/jpeg\" \/>\n<meta name=\"twitter:card\" content=\"summary_large_image\" \/>\n<meta name=\"twitter:label1\" content=\"Gesch\u00e4tzte Lesezeit\" \/>\n\t<meta name=\"twitter:data1\" content=\"1\u00a0Minute\" \/>\n<script type=\"application\/ld+json\" class=\"yoast-schema-graph\">{\"@context\":\"https:\\\/\\\/schema.org\",\"@graph\":[{\"@type\":\"WebPage\",\"@id\":\"https:\\\/\\\/decofoodshop.nl\\\/product\\\/namaak-krab-schaar-set\\\/\",\"url\":\"https:\\\/\\\/decofoodshop.nl\\\/product-categorie\\\/namaak-vis-en-vlees\\\/\",\"name\":\"Namaak Krab Schaar Set - alleen te koop bij Decofoodshop .nl\",\"isPartOf\":{\"@id\":\"https:\\\/\\\/decofoodshop.nl\\\/#website\"},\"primaryImageOfPage\":{\"@id\":\"https:\\\/\\\/decofoodshop.nl\\\/product-categorie\\\/namaak-vis-en-vlees\\\/#primaryimage\"},\"image\":{\"@id\":\"https:\\\/\\\/decofoodshop.nl\\\/product-categorie\\\/namaak-vis-en-vlees\\\/#primaryimage\"},\"thumbnailUrl\":\"https:\\\/\\\/decofoodshop.nl\\\/wp-content\\\/uploads\\\/2023\\\/01\\\/namaaak-krabbenpoten-6-stuks.jpg\",\"datePublished\":\"2023-01-09T09:45:59+00:00\",\"dateModified\":\"2026-03-02T11:07:54+00:00\",\"description\":\"De namaak krab schaar set is een van de vele verschillende namaak vis producten op voorraad bij Decofoodshop.nl. Makkelijk te bestellen en snel in huis!\",\"breadcrumb\":{\"@id\":\"https:\\\/\\\/decofoodshop.nl\\\/product-categorie\\\/namaak-vis-en-vlees\\\/#breadcrumb\"},\"inLanguage\":\"de\",\"potentialAction\":[{\"@type\":\"ReadAction\",\"target\":[\"https:\\\/\\\/decofoodshop.nl\\\/product-categorie\\\/namaak-vis-en-vlees\\\/\"]}]},{\"@type\":\"ImageObject\",\"inLanguage\":\"de\",\"@id\":\"https:\\\/\\\/decofoodshop.nl\\\/product-categorie\\\/namaak-vis-en-vlees\\\/#primaryimage\",\"url\":\"https:\\\/\\\/decofoodshop.nl\\\/wp-content\\\/uploads\\\/2023\\\/01\\\/namaaak-krabbenpoten-6-stuks.jpg\",\"contentUrl\":\"https:\\\/\\\/decofoodshop.nl\\\/wp-content\\\/uploads\\\/2023\\\/01\\\/namaaak-krabbenpoten-6-stuks.jpg\",\"width\":506,\"height\":506,\"caption\":\"namaaak krabbenpoten 6 stuks\"},{\"@type\":\"BreadcrumbList\",\"@id\":\"https:\\\/\\\/decofoodshop.nl\\\/product-categorie\\\/namaak-vis-en-vlees\\\/#breadcrumb\",\"itemListElement\":[{\"@type\":\"ListItem\",\"position\":1,\"name\":\"Home\",\"item\":\"https:\\\/\\\/decofoodshop.nl\\\/\"},{\"@type\":\"ListItem\",\"position\":2,\"name\":\"Winkel\",\"item\":\"https:\\\/\\\/decofoodshop.nl\\\/winkel\\\/\"},{\"@type\":\"ListItem\",\"position\":3,\"name\":\"Namaak Krab Schaar Set\"}]},{\"@type\":\"WebSite\",\"@id\":\"https:\\\/\\\/decofoodshop.nl\\\/#website\",\"url\":\"https:\\\/\\\/decofoodshop.nl\\\/\",\"name\":\"Decofoodshop\",\"description\":\"\",\"potentialAction\":[{\"@type\":\"SearchAction\",\"target\":{\"@type\":\"EntryPoint\",\"urlTemplate\":\"https:\\\/\\\/decofoodshop.nl\\\/?s={search_term_string}\"},\"query-input\":{\"@type\":\"PropertyValueSpecification\",\"valueRequired\":true,\"valueName\":\"search_term_string\"}}],\"inLanguage\":\"de\"}]}<\/script>\n<!-- \/ Yoast SEO Premium plugin. -->","yoast_head_json":{"title":"Gef\u00e4lschtes Krabbenscheren-Set - nur bei Decofoodshop .nl erh\u00e4ltlich","description":"Das Krabbenscheren-Set ist eines der vielen verschiedenen gef\u00e4lschten Fischprodukte, die bei Decofoodshop.nl auf Lager sind. Einfache Bestellung und schnelle Lieferung!","robots":{"index":"index","follow":"follow","max-snippet":"max-snippet:-1","max-image-preview":"max-image-preview:large","max-video-preview":"max-video-preview:-1"},"canonical":"https:\/\/decofoodshop.nl\/de\/produktkategorie-2\/gefalschter-fisch-und-fleisch\/","og_locale":"de_DE","og_type":"article","og_title":"Namaak Krab Schaar Set","og_description":"De namaak krab schaar set is een van de vele verschillende namaak vis producten op voorraad bij Decofoodshop.nl. Makkelijk te bestellen en snel in huis!","og_url":"https:\/\/decofoodshop.nl\/de\/produktkategorie-2\/gefalschter-fisch-und-fleisch\/","og_site_name":"Decofoodshop","article_modified_time":"2026-03-02T11:07:54+00:00","og_image":[{"width":506,"height":506,"url":"https:\/\/decofoodshop.nl\/wp-content\/uploads\/2023\/01\/namaaak-krabbenpoten-6-stuks.jpg","type":"image\/jpeg"}],"twitter_card":"summary_large_image","twitter_misc":{"Gesch\u00e4tzte Lesezeit":"1\u00a0Minute"},"schema":{"@context":"https:\/\/schema.org","@graph":[{"@type":"WebPage","@id":"https:\/\/decofoodshop.nl\/product\/namaak-krab-schaar-set\/","url":"https:\/\/decofoodshop.nl\/product-categorie\/namaak-vis-en-vlees\/","name":"Gef\u00e4lschtes Krabbenscheren-Set - nur bei Decofoodshop .nl erh\u00e4ltlich","isPartOf":{"@id":"https:\/\/decofoodshop.nl\/#website"},"primaryImageOfPage":{"@id":"https:\/\/decofoodshop.nl\/product-categorie\/namaak-vis-en-vlees\/#primaryimage"},"image":{"@id":"https:\/\/decofoodshop.nl\/product-categorie\/namaak-vis-en-vlees\/#primaryimage"},"thumbnailUrl":"https:\/\/decofoodshop.nl\/wp-content\/uploads\/2023\/01\/namaaak-krabbenpoten-6-stuks.jpg","datePublished":"2023-01-09T09:45:59+00:00","dateModified":"2026-03-02T11:07:54+00:00","description":"Das Krabbenscheren-Set ist eines der vielen verschiedenen gef\u00e4lschten Fischprodukte, die bei Decofoodshop.nl auf Lager sind. Einfache Bestellung und schnelle Lieferung!","breadcrumb":{"@id":"https:\/\/decofoodshop.nl\/product-categorie\/namaak-vis-en-vlees\/#breadcrumb"},"inLanguage":"de","potentialAction":[{"@type":"ReadAction","target":["https:\/\/decofoodshop.nl\/product-categorie\/namaak-vis-en-vlees\/"]}]},{"@type":"ImageObject","inLanguage":"de","@id":"https:\/\/decofoodshop.nl\/product-categorie\/namaak-vis-en-vlees\/#primaryimage","url":"https:\/\/decofoodshop.nl\/wp-content\/uploads\/2023\/01\/namaaak-krabbenpoten-6-stuks.jpg","contentUrl":"https:\/\/decofoodshop.nl\/wp-content\/uploads\/2023\/01\/namaaak-krabbenpoten-6-stuks.jpg","width":506,"height":506,"caption":"namaaak krabbenpoten 6 stuks"},{"@type":"BreadcrumbList","@id":"https:\/\/decofoodshop.nl\/product-categorie\/namaak-vis-en-vlees\/#breadcrumb","itemListElement":[{"@type":"ListItem","position":1,"name":"Home","item":"https:\/\/decofoodshop.nl\/"},{"@type":"ListItem","position":2,"name":"Winkel","item":"https:\/\/decofoodshop.nl\/winkel\/"},{"@type":"ListItem","position":3,"name":"Namaak Krab Schaar Set"}]},{"@type":"WebSite","@id":"https:\/\/decofoodshop.nl\/#website","url":"https:\/\/decofoodshop.nl\/","name":"Dekofoodshop","description":"","potentialAction":[{"@type":"SearchAction","target":{"@type":"EntryPoint","urlTemplate":"https:\/\/decofoodshop.nl\/?s={search_term_string}"},"query-input":{"@type":"PropertyValueSpecification","valueRequired":true,"valueName":"search_term_string"}}],"inLanguage":"de"}]}},"_links":{"self":[{"href":"https:\/\/decofoodshop.nl\/de\/wp-json\/wp\/v2\/product\/7250","targetHints":{"allow":["GET"]}}],"collection":[{"href":"https:\/\/decofoodshop.nl\/de\/wp-json\/wp\/v2\/product"}],"about":[{"href":"https:\/\/decofoodshop.nl\/de\/wp-json\/wp\/v2\/types\/product"}],"wp:featuredmedia":[{"embeddable":true,"href":"https:\/\/decofoodshop.nl\/de\/wp-json\/wp\/v2\/media\/7251"}],"wp:attachment":[{"href":"https:\/\/decofoodshop.nl\/de\/wp-json\/wp\/v2\/media?parent=7250"}],"wp:term":[{"taxonomy":"product_brand","embeddable":true,"href":"https:\/\/decofoodshop.nl\/de\/wp-json\/wp\/v2\/product_brand?post=7250"},{"taxonomy":"product_cat","embeddable":true,"href":"https:\/\/decofoodshop.nl\/de\/wp-json\/wp\/v2\/product_cat?post=7250"},{"taxonomy":"product_tag","embeddable":true,"href":"https:\/\/decofoodshop.nl\/de\/wp-json\/wp\/v2\/product_tag?post=7250"}],"curies":[{"name":"wp","href":"https:\/\/api.w.org\/{rel}","templated":true}]}}