{"id":7335,"date":"2023-01-25T11:22:52","date_gmt":"2023-01-25T10:22:52","guid":{"rendered":"https:\/\/decofoodshop.nl\/?post_type=product&#038;p=7335"},"modified":"2026-03-02T12:07:19","modified_gmt":"2026-03-02T11:07:19","slug":"gefalschter-edelkastanienzweig","status":"publish","type":"product","link":"https:\/\/decofoodshop.nl\/de\/product\/namaak-tamme-kastanje-tak\/","title":{"rendered":"Gef\u00e4lschter Edelkastanienzweig"},"content":{"rendered":"<p>Das ist der gef\u00e4lschte Edelkastanienzweig.<\/p>\n<p>Der k\u00fcnstliche Zweig hat einen sehr realistischen Stamm.<\/p>\n<p>Auf dem k\u00fcnstlichen Zweig befinden sich 6 Kastanien und lose Bl\u00e4tter, um dem Ganzen ein naturgetreues Bild zu verleihen.<\/p>\n<p>Die k\u00fcnstlichen Kastanien sind mit kleinen Stacheln versehen.<\/p>\n<p>Die k\u00fcnstlichen Zweige haben eine L\u00e4nge von 90 cm.<\/p>\n<p>Interessiert an unseren anderen Produkten? Dann schauen Sie doch mal bei uns vorbei <strong><span style=\"color: #008000;\"><a style=\"color: #008000;\" href=\"https:\/\/decofoodshop.nl\/de\/produktkategorie-2\/kunstliches-gemuse\/\">Sortiment an k\u00fcnstlichem Gem\u00fcse<\/a><\/span><\/strong>.<\/p>","protected":false},"excerpt":{"rendered":"<p>Dit is de namaak tamme kastanje tak. De namaak tak heeft een hele realische stam. Op de neptak zitten 6 stuks tamme kastanjes en losse bladeren om het geheel een natuurgetrouw beeld te geven. De kunst kastanjes zijn met kleine stekels afgewerkt. De namaak takken hebben een lengte van 90cm. Interesse in onze andere producten? [&hellip;]<\/p>\n","protected":false},"featured_media":7337,"template":"","meta":{"_acf_changed":false,"_genesis_hide_title":false,"_genesis_hide_breadcrumbs":false,"_genesis_hide_singular_image":false,"_genesis_hide_footer_widgets":false,"_genesis_custom_body_class":"","_genesis_custom_post_class":"","_genesis_layout":""},"product_brand":[],"product_cat":[51],"product_tag":[],"class_list":{"0":"post-7335","1":"product","2":"type-product","3":"status-publish","4":"has-post-thumbnail","6":"product_cat-overige","7":"entry","8":"wpx-has-gallery","10":"first","11":"instock","12":"taxable","13":"shipping-taxable","14":"purchasable","15":"product-type-simple"},"acf":[],"yoast_head":"<!-- This site is optimized with the Yoast SEO Premium plugin v27.3 (Yoast SEO v27.4) - https:\/\/yoast.com\/product\/yoast-seo-premium-wordpress\/ -->\n<title>Namaak Tamme Kastanje Tak | Aangeboden bij Decofoodshop<\/title>\n<meta name=\"description\" content=\"In ons brede assortiment kunst takken met fruit en bessen is nu ook de namaak kastanje tak te koop. Bij Decofoodshop kunt u terecht voor al uw kunstvoeding.\" \/>\n<meta name=\"robots\" content=\"index, follow, max-snippet:-1, max-image-preview:large, max-video-preview:-1\" \/>\n<link rel=\"canonical\" href=\"https:\/\/decofoodshop.nl\/de\/produktkategorie-2\/andere\/\" \/>\n<meta property=\"og:locale\" content=\"de_DE\" \/>\n<meta property=\"og:type\" content=\"article\" \/>\n<meta property=\"og:title\" content=\"Namaak Tamme Kastanje Tak\" \/>\n<meta property=\"og:description\" content=\"In ons brede assortiment kunst takken met fruit en bessen is nu ook de namaak kastanje tak te koop. Bij Decofoodshop kunt u terecht voor al uw kunstvoeding.\" \/>\n<meta property=\"og:url\" content=\"https:\/\/decofoodshop.nl\/de\/produktkategorie-2\/andere\/\" \/>\n<meta property=\"og:site_name\" content=\"Decofoodshop\" \/>\n<meta property=\"article:modified_time\" content=\"2026-03-02T11:07:19+00:00\" \/>\n<meta property=\"og:image\" content=\"https:\/\/decofoodshop.nl\/wp-content\/uploads\/2023\/01\/Namaak-Tamme-kastanje-tak.png\" \/>\n\t<meta property=\"og:image:width\" content=\"953\" \/>\n\t<meta property=\"og:image:height\" content=\"953\" \/>\n\t<meta property=\"og:image:type\" content=\"image\/png\" \/>\n<meta name=\"twitter:card\" content=\"summary_large_image\" \/>\n<meta name=\"twitter:label1\" content=\"Gesch\u00e4tzte Lesezeit\" \/>\n\t<meta name=\"twitter:data1\" content=\"1\u00a0Minute\" \/>\n<script type=\"application\/ld+json\" class=\"yoast-schema-graph\">{\"@context\":\"https:\\\/\\\/schema.org\",\"@graph\":[{\"@type\":\"WebPage\",\"@id\":\"https:\\\/\\\/decofoodshop.nl\\\/product\\\/namaak-tamme-kastanje-tak\\\/\",\"url\":\"https:\\\/\\\/decofoodshop.nl\\\/product-categorie\\\/overige\\\/\",\"name\":\"Namaak Tamme Kastanje Tak | Aangeboden bij Decofoodshop\",\"isPartOf\":{\"@id\":\"https:\\\/\\\/decofoodshop.nl\\\/#website\"},\"primaryImageOfPage\":{\"@id\":\"https:\\\/\\\/decofoodshop.nl\\\/product-categorie\\\/overige\\\/#primaryimage\"},\"image\":{\"@id\":\"https:\\\/\\\/decofoodshop.nl\\\/product-categorie\\\/overige\\\/#primaryimage\"},\"thumbnailUrl\":\"https:\\\/\\\/decofoodshop.nl\\\/wp-content\\\/uploads\\\/2023\\\/01\\\/Namaak-Tamme-kastanje-tak.png\",\"datePublished\":\"2023-01-25T10:22:52+00:00\",\"dateModified\":\"2026-03-02T11:07:19+00:00\",\"description\":\"In ons brede assortiment kunst takken met fruit en bessen is nu ook de namaak kastanje tak te koop. Bij Decofoodshop kunt u terecht voor al uw kunstvoeding.\",\"breadcrumb\":{\"@id\":\"https:\\\/\\\/decofoodshop.nl\\\/product-categorie\\\/overige\\\/#breadcrumb\"},\"inLanguage\":\"de\",\"potentialAction\":[{\"@type\":\"ReadAction\",\"target\":[\"https:\\\/\\\/decofoodshop.nl\\\/product-categorie\\\/overige\\\/\"]}]},{\"@type\":\"ImageObject\",\"inLanguage\":\"de\",\"@id\":\"https:\\\/\\\/decofoodshop.nl\\\/product-categorie\\\/overige\\\/#primaryimage\",\"url\":\"https:\\\/\\\/decofoodshop.nl\\\/wp-content\\\/uploads\\\/2023\\\/01\\\/Namaak-Tamme-kastanje-tak.png\",\"contentUrl\":\"https:\\\/\\\/decofoodshop.nl\\\/wp-content\\\/uploads\\\/2023\\\/01\\\/Namaak-Tamme-kastanje-tak.png\",\"width\":953,\"height\":953,\"caption\":\"Namaak Tamme kastanje tak tak\"},{\"@type\":\"BreadcrumbList\",\"@id\":\"https:\\\/\\\/decofoodshop.nl\\\/product-categorie\\\/overige\\\/#breadcrumb\",\"itemListElement\":[{\"@type\":\"ListItem\",\"position\":1,\"name\":\"Home\",\"item\":\"https:\\\/\\\/decofoodshop.nl\\\/\"},{\"@type\":\"ListItem\",\"position\":2,\"name\":\"Winkel\",\"item\":\"https:\\\/\\\/decofoodshop.nl\\\/winkel\\\/\"},{\"@type\":\"ListItem\",\"position\":3,\"name\":\"Namaak Tamme Kastanje Tak\"}]},{\"@type\":\"WebSite\",\"@id\":\"https:\\\/\\\/decofoodshop.nl\\\/#website\",\"url\":\"https:\\\/\\\/decofoodshop.nl\\\/\",\"name\":\"Decofoodshop\",\"description\":\"\",\"potentialAction\":[{\"@type\":\"SearchAction\",\"target\":{\"@type\":\"EntryPoint\",\"urlTemplate\":\"https:\\\/\\\/decofoodshop.nl\\\/?s={search_term_string}\"},\"query-input\":{\"@type\":\"PropertyValueSpecification\",\"valueRequired\":true,\"valueName\":\"search_term_string\"}}],\"inLanguage\":\"de\"}]}<\/script>\n<!-- \/ Yoast SEO Premium plugin. -->","yoast_head_json":{"title":"Gef\u00e4lschter Edelkastanienzweig | Angeboten bei Decofoodshop","description":"In unserem umfangreichen Sortiment an k\u00fcnstlichen Zweigen mit Fr\u00fcchten und Beeren ist jetzt auch der k\u00fcnstliche Kastanienzweig zum Verkauf. Bei Decofoodshop k\u00f6nnen Sie alle Ihre k\u00fcnstlichen Lebensmittel kaufen.","robots":{"index":"index","follow":"follow","max-snippet":"max-snippet:-1","max-image-preview":"max-image-preview:large","max-video-preview":"max-video-preview:-1"},"canonical":"https:\/\/decofoodshop.nl\/de\/produktkategorie-2\/andere\/","og_locale":"de_DE","og_type":"article","og_title":"Namaak Tamme Kastanje Tak","og_description":"In ons brede assortiment kunst takken met fruit en bessen is nu ook de namaak kastanje tak te koop. Bij Decofoodshop kunt u terecht voor al uw kunstvoeding.","og_url":"https:\/\/decofoodshop.nl\/de\/produktkategorie-2\/andere\/","og_site_name":"Decofoodshop","article_modified_time":"2026-03-02T11:07:19+00:00","og_image":[{"width":953,"height":953,"url":"https:\/\/decofoodshop.nl\/wp-content\/uploads\/2023\/01\/Namaak-Tamme-kastanje-tak.png","type":"image\/png"}],"twitter_card":"summary_large_image","twitter_misc":{"Gesch\u00e4tzte Lesezeit":"1\u00a0Minute"},"schema":{"@context":"https:\/\/schema.org","@graph":[{"@type":"WebPage","@id":"https:\/\/decofoodshop.nl\/product\/namaak-tamme-kastanje-tak\/","url":"https:\/\/decofoodshop.nl\/product-categorie\/overige\/","name":"Gef\u00e4lschter Edelkastanienzweig | Angeboten bei Decofoodshop","isPartOf":{"@id":"https:\/\/decofoodshop.nl\/#website"},"primaryImageOfPage":{"@id":"https:\/\/decofoodshop.nl\/product-categorie\/overige\/#primaryimage"},"image":{"@id":"https:\/\/decofoodshop.nl\/product-categorie\/overige\/#primaryimage"},"thumbnailUrl":"https:\/\/decofoodshop.nl\/wp-content\/uploads\/2023\/01\/Namaak-Tamme-kastanje-tak.png","datePublished":"2023-01-25T10:22:52+00:00","dateModified":"2026-03-02T11:07:19+00:00","description":"In unserem umfangreichen Sortiment an k\u00fcnstlichen Zweigen mit Fr\u00fcchten und Beeren ist jetzt auch der k\u00fcnstliche Kastanienzweig zum Verkauf. Bei Decofoodshop k\u00f6nnen Sie alle Ihre k\u00fcnstlichen Lebensmittel kaufen.","breadcrumb":{"@id":"https:\/\/decofoodshop.nl\/product-categorie\/overige\/#breadcrumb"},"inLanguage":"de","potentialAction":[{"@type":"ReadAction","target":["https:\/\/decofoodshop.nl\/product-categorie\/overige\/"]}]},{"@type":"ImageObject","inLanguage":"de","@id":"https:\/\/decofoodshop.nl\/product-categorie\/overige\/#primaryimage","url":"https:\/\/decofoodshop.nl\/wp-content\/uploads\/2023\/01\/Namaak-Tamme-kastanje-tak.png","contentUrl":"https:\/\/decofoodshop.nl\/wp-content\/uploads\/2023\/01\/Namaak-Tamme-kastanje-tak.png","width":953,"height":953,"caption":"Namaak Tamme kastanje tak tak"},{"@type":"BreadcrumbList","@id":"https:\/\/decofoodshop.nl\/product-categorie\/overige\/#breadcrumb","itemListElement":[{"@type":"ListItem","position":1,"name":"Home","item":"https:\/\/decofoodshop.nl\/"},{"@type":"ListItem","position":2,"name":"Winkel","item":"https:\/\/decofoodshop.nl\/winkel\/"},{"@type":"ListItem","position":3,"name":"Namaak Tamme Kastanje Tak"}]},{"@type":"WebSite","@id":"https:\/\/decofoodshop.nl\/#website","url":"https:\/\/decofoodshop.nl\/","name":"Dekofoodshop","description":"","potentialAction":[{"@type":"SearchAction","target":{"@type":"EntryPoint","urlTemplate":"https:\/\/decofoodshop.nl\/?s={search_term_string}"},"query-input":{"@type":"PropertyValueSpecification","valueRequired":true,"valueName":"search_term_string"}}],"inLanguage":"de"}]}},"_links":{"self":[{"href":"https:\/\/decofoodshop.nl\/de\/wp-json\/wp\/v2\/product\/7335","targetHints":{"allow":["GET"]}}],"collection":[{"href":"https:\/\/decofoodshop.nl\/de\/wp-json\/wp\/v2\/product"}],"about":[{"href":"https:\/\/decofoodshop.nl\/de\/wp-json\/wp\/v2\/types\/product"}],"wp:featuredmedia":[{"embeddable":true,"href":"https:\/\/decofoodshop.nl\/de\/wp-json\/wp\/v2\/media\/7337"}],"wp:attachment":[{"href":"https:\/\/decofoodshop.nl\/de\/wp-json\/wp\/v2\/media?parent=7335"}],"wp:term":[{"taxonomy":"product_brand","embeddable":true,"href":"https:\/\/decofoodshop.nl\/de\/wp-json\/wp\/v2\/product_brand?post=7335"},{"taxonomy":"product_cat","embeddable":true,"href":"https:\/\/decofoodshop.nl\/de\/wp-json\/wp\/v2\/product_cat?post=7335"},{"taxonomy":"product_tag","embeddable":true,"href":"https:\/\/decofoodshop.nl\/de\/wp-json\/wp\/v2\/product_tag?post=7335"}],"curies":[{"name":"wp","href":"https:\/\/api.w.org\/{rel}","templated":true}]}}