{"id":743,"date":"2019-05-20T10:26:49","date_gmt":"2019-05-20T08:26:49","guid":{"rendered":"https:\/\/decofoodshop.nl\/?post_type=product&#038;p=743"},"modified":"2026-03-24T15:45:40","modified_gmt":"2026-03-24T14:45:40","slug":"gefalschte-honigmelone","status":"publish","type":"product","link":"https:\/\/decofoodshop.nl\/de\/product\/namaak-honing-meloen\/","title":{"rendered":"Gef\u00e4lschte Honigmelone"},"content":{"rendered":"<p>Diese sehr realistische gef\u00e4lschte Honigmelone ist kaum von der echten zu unterscheiden.<\/p>\n<p>Auch die Gr\u00f6\u00dfe der k\u00fcnstlichen Melone entspricht der einer echten Melone.<\/p>\n<p>Die k\u00fcnstliche Melone ist von sehr fester Qualit\u00e4t und f\u00fchlt sich sogar echt an.<\/p>\n<p>Die Farbe der gef\u00e4lschten Melone ist sehr detailliert.<\/p>\n<p>Ausgestattet mit einem Stiel und einem nat\u00fcrlich aussehenden Boden.<\/p>\n<p>F\u00fcr mehr k\u00fcnstliche Fr\u00fcchte klicken Sie auf:\u00a0 <a href=\"https:\/\/decofoodshop.nl\/de\/produktkategorie-2\/kunstliche-fruchte\/\"><span style=\"color: #008000;\"><strong>&#039;Hier<\/strong><\/span>&#8216;<\/a>.<\/p>","protected":false},"excerpt":{"rendered":"<p>Deze zeer realistische namaak honing meloen is nauwelijks van echt te onderscheiden. Ook het formaat van de kunst meloen is net zoals een echte meloen. De kunstmeloen is van zeer stevige kwaliteit en voelt zelfs echt aan. De kleur van de namaak meloen is erg gedetailleerd. Voorzien van een steeltje en een natuurgetrouwe onderkant. Voor [&hellip;]<\/p>\n","protected":false},"featured_media":1496,"template":"","meta":{"_acf_changed":false,"_genesis_hide_title":false,"_genesis_hide_breadcrumbs":false,"_genesis_hide_singular_image":false,"_genesis_hide_footer_widgets":false,"_genesis_custom_body_class":"","_genesis_custom_post_class":"","_genesis_layout":""},"product_brand":[],"product_cat":[47],"product_tag":[],"class_list":{"0":"post-743","1":"product","2":"type-product","3":"status-publish","4":"has-post-thumbnail","6":"product_cat-kunstfruit","7":"entry","8":"wpx-has-gallery","10":"first","11":"instock","12":"taxable","13":"shipping-taxable","14":"purchasable","15":"product-type-simple"},"acf":[],"yoast_head":"<!-- This site is optimized with the Yoast SEO Premium plugin v27.3 (Yoast SEO v27.4) - https:\/\/yoast.com\/product\/yoast-seo-premium-wordpress\/ -->\n<title>Namaak Honing Meloen - kopen bij Decofoodshop<\/title>\n<meta name=\"description\" content=\"Namaak Honing Meloen deze is bijna niet van echt te onderscheiden. Nagemaakt naar levensecht formaat. Kijk snel bij Decofoodshop.nl\" \/>\n<meta name=\"robots\" content=\"index, follow, max-snippet:-1, max-image-preview:large, max-video-preview:-1\" \/>\n<link rel=\"canonical\" href=\"https:\/\/decofoodshop.nl\/de\/produkt\/gefalschte-honigmelone\/\" \/>\n<meta property=\"og:locale\" content=\"de_DE\" \/>\n<meta property=\"og:type\" content=\"article\" \/>\n<meta property=\"og:title\" content=\"Namaak Honing Meloen\" \/>\n<meta property=\"og:description\" content=\"Namaak Honing Meloen deze is bijna niet van echt te onderscheiden. Nagemaakt naar levensecht formaat. Kijk snel bij Decofoodshop.nl\" \/>\n<meta property=\"og:url\" content=\"https:\/\/decofoodshop.nl\/de\/produkt\/gefalschte-honigmelone\/\" \/>\n<meta property=\"og:site_name\" content=\"Decofoodshop\" \/>\n<meta property=\"article:modified_time\" content=\"2026-03-24T14:45:40+00:00\" \/>\n<meta property=\"og:image\" content=\"https:\/\/decofoodshop.nl\/wp-content\/uploads\/2019\/05\/Namaak-Honing-Meloen-18cm-1.jpg\" \/>\n\t<meta property=\"og:image:width\" content=\"1506\" \/>\n\t<meta property=\"og:image:height\" content=\"1506\" \/>\n\t<meta property=\"og:image:type\" content=\"image\/jpeg\" \/>\n<meta name=\"twitter:card\" content=\"summary_large_image\" \/>\n<meta name=\"twitter:label1\" content=\"Gesch\u00e4tzte Lesezeit\" \/>\n\t<meta name=\"twitter:data1\" content=\"1\u00a0Minute\" \/>\n<script type=\"application\/ld+json\" class=\"yoast-schema-graph\">{\"@context\":\"https:\\\/\\\/schema.org\",\"@graph\":[{\"@type\":\"WebPage\",\"@id\":\"https:\\\/\\\/decofoodshop.nl\\\/product\\\/namaak-honing-meloen\\\/\",\"url\":\"https:\\\/\\\/decofoodshop.nl\\\/product\\\/namaak-honing-meloen\\\/\",\"name\":\"Namaak Honing Meloen - kopen bij Decofoodshop\",\"isPartOf\":{\"@id\":\"https:\\\/\\\/decofoodshop.nl\\\/#website\"},\"primaryImageOfPage\":{\"@id\":\"https:\\\/\\\/decofoodshop.nl\\\/product\\\/namaak-honing-meloen\\\/#primaryimage\"},\"image\":{\"@id\":\"https:\\\/\\\/decofoodshop.nl\\\/product\\\/namaak-honing-meloen\\\/#primaryimage\"},\"thumbnailUrl\":\"https:\\\/\\\/decofoodshop.nl\\\/wp-content\\\/uploads\\\/2019\\\/05\\\/Namaak-Honing-Meloen-18cm-1.jpg\",\"datePublished\":\"2019-05-20T08:26:49+00:00\",\"dateModified\":\"2026-03-24T14:45:40+00:00\",\"description\":\"Namaak Honing Meloen deze is bijna niet van echt te onderscheiden. Nagemaakt naar levensecht formaat. Kijk snel bij Decofoodshop.nl\",\"breadcrumb\":{\"@id\":\"https:\\\/\\\/decofoodshop.nl\\\/product\\\/namaak-honing-meloen\\\/#breadcrumb\"},\"inLanguage\":\"de\",\"potentialAction\":[{\"@type\":\"ReadAction\",\"target\":[\"https:\\\/\\\/decofoodshop.nl\\\/product\\\/namaak-honing-meloen\\\/\"]}]},{\"@type\":\"ImageObject\",\"inLanguage\":\"de\",\"@id\":\"https:\\\/\\\/decofoodshop.nl\\\/product\\\/namaak-honing-meloen\\\/#primaryimage\",\"url\":\"https:\\\/\\\/decofoodshop.nl\\\/wp-content\\\/uploads\\\/2019\\\/05\\\/Namaak-Honing-Meloen-18cm-1.jpg\",\"contentUrl\":\"https:\\\/\\\/decofoodshop.nl\\\/wp-content\\\/uploads\\\/2019\\\/05\\\/Namaak-Honing-Meloen-18cm-1.jpg\",\"width\":1506,\"height\":1506,\"caption\":\"Namaak Honing Meloen\"},{\"@type\":\"BreadcrumbList\",\"@id\":\"https:\\\/\\\/decofoodshop.nl\\\/product\\\/namaak-honing-meloen\\\/#breadcrumb\",\"itemListElement\":[{\"@type\":\"ListItem\",\"position\":1,\"name\":\"Home\",\"item\":\"https:\\\/\\\/decofoodshop.nl\\\/\"},{\"@type\":\"ListItem\",\"position\":2,\"name\":\"Winkel\",\"item\":\"https:\\\/\\\/decofoodshop.nl\\\/winkel\\\/\"},{\"@type\":\"ListItem\",\"position\":3,\"name\":\"Namaak Honing Meloen\"}]},{\"@type\":\"WebSite\",\"@id\":\"https:\\\/\\\/decofoodshop.nl\\\/#website\",\"url\":\"https:\\\/\\\/decofoodshop.nl\\\/\",\"name\":\"Decofoodshop\",\"description\":\"\",\"potentialAction\":[{\"@type\":\"SearchAction\",\"target\":{\"@type\":\"EntryPoint\",\"urlTemplate\":\"https:\\\/\\\/decofoodshop.nl\\\/?s={search_term_string}\"},\"query-input\":{\"@type\":\"PropertyValueSpecification\",\"valueRequired\":true,\"valueName\":\"search_term_string\"}}],\"inLanguage\":\"de\"}]}<\/script>\n<!-- \/ Yoast SEO Premium plugin. -->","yoast_head_json":{"title":"Gef\u00e4lschte Honigmelone - kaufen bei Decofoodshop","description":"Gef\u00e4lschte Honigmelone, die von der echten kaum zu unterscheiden ist. Reproduziert in lebensechtem Format. Werfen Sie einen kurzen Blick auf Decofoodshop.nl","robots":{"index":"index","follow":"follow","max-snippet":"max-snippet:-1","max-image-preview":"max-image-preview:large","max-video-preview":"max-video-preview:-1"},"canonical":"https:\/\/decofoodshop.nl\/de\/produkt\/gefalschte-honigmelone\/","og_locale":"de_DE","og_type":"article","og_title":"Namaak Honing Meloen","og_description":"Namaak Honing Meloen deze is bijna niet van echt te onderscheiden. Nagemaakt naar levensecht formaat. Kijk snel bij Decofoodshop.nl","og_url":"https:\/\/decofoodshop.nl\/de\/produkt\/gefalschte-honigmelone\/","og_site_name":"Decofoodshop","article_modified_time":"2026-03-24T14:45:40+00:00","og_image":[{"width":1506,"height":1506,"url":"https:\/\/decofoodshop.nl\/wp-content\/uploads\/2019\/05\/Namaak-Honing-Meloen-18cm-1.jpg","type":"image\/jpeg"}],"twitter_card":"summary_large_image","twitter_misc":{"Gesch\u00e4tzte Lesezeit":"1\u00a0Minute"},"schema":{"@context":"https:\/\/schema.org","@graph":[{"@type":"WebPage","@id":"https:\/\/decofoodshop.nl\/product\/namaak-honing-meloen\/","url":"https:\/\/decofoodshop.nl\/product\/namaak-honing-meloen\/","name":"Gef\u00e4lschte Honigmelone - kaufen bei Decofoodshop","isPartOf":{"@id":"https:\/\/decofoodshop.nl\/#website"},"primaryImageOfPage":{"@id":"https:\/\/decofoodshop.nl\/product\/namaak-honing-meloen\/#primaryimage"},"image":{"@id":"https:\/\/decofoodshop.nl\/product\/namaak-honing-meloen\/#primaryimage"},"thumbnailUrl":"https:\/\/decofoodshop.nl\/wp-content\/uploads\/2019\/05\/Namaak-Honing-Meloen-18cm-1.jpg","datePublished":"2019-05-20T08:26:49+00:00","dateModified":"2026-03-24T14:45:40+00:00","description":"Gef\u00e4lschte Honigmelone, die von der echten kaum zu unterscheiden ist. Reproduziert in lebensechtem Format. Werfen Sie einen kurzen Blick auf Decofoodshop.nl","breadcrumb":{"@id":"https:\/\/decofoodshop.nl\/product\/namaak-honing-meloen\/#breadcrumb"},"inLanguage":"de","potentialAction":[{"@type":"ReadAction","target":["https:\/\/decofoodshop.nl\/product\/namaak-honing-meloen\/"]}]},{"@type":"ImageObject","inLanguage":"de","@id":"https:\/\/decofoodshop.nl\/product\/namaak-honing-meloen\/#primaryimage","url":"https:\/\/decofoodshop.nl\/wp-content\/uploads\/2019\/05\/Namaak-Honing-Meloen-18cm-1.jpg","contentUrl":"https:\/\/decofoodshop.nl\/wp-content\/uploads\/2019\/05\/Namaak-Honing-Meloen-18cm-1.jpg","width":1506,"height":1506,"caption":"Namaak Honing Meloen"},{"@type":"BreadcrumbList","@id":"https:\/\/decofoodshop.nl\/product\/namaak-honing-meloen\/#breadcrumb","itemListElement":[{"@type":"ListItem","position":1,"name":"Home","item":"https:\/\/decofoodshop.nl\/"},{"@type":"ListItem","position":2,"name":"Winkel","item":"https:\/\/decofoodshop.nl\/winkel\/"},{"@type":"ListItem","position":3,"name":"Namaak Honing Meloen"}]},{"@type":"WebSite","@id":"https:\/\/decofoodshop.nl\/#website","url":"https:\/\/decofoodshop.nl\/","name":"Dekofoodshop","description":"","potentialAction":[{"@type":"SearchAction","target":{"@type":"EntryPoint","urlTemplate":"https:\/\/decofoodshop.nl\/?s={search_term_string}"},"query-input":{"@type":"PropertyValueSpecification","valueRequired":true,"valueName":"search_term_string"}}],"inLanguage":"de"}]}},"_links":{"self":[{"href":"https:\/\/decofoodshop.nl\/de\/wp-json\/wp\/v2\/product\/743","targetHints":{"allow":["GET"]}}],"collection":[{"href":"https:\/\/decofoodshop.nl\/de\/wp-json\/wp\/v2\/product"}],"about":[{"href":"https:\/\/decofoodshop.nl\/de\/wp-json\/wp\/v2\/types\/product"}],"wp:featuredmedia":[{"embeddable":true,"href":"https:\/\/decofoodshop.nl\/de\/wp-json\/wp\/v2\/media\/1496"}],"wp:attachment":[{"href":"https:\/\/decofoodshop.nl\/de\/wp-json\/wp\/v2\/media?parent=743"}],"wp:term":[{"taxonomy":"product_brand","embeddable":true,"href":"https:\/\/decofoodshop.nl\/de\/wp-json\/wp\/v2\/product_brand?post=743"},{"taxonomy":"product_cat","embeddable":true,"href":"https:\/\/decofoodshop.nl\/de\/wp-json\/wp\/v2\/product_cat?post=743"},{"taxonomy":"product_tag","embeddable":true,"href":"https:\/\/decofoodshop.nl\/de\/wp-json\/wp\/v2\/product_tag?post=743"}],"curies":[{"name":"wp","href":"https:\/\/api.w.org\/{rel}","templated":true}]}}