{"id":793,"date":"2019-05-20T11:30:55","date_gmt":"2019-05-20T11:30:55","guid":{"rendered":"https:\/\/decofoodshop.nl\/?post_type=product&#038;p=793"},"modified":"2026-04-09T20:53:13","modified_gmt":"2026-04-09T18:53:13","slug":"falsches-avocadogrun","status":"publish","type":"product","link":"https:\/\/decofoodshop.nl\/de\/product\/namaak-avocado-groen\/","title":{"rendered":"Gef\u00e4lschtes Avocado-Gr\u00fcn"},"content":{"rendered":"<p>Dieses gef\u00e4lschte Avocadogr\u00fcn ist genau wie echt.<\/p>\n<p>Sowohl die Farbe als auch die Form sind kaum von der Realit\u00e4t zu unterscheiden.<\/p>\n<p>Diese Gem\u00fcseattrappen sind von professioneller Qualit\u00e4t.<\/p>\n<p>Sogar das Format ist in Originalgr\u00f6\u00dfe.<\/p>\n<p>Auf jeden Fall empfehlenswert!<\/p>\n<p>Suchen Sie auch k\u00fcnstliches Gem\u00fcse? dann klick<strong><span style=\"color: #008000;\"> <a style=\"color: #008000;\" href=\"https:\/\/decofoodshop.nl\/de\/produktkategorie-2\/kunstliches-gemuse\/\">&#039;Hier&#039;<\/a>.<\/span><\/strong><\/p>","protected":false},"excerpt":{"rendered":"<p>Dieses gef\u00e4lschte Avocadogr\u00fcn ist genau wie das Original. Sowohl die Farbe als auch die Form sind vom Original kaum zu unterscheiden. Diese Gem\u00fcseattrappen sind von professioneller Qualit\u00e4t. Sogar die Gr\u00f6\u00dfe ist in voller Gr\u00f6\u00dfe. Auf jeden Fall empfehlenswert! Sind Sie auch auf der Suche nach k\u00fcnstlichem Gem\u00fcse? Klicken Sie dann auf \u201eHier\u201c.<\/p>","protected":false},"featured_media":1442,"template":"","meta":{"_acf_changed":false,"_genesis_hide_title":false,"_genesis_hide_breadcrumbs":false,"_genesis_hide_singular_image":false,"_genesis_hide_footer_widgets":false,"_genesis_custom_body_class":"","_genesis_custom_post_class":"","_genesis_layout":""},"product_brand":[],"product_cat":[48],"product_tag":[],"class_list":{"0":"post-793","1":"product","2":"type-product","3":"status-publish","4":"has-post-thumbnail","6":"product_cat-kunstgroenten","7":"entry","8":"wpx-has-gallery","10":"first","11":"instock","12":"taxable","13":"shipping-taxable","14":"purchasable","15":"product-type-simple"},"acf":[],"yoast_head":"<!-- This site is optimized with the Yoast SEO Premium plugin v27.4 (Yoast SEO v27.4) - https:\/\/yoast.com\/product\/yoast-seo-premium-wordpress\/ -->\n<title>Namaak Avocado Groen en andere kunstgroentes kopen bij Decofoodshop<\/title>\n<meta name=\"description\" content=\"Deze nep avocado is net echt. Zowel de kleur als vorm zijn nauwelijks van echt te onderscheiden. Bekijk decofoodhsop voor namaak avocado&#039;s.\" \/>\n<meta name=\"robots\" content=\"index, follow, max-snippet:-1, max-image-preview:large, max-video-preview:-1\" \/>\n<link rel=\"canonical\" href=\"https:\/\/decofoodshop.nl\/de\/produkt\/falsches-avocadogrun\/\" \/>\n<meta property=\"og:locale\" content=\"de_DE\" \/>\n<meta property=\"og:type\" content=\"article\" \/>\n<meta property=\"og:title\" content=\"Namaak Avocado Groen\" \/>\n<meta property=\"og:description\" content=\"Deze nep avocado is net echt. Zowel de kleur als vorm zijn nauwelijks van echt te onderscheiden. Bekijk decofoodhsop voor namaak avocado&#039;s.\" \/>\n<meta property=\"og:url\" content=\"https:\/\/decofoodshop.nl\/de\/produkt\/falsches-avocadogrun\/\" \/>\n<meta property=\"og:site_name\" content=\"Decofoodshop\" \/>\n<meta property=\"article:modified_time\" content=\"2026-04-09T18:53:13+00:00\" \/>\n<meta property=\"og:image\" content=\"https:\/\/decofoodshop.nl\/wp-content\/uploads\/2019\/05\/Namaak-Avocado-Groen-9cm-1.jpg\" \/>\n\t<meta property=\"og:image:width\" content=\"601\" \/>\n\t<meta property=\"og:image:height\" content=\"599\" \/>\n\t<meta property=\"og:image:type\" content=\"image\/jpeg\" \/>\n<meta name=\"twitter:card\" content=\"summary_large_image\" \/>\n<meta name=\"twitter:label1\" content=\"Gesch\u00e4tzte Lesezeit\" \/>\n\t<meta name=\"twitter:data1\" content=\"1\u00a0Minute\" \/>\n<script type=\"application\/ld+json\" class=\"yoast-schema-graph\">{\"@context\":\"https:\\\/\\\/schema.org\",\"@graph\":[{\"@type\":\"WebPage\",\"@id\":\"https:\\\/\\\/decofoodshop.nl\\\/product\\\/namaak-avocado-groen\\\/\",\"url\":\"https:\\\/\\\/decofoodshop.nl\\\/product\\\/namaak-avocado-groen\\\/\",\"name\":\"Namaak Avocado Groen en andere kunstgroentes kopen bij Decofoodshop\",\"isPartOf\":{\"@id\":\"https:\\\/\\\/decofoodshop.nl\\\/#website\"},\"primaryImageOfPage\":{\"@id\":\"https:\\\/\\\/decofoodshop.nl\\\/product\\\/namaak-avocado-groen\\\/#primaryimage\"},\"image\":{\"@id\":\"https:\\\/\\\/decofoodshop.nl\\\/product\\\/namaak-avocado-groen\\\/#primaryimage\"},\"thumbnailUrl\":\"https:\\\/\\\/decofoodshop.nl\\\/wp-content\\\/uploads\\\/2019\\\/05\\\/Namaak-Avocado-Groen-9cm-1.jpg\",\"datePublished\":\"2019-05-20T11:30:55+00:00\",\"dateModified\":\"2026-04-09T18:53:13+00:00\",\"description\":\"Deze nep avocado is net echt. Zowel de kleur als vorm zijn nauwelijks van echt te onderscheiden. Bekijk decofoodhsop voor namaak avocado's.\",\"breadcrumb\":{\"@id\":\"https:\\\/\\\/decofoodshop.nl\\\/product\\\/namaak-avocado-groen\\\/#breadcrumb\"},\"inLanguage\":\"de\",\"potentialAction\":[{\"@type\":\"ReadAction\",\"target\":[\"https:\\\/\\\/decofoodshop.nl\\\/product\\\/namaak-avocado-groen\\\/\"]}]},{\"@type\":\"ImageObject\",\"inLanguage\":\"de\",\"@id\":\"https:\\\/\\\/decofoodshop.nl\\\/product\\\/namaak-avocado-groen\\\/#primaryimage\",\"url\":\"https:\\\/\\\/decofoodshop.nl\\\/wp-content\\\/uploads\\\/2019\\\/05\\\/Namaak-Avocado-Groen-9cm-1.jpg\",\"contentUrl\":\"https:\\\/\\\/decofoodshop.nl\\\/wp-content\\\/uploads\\\/2019\\\/05\\\/Namaak-Avocado-Groen-9cm-1.jpg\",\"width\":601,\"height\":599,\"caption\":\"Namaak Avocado groen\"},{\"@type\":\"BreadcrumbList\",\"@id\":\"https:\\\/\\\/decofoodshop.nl\\\/product\\\/namaak-avocado-groen\\\/#breadcrumb\",\"itemListElement\":[{\"@type\":\"ListItem\",\"position\":1,\"name\":\"Home\",\"item\":\"https:\\\/\\\/decofoodshop.nl\\\/\"},{\"@type\":\"ListItem\",\"position\":2,\"name\":\"Winkel\",\"item\":\"https:\\\/\\\/decofoodshop.nl\\\/winkel\\\/\"},{\"@type\":\"ListItem\",\"position\":3,\"name\":\"Namaak Avocado Groen\"}]},{\"@type\":\"WebSite\",\"@id\":\"https:\\\/\\\/decofoodshop.nl\\\/#website\",\"url\":\"https:\\\/\\\/decofoodshop.nl\\\/\",\"name\":\"Decofoodshop\",\"description\":\"\",\"potentialAction\":[{\"@type\":\"SearchAction\",\"target\":{\"@type\":\"EntryPoint\",\"urlTemplate\":\"https:\\\/\\\/decofoodshop.nl\\\/?s={search_term_string}\"},\"query-input\":{\"@type\":\"PropertyValueSpecification\",\"valueRequired\":true,\"valueName\":\"search_term_string\"}}],\"inLanguage\":\"de\"}]}<\/script>\n<!-- \/ Yoast SEO Premium plugin. -->","yoast_head_json":{"title":"Kaufen Sie gef\u00e4lschtes Avocado Green und anderes k\u00fcnstliches Gem\u00fcse bei Decofoodshop","description":"Diese gef\u00e4lschte Avocado ist genau wie echt. Sowohl die Farbe als auch die Form sind kaum von der Realit\u00e4t zu unterscheiden. Schauen Sie sich decofoodhsop f\u00fcr gef\u00e4lschte Avocados an.","robots":{"index":"index","follow":"follow","max-snippet":"max-snippet:-1","max-image-preview":"max-image-preview:large","max-video-preview":"max-video-preview:-1"},"canonical":"https:\/\/decofoodshop.nl\/de\/produkt\/falsches-avocadogrun\/","og_locale":"de_DE","og_type":"article","og_title":"Namaak Avocado Groen","og_description":"Deze nep avocado is net echt. Zowel de kleur als vorm zijn nauwelijks van echt te onderscheiden. Bekijk decofoodhsop voor namaak avocado's.","og_url":"https:\/\/decofoodshop.nl\/de\/produkt\/falsches-avocadogrun\/","og_site_name":"Decofoodshop","article_modified_time":"2026-04-09T18:53:13+00:00","og_image":[{"width":601,"height":599,"url":"https:\/\/decofoodshop.nl\/wp-content\/uploads\/2019\/05\/Namaak-Avocado-Groen-9cm-1.jpg","type":"image\/jpeg"}],"twitter_card":"summary_large_image","twitter_misc":{"Gesch\u00e4tzte Lesezeit":"1\u00a0Minute"},"schema":{"@context":"https:\/\/schema.org","@graph":[{"@type":"WebPage","@id":"https:\/\/decofoodshop.nl\/product\/namaak-avocado-groen\/","url":"https:\/\/decofoodshop.nl\/product\/namaak-avocado-groen\/","name":"Kaufen Sie gef\u00e4lschtes Avocado Green und anderes k\u00fcnstliches Gem\u00fcse bei Decofoodshop","isPartOf":{"@id":"https:\/\/decofoodshop.nl\/#website"},"primaryImageOfPage":{"@id":"https:\/\/decofoodshop.nl\/product\/namaak-avocado-groen\/#primaryimage"},"image":{"@id":"https:\/\/decofoodshop.nl\/product\/namaak-avocado-groen\/#primaryimage"},"thumbnailUrl":"https:\/\/decofoodshop.nl\/wp-content\/uploads\/2019\/05\/Namaak-Avocado-Groen-9cm-1.jpg","datePublished":"2019-05-20T11:30:55+00:00","dateModified":"2026-04-09T18:53:13+00:00","description":"Diese gef\u00e4lschte Avocado ist genau wie echt. Sowohl die Farbe als auch die Form sind kaum von der Realit\u00e4t zu unterscheiden. Schauen Sie sich decofoodhsop f\u00fcr gef\u00e4lschte Avocados an.","breadcrumb":{"@id":"https:\/\/decofoodshop.nl\/product\/namaak-avocado-groen\/#breadcrumb"},"inLanguage":"de","potentialAction":[{"@type":"ReadAction","target":["https:\/\/decofoodshop.nl\/product\/namaak-avocado-groen\/"]}]},{"@type":"ImageObject","inLanguage":"de","@id":"https:\/\/decofoodshop.nl\/product\/namaak-avocado-groen\/#primaryimage","url":"https:\/\/decofoodshop.nl\/wp-content\/uploads\/2019\/05\/Namaak-Avocado-Groen-9cm-1.jpg","contentUrl":"https:\/\/decofoodshop.nl\/wp-content\/uploads\/2019\/05\/Namaak-Avocado-Groen-9cm-1.jpg","width":601,"height":599,"caption":"Namaak Avocado groen"},{"@type":"BreadcrumbList","@id":"https:\/\/decofoodshop.nl\/product\/namaak-avocado-groen\/#breadcrumb","itemListElement":[{"@type":"ListItem","position":1,"name":"Home","item":"https:\/\/decofoodshop.nl\/"},{"@type":"ListItem","position":2,"name":"Winkel","item":"https:\/\/decofoodshop.nl\/winkel\/"},{"@type":"ListItem","position":3,"name":"Namaak Avocado Groen"}]},{"@type":"WebSite","@id":"https:\/\/decofoodshop.nl\/#website","url":"https:\/\/decofoodshop.nl\/","name":"Dekofoodshop","description":"","potentialAction":[{"@type":"SearchAction","target":{"@type":"EntryPoint","urlTemplate":"https:\/\/decofoodshop.nl\/?s={search_term_string}"},"query-input":{"@type":"PropertyValueSpecification","valueRequired":true,"valueName":"search_term_string"}}],"inLanguage":"de"}]}},"_links":{"self":[{"href":"https:\/\/decofoodshop.nl\/de\/wp-json\/wp\/v2\/product\/793","targetHints":{"allow":["GET"]}}],"collection":[{"href":"https:\/\/decofoodshop.nl\/de\/wp-json\/wp\/v2\/product"}],"about":[{"href":"https:\/\/decofoodshop.nl\/de\/wp-json\/wp\/v2\/types\/product"}],"wp:featuredmedia":[{"embeddable":true,"href":"https:\/\/decofoodshop.nl\/de\/wp-json\/wp\/v2\/media\/1442"}],"wp:attachment":[{"href":"https:\/\/decofoodshop.nl\/de\/wp-json\/wp\/v2\/media?parent=793"}],"wp:term":[{"taxonomy":"product_brand","embeddable":true,"href":"https:\/\/decofoodshop.nl\/de\/wp-json\/wp\/v2\/product_brand?post=793"},{"taxonomy":"product_cat","embeddable":true,"href":"https:\/\/decofoodshop.nl\/de\/wp-json\/wp\/v2\/product_cat?post=793"},{"taxonomy":"product_tag","embeddable":true,"href":"https:\/\/decofoodshop.nl\/de\/wp-json\/wp\/v2\/product_tag?post=793"}],"curies":[{"name":"wp","href":"https:\/\/api.w.org\/{rel}","templated":true}]}}