{"id":795,"date":"2019-05-20T11:45:19","date_gmt":"2019-05-20T09:45:19","guid":{"rendered":"https:\/\/decofoodshop.nl\/?post_type=product&#038;p=795"},"modified":"2026-04-09T14:21:03","modified_gmt":"2026-04-09T12:21:03","slug":"gefalschter-ingwer","status":"publish","type":"product","link":"https:\/\/decofoodshop.nl\/de\/product\/namaak-gember\/","title":{"rendered":"Falscher Ingwer"},"content":{"rendered":"<p>Dieser gef\u00e4lschte Ingwer hat die Form von echtem Ingwer.<\/p>\n<p>Der k\u00fcnstliche Ingwer hat eine nat\u00fcrliche Farbe und ist sehr fest.<\/p>\n<p>Diese k\u00fcnstliche Ingwersorte hat mehrere Seitenzweige.<\/p>\n<p>Definitiv ein dekoratives Fake-Kraut von solider Qualit\u00e4t.<\/p>\n<p>Ein einzigartiges Produkt, das in keiner Showk\u00fcche fehl am Platz ist!<\/p>\n<p>Weitere Produkte finden Sie auch unter <strong><span style=\"color: #008000;\"><a style=\"color: #008000;\" href=\"https:\/\/decofoodshop.nl\/de\/produktkategorie-2\/andere\/\">&#039;Andere&#039;<\/a>.<\/span><\/strong><\/p>","protected":false},"excerpt":{"rendered":"<p>Deze Namaak Gember heeft de vorm van echte gember. De nepgember heeft een natuurlijke kleur en is zeer stevig. Deze kunst gember variant is voorzien van meerdere zijtakken. Absoluut een decoratief namaak kruid van stevige kwaliteit. Een uniek product dat in geen enkele showkeuken zal misstaan! Voor meer producten kunt u ook even kijken bij [&hellip;]<\/p>\n","protected":false},"featured_media":1451,"template":"","meta":{"_acf_changed":false,"_genesis_hide_title":false,"_genesis_hide_breadcrumbs":false,"_genesis_hide_singular_image":false,"_genesis_hide_footer_widgets":false,"_genesis_custom_body_class":"","_genesis_custom_post_class":"","_genesis_layout":""},"product_brand":[],"product_cat":[48,51],"product_tag":[],"class_list":{"0":"post-795","1":"product","2":"type-product","3":"status-publish","4":"has-post-thumbnail","6":"product_cat-kunstgroenten","7":"product_cat-overige","8":"entry","9":"wpx-has-gallery","11":"first","12":"instock","13":"taxable","14":"shipping-taxable","15":"purchasable","16":"product-type-simple"},"acf":[],"yoast_head":"<!-- This site is optimized with the Yoast SEO Premium plugin v27.3 (Yoast SEO v27.4) - https:\/\/yoast.com\/product\/yoast-seo-premium-wordpress\/ -->\n<title>Namaak Gember en meer nep kruiden kopen bij Decofoodshop<\/title>\n<meta name=\"description\" content=\"Deze namaak Gember heeft de vorm van echte gember. De nepgember heeft een natuurlijke kleur en is zeer stevig. Bekijk de webshop voor ons aanbod.\" \/>\n<meta name=\"robots\" content=\"index, follow, max-snippet:-1, max-image-preview:large, max-video-preview:-1\" \/>\n<link rel=\"canonical\" href=\"https:\/\/decofoodshop.nl\/de\/produkt\/gefalschter-ingwer\/\" \/>\n<meta property=\"og:locale\" content=\"de_DE\" \/>\n<meta property=\"og:type\" content=\"article\" \/>\n<meta property=\"og:title\" content=\"Namaak Gember\" \/>\n<meta property=\"og:description\" content=\"Deze namaak Gember heeft de vorm van echte gember. De nepgember heeft een natuurlijke kleur en is zeer stevig. Bekijk de webshop voor ons aanbod.\" \/>\n<meta property=\"og:url\" content=\"https:\/\/decofoodshop.nl\/de\/produkt\/gefalschter-ingwer\/\" \/>\n<meta property=\"og:site_name\" content=\"Decofoodshop\" \/>\n<meta property=\"article:modified_time\" content=\"2026-04-09T12:21:03+00:00\" \/>\n<meta property=\"og:image\" content=\"https:\/\/decofoodshop.nl\/wp-content\/uploads\/2019\/05\/Namaak-Gember-15cm-1.jpg\" \/>\n\t<meta property=\"og:image:width\" content=\"1109\" \/>\n\t<meta property=\"og:image:height\" content=\"1109\" \/>\n\t<meta property=\"og:image:type\" content=\"image\/jpeg\" \/>\n<meta name=\"twitter:card\" content=\"summary_large_image\" \/>\n<meta name=\"twitter:label1\" content=\"Gesch\u00e4tzte Lesezeit\" \/>\n\t<meta name=\"twitter:data1\" content=\"1\u00a0Minute\" \/>\n<script type=\"application\/ld+json\" class=\"yoast-schema-graph\">{\"@context\":\"https:\\\/\\\/schema.org\",\"@graph\":[{\"@type\":\"WebPage\",\"@id\":\"https:\\\/\\\/decofoodshop.nl\\\/product\\\/namaak-gember\\\/\",\"url\":\"https:\\\/\\\/decofoodshop.nl\\\/product\\\/namaak-gember\\\/\",\"name\":\"Namaak Gember en meer nep kruiden kopen bij Decofoodshop\",\"isPartOf\":{\"@id\":\"https:\\\/\\\/decofoodshop.nl\\\/#website\"},\"primaryImageOfPage\":{\"@id\":\"https:\\\/\\\/decofoodshop.nl\\\/product\\\/namaak-gember\\\/#primaryimage\"},\"image\":{\"@id\":\"https:\\\/\\\/decofoodshop.nl\\\/product\\\/namaak-gember\\\/#primaryimage\"},\"thumbnailUrl\":\"https:\\\/\\\/decofoodshop.nl\\\/wp-content\\\/uploads\\\/2019\\\/05\\\/Namaak-Gember-15cm-1.jpg\",\"datePublished\":\"2019-05-20T09:45:19+00:00\",\"dateModified\":\"2026-04-09T12:21:03+00:00\",\"description\":\"Deze namaak Gember heeft de vorm van echte gember. De nepgember heeft een natuurlijke kleur en is zeer stevig. Bekijk de webshop voor ons aanbod.\",\"breadcrumb\":{\"@id\":\"https:\\\/\\\/decofoodshop.nl\\\/product\\\/namaak-gember\\\/#breadcrumb\"},\"inLanguage\":\"de\",\"potentialAction\":[{\"@type\":\"ReadAction\",\"target\":[\"https:\\\/\\\/decofoodshop.nl\\\/product\\\/namaak-gember\\\/\"]}]},{\"@type\":\"ImageObject\",\"inLanguage\":\"de\",\"@id\":\"https:\\\/\\\/decofoodshop.nl\\\/product\\\/namaak-gember\\\/#primaryimage\",\"url\":\"https:\\\/\\\/decofoodshop.nl\\\/wp-content\\\/uploads\\\/2019\\\/05\\\/Namaak-Gember-15cm-1.jpg\",\"contentUrl\":\"https:\\\/\\\/decofoodshop.nl\\\/wp-content\\\/uploads\\\/2019\\\/05\\\/Namaak-Gember-15cm-1.jpg\",\"width\":1109,\"height\":1109,\"caption\":\"Namaak Gember\"},{\"@type\":\"BreadcrumbList\",\"@id\":\"https:\\\/\\\/decofoodshop.nl\\\/product\\\/namaak-gember\\\/#breadcrumb\",\"itemListElement\":[{\"@type\":\"ListItem\",\"position\":1,\"name\":\"Home\",\"item\":\"https:\\\/\\\/decofoodshop.nl\\\/\"},{\"@type\":\"ListItem\",\"position\":2,\"name\":\"Winkel\",\"item\":\"https:\\\/\\\/decofoodshop.nl\\\/winkel\\\/\"},{\"@type\":\"ListItem\",\"position\":3,\"name\":\"Namaak Gember\"}]},{\"@type\":\"WebSite\",\"@id\":\"https:\\\/\\\/decofoodshop.nl\\\/#website\",\"url\":\"https:\\\/\\\/decofoodshop.nl\\\/\",\"name\":\"Decofoodshop\",\"description\":\"\",\"potentialAction\":[{\"@type\":\"SearchAction\",\"target\":{\"@type\":\"EntryPoint\",\"urlTemplate\":\"https:\\\/\\\/decofoodshop.nl\\\/?s={search_term_string}\"},\"query-input\":{\"@type\":\"PropertyValueSpecification\",\"valueRequired\":true,\"valueName\":\"search_term_string\"}}],\"inLanguage\":\"de\"}]}<\/script>\n<!-- \/ Yoast SEO Premium plugin. -->","yoast_head_json":{"title":"Kaufen Sie gef\u00e4lschten Ingwer und weitere gef\u00e4lschte Kr\u00e4uter bei Decofoodshop","description":"Dieser gef\u00e4lschte Ingwer ist wie echter Ingwer geformt. Der k\u00fcnstliche Ingwer hat eine nat\u00fcrliche Farbe und ist sehr fest. Sehen Sie sich den Webshop f\u00fcr unser Angebot an.","robots":{"index":"index","follow":"follow","max-snippet":"max-snippet:-1","max-image-preview":"max-image-preview:large","max-video-preview":"max-video-preview:-1"},"canonical":"https:\/\/decofoodshop.nl\/de\/produkt\/gefalschter-ingwer\/","og_locale":"de_DE","og_type":"article","og_title":"Namaak Gember","og_description":"Deze namaak Gember heeft de vorm van echte gember. De nepgember heeft een natuurlijke kleur en is zeer stevig. Bekijk de webshop voor ons aanbod.","og_url":"https:\/\/decofoodshop.nl\/de\/produkt\/gefalschter-ingwer\/","og_site_name":"Decofoodshop","article_modified_time":"2026-04-09T12:21:03+00:00","og_image":[{"width":1109,"height":1109,"url":"https:\/\/decofoodshop.nl\/wp-content\/uploads\/2019\/05\/Namaak-Gember-15cm-1.jpg","type":"image\/jpeg"}],"twitter_card":"summary_large_image","twitter_misc":{"Gesch\u00e4tzte Lesezeit":"1\u00a0Minute"},"schema":{"@context":"https:\/\/schema.org","@graph":[{"@type":"WebPage","@id":"https:\/\/decofoodshop.nl\/product\/namaak-gember\/","url":"https:\/\/decofoodshop.nl\/product\/namaak-gember\/","name":"Kaufen Sie gef\u00e4lschten Ingwer und weitere gef\u00e4lschte Kr\u00e4uter bei Decofoodshop","isPartOf":{"@id":"https:\/\/decofoodshop.nl\/#website"},"primaryImageOfPage":{"@id":"https:\/\/decofoodshop.nl\/product\/namaak-gember\/#primaryimage"},"image":{"@id":"https:\/\/decofoodshop.nl\/product\/namaak-gember\/#primaryimage"},"thumbnailUrl":"https:\/\/decofoodshop.nl\/wp-content\/uploads\/2019\/05\/Namaak-Gember-15cm-1.jpg","datePublished":"2019-05-20T09:45:19+00:00","dateModified":"2026-04-09T12:21:03+00:00","description":"Dieser gef\u00e4lschte Ingwer ist wie echter Ingwer geformt. Der k\u00fcnstliche Ingwer hat eine nat\u00fcrliche Farbe und ist sehr fest. Sehen Sie sich den Webshop f\u00fcr unser Angebot an.","breadcrumb":{"@id":"https:\/\/decofoodshop.nl\/product\/namaak-gember\/#breadcrumb"},"inLanguage":"de","potentialAction":[{"@type":"ReadAction","target":["https:\/\/decofoodshop.nl\/product\/namaak-gember\/"]}]},{"@type":"ImageObject","inLanguage":"de","@id":"https:\/\/decofoodshop.nl\/product\/namaak-gember\/#primaryimage","url":"https:\/\/decofoodshop.nl\/wp-content\/uploads\/2019\/05\/Namaak-Gember-15cm-1.jpg","contentUrl":"https:\/\/decofoodshop.nl\/wp-content\/uploads\/2019\/05\/Namaak-Gember-15cm-1.jpg","width":1109,"height":1109,"caption":"Namaak Gember"},{"@type":"BreadcrumbList","@id":"https:\/\/decofoodshop.nl\/product\/namaak-gember\/#breadcrumb","itemListElement":[{"@type":"ListItem","position":1,"name":"Home","item":"https:\/\/decofoodshop.nl\/"},{"@type":"ListItem","position":2,"name":"Winkel","item":"https:\/\/decofoodshop.nl\/winkel\/"},{"@type":"ListItem","position":3,"name":"Namaak Gember"}]},{"@type":"WebSite","@id":"https:\/\/decofoodshop.nl\/#website","url":"https:\/\/decofoodshop.nl\/","name":"Dekofoodshop","description":"","potentialAction":[{"@type":"SearchAction","target":{"@type":"EntryPoint","urlTemplate":"https:\/\/decofoodshop.nl\/?s={search_term_string}"},"query-input":{"@type":"PropertyValueSpecification","valueRequired":true,"valueName":"search_term_string"}}],"inLanguage":"de"}]}},"_links":{"self":[{"href":"https:\/\/decofoodshop.nl\/de\/wp-json\/wp\/v2\/product\/795","targetHints":{"allow":["GET"]}}],"collection":[{"href":"https:\/\/decofoodshop.nl\/de\/wp-json\/wp\/v2\/product"}],"about":[{"href":"https:\/\/decofoodshop.nl\/de\/wp-json\/wp\/v2\/types\/product"}],"wp:featuredmedia":[{"embeddable":true,"href":"https:\/\/decofoodshop.nl\/de\/wp-json\/wp\/v2\/media\/1451"}],"wp:attachment":[{"href":"https:\/\/decofoodshop.nl\/de\/wp-json\/wp\/v2\/media?parent=795"}],"wp:term":[{"taxonomy":"product_brand","embeddable":true,"href":"https:\/\/decofoodshop.nl\/de\/wp-json\/wp\/v2\/product_brand?post=795"},{"taxonomy":"product_cat","embeddable":true,"href":"https:\/\/decofoodshop.nl\/de\/wp-json\/wp\/v2\/product_cat?post=795"},{"taxonomy":"product_tag","embeddable":true,"href":"https:\/\/decofoodshop.nl\/de\/wp-json\/wp\/v2\/product_tag?post=795"}],"curies":[{"name":"wp","href":"https:\/\/api.w.org\/{rel}","templated":true}]}}