{"id":805,"date":"2019-06-07T10:45:52","date_gmt":"2019-06-07T10:45:52","guid":{"rendered":"https:\/\/decofoodshop.nl\/?post_type=product&#038;p=805"},"modified":"2026-03-02T15:14:24","modified_gmt":"2026-03-02T14:14:24","slug":"kunstliche-krauter-pflanzen-10-stk","status":"publish","type":"product","link":"https:\/\/decofoodshop.nl\/de\/product\/namaak-kruiden-plantjes-10-stuks\/","title":{"rendered":"K\u00fcnstliche Kr\u00e4uterpflanzen 10 St\u00fcck"},"content":{"rendered":"<p>B\u00fcndel mit 10 St\u00fcck naturgetreuen k\u00fcnstlichen Kr\u00e4uterpflanzen.<\/p>\n<p>Die gef\u00e4lschten Kr\u00e4uterpflanzen 10 St\u00fcck sind mehr als 15 cm hoch.<\/p>\n<p>Die Kunstkr\u00e4uter bestehen aus 6 Stielen mit Bl\u00e4ttern und sind mit Wurzeln versehen.<\/p>\n<p>An der Unterseite befindet sich ein Metalldraht, mit dem sie einfach zu befestigen sind.<\/p>\n<p>Diese Kr\u00e4uterimitate sehen sehr nach k\u00fcnstlichem Basilikum aus.<\/p>\n<p>Der Preis gilt pro B\u00fcndel von 10 k\u00fcnstlichen Kr\u00e4uterpflanzen.<\/p>\n<p>In der Kategorie &#039;<span style=\"color: #008000;\"><strong><a style=\"color: #008000;\" href=\"https:\/\/decofoodshop.nl\/de\/produktkategorie-2\/andere\/\">Andere<\/a><\/strong><\/span>&#039; sind noch dekorativere Kr\u00e4uter.<\/p>\n<p>&nbsp;<\/p>","protected":false},"excerpt":{"rendered":"<p>Bundel van 10 stuks natuurgetrouwe namaak kruiden plantjes. De namaak kruiden plantjes 10 stuks zijn ruim 15cm hoog. De nepkruiden bestaan uit 6 stengels met blaadjes en zijn voorzien van worteltjes. Onderaan zit een metaaldraadje waarmee ze makkelijk vast te zetten zijn. Deze imitatie kruiden lijken veel op nep Basilicum. De prijs is per bundel [&hellip;]<\/p>\n","protected":false},"featured_media":958,"template":"","meta":{"_acf_changed":false,"_genesis_hide_title":false,"_genesis_hide_breadcrumbs":false,"_genesis_hide_singular_image":false,"_genesis_hide_footer_widgets":false,"_genesis_custom_body_class":"","_genesis_custom_post_class":"","_genesis_layout":""},"product_brand":[],"product_cat":[48,51],"product_tag":[],"class_list":{"0":"post-805","1":"product","2":"type-product","3":"status-publish","4":"has-post-thumbnail","6":"product_cat-kunstgroenten","7":"product_cat-overige","8":"entry","9":"wpx-has-gallery","11":"first","12":"outofstock","13":"taxable","14":"shipping-taxable","15":"purchasable","16":"product-type-simple"},"acf":[],"yoast_head":"<!-- This site is optimized with the Yoast SEO Premium plugin v27.3 (Yoast SEO v27.3) - https:\/\/yoast.com\/product\/yoast-seo-premium-wordpress\/ -->\n<title>Namaak Kruiden Plantjes 10 stuks - Nepkruiden kopen | Decofoodshop<\/title>\n<meta name=\"description\" content=\"Nepkruiden kopen of op zoek naar kruidendummies. Decofoodshop verkoopt diverse nepkruiden plantjes. Ook deze Namaak Kruidplantjes 10 stuks.\" \/>\n<meta name=\"robots\" content=\"index, follow, max-snippet:-1, max-image-preview:large, max-video-preview:-1\" \/>\n<link rel=\"canonical\" href=\"https:\/\/decofoodshop.nl\/de\/produkt\/kunstliche-krauter-pflanzen-10-stk\/\" \/>\n<meta property=\"og:locale\" content=\"de_DE\" \/>\n<meta property=\"og:type\" content=\"article\" \/>\n<meta property=\"og:title\" content=\"Namaak Kruiden Plantjes 10 stuks\" \/>\n<meta property=\"og:description\" content=\"Nepkruiden kopen of op zoek naar kruidendummies. Decofoodshop verkoopt diverse nepkruiden plantjes. Ook deze Namaak Kruidplantjes 10 stuks.\" \/>\n<meta property=\"og:url\" content=\"https:\/\/decofoodshop.nl\/de\/produkt\/kunstliche-krauter-pflanzen-10-stk\/\" \/>\n<meta property=\"og:site_name\" content=\"Decofoodshop\" \/>\n<meta property=\"article:modified_time\" content=\"2026-03-02T14:14:24+00:00\" \/>\n<meta property=\"og:image\" content=\"https:\/\/decofoodshop.nl\/wp-content\/uploads\/2019\/05\/test-5-plantje-.png\" \/>\n\t<meta property=\"og:image:width\" content=\"1070\" \/>\n\t<meta property=\"og:image:height\" content=\"1069\" \/>\n\t<meta property=\"og:image:type\" content=\"image\/png\" \/>\n<meta name=\"twitter:card\" content=\"summary_large_image\" \/>\n<meta name=\"twitter:label1\" content=\"Gesch\u00e4tzte Lesezeit\" \/>\n\t<meta name=\"twitter:data1\" content=\"1\u00a0Minute\" \/>\n<script type=\"application\/ld+json\" class=\"yoast-schema-graph\">{\"@context\":\"https:\\\/\\\/schema.org\",\"@graph\":[{\"@type\":\"WebPage\",\"@id\":\"https:\\\/\\\/decofoodshop.nl\\\/product\\\/namaak-kruiden-plantjes-10-stuks\\\/\",\"url\":\"https:\\\/\\\/decofoodshop.nl\\\/product\\\/namaak-kruiden-plantjes-10-stuks\\\/\",\"name\":\"Namaak Kruiden Plantjes 10 stuks - Nepkruiden kopen | Decofoodshop\",\"isPartOf\":{\"@id\":\"https:\\\/\\\/decofoodshop.nl\\\/#website\"},\"primaryImageOfPage\":{\"@id\":\"https:\\\/\\\/decofoodshop.nl\\\/product\\\/namaak-kruiden-plantjes-10-stuks\\\/#primaryimage\"},\"image\":{\"@id\":\"https:\\\/\\\/decofoodshop.nl\\\/product\\\/namaak-kruiden-plantjes-10-stuks\\\/#primaryimage\"},\"thumbnailUrl\":\"https:\\\/\\\/decofoodshop.nl\\\/wp-content\\\/uploads\\\/2019\\\/05\\\/test-5-plantje-.png\",\"datePublished\":\"2019-06-07T10:45:52+00:00\",\"dateModified\":\"2026-03-02T14:14:24+00:00\",\"description\":\"Nepkruiden kopen of op zoek naar kruidendummies. Decofoodshop verkoopt diverse nepkruiden plantjes. Ook deze Namaak Kruidplantjes 10 stuks.\",\"breadcrumb\":{\"@id\":\"https:\\\/\\\/decofoodshop.nl\\\/product\\\/namaak-kruiden-plantjes-10-stuks\\\/#breadcrumb\"},\"inLanguage\":\"de\",\"potentialAction\":[{\"@type\":\"ReadAction\",\"target\":[\"https:\\\/\\\/decofoodshop.nl\\\/product\\\/namaak-kruiden-plantjes-10-stuks\\\/\"]}]},{\"@type\":\"ImageObject\",\"inLanguage\":\"de\",\"@id\":\"https:\\\/\\\/decofoodshop.nl\\\/product\\\/namaak-kruiden-plantjes-10-stuks\\\/#primaryimage\",\"url\":\"https:\\\/\\\/decofoodshop.nl\\\/wp-content\\\/uploads\\\/2019\\\/05\\\/test-5-plantje-.png\",\"contentUrl\":\"https:\\\/\\\/decofoodshop.nl\\\/wp-content\\\/uploads\\\/2019\\\/05\\\/test-5-plantje-.png\",\"width\":1070,\"height\":1069},{\"@type\":\"BreadcrumbList\",\"@id\":\"https:\\\/\\\/decofoodshop.nl\\\/product\\\/namaak-kruiden-plantjes-10-stuks\\\/#breadcrumb\",\"itemListElement\":[{\"@type\":\"ListItem\",\"position\":1,\"name\":\"Home\",\"item\":\"https:\\\/\\\/decofoodshop.nl\\\/\"},{\"@type\":\"ListItem\",\"position\":2,\"name\":\"Winkel\",\"item\":\"https:\\\/\\\/decofoodshop.nl\\\/winkel\\\/\"},{\"@type\":\"ListItem\",\"position\":3,\"name\":\"Namaak Kruiden Plantjes 10 stuks\"}]},{\"@type\":\"WebSite\",\"@id\":\"https:\\\/\\\/decofoodshop.nl\\\/#website\",\"url\":\"https:\\\/\\\/decofoodshop.nl\\\/\",\"name\":\"Decofoodshop\",\"description\":\"\",\"potentialAction\":[{\"@type\":\"SearchAction\",\"target\":{\"@type\":\"EntryPoint\",\"urlTemplate\":\"https:\\\/\\\/decofoodshop.nl\\\/?s={search_term_string}\"},\"query-input\":{\"@type\":\"PropertyValueSpecification\",\"valueRequired\":true,\"valueName\":\"search_term_string\"}}],\"inLanguage\":\"de\"}]}<\/script>\n<!-- \/ Yoast SEO Premium plugin. -->","yoast_head_json":{"title":"Kaufen Sie k\u00fcnstliche Kr\u00e4uterpflanzen 10 St\u00fcck - k\u00fcnstliche Kr\u00e4uter | Dekofoodshop","description":"Kaufen Sie gef\u00e4lschte Kr\u00e4uter oder suchen Sie nach Gew\u00fcrzattrappen. Decofoodshop verkauft verschiedene gef\u00e4lschte Kr\u00e4uterpflanzen. Auch diese k\u00fcnstlichen Kr\u00e4uterpflanzen 10 St\u00fcck.","robots":{"index":"index","follow":"follow","max-snippet":"max-snippet:-1","max-image-preview":"max-image-preview:large","max-video-preview":"max-video-preview:-1"},"canonical":"https:\/\/decofoodshop.nl\/de\/produkt\/kunstliche-krauter-pflanzen-10-stk\/","og_locale":"de_DE","og_type":"article","og_title":"Namaak Kruiden Plantjes 10 stuks","og_description":"Nepkruiden kopen of op zoek naar kruidendummies. Decofoodshop verkoopt diverse nepkruiden plantjes. Ook deze Namaak Kruidplantjes 10 stuks.","og_url":"https:\/\/decofoodshop.nl\/de\/produkt\/kunstliche-krauter-pflanzen-10-stk\/","og_site_name":"Decofoodshop","article_modified_time":"2026-03-02T14:14:24+00:00","og_image":[{"width":1070,"height":1069,"url":"https:\/\/decofoodshop.nl\/wp-content\/uploads\/2019\/05\/test-5-plantje-.png","type":"image\/png"}],"twitter_card":"summary_large_image","twitter_misc":{"Gesch\u00e4tzte Lesezeit":"1\u00a0Minute"},"schema":{"@context":"https:\/\/schema.org","@graph":[{"@type":"WebPage","@id":"https:\/\/decofoodshop.nl\/product\/namaak-kruiden-plantjes-10-stuks\/","url":"https:\/\/decofoodshop.nl\/product\/namaak-kruiden-plantjes-10-stuks\/","name":"Kaufen Sie k\u00fcnstliche Kr\u00e4uterpflanzen 10 St\u00fcck - k\u00fcnstliche Kr\u00e4uter | Dekofoodshop","isPartOf":{"@id":"https:\/\/decofoodshop.nl\/#website"},"primaryImageOfPage":{"@id":"https:\/\/decofoodshop.nl\/product\/namaak-kruiden-plantjes-10-stuks\/#primaryimage"},"image":{"@id":"https:\/\/decofoodshop.nl\/product\/namaak-kruiden-plantjes-10-stuks\/#primaryimage"},"thumbnailUrl":"https:\/\/decofoodshop.nl\/wp-content\/uploads\/2019\/05\/test-5-plantje-.png","datePublished":"2019-06-07T10:45:52+00:00","dateModified":"2026-03-02T14:14:24+00:00","description":"Kaufen Sie gef\u00e4lschte Kr\u00e4uter oder suchen Sie nach Gew\u00fcrzattrappen. Decofoodshop verkauft verschiedene gef\u00e4lschte Kr\u00e4uterpflanzen. Auch diese k\u00fcnstlichen Kr\u00e4uterpflanzen 10 St\u00fcck.","breadcrumb":{"@id":"https:\/\/decofoodshop.nl\/product\/namaak-kruiden-plantjes-10-stuks\/#breadcrumb"},"inLanguage":"de","potentialAction":[{"@type":"ReadAction","target":["https:\/\/decofoodshop.nl\/product\/namaak-kruiden-plantjes-10-stuks\/"]}]},{"@type":"ImageObject","inLanguage":"de","@id":"https:\/\/decofoodshop.nl\/product\/namaak-kruiden-plantjes-10-stuks\/#primaryimage","url":"https:\/\/decofoodshop.nl\/wp-content\/uploads\/2019\/05\/test-5-plantje-.png","contentUrl":"https:\/\/decofoodshop.nl\/wp-content\/uploads\/2019\/05\/test-5-plantje-.png","width":1070,"height":1069},{"@type":"BreadcrumbList","@id":"https:\/\/decofoodshop.nl\/product\/namaak-kruiden-plantjes-10-stuks\/#breadcrumb","itemListElement":[{"@type":"ListItem","position":1,"name":"Home","item":"https:\/\/decofoodshop.nl\/"},{"@type":"ListItem","position":2,"name":"Winkel","item":"https:\/\/decofoodshop.nl\/winkel\/"},{"@type":"ListItem","position":3,"name":"Namaak Kruiden Plantjes 10 stuks"}]},{"@type":"WebSite","@id":"https:\/\/decofoodshop.nl\/#website","url":"https:\/\/decofoodshop.nl\/","name":"Dekofoodshop","description":"","potentialAction":[{"@type":"SearchAction","target":{"@type":"EntryPoint","urlTemplate":"https:\/\/decofoodshop.nl\/?s={search_term_string}"},"query-input":{"@type":"PropertyValueSpecification","valueRequired":true,"valueName":"search_term_string"}}],"inLanguage":"de"}]}},"_links":{"self":[{"href":"https:\/\/decofoodshop.nl\/de\/wp-json\/wp\/v2\/product\/805","targetHints":{"allow":["GET"]}}],"collection":[{"href":"https:\/\/decofoodshop.nl\/de\/wp-json\/wp\/v2\/product"}],"about":[{"href":"https:\/\/decofoodshop.nl\/de\/wp-json\/wp\/v2\/types\/product"}],"wp:featuredmedia":[{"embeddable":true,"href":"https:\/\/decofoodshop.nl\/de\/wp-json\/wp\/v2\/media\/958"}],"wp:attachment":[{"href":"https:\/\/decofoodshop.nl\/de\/wp-json\/wp\/v2\/media?parent=805"}],"wp:term":[{"taxonomy":"product_brand","embeddable":true,"href":"https:\/\/decofoodshop.nl\/de\/wp-json\/wp\/v2\/product_brand?post=805"},{"taxonomy":"product_cat","embeddable":true,"href":"https:\/\/decofoodshop.nl\/de\/wp-json\/wp\/v2\/product_cat?post=805"},{"taxonomy":"product_tag","embeddable":true,"href":"https:\/\/decofoodshop.nl\/de\/wp-json\/wp\/v2\/product_tag?post=805"}],"curies":[{"name":"wp","href":"https:\/\/api.w.org\/{rel}","templated":true}]}}