{"id":8104,"date":"2023-06-08T20:41:40","date_gmt":"2023-06-08T18:41:40","guid":{"rendered":"https:\/\/decofoodshop.nl\/?post_type=product&#038;p=8104"},"modified":"2026-03-23T12:36:46","modified_gmt":"2026-03-23T11:36:46","slug":"bundel-gefalschte-minze","status":"publish","type":"product","link":"https:\/\/decofoodshop.nl\/de\/product\/bosje-namaak-munt\/","title":{"rendered":"Ein Haufen gef\u00e4lschter Minze"},"content":{"rendered":"<p>Lebensechter Strau\u00df gef\u00e4lschter Minzzweige.<\/p>\n<p>Der Strau\u00df besteht aus drei St\u00fcck 30 cm langen dekorativen Minzzweigen.<\/p>\n<p>Diese Zweige sind vollgepackt mit lebensechten k\u00fcnstlichen Minzbl\u00e4ttern.<\/p>\n<p>In den Achselh\u00f6hlen der k\u00fcnstlichen Minzzweige befinden sich sogar kleine Bl\u00e4ttchen.<\/p>\n<p>Die R\u00e4nder der k\u00fcnstlichen Minzbl\u00e4tter sind wie bei echter Minze fein gezahnt.<\/p>\n<p>Die imitierten Minzzweige k\u00f6nnen auch einzeln verwendet werden.<\/p>\n<p>Das Material ist sehr robust und von ausgezeichneter Qualit\u00e4t.<\/p>\n<p>Sehr dekorativ und Jahr f\u00fcr Jahr sch\u00f6n.<\/p>\n<p>Weitere spezielle Lebensmittelf\u00e4lschungen und gef\u00e4lschte Kr\u00e4uterpflanzen finden Sie auch in der Kategorie \u201e<a href=\"https:\/\/decofoodshop.nl\/de\/produktkategorie-2\/andere\/\"><span style=\"color: #008000;\"><strong>Andere Decofood<\/strong><\/span><\/a>&#8220;.<\/p>","protected":false},"excerpt":{"rendered":"<p>Levensecht bosje nepmunt takjes. Het bosje bestaat uit drie stuks 30cm lange decoratieve munttakken. Deze takjes zitten boordevol levensechte kunstmuntblaadjes. Zelfs in de oksels van de nep munttakken zitten kleine blaadjes. De randen van de namaakmunt bladeren zijn zoals echte munt fijn gekarteld. De imitatie munt takken kunnen ook los gebruikt worden. Het materiaal is [&hellip;]<\/p>\n","protected":false},"featured_media":8128,"template":"","meta":{"_acf_changed":false,"_genesis_hide_title":false,"_genesis_hide_breadcrumbs":false,"_genesis_hide_singular_image":false,"_genesis_hide_footer_widgets":false,"_genesis_custom_body_class":"","_genesis_custom_post_class":"","_genesis_layout":""},"product_brand":[],"product_cat":[48,51],"product_tag":[],"class_list":{"0":"post-8104","1":"product","2":"type-product","3":"status-publish","4":"has-post-thumbnail","6":"product_cat-kunstgroenten","7":"product_cat-overige","8":"entry","9":"wpx-has-gallery","11":"first","12":"instock","13":"taxable","14":"shipping-taxable","15":"purchasable","16":"product-type-simple"},"acf":[],"yoast_head":"<!-- This site is optimized with the Yoast SEO Premium plugin v27.3 (Yoast SEO v27.3) - https:\/\/yoast.com\/product\/yoast-seo-premium-wordpress\/ -->\n<title>Bosje Namaak Munt - Decofoodshop<\/title>\n<meta name=\"description\" content=\"Bosje Namaak Munt en meer nepkruiden plantjes kopen bij Decofoodshop. Directe levering van levensechte kunstvoeding uit eigen magazijn.\" \/>\n<meta name=\"robots\" content=\"index, follow, max-snippet:-1, max-image-preview:large, max-video-preview:-1\" \/>\n<link rel=\"canonical\" href=\"https:\/\/decofoodshop.nl\/de\/produktkategorie-2\/kunstliches-gemuse\/\" \/>\n<meta property=\"og:locale\" content=\"de_DE\" \/>\n<meta property=\"og:type\" content=\"article\" \/>\n<meta property=\"og:title\" content=\"Bosje Namaak Munt\" \/>\n<meta property=\"og:description\" content=\"Bosje Namaak Munt en meer nepkruiden plantjes kopen bij Decofoodshop. Directe levering van levensechte kunstvoeding uit eigen magazijn.\" \/>\n<meta property=\"og:url\" content=\"https:\/\/decofoodshop.nl\/de\/produktkategorie-2\/kunstliches-gemuse\/\" \/>\n<meta property=\"og:site_name\" content=\"Decofoodshop\" \/>\n<meta property=\"article:modified_time\" content=\"2026-03-23T11:36:46+00:00\" \/>\n<meta property=\"og:image\" content=\"https:\/\/decofoodshop.nl\/wp-content\/uploads\/2023\/06\/Bosje-Namaak-Munt-1-2.jpg\" \/>\n\t<meta property=\"og:image:width\" content=\"1327\" \/>\n\t<meta property=\"og:image:height\" content=\"1327\" \/>\n\t<meta property=\"og:image:type\" content=\"image\/jpeg\" \/>\n<meta name=\"twitter:card\" content=\"summary_large_image\" \/>\n<meta name=\"twitter:label1\" content=\"Gesch\u00e4tzte Lesezeit\" \/>\n\t<meta name=\"twitter:data1\" content=\"1\u00a0Minute\" \/>\n<script type=\"application\/ld+json\" class=\"yoast-schema-graph\">{\"@context\":\"https:\\\/\\\/schema.org\",\"@graph\":[{\"@type\":\"WebPage\",\"@id\":\"https:\\\/\\\/decofoodshop.nl\\\/product\\\/bosje-namaak-munt\\\/\",\"url\":\"https:\\\/\\\/decofoodshop.nl\\\/product-categorie\\\/kunstgroenten\\\/\",\"name\":\"Bosje Namaak Munt - Decofoodshop\",\"isPartOf\":{\"@id\":\"https:\\\/\\\/decofoodshop.nl\\\/#website\"},\"primaryImageOfPage\":{\"@id\":\"https:\\\/\\\/decofoodshop.nl\\\/product-categorie\\\/kunstgroenten\\\/#primaryimage\"},\"image\":{\"@id\":\"https:\\\/\\\/decofoodshop.nl\\\/product-categorie\\\/kunstgroenten\\\/#primaryimage\"},\"thumbnailUrl\":\"https:\\\/\\\/decofoodshop.nl\\\/wp-content\\\/uploads\\\/2023\\\/06\\\/Bosje-Namaak-Munt-1-2.jpg\",\"datePublished\":\"2023-06-08T18:41:40+00:00\",\"dateModified\":\"2026-03-23T11:36:46+00:00\",\"description\":\"Bosje Namaak Munt en meer nepkruiden plantjes kopen bij Decofoodshop. Directe levering van levensechte kunstvoeding uit eigen magazijn.\",\"breadcrumb\":{\"@id\":\"https:\\\/\\\/decofoodshop.nl\\\/product-categorie\\\/kunstgroenten\\\/#breadcrumb\"},\"inLanguage\":\"de\",\"potentialAction\":[{\"@type\":\"ReadAction\",\"target\":[\"https:\\\/\\\/decofoodshop.nl\\\/product-categorie\\\/kunstgroenten\\\/\"]}]},{\"@type\":\"ImageObject\",\"inLanguage\":\"de\",\"@id\":\"https:\\\/\\\/decofoodshop.nl\\\/product-categorie\\\/kunstgroenten\\\/#primaryimage\",\"url\":\"https:\\\/\\\/decofoodshop.nl\\\/wp-content\\\/uploads\\\/2023\\\/06\\\/Bosje-Namaak-Munt-1-2.jpg\",\"contentUrl\":\"https:\\\/\\\/decofoodshop.nl\\\/wp-content\\\/uploads\\\/2023\\\/06\\\/Bosje-Namaak-Munt-1-2.jpg\",\"width\":1327,\"height\":1327,\"caption\":\"Bosje Namaak Munt van Decofoodshop.nl\"},{\"@type\":\"BreadcrumbList\",\"@id\":\"https:\\\/\\\/decofoodshop.nl\\\/product-categorie\\\/kunstgroenten\\\/#breadcrumb\",\"itemListElement\":[{\"@type\":\"ListItem\",\"position\":1,\"name\":\"Home\",\"item\":\"https:\\\/\\\/decofoodshop.nl\\\/\"},{\"@type\":\"ListItem\",\"position\":2,\"name\":\"Winkel\",\"item\":\"https:\\\/\\\/decofoodshop.nl\\\/winkel\\\/\"},{\"@type\":\"ListItem\",\"position\":3,\"name\":\"Bosje Namaak Munt\"}]},{\"@type\":\"WebSite\",\"@id\":\"https:\\\/\\\/decofoodshop.nl\\\/#website\",\"url\":\"https:\\\/\\\/decofoodshop.nl\\\/\",\"name\":\"Decofoodshop\",\"description\":\"\",\"potentialAction\":[{\"@type\":\"SearchAction\",\"target\":{\"@type\":\"EntryPoint\",\"urlTemplate\":\"https:\\\/\\\/decofoodshop.nl\\\/?s={search_term_string}\"},\"query-input\":{\"@type\":\"PropertyValueSpecification\",\"valueRequired\":true,\"valueName\":\"search_term_string\"}}],\"inLanguage\":\"de\"}]}<\/script>\n<!-- \/ Yoast SEO Premium plugin. -->","yoast_head_json":{"title":"Ein Haufen gef\u00e4lschter Minze - Decofoodshop","description":"Kaufen Sie einen Haufen k\u00fcnstlicher Minze und weitere k\u00fcnstliche Kr\u00e4uterpflanzen bei Decofoodshop. Direkte Lieferung lebensechter Kunstnahrung aus unserem eigenen Lager.","robots":{"index":"index","follow":"follow","max-snippet":"max-snippet:-1","max-image-preview":"max-image-preview:large","max-video-preview":"max-video-preview:-1"},"canonical":"https:\/\/decofoodshop.nl\/de\/produktkategorie-2\/kunstliches-gemuse\/","og_locale":"de_DE","og_type":"article","og_title":"Bosje Namaak Munt","og_description":"Bosje Namaak Munt en meer nepkruiden plantjes kopen bij Decofoodshop. Directe levering van levensechte kunstvoeding uit eigen magazijn.","og_url":"https:\/\/decofoodshop.nl\/de\/produktkategorie-2\/kunstliches-gemuse\/","og_site_name":"Decofoodshop","article_modified_time":"2026-03-23T11:36:46+00:00","og_image":[{"width":1327,"height":1327,"url":"https:\/\/decofoodshop.nl\/wp-content\/uploads\/2023\/06\/Bosje-Namaak-Munt-1-2.jpg","type":"image\/jpeg"}],"twitter_card":"summary_large_image","twitter_misc":{"Gesch\u00e4tzte Lesezeit":"1\u00a0Minute"},"schema":{"@context":"https:\/\/schema.org","@graph":[{"@type":"WebPage","@id":"https:\/\/decofoodshop.nl\/product\/bosje-namaak-munt\/","url":"https:\/\/decofoodshop.nl\/product-categorie\/kunstgroenten\/","name":"Ein Haufen gef\u00e4lschter Minze - Decofoodshop","isPartOf":{"@id":"https:\/\/decofoodshop.nl\/#website"},"primaryImageOfPage":{"@id":"https:\/\/decofoodshop.nl\/product-categorie\/kunstgroenten\/#primaryimage"},"image":{"@id":"https:\/\/decofoodshop.nl\/product-categorie\/kunstgroenten\/#primaryimage"},"thumbnailUrl":"https:\/\/decofoodshop.nl\/wp-content\/uploads\/2023\/06\/Bosje-Namaak-Munt-1-2.jpg","datePublished":"2023-06-08T18:41:40+00:00","dateModified":"2026-03-23T11:36:46+00:00","description":"Kaufen Sie einen Haufen k\u00fcnstlicher Minze und weitere k\u00fcnstliche Kr\u00e4uterpflanzen bei Decofoodshop. Direkte Lieferung lebensechter Kunstnahrung aus unserem eigenen Lager.","breadcrumb":{"@id":"https:\/\/decofoodshop.nl\/product-categorie\/kunstgroenten\/#breadcrumb"},"inLanguage":"de","potentialAction":[{"@type":"ReadAction","target":["https:\/\/decofoodshop.nl\/product-categorie\/kunstgroenten\/"]}]},{"@type":"ImageObject","inLanguage":"de","@id":"https:\/\/decofoodshop.nl\/product-categorie\/kunstgroenten\/#primaryimage","url":"https:\/\/decofoodshop.nl\/wp-content\/uploads\/2023\/06\/Bosje-Namaak-Munt-1-2.jpg","contentUrl":"https:\/\/decofoodshop.nl\/wp-content\/uploads\/2023\/06\/Bosje-Namaak-Munt-1-2.jpg","width":1327,"height":1327,"caption":"Bosje Namaak Munt van Decofoodshop.nl"},{"@type":"BreadcrumbList","@id":"https:\/\/decofoodshop.nl\/product-categorie\/kunstgroenten\/#breadcrumb","itemListElement":[{"@type":"ListItem","position":1,"name":"Home","item":"https:\/\/decofoodshop.nl\/"},{"@type":"ListItem","position":2,"name":"Winkel","item":"https:\/\/decofoodshop.nl\/winkel\/"},{"@type":"ListItem","position":3,"name":"Bosje Namaak Munt"}]},{"@type":"WebSite","@id":"https:\/\/decofoodshop.nl\/#website","url":"https:\/\/decofoodshop.nl\/","name":"Dekofoodshop","description":"","potentialAction":[{"@type":"SearchAction","target":{"@type":"EntryPoint","urlTemplate":"https:\/\/decofoodshop.nl\/?s={search_term_string}"},"query-input":{"@type":"PropertyValueSpecification","valueRequired":true,"valueName":"search_term_string"}}],"inLanguage":"de"}]}},"_links":{"self":[{"href":"https:\/\/decofoodshop.nl\/de\/wp-json\/wp\/v2\/product\/8104","targetHints":{"allow":["GET"]}}],"collection":[{"href":"https:\/\/decofoodshop.nl\/de\/wp-json\/wp\/v2\/product"}],"about":[{"href":"https:\/\/decofoodshop.nl\/de\/wp-json\/wp\/v2\/types\/product"}],"wp:featuredmedia":[{"embeddable":true,"href":"https:\/\/decofoodshop.nl\/de\/wp-json\/wp\/v2\/media\/8128"}],"wp:attachment":[{"href":"https:\/\/decofoodshop.nl\/de\/wp-json\/wp\/v2\/media?parent=8104"}],"wp:term":[{"taxonomy":"product_brand","embeddable":true,"href":"https:\/\/decofoodshop.nl\/de\/wp-json\/wp\/v2\/product_brand?post=8104"},{"taxonomy":"product_cat","embeddable":true,"href":"https:\/\/decofoodshop.nl\/de\/wp-json\/wp\/v2\/product_cat?post=8104"},{"taxonomy":"product_tag","embeddable":true,"href":"https:\/\/decofoodshop.nl\/de\/wp-json\/wp\/v2\/product_tag?post=8104"}],"curies":[{"name":"wp","href":"https:\/\/api.w.org\/{rel}","templated":true}]}}