{"id":8172,"date":"2023-06-18T12:57:49","date_gmt":"2023-06-18T10:57:49","guid":{"rendered":"https:\/\/decofoodshop.nl\/?post_type=product&#038;p=8172"},"modified":"2026-03-02T12:06:03","modified_gmt":"2026-03-02T11:06:03","slug":"gefalschtes-hahnchenflugel-grillset","status":"publish","type":"product","link":"https:\/\/decofoodshop.nl\/de\/product\/nep-kippenvleugel-grill-set\/","title":{"rendered":"Gef\u00e4lschtes H\u00e4hnchenfl\u00fcgel-Grillset"},"content":{"rendered":"<p>Sehr \u00e4hnliches Fake Chicken Wing Grill-Set.<\/p>\n<p>Set mit 6 St\u00fcck. Im Ma\u00dfstab.<\/p>\n<p>Aus robustem und leicht flexiblem Material.<\/p>\n<p>Von allen Seiten detailliert.<\/p>\n<p>Mit sch\u00f6ner orange-brauner Grillfarbe.<\/p>\n<p>Dieses Set gef\u00e4lschter Chicken Wings scheint direkt vom Grill zu kommen.<\/p>\n<p>Absolut gutes und solides Material f\u00fcr den professionellen Einsatz.<\/p>\n<p>Alle Arten von gef\u00e4lschtem Grillfleisch werden direkt von Decofoodshop.nl geliefert<\/p>\n<p>Werfen Sie auch einen Blick auf unsere <a href=\"https:\/\/decofoodshop.nl\/de\/produktkategorie-2\/kunstliches-gemuse\/\"><span style=\"color: #008000;\"><strong>Gef\u00e4lschtes Gem\u00fcse<\/strong><\/span><\/a>.<\/p>","protected":false},"excerpt":{"rendered":"<p>Goed gelijkende Nep Kippenvleugel Grill Set. Set van 6 stuks. Op ware grootte. Gemaakt van stevig en beetje flexibel materiaal. Aan alle kanten gedetailleerd. Met fraaie oranje bruine grill kleur. Deze set namaak kippenvleugels lijkt zo van de BBQ af te komen. Absoluut goed en degelijk materiaal voor professioneel gebruik. Alle soorten namaak BBQ vlees [&hellip;]<\/p>\n","protected":false},"featured_media":8178,"template":"","meta":{"_acf_changed":false,"_genesis_hide_title":false,"_genesis_hide_breadcrumbs":false,"_genesis_hide_singular_image":false,"_genesis_hide_footer_widgets":false,"_genesis_custom_body_class":"","_genesis_custom_post_class":"","_genesis_layout":""},"product_brand":[],"product_cat":[50],"product_tag":[],"class_list":{"0":"post-8172","1":"product","2":"type-product","3":"status-publish","4":"has-post-thumbnail","6":"product_cat-namaak-vis-en-vlees","7":"entry","8":"wpx-has-gallery","10":"first","11":"instock","12":"taxable","13":"shipping-taxable","14":"purchasable","15":"product-type-simple"},"acf":[],"yoast_head":"<!-- This site is optimized with the Yoast SEO Premium plugin v27.3 (Yoast SEO v27.4) - https:\/\/yoast.com\/product\/yoast-seo-premium-wordpress\/ -->\n<title>Nep Kippenvleugel Grill Set - Decofoodshop<\/title>\n<meta name=\"description\" content=\"Nep Kippenvleugel Grill Set en meer levensecht nagemaakt BBQ vleesvan Decofoodshop.nl Professionals in alle soorten namaakvoeding. Direct bezorgd!\" \/>\n<meta name=\"robots\" content=\"index, follow, max-snippet:-1, max-image-preview:large, max-video-preview:-1\" \/>\n<link rel=\"canonical\" href=\"https:\/\/decofoodshop.nl\/de\/produktkategorie-2\/gefalschter-fisch-und-fleisch\/\" \/>\n<meta property=\"og:locale\" content=\"de_DE\" \/>\n<meta property=\"og:type\" content=\"article\" \/>\n<meta property=\"og:title\" content=\"Nep Kippenvleugel Grill Set\" \/>\n<meta property=\"og:description\" content=\"Nep Kippenvleugel Grill Set en meer levensecht nagemaakt BBQ vleesvan Decofoodshop.nl Professionals in alle soorten namaakvoeding. Direct bezorgd!\" \/>\n<meta property=\"og:url\" content=\"https:\/\/decofoodshop.nl\/de\/produktkategorie-2\/gefalschter-fisch-und-fleisch\/\" \/>\n<meta property=\"og:site_name\" content=\"Decofoodshop\" \/>\n<meta property=\"article:modified_time\" content=\"2026-03-02T11:06:03+00:00\" \/>\n<meta property=\"og:image\" content=\"https:\/\/decofoodshop.nl\/wp-content\/uploads\/2023\/06\/Nep-Kippenvleugel-Grill-Set-1.jpg\" \/>\n\t<meta property=\"og:image:width\" content=\"782\" \/>\n\t<meta property=\"og:image:height\" content=\"781\" \/>\n\t<meta property=\"og:image:type\" content=\"image\/jpeg\" \/>\n<meta name=\"twitter:card\" content=\"summary_large_image\" \/>\n<meta name=\"twitter:label1\" content=\"Gesch\u00e4tzte Lesezeit\" \/>\n\t<meta name=\"twitter:data1\" content=\"1\u00a0Minute\" \/>\n<script type=\"application\/ld+json\" class=\"yoast-schema-graph\">{\"@context\":\"https:\\\/\\\/schema.org\",\"@graph\":[{\"@type\":\"WebPage\",\"@id\":\"https:\\\/\\\/decofoodshop.nl\\\/product\\\/nep-kippenvleugel-grill-set\\\/\",\"url\":\"https:\\\/\\\/decofoodshop.nl\\\/product-categorie\\\/namaak-vis-en-vlees\\\/\",\"name\":\"Nep Kippenvleugel Grill Set - Decofoodshop\",\"isPartOf\":{\"@id\":\"https:\\\/\\\/decofoodshop.nl\\\/#website\"},\"primaryImageOfPage\":{\"@id\":\"https:\\\/\\\/decofoodshop.nl\\\/product-categorie\\\/namaak-vis-en-vlees\\\/#primaryimage\"},\"image\":{\"@id\":\"https:\\\/\\\/decofoodshop.nl\\\/product-categorie\\\/namaak-vis-en-vlees\\\/#primaryimage\"},\"thumbnailUrl\":\"https:\\\/\\\/decofoodshop.nl\\\/wp-content\\\/uploads\\\/2023\\\/06\\\/Nep-Kippenvleugel-Grill-Set-1.jpg\",\"datePublished\":\"2023-06-18T10:57:49+00:00\",\"dateModified\":\"2026-03-02T11:06:03+00:00\",\"description\":\"Nep Kippenvleugel Grill Set en meer levensecht nagemaakt BBQ vleesvan Decofoodshop.nl Professionals in alle soorten namaakvoeding. Direct bezorgd!\",\"breadcrumb\":{\"@id\":\"https:\\\/\\\/decofoodshop.nl\\\/product-categorie\\\/namaak-vis-en-vlees\\\/#breadcrumb\"},\"inLanguage\":\"de\",\"potentialAction\":[{\"@type\":\"ReadAction\",\"target\":[\"https:\\\/\\\/decofoodshop.nl\\\/product-categorie\\\/namaak-vis-en-vlees\\\/\"]}]},{\"@type\":\"ImageObject\",\"inLanguage\":\"de\",\"@id\":\"https:\\\/\\\/decofoodshop.nl\\\/product-categorie\\\/namaak-vis-en-vlees\\\/#primaryimage\",\"url\":\"https:\\\/\\\/decofoodshop.nl\\\/wp-content\\\/uploads\\\/2023\\\/06\\\/Nep-Kippenvleugel-Grill-Set-1.jpg\",\"contentUrl\":\"https:\\\/\\\/decofoodshop.nl\\\/wp-content\\\/uploads\\\/2023\\\/06\\\/Nep-Kippenvleugel-Grill-Set-1.jpg\",\"width\":782,\"height\":781,\"caption\":\"Nep Kippenvleugel Grill Set\"},{\"@type\":\"BreadcrumbList\",\"@id\":\"https:\\\/\\\/decofoodshop.nl\\\/product-categorie\\\/namaak-vis-en-vlees\\\/#breadcrumb\",\"itemListElement\":[{\"@type\":\"ListItem\",\"position\":1,\"name\":\"Home\",\"item\":\"https:\\\/\\\/decofoodshop.nl\\\/\"},{\"@type\":\"ListItem\",\"position\":2,\"name\":\"Winkel\",\"item\":\"https:\\\/\\\/decofoodshop.nl\\\/winkel\\\/\"},{\"@type\":\"ListItem\",\"position\":3,\"name\":\"Nep Kippenvleugel Grill Set\"}]},{\"@type\":\"WebSite\",\"@id\":\"https:\\\/\\\/decofoodshop.nl\\\/#website\",\"url\":\"https:\\\/\\\/decofoodshop.nl\\\/\",\"name\":\"Decofoodshop\",\"description\":\"\",\"potentialAction\":[{\"@type\":\"SearchAction\",\"target\":{\"@type\":\"EntryPoint\",\"urlTemplate\":\"https:\\\/\\\/decofoodshop.nl\\\/?s={search_term_string}\"},\"query-input\":{\"@type\":\"PropertyValueSpecification\",\"valueRequired\":true,\"valueName\":\"search_term_string\"}}],\"inLanguage\":\"de\"}]}<\/script>\n<!-- \/ Yoast SEO Premium plugin. -->","yoast_head_json":{"title":"Fake Chicken Wing Grill-Set - Decofoodshop","description":"Gef\u00e4lschtes H\u00e4hnchenfl\u00fcgel-Grillset und naturgetreueres gef\u00e4lschtes Grillfleisch von Decofoodshop.nl, Profis f\u00fcr alle Arten von gef\u00e4lschten Lebensmitteln. Sofort geliefert!","robots":{"index":"index","follow":"follow","max-snippet":"max-snippet:-1","max-image-preview":"max-image-preview:large","max-video-preview":"max-video-preview:-1"},"canonical":"https:\/\/decofoodshop.nl\/de\/produktkategorie-2\/gefalschter-fisch-und-fleisch\/","og_locale":"de_DE","og_type":"article","og_title":"Nep Kippenvleugel Grill Set","og_description":"Nep Kippenvleugel Grill Set en meer levensecht nagemaakt BBQ vleesvan Decofoodshop.nl Professionals in alle soorten namaakvoeding. Direct bezorgd!","og_url":"https:\/\/decofoodshop.nl\/de\/produktkategorie-2\/gefalschter-fisch-und-fleisch\/","og_site_name":"Decofoodshop","article_modified_time":"2026-03-02T11:06:03+00:00","og_image":[{"width":782,"height":781,"url":"https:\/\/decofoodshop.nl\/wp-content\/uploads\/2023\/06\/Nep-Kippenvleugel-Grill-Set-1.jpg","type":"image\/jpeg"}],"twitter_card":"summary_large_image","twitter_misc":{"Gesch\u00e4tzte Lesezeit":"1\u00a0Minute"},"schema":{"@context":"https:\/\/schema.org","@graph":[{"@type":"WebPage","@id":"https:\/\/decofoodshop.nl\/product\/nep-kippenvleugel-grill-set\/","url":"https:\/\/decofoodshop.nl\/product-categorie\/namaak-vis-en-vlees\/","name":"Fake Chicken Wing Grill-Set - Decofoodshop","isPartOf":{"@id":"https:\/\/decofoodshop.nl\/#website"},"primaryImageOfPage":{"@id":"https:\/\/decofoodshop.nl\/product-categorie\/namaak-vis-en-vlees\/#primaryimage"},"image":{"@id":"https:\/\/decofoodshop.nl\/product-categorie\/namaak-vis-en-vlees\/#primaryimage"},"thumbnailUrl":"https:\/\/decofoodshop.nl\/wp-content\/uploads\/2023\/06\/Nep-Kippenvleugel-Grill-Set-1.jpg","datePublished":"2023-06-18T10:57:49+00:00","dateModified":"2026-03-02T11:06:03+00:00","description":"Gef\u00e4lschtes H\u00e4hnchenfl\u00fcgel-Grillset und naturgetreueres gef\u00e4lschtes Grillfleisch von Decofoodshop.nl, Profis f\u00fcr alle Arten von gef\u00e4lschten Lebensmitteln. Sofort geliefert!","breadcrumb":{"@id":"https:\/\/decofoodshop.nl\/product-categorie\/namaak-vis-en-vlees\/#breadcrumb"},"inLanguage":"de","potentialAction":[{"@type":"ReadAction","target":["https:\/\/decofoodshop.nl\/product-categorie\/namaak-vis-en-vlees\/"]}]},{"@type":"ImageObject","inLanguage":"de","@id":"https:\/\/decofoodshop.nl\/product-categorie\/namaak-vis-en-vlees\/#primaryimage","url":"https:\/\/decofoodshop.nl\/wp-content\/uploads\/2023\/06\/Nep-Kippenvleugel-Grill-Set-1.jpg","contentUrl":"https:\/\/decofoodshop.nl\/wp-content\/uploads\/2023\/06\/Nep-Kippenvleugel-Grill-Set-1.jpg","width":782,"height":781,"caption":"Nep Kippenvleugel Grill Set"},{"@type":"BreadcrumbList","@id":"https:\/\/decofoodshop.nl\/product-categorie\/namaak-vis-en-vlees\/#breadcrumb","itemListElement":[{"@type":"ListItem","position":1,"name":"Home","item":"https:\/\/decofoodshop.nl\/"},{"@type":"ListItem","position":2,"name":"Winkel","item":"https:\/\/decofoodshop.nl\/winkel\/"},{"@type":"ListItem","position":3,"name":"Nep Kippenvleugel Grill Set"}]},{"@type":"WebSite","@id":"https:\/\/decofoodshop.nl\/#website","url":"https:\/\/decofoodshop.nl\/","name":"Dekofoodshop","description":"","potentialAction":[{"@type":"SearchAction","target":{"@type":"EntryPoint","urlTemplate":"https:\/\/decofoodshop.nl\/?s={search_term_string}"},"query-input":{"@type":"PropertyValueSpecification","valueRequired":true,"valueName":"search_term_string"}}],"inLanguage":"de"}]}},"_links":{"self":[{"href":"https:\/\/decofoodshop.nl\/de\/wp-json\/wp\/v2\/product\/8172","targetHints":{"allow":["GET"]}}],"collection":[{"href":"https:\/\/decofoodshop.nl\/de\/wp-json\/wp\/v2\/product"}],"about":[{"href":"https:\/\/decofoodshop.nl\/de\/wp-json\/wp\/v2\/types\/product"}],"wp:featuredmedia":[{"embeddable":true,"href":"https:\/\/decofoodshop.nl\/de\/wp-json\/wp\/v2\/media\/8178"}],"wp:attachment":[{"href":"https:\/\/decofoodshop.nl\/de\/wp-json\/wp\/v2\/media?parent=8172"}],"wp:term":[{"taxonomy":"product_brand","embeddable":true,"href":"https:\/\/decofoodshop.nl\/de\/wp-json\/wp\/v2\/product_brand?post=8172"},{"taxonomy":"product_cat","embeddable":true,"href":"https:\/\/decofoodshop.nl\/de\/wp-json\/wp\/v2\/product_cat?post=8172"},{"taxonomy":"product_tag","embeddable":true,"href":"https:\/\/decofoodshop.nl\/de\/wp-json\/wp\/v2\/product_tag?post=8172"}],"curies":[{"name":"wp","href":"https:\/\/api.w.org\/{rel}","templated":true}]}}