{"id":8179,"date":"2023-06-18T14:30:33","date_gmt":"2023-06-18T12:30:33","guid":{"rendered":"https:\/\/decofoodshop.nl\/?post_type=product&#038;p=8179"},"modified":"2026-03-27T15:30:06","modified_gmt":"2026-03-27T14:30:06","slug":"gefalschte-olivenzweige","status":"publish","type":"product","link":"https:\/\/decofoodshop.nl\/de\/product\/namaak-olijftakken\/","title":{"rendered":"Gef\u00e4lschte Olivenzweige"},"content":{"rendered":"<p>Lebensechte lange gef\u00e4lschte Olivenzweige.<\/p>\n<p>Sehr nat\u00fcrliche gef\u00e4lschte Olivenbaumzweige.<\/p>\n<p>90 cm lang!<\/p>\n<p>Jeder k\u00fcnstliche Olivenbaumzweig hat vier nat\u00fcrliche k\u00fcnstliche Oliven.<\/p>\n<p>Das Blatt und die gef\u00e4lschten Oliven sind sehr gut befestigt.<\/p>\n<p>Jeder gef\u00e4lschte Olivenzweig hat mehrere Seitenzweige.<\/p>\n<p>Diese Zweige sind mit schmalen gr\u00fcnen Olivenbaumbl\u00e4ttern gef\u00fcllt.<\/p>\n<p>Die k\u00fcnstlichen Olivenzweige fallen sofort in Form.<\/p>\n<p>Absolut lebensechte Qualit\u00e4t.<\/p>\n<p>Weitere nat\u00fcrliche Deko-Lebensmittel finden Sie auch unter \u201e<span style=\"color: #008000;\"><strong><a style=\"color: #008000;\" href=\"https:\/\/decofoodshop.nl\/de\/produktkategorie-2\/andere\/\">K\u00fcnstliches Gem\u00fcse<\/a><\/strong><\/span>&#8220;.<\/p>\n<p>&nbsp;<\/p>\n<p>&nbsp;<\/p>","protected":false},"excerpt":{"rendered":"<p>Levensechte lange Namaak Olijftakken. Zeer natuurgetrouwe nep olijfboomtakken. Wel 90cm lang! Iedere kunst olijfboomtak heeft vier natuurlijke nepolijven. Het blad en de namaak olijven zitten heel goed vast. Iedere nepolijftak heeft meerdere zijtakken. Deze takken zitten boordevol smalle groene olijfboomblaadjes. De kunst olijftakken vallen direct goed in model. Absoluut levensechte kwaliteit. Kijk voor meer natuurgtrouwe [&hellip;]<\/p>\n","protected":false},"featured_media":8184,"template":"","meta":{"_acf_changed":false,"_genesis_hide_title":false,"_genesis_hide_breadcrumbs":false,"_genesis_hide_singular_image":false,"_genesis_hide_footer_widgets":false,"_genesis_custom_body_class":"","_genesis_custom_post_class":"","_genesis_layout":""},"product_brand":[],"product_cat":[51],"product_tag":[],"class_list":{"0":"post-8179","1":"product","2":"type-product","3":"status-publish","4":"has-post-thumbnail","6":"product_cat-overige","7":"entry","8":"wpx-has-gallery","10":"first","11":"instock","12":"taxable","13":"shipping-taxable","14":"purchasable","15":"product-type-simple"},"acf":[],"yoast_head":"<!-- This site is optimized with the Yoast SEO Premium plugin v27.3 (Yoast SEO v27.4) - https:\/\/yoast.com\/product\/yoast-seo-premium-wordpress\/ -->\n<title>Namaak Olijftakken - Decofoodshop<\/title>\n<meta name=\"description\" content=\"Namaak Olijftakken en meer olijfboom dummie takken bestellen bij Decofoodshop.nl Fraaie natuurlijke kwaliteit en direct bezorgd uit eigen magazijn,\" \/>\n<meta name=\"robots\" content=\"index, follow, max-snippet:-1, max-image-preview:large, max-video-preview:-1\" \/>\n<link rel=\"canonical\" href=\"https:\/\/decofoodshop.nl\/de\/produktkategorie-2\/andere\/\" \/>\n<meta property=\"og:locale\" content=\"de_DE\" \/>\n<meta property=\"og:type\" content=\"article\" \/>\n<meta property=\"og:title\" content=\"Namaak Olijftakken\" \/>\n<meta property=\"og:description\" content=\"Namaak Olijftakken en meer olijfboom dummie takken bestellen bij Decofoodshop.nl Fraaie natuurlijke kwaliteit en direct bezorgd uit eigen magazijn,\" \/>\n<meta property=\"og:url\" content=\"https:\/\/decofoodshop.nl\/de\/produktkategorie-2\/andere\/\" \/>\n<meta property=\"og:site_name\" content=\"Decofoodshop\" \/>\n<meta property=\"article:modified_time\" content=\"2026-03-27T14:30:06+00:00\" \/>\n<meta property=\"og:image\" content=\"https:\/\/decofoodshop.nl\/wp-content\/uploads\/2023\/06\/Namaak-Olijftakken-90cm-stuks.jpg\" \/>\n\t<meta property=\"og:image:width\" content=\"1069\" \/>\n\t<meta property=\"og:image:height\" content=\"1069\" \/>\n\t<meta property=\"og:image:type\" content=\"image\/jpeg\" \/>\n<meta name=\"twitter:card\" content=\"summary_large_image\" \/>\n<meta name=\"twitter:label1\" content=\"Gesch\u00e4tzte Lesezeit\" \/>\n\t<meta name=\"twitter:data1\" content=\"1\u00a0Minute\" \/>\n<script type=\"application\/ld+json\" class=\"yoast-schema-graph\">{\"@context\":\"https:\\\/\\\/schema.org\",\"@graph\":[{\"@type\":\"WebPage\",\"@id\":\"https:\\\/\\\/decofoodshop.nl\\\/product\\\/namaak-olijftakken\\\/\",\"url\":\"https:\\\/\\\/decofoodshop.nl\\\/product-categorie\\\/overige\\\/\",\"name\":\"Namaak Olijftakken - Decofoodshop\",\"isPartOf\":{\"@id\":\"https:\\\/\\\/decofoodshop.nl\\\/#website\"},\"primaryImageOfPage\":{\"@id\":\"https:\\\/\\\/decofoodshop.nl\\\/product-categorie\\\/overige\\\/#primaryimage\"},\"image\":{\"@id\":\"https:\\\/\\\/decofoodshop.nl\\\/product-categorie\\\/overige\\\/#primaryimage\"},\"thumbnailUrl\":\"https:\\\/\\\/decofoodshop.nl\\\/wp-content\\\/uploads\\\/2023\\\/06\\\/Namaak-Olijftakken-90cm-stuks.jpg\",\"datePublished\":\"2023-06-18T12:30:33+00:00\",\"dateModified\":\"2026-03-27T14:30:06+00:00\",\"description\":\"Namaak Olijftakken en meer olijfboom dummie takken bestellen bij Decofoodshop.nl Fraaie natuurlijke kwaliteit en direct bezorgd uit eigen magazijn,\",\"breadcrumb\":{\"@id\":\"https:\\\/\\\/decofoodshop.nl\\\/product-categorie\\\/overige\\\/#breadcrumb\"},\"inLanguage\":\"de\",\"potentialAction\":[{\"@type\":\"ReadAction\",\"target\":[\"https:\\\/\\\/decofoodshop.nl\\\/product-categorie\\\/overige\\\/\"]}]},{\"@type\":\"ImageObject\",\"inLanguage\":\"de\",\"@id\":\"https:\\\/\\\/decofoodshop.nl\\\/product-categorie\\\/overige\\\/#primaryimage\",\"url\":\"https:\\\/\\\/decofoodshop.nl\\\/wp-content\\\/uploads\\\/2023\\\/06\\\/Namaak-Olijftakken-90cm-stuks.jpg\",\"contentUrl\":\"https:\\\/\\\/decofoodshop.nl\\\/wp-content\\\/uploads\\\/2023\\\/06\\\/Namaak-Olijftakken-90cm-stuks.jpg\",\"width\":1069,\"height\":1069,\"caption\":\"Namaak Olijftakken\"},{\"@type\":\"BreadcrumbList\",\"@id\":\"https:\\\/\\\/decofoodshop.nl\\\/product-categorie\\\/overige\\\/#breadcrumb\",\"itemListElement\":[{\"@type\":\"ListItem\",\"position\":1,\"name\":\"Home\",\"item\":\"https:\\\/\\\/decofoodshop.nl\\\/\"},{\"@type\":\"ListItem\",\"position\":2,\"name\":\"Winkel\",\"item\":\"https:\\\/\\\/decofoodshop.nl\\\/winkel\\\/\"},{\"@type\":\"ListItem\",\"position\":3,\"name\":\"Namaak Olijftakken\"}]},{\"@type\":\"WebSite\",\"@id\":\"https:\\\/\\\/decofoodshop.nl\\\/#website\",\"url\":\"https:\\\/\\\/decofoodshop.nl\\\/\",\"name\":\"Decofoodshop\",\"description\":\"\",\"potentialAction\":[{\"@type\":\"SearchAction\",\"target\":{\"@type\":\"EntryPoint\",\"urlTemplate\":\"https:\\\/\\\/decofoodshop.nl\\\/?s={search_term_string}\"},\"query-input\":{\"@type\":\"PropertyValueSpecification\",\"valueRequired\":true,\"valueName\":\"search_term_string\"}}],\"inLanguage\":\"de\"}]}<\/script>\n<!-- \/ Yoast SEO Premium plugin. -->","yoast_head_json":{"title":"Gef\u00e4lschte Olivenzweige - Decofoodshop","description":"Gef\u00e4lschte Olivenzweige und weitere Olivenzweig-Attrappen bestellen Sie bei Decofoodshop.nl. Wundersch\u00f6ne nat\u00fcrliche Qualit\u00e4t und direkt aus unserem eigenen Lager geliefert.","robots":{"index":"index","follow":"follow","max-snippet":"max-snippet:-1","max-image-preview":"max-image-preview:large","max-video-preview":"max-video-preview:-1"},"canonical":"https:\/\/decofoodshop.nl\/de\/produktkategorie-2\/andere\/","og_locale":"de_DE","og_type":"article","og_title":"Namaak Olijftakken","og_description":"Namaak Olijftakken en meer olijfboom dummie takken bestellen bij Decofoodshop.nl Fraaie natuurlijke kwaliteit en direct bezorgd uit eigen magazijn,","og_url":"https:\/\/decofoodshop.nl\/de\/produktkategorie-2\/andere\/","og_site_name":"Decofoodshop","article_modified_time":"2026-03-27T14:30:06+00:00","og_image":[{"width":1069,"height":1069,"url":"https:\/\/decofoodshop.nl\/wp-content\/uploads\/2023\/06\/Namaak-Olijftakken-90cm-stuks.jpg","type":"image\/jpeg"}],"twitter_card":"summary_large_image","twitter_misc":{"Gesch\u00e4tzte Lesezeit":"1\u00a0Minute"},"schema":{"@context":"https:\/\/schema.org","@graph":[{"@type":"WebPage","@id":"https:\/\/decofoodshop.nl\/product\/namaak-olijftakken\/","url":"https:\/\/decofoodshop.nl\/product-categorie\/overige\/","name":"Gef\u00e4lschte Olivenzweige - Decofoodshop","isPartOf":{"@id":"https:\/\/decofoodshop.nl\/#website"},"primaryImageOfPage":{"@id":"https:\/\/decofoodshop.nl\/product-categorie\/overige\/#primaryimage"},"image":{"@id":"https:\/\/decofoodshop.nl\/product-categorie\/overige\/#primaryimage"},"thumbnailUrl":"https:\/\/decofoodshop.nl\/wp-content\/uploads\/2023\/06\/Namaak-Olijftakken-90cm-stuks.jpg","datePublished":"2023-06-18T12:30:33+00:00","dateModified":"2026-03-27T14:30:06+00:00","description":"Gef\u00e4lschte Olivenzweige und weitere Olivenzweig-Attrappen bestellen Sie bei Decofoodshop.nl. Wundersch\u00f6ne nat\u00fcrliche Qualit\u00e4t und direkt aus unserem eigenen Lager geliefert.","breadcrumb":{"@id":"https:\/\/decofoodshop.nl\/product-categorie\/overige\/#breadcrumb"},"inLanguage":"de","potentialAction":[{"@type":"ReadAction","target":["https:\/\/decofoodshop.nl\/product-categorie\/overige\/"]}]},{"@type":"ImageObject","inLanguage":"de","@id":"https:\/\/decofoodshop.nl\/product-categorie\/overige\/#primaryimage","url":"https:\/\/decofoodshop.nl\/wp-content\/uploads\/2023\/06\/Namaak-Olijftakken-90cm-stuks.jpg","contentUrl":"https:\/\/decofoodshop.nl\/wp-content\/uploads\/2023\/06\/Namaak-Olijftakken-90cm-stuks.jpg","width":1069,"height":1069,"caption":"Namaak Olijftakken"},{"@type":"BreadcrumbList","@id":"https:\/\/decofoodshop.nl\/product-categorie\/overige\/#breadcrumb","itemListElement":[{"@type":"ListItem","position":1,"name":"Home","item":"https:\/\/decofoodshop.nl\/"},{"@type":"ListItem","position":2,"name":"Winkel","item":"https:\/\/decofoodshop.nl\/winkel\/"},{"@type":"ListItem","position":3,"name":"Namaak Olijftakken"}]},{"@type":"WebSite","@id":"https:\/\/decofoodshop.nl\/#website","url":"https:\/\/decofoodshop.nl\/","name":"Dekofoodshop","description":"","potentialAction":[{"@type":"SearchAction","target":{"@type":"EntryPoint","urlTemplate":"https:\/\/decofoodshop.nl\/?s={search_term_string}"},"query-input":{"@type":"PropertyValueSpecification","valueRequired":true,"valueName":"search_term_string"}}],"inLanguage":"de"}]}},"_links":{"self":[{"href":"https:\/\/decofoodshop.nl\/de\/wp-json\/wp\/v2\/product\/8179","targetHints":{"allow":["GET"]}}],"collection":[{"href":"https:\/\/decofoodshop.nl\/de\/wp-json\/wp\/v2\/product"}],"about":[{"href":"https:\/\/decofoodshop.nl\/de\/wp-json\/wp\/v2\/types\/product"}],"wp:featuredmedia":[{"embeddable":true,"href":"https:\/\/decofoodshop.nl\/de\/wp-json\/wp\/v2\/media\/8184"}],"wp:attachment":[{"href":"https:\/\/decofoodshop.nl\/de\/wp-json\/wp\/v2\/media?parent=8179"}],"wp:term":[{"taxonomy":"product_brand","embeddable":true,"href":"https:\/\/decofoodshop.nl\/de\/wp-json\/wp\/v2\/product_brand?post=8179"},{"taxonomy":"product_cat","embeddable":true,"href":"https:\/\/decofoodshop.nl\/de\/wp-json\/wp\/v2\/product_cat?post=8179"},{"taxonomy":"product_tag","embeddable":true,"href":"https:\/\/decofoodshop.nl\/de\/wp-json\/wp\/v2\/product_tag?post=8179"}],"curies":[{"name":"wp","href":"https:\/\/api.w.org\/{rel}","templated":true}]}}