{"id":872,"date":"2019-06-21T14:31:54","date_gmt":"2019-06-21T14:31:54","guid":{"rendered":"https:\/\/decofoodshop.nl\/?post_type=product&#038;p=872"},"modified":"2026-03-02T15:13:27","modified_gmt":"2026-03-02T14:13:27","slug":"gefalschter-chinakohl","status":"publish","type":"product","link":"https:\/\/decofoodshop.nl\/de\/product\/namaak-chinese-kool\/","title":{"rendered":"Gef\u00e4lschter Chinakohl"},"content":{"rendered":"<p>Dieser k\u00fcnstliche Chinakohl ist in voller Gr\u00f6\u00dfe.<\/p>\n<p>Die Bl\u00e4tter dieses Kunstkohls haben eine nat\u00fcrliche Maserung.<\/p>\n<p>Der Kohl ist nicht weniger als 30 Zentimeter lang.<\/p>\n<p>Die Farbe verl\u00e4uft von einer wei\u00dfen Unterseite zu einer frischen gr\u00fcnen Oberseite.<\/p>\n<p>Der k\u00fcnstliche Chinakohl ist sehr dekorativ <strong>&#8220;<span style=\"color: #008000;\"><a style=\"color: #008000;\" href=\"https:\/\/decofoodshop.nl\/de\/produktkategorie-2\/kunstliches-gemuse\/\">k\u00fcnstliches Gem\u00fcse<\/a><\/span>&#8220;<\/strong>.<\/p>\n<p>Es ist eine robuste und praktische Dekoration.<\/p>\n<p>&nbsp;<\/p>","protected":false},"excerpt":{"rendered":"<p>Deze Namaak Chinese Kool is op ware grootte. De bladeren van deze nep kool zijn voorzien van natuurlijke nerf. De kool is maar liefst 30 centimeter lang. De kleur loopt van een witte onderkant naar een fris groene bovenkant. De Namaak Chinese Kool is een zeer decoratieve &#8220;kunstgroente&#8220;. Het betreft een stevige en handzame decoratie. [&hellip;]<\/p>\n","protected":false},"featured_media":1439,"template":"","meta":{"_acf_changed":false,"_genesis_hide_title":false,"_genesis_hide_breadcrumbs":false,"_genesis_hide_singular_image":false,"_genesis_hide_footer_widgets":false,"_genesis_custom_body_class":"","_genesis_custom_post_class":"","_genesis_layout":""},"product_brand":[],"product_cat":[48],"product_tag":[],"class_list":{"0":"post-872","1":"product","2":"type-product","3":"status-publish","4":"has-post-thumbnail","6":"product_cat-kunstgroenten","7":"entry","8":"wpx-has-gallery","10":"first","11":"instock","12":"taxable","13":"shipping-taxable","14":"purchasable","15":"product-type-simple"},"acf":[],"yoast_head":"<!-- This site is optimized with the Yoast SEO Premium plugin v27.3 (Yoast SEO v27.4) - https:\/\/yoast.com\/product\/yoast-seo-premium-wordpress\/ -->\n<title>Namaak Chinese Kool | Decoratie namaak groente kopen<\/title>\n<meta name=\"description\" content=\"Nemaak Chinese Kool kopen? De mooiste nepgroenten, makkelijk besteld en snel bezorgd! Ook deze nep Chinese kool van Decofoodshop.nl\" \/>\n<meta name=\"robots\" content=\"index, follow, max-snippet:-1, max-image-preview:large, max-video-preview:-1\" \/>\n<link rel=\"canonical\" href=\"https:\/\/decofoodshop.nl\/de\/produkt\/gefalschter-chinakohl\/\" \/>\n<meta property=\"og:locale\" content=\"de_DE\" \/>\n<meta property=\"og:type\" content=\"article\" \/>\n<meta property=\"og:title\" content=\"Namaak Chinese Kool\" \/>\n<meta property=\"og:description\" content=\"Nemaak Chinese Kool kopen? De mooiste nepgroenten, makkelijk besteld en snel bezorgd! Ook deze nep Chinese kool van Decofoodshop.nl\" \/>\n<meta property=\"og:url\" content=\"https:\/\/decofoodshop.nl\/de\/produkt\/gefalschter-chinakohl\/\" \/>\n<meta property=\"og:site_name\" content=\"Decofoodshop\" \/>\n<meta property=\"article:modified_time\" content=\"2026-03-02T14:13:27+00:00\" \/>\n<meta property=\"og:image\" content=\"https:\/\/decofoodshop.nl\/wp-content\/uploads\/2019\/06\/Namaak-Chinese-Kool-2-1.jpg\" \/>\n\t<meta property=\"og:image:width\" content=\"731\" \/>\n\t<meta property=\"og:image:height\" content=\"730\" \/>\n\t<meta property=\"og:image:type\" content=\"image\/jpeg\" \/>\n<meta name=\"twitter:card\" content=\"summary_large_image\" \/>\n<meta name=\"twitter:label1\" content=\"Gesch\u00e4tzte Lesezeit\" \/>\n\t<meta name=\"twitter:data1\" content=\"1\u00a0Minute\" \/>\n<script type=\"application\/ld+json\" class=\"yoast-schema-graph\">{\"@context\":\"https:\\\/\\\/schema.org\",\"@graph\":[{\"@type\":\"WebPage\",\"@id\":\"https:\\\/\\\/decofoodshop.nl\\\/product\\\/namaak-chinese-kool\\\/\",\"url\":\"https:\\\/\\\/decofoodshop.nl\\\/product\\\/namaak-chinese-kool\\\/\",\"name\":\"Namaak Chinese Kool | Decoratie namaak groente kopen\",\"isPartOf\":{\"@id\":\"https:\\\/\\\/decofoodshop.nl\\\/#website\"},\"primaryImageOfPage\":{\"@id\":\"https:\\\/\\\/decofoodshop.nl\\\/product\\\/namaak-chinese-kool\\\/#primaryimage\"},\"image\":{\"@id\":\"https:\\\/\\\/decofoodshop.nl\\\/product\\\/namaak-chinese-kool\\\/#primaryimage\"},\"thumbnailUrl\":\"https:\\\/\\\/decofoodshop.nl\\\/wp-content\\\/uploads\\\/2019\\\/06\\\/Namaak-Chinese-Kool-2-1.jpg\",\"datePublished\":\"2019-06-21T14:31:54+00:00\",\"dateModified\":\"2026-03-02T14:13:27+00:00\",\"description\":\"Nemaak Chinese Kool kopen? De mooiste nepgroenten, makkelijk besteld en snel bezorgd! Ook deze nep Chinese kool van Decofoodshop.nl\",\"breadcrumb\":{\"@id\":\"https:\\\/\\\/decofoodshop.nl\\\/product\\\/namaak-chinese-kool\\\/#breadcrumb\"},\"inLanguage\":\"de\",\"potentialAction\":[{\"@type\":\"ReadAction\",\"target\":[\"https:\\\/\\\/decofoodshop.nl\\\/product\\\/namaak-chinese-kool\\\/\"]}]},{\"@type\":\"ImageObject\",\"inLanguage\":\"de\",\"@id\":\"https:\\\/\\\/decofoodshop.nl\\\/product\\\/namaak-chinese-kool\\\/#primaryimage\",\"url\":\"https:\\\/\\\/decofoodshop.nl\\\/wp-content\\\/uploads\\\/2019\\\/06\\\/Namaak-Chinese-Kool-2-1.jpg\",\"contentUrl\":\"https:\\\/\\\/decofoodshop.nl\\\/wp-content\\\/uploads\\\/2019\\\/06\\\/Namaak-Chinese-Kool-2-1.jpg\",\"width\":731,\"height\":730,\"caption\":\"Namaak Chinese Kool\"},{\"@type\":\"BreadcrumbList\",\"@id\":\"https:\\\/\\\/decofoodshop.nl\\\/product\\\/namaak-chinese-kool\\\/#breadcrumb\",\"itemListElement\":[{\"@type\":\"ListItem\",\"position\":1,\"name\":\"Home\",\"item\":\"https:\\\/\\\/decofoodshop.nl\\\/\"},{\"@type\":\"ListItem\",\"position\":2,\"name\":\"Winkel\",\"item\":\"https:\\\/\\\/decofoodshop.nl\\\/winkel\\\/\"},{\"@type\":\"ListItem\",\"position\":3,\"name\":\"Namaak Chinese Kool\"}]},{\"@type\":\"WebSite\",\"@id\":\"https:\\\/\\\/decofoodshop.nl\\\/#website\",\"url\":\"https:\\\/\\\/decofoodshop.nl\\\/\",\"name\":\"Decofoodshop\",\"description\":\"\",\"potentialAction\":[{\"@type\":\"SearchAction\",\"target\":{\"@type\":\"EntryPoint\",\"urlTemplate\":\"https:\\\/\\\/decofoodshop.nl\\\/?s={search_term_string}\"},\"query-input\":{\"@type\":\"PropertyValueSpecification\",\"valueRequired\":true,\"valueName\":\"search_term_string\"}}],\"inLanguage\":\"de\"}]}<\/script>\n<!-- \/ Yoast SEO Premium plugin. -->","yoast_head_json":{"title":"Gef\u00e4lschter Chinakohl | Kaufen Sie k\u00fcnstliches Dekorationsgem\u00fcse","description":"Nemaak Chinakohl kaufen? Das sch\u00f6nste Kunstgem\u00fcse, einfach bestellt und schnell geliefert! Auch dieser gef\u00e4lschte Chinakohl von Decofoodshop.nl","robots":{"index":"index","follow":"follow","max-snippet":"max-snippet:-1","max-image-preview":"max-image-preview:large","max-video-preview":"max-video-preview:-1"},"canonical":"https:\/\/decofoodshop.nl\/de\/produkt\/gefalschter-chinakohl\/","og_locale":"de_DE","og_type":"article","og_title":"Namaak Chinese Kool","og_description":"Nemaak Chinese Kool kopen? De mooiste nepgroenten, makkelijk besteld en snel bezorgd! Ook deze nep Chinese kool van Decofoodshop.nl","og_url":"https:\/\/decofoodshop.nl\/de\/produkt\/gefalschter-chinakohl\/","og_site_name":"Decofoodshop","article_modified_time":"2026-03-02T14:13:27+00:00","og_image":[{"width":731,"height":730,"url":"https:\/\/decofoodshop.nl\/wp-content\/uploads\/2019\/06\/Namaak-Chinese-Kool-2-1.jpg","type":"image\/jpeg"}],"twitter_card":"summary_large_image","twitter_misc":{"Gesch\u00e4tzte Lesezeit":"1\u00a0Minute"},"schema":{"@context":"https:\/\/schema.org","@graph":[{"@type":"WebPage","@id":"https:\/\/decofoodshop.nl\/product\/namaak-chinese-kool\/","url":"https:\/\/decofoodshop.nl\/product\/namaak-chinese-kool\/","name":"Gef\u00e4lschter Chinakohl | Kaufen Sie k\u00fcnstliches Dekorationsgem\u00fcse","isPartOf":{"@id":"https:\/\/decofoodshop.nl\/#website"},"primaryImageOfPage":{"@id":"https:\/\/decofoodshop.nl\/product\/namaak-chinese-kool\/#primaryimage"},"image":{"@id":"https:\/\/decofoodshop.nl\/product\/namaak-chinese-kool\/#primaryimage"},"thumbnailUrl":"https:\/\/decofoodshop.nl\/wp-content\/uploads\/2019\/06\/Namaak-Chinese-Kool-2-1.jpg","datePublished":"2019-06-21T14:31:54+00:00","dateModified":"2026-03-02T14:13:27+00:00","description":"Nemaak Chinakohl kaufen? Das sch\u00f6nste Kunstgem\u00fcse, einfach bestellt und schnell geliefert! Auch dieser gef\u00e4lschte Chinakohl von Decofoodshop.nl","breadcrumb":{"@id":"https:\/\/decofoodshop.nl\/product\/namaak-chinese-kool\/#breadcrumb"},"inLanguage":"de","potentialAction":[{"@type":"ReadAction","target":["https:\/\/decofoodshop.nl\/product\/namaak-chinese-kool\/"]}]},{"@type":"ImageObject","inLanguage":"de","@id":"https:\/\/decofoodshop.nl\/product\/namaak-chinese-kool\/#primaryimage","url":"https:\/\/decofoodshop.nl\/wp-content\/uploads\/2019\/06\/Namaak-Chinese-Kool-2-1.jpg","contentUrl":"https:\/\/decofoodshop.nl\/wp-content\/uploads\/2019\/06\/Namaak-Chinese-Kool-2-1.jpg","width":731,"height":730,"caption":"Namaak Chinese Kool"},{"@type":"BreadcrumbList","@id":"https:\/\/decofoodshop.nl\/product\/namaak-chinese-kool\/#breadcrumb","itemListElement":[{"@type":"ListItem","position":1,"name":"Home","item":"https:\/\/decofoodshop.nl\/"},{"@type":"ListItem","position":2,"name":"Winkel","item":"https:\/\/decofoodshop.nl\/winkel\/"},{"@type":"ListItem","position":3,"name":"Namaak Chinese Kool"}]},{"@type":"WebSite","@id":"https:\/\/decofoodshop.nl\/#website","url":"https:\/\/decofoodshop.nl\/","name":"Dekofoodshop","description":"","potentialAction":[{"@type":"SearchAction","target":{"@type":"EntryPoint","urlTemplate":"https:\/\/decofoodshop.nl\/?s={search_term_string}"},"query-input":{"@type":"PropertyValueSpecification","valueRequired":true,"valueName":"search_term_string"}}],"inLanguage":"de"}]}},"_links":{"self":[{"href":"https:\/\/decofoodshop.nl\/de\/wp-json\/wp\/v2\/product\/872","targetHints":{"allow":["GET"]}}],"collection":[{"href":"https:\/\/decofoodshop.nl\/de\/wp-json\/wp\/v2\/product"}],"about":[{"href":"https:\/\/decofoodshop.nl\/de\/wp-json\/wp\/v2\/types\/product"}],"wp:featuredmedia":[{"embeddable":true,"href":"https:\/\/decofoodshop.nl\/de\/wp-json\/wp\/v2\/media\/1439"}],"wp:attachment":[{"href":"https:\/\/decofoodshop.nl\/de\/wp-json\/wp\/v2\/media?parent=872"}],"wp:term":[{"taxonomy":"product_brand","embeddable":true,"href":"https:\/\/decofoodshop.nl\/de\/wp-json\/wp\/v2\/product_brand?post=872"},{"taxonomy":"product_cat","embeddable":true,"href":"https:\/\/decofoodshop.nl\/de\/wp-json\/wp\/v2\/product_cat?post=872"},{"taxonomy":"product_tag","embeddable":true,"href":"https:\/\/decofoodshop.nl\/de\/wp-json\/wp\/v2\/product_tag?post=872"}],"curies":[{"name":"wp","href":"https:\/\/api.w.org\/{rel}","templated":true}]}}