{"id":9852,"date":"2024-03-14T23:19:22","date_gmt":"2024-03-14T22:19:22","guid":{"rendered":"https:\/\/decofoodshop.nl\/?post_type=product&#038;p=9852"},"modified":"2026-03-02T12:01:26","modified_gmt":"2026-03-02T11:01:26","slug":"gefalschte-shaslick-sticks","status":"publish","type":"product","link":"https:\/\/decofoodshop.nl\/de\/product\/namaak-shaslick-sticks\/","title":{"rendered":"Gef\u00e4lschte Shaslick-Sticks"},"content":{"rendered":"<p>Genau wie echte gef\u00e4lschte Shaslick-Sticks.<\/p>\n<p>Vom Original kaum zu unterscheiden.<\/p>\n<p>Der Preis gilt pro Set mit 3 St\u00fcck.<\/p>\n<p>Schweres Gewicht und lebensechte Gr\u00f6\u00dfe.<\/p>\n<p>Diese Imitat-Shaslick-Sticks sind im Dreier-Set erh\u00e4ltlich.<\/p>\n<p>Sehr gut geeignet als Grillimitat.<\/p>\n<p>Mit gef\u00e4lschten ger\u00f6steten Paprika.<\/p>\n<p>Gef\u00e4lschte Fleischb\u00e4llchen und gef\u00e4lschte Zwiebelst\u00fccke.<\/p>\n<p>Stabil und gut am Stock befestigt.<\/p>\n<p>Diese Imitation Shaslick Sticks lassen sich auch gut mit anderem BBQ-Fleischimitat kombinieren.<\/p>\n<p>Weitere Lebensmittelattrappen finden Sie in der Kategorie mit <span style=\"color: #008000;\"><strong><a style=\"color: #008000;\" href=\"https:\/\/decofoodshop.nl\/de\/produktkategorie-2\/kunstliches-gemuse\/\">K\u00fcnstliches Gem\u00fcse<\/a><\/strong><\/span>.<\/p>","protected":false},"excerpt":{"rendered":"<p>Net echte nep Shaslick stokjes. Nauwelijk van echt te onderscheiden. Prijs is per set van 3 stuks. Zwaar gewicht en levensecht van formaat. Deze Namaak Shaslick Sticks gaan per set van drie stuks. Zeer geschikt als namaak barbeque producten. Voorzien van nep geroosterde paprika. Nepvleesballetjes en namaak uistukjes. Stevig en goed vast aan het stokje. [&hellip;]<\/p>\n","protected":false},"featured_media":9856,"template":"","meta":{"_acf_changed":false,"_genesis_hide_title":false,"_genesis_hide_breadcrumbs":false,"_genesis_hide_singular_image":false,"_genesis_hide_footer_widgets":false,"_genesis_custom_body_class":"","_genesis_custom_post_class":"","_genesis_layout":""},"product_brand":[],"product_cat":[50],"product_tag":[],"class_list":{"0":"post-9852","1":"product","2":"type-product","3":"status-publish","4":"has-post-thumbnail","6":"product_cat-namaak-vis-en-vlees","7":"entry","8":"wpx-has-gallery","10":"first","11":"instock","12":"taxable","13":"shipping-taxable","14":"purchasable","15":"product-type-simple"},"acf":[],"yoast_head":"<!-- This site is optimized with the Yoast SEO Premium plugin v27.3 (Yoast SEO v27.4) - https:\/\/yoast.com\/product\/yoast-seo-premium-wordpress\/ -->\n<title>Namaak Shaslick Sticks - Decofoodshop<\/title>\n<meta name=\"description\" content=\"Namaak Shaslick Sticks en meer bbq dummies zoals nepworst, namaakvis en nep slabladeren vindt je bij Decofoodshop.nl D\u00e8 aanbieder van voedseldummies.\" \/>\n<meta name=\"robots\" content=\"index, follow, max-snippet:-1, max-image-preview:large, max-video-preview:-1\" \/>\n<link rel=\"canonical\" href=\"https:\/\/decofoodshop.nl\/de\/produkt\/gefalschte-shaslick-sticks\/\" \/>\n<meta property=\"og:locale\" content=\"de_DE\" \/>\n<meta property=\"og:type\" content=\"article\" \/>\n<meta property=\"og:title\" content=\"Namaak Shaslick Sticks\" \/>\n<meta property=\"og:description\" content=\"Namaak Shaslick Sticks en meer bbq dummies zoals nepworst, namaakvis en nep slabladeren vindt je bij Decofoodshop.nl D\u00e8 aanbieder van voedseldummies.\" \/>\n<meta property=\"og:url\" content=\"https:\/\/decofoodshop.nl\/de\/produkt\/gefalschte-shaslick-sticks\/\" \/>\n<meta property=\"og:site_name\" content=\"Decofoodshop\" \/>\n<meta property=\"article:modified_time\" content=\"2026-03-02T11:01:26+00:00\" \/>\n<meta property=\"og:image\" content=\"https:\/\/decofoodshop.nl\/wp-content\/uploads\/2024\/03\/Namaak-Shaslick-Sticks.jpg\" \/>\n\t<meta property=\"og:image:width\" content=\"1500\" \/>\n\t<meta property=\"og:image:height\" content=\"1500\" \/>\n\t<meta property=\"og:image:type\" content=\"image\/jpeg\" \/>\n<meta name=\"twitter:card\" content=\"summary_large_image\" \/>\n<meta name=\"twitter:label1\" content=\"Gesch\u00e4tzte Lesezeit\" \/>\n\t<meta name=\"twitter:data1\" content=\"1\u00a0Minute\" \/>\n<script type=\"application\/ld+json\" class=\"yoast-schema-graph\">{\"@context\":\"https:\\\/\\\/schema.org\",\"@graph\":[{\"@type\":\"WebPage\",\"@id\":\"https:\\\/\\\/decofoodshop.nl\\\/product\\\/namaak-shaslick-sticks\\\/\",\"url\":\"https:\\\/\\\/decofoodshop.nl\\\/product\\\/namaak-shaslick-sticks\\\/\",\"name\":\"Namaak Shaslick Sticks - Decofoodshop\",\"isPartOf\":{\"@id\":\"https:\\\/\\\/decofoodshop.nl\\\/#website\"},\"primaryImageOfPage\":{\"@id\":\"https:\\\/\\\/decofoodshop.nl\\\/product\\\/namaak-shaslick-sticks\\\/#primaryimage\"},\"image\":{\"@id\":\"https:\\\/\\\/decofoodshop.nl\\\/product\\\/namaak-shaslick-sticks\\\/#primaryimage\"},\"thumbnailUrl\":\"https:\\\/\\\/decofoodshop.nl\\\/wp-content\\\/uploads\\\/2024\\\/03\\\/Namaak-Shaslick-Sticks.jpg\",\"datePublished\":\"2024-03-14T22:19:22+00:00\",\"dateModified\":\"2026-03-02T11:01:26+00:00\",\"description\":\"Namaak Shaslick Sticks en meer bbq dummies zoals nepworst, namaakvis en nep slabladeren vindt je bij Decofoodshop.nl D\u00e8 aanbieder van voedseldummies.\",\"breadcrumb\":{\"@id\":\"https:\\\/\\\/decofoodshop.nl\\\/product\\\/namaak-shaslick-sticks\\\/#breadcrumb\"},\"inLanguage\":\"de\",\"potentialAction\":[{\"@type\":\"ReadAction\",\"target\":[\"https:\\\/\\\/decofoodshop.nl\\\/product\\\/namaak-shaslick-sticks\\\/\"]}]},{\"@type\":\"ImageObject\",\"inLanguage\":\"de\",\"@id\":\"https:\\\/\\\/decofoodshop.nl\\\/product\\\/namaak-shaslick-sticks\\\/#primaryimage\",\"url\":\"https:\\\/\\\/decofoodshop.nl\\\/wp-content\\\/uploads\\\/2024\\\/03\\\/Namaak-Shaslick-Sticks.jpg\",\"contentUrl\":\"https:\\\/\\\/decofoodshop.nl\\\/wp-content\\\/uploads\\\/2024\\\/03\\\/Namaak-Shaslick-Sticks.jpg\",\"width\":1500,\"height\":1500,\"caption\":\"Namaak Shaslick Sticks van Decofoodshop.nl\"},{\"@type\":\"BreadcrumbList\",\"@id\":\"https:\\\/\\\/decofoodshop.nl\\\/product\\\/namaak-shaslick-sticks\\\/#breadcrumb\",\"itemListElement\":[{\"@type\":\"ListItem\",\"position\":1,\"name\":\"Home\",\"item\":\"https:\\\/\\\/decofoodshop.nl\\\/\"},{\"@type\":\"ListItem\",\"position\":2,\"name\":\"Winkel\",\"item\":\"https:\\\/\\\/decofoodshop.nl\\\/winkel\\\/\"},{\"@type\":\"ListItem\",\"position\":3,\"name\":\"Namaak Shaslick Sticks\"}]},{\"@type\":\"WebSite\",\"@id\":\"https:\\\/\\\/decofoodshop.nl\\\/#website\",\"url\":\"https:\\\/\\\/decofoodshop.nl\\\/\",\"name\":\"Decofoodshop\",\"description\":\"\",\"potentialAction\":[{\"@type\":\"SearchAction\",\"target\":{\"@type\":\"EntryPoint\",\"urlTemplate\":\"https:\\\/\\\/decofoodshop.nl\\\/?s={search_term_string}\"},\"query-input\":{\"@type\":\"PropertyValueSpecification\",\"valueRequired\":true,\"valueName\":\"search_term_string\"}}],\"inLanguage\":\"de\"}]}<\/script>\n<!-- \/ Yoast SEO Premium plugin. -->","yoast_head_json":{"title":"Gef\u00e4lschte Shaslick Sticks - Decofoodshop","description":"Gef\u00e4lschte Shaslick Sticks und weitere Grillattrappen wie gef\u00e4lschte Wurst, gef\u00e4lschter Fisch und gef\u00e4lschte Salatbl\u00e4tter finden Sie bei Decofoodshop.nl, dem Anbieter von Lebensmittelattrappen.","robots":{"index":"index","follow":"follow","max-snippet":"max-snippet:-1","max-image-preview":"max-image-preview:large","max-video-preview":"max-video-preview:-1"},"canonical":"https:\/\/decofoodshop.nl\/de\/produkt\/gefalschte-shaslick-sticks\/","og_locale":"de_DE","og_type":"article","og_title":"Namaak Shaslick Sticks","og_description":"Namaak Shaslick Sticks en meer bbq dummies zoals nepworst, namaakvis en nep slabladeren vindt je bij Decofoodshop.nl D\u00e8 aanbieder van voedseldummies.","og_url":"https:\/\/decofoodshop.nl\/de\/produkt\/gefalschte-shaslick-sticks\/","og_site_name":"Decofoodshop","article_modified_time":"2026-03-02T11:01:26+00:00","og_image":[{"width":1500,"height":1500,"url":"https:\/\/decofoodshop.nl\/wp-content\/uploads\/2024\/03\/Namaak-Shaslick-Sticks.jpg","type":"image\/jpeg"}],"twitter_card":"summary_large_image","twitter_misc":{"Gesch\u00e4tzte Lesezeit":"1\u00a0Minute"},"schema":{"@context":"https:\/\/schema.org","@graph":[{"@type":"WebPage","@id":"https:\/\/decofoodshop.nl\/product\/namaak-shaslick-sticks\/","url":"https:\/\/decofoodshop.nl\/product\/namaak-shaslick-sticks\/","name":"Gef\u00e4lschte Shaslick Sticks - Decofoodshop","isPartOf":{"@id":"https:\/\/decofoodshop.nl\/#website"},"primaryImageOfPage":{"@id":"https:\/\/decofoodshop.nl\/product\/namaak-shaslick-sticks\/#primaryimage"},"image":{"@id":"https:\/\/decofoodshop.nl\/product\/namaak-shaslick-sticks\/#primaryimage"},"thumbnailUrl":"https:\/\/decofoodshop.nl\/wp-content\/uploads\/2024\/03\/Namaak-Shaslick-Sticks.jpg","datePublished":"2024-03-14T22:19:22+00:00","dateModified":"2026-03-02T11:01:26+00:00","description":"Gef\u00e4lschte Shaslick Sticks und weitere Grillattrappen wie gef\u00e4lschte Wurst, gef\u00e4lschter Fisch und gef\u00e4lschte Salatbl\u00e4tter finden Sie bei Decofoodshop.nl, dem Anbieter von Lebensmittelattrappen.","breadcrumb":{"@id":"https:\/\/decofoodshop.nl\/product\/namaak-shaslick-sticks\/#breadcrumb"},"inLanguage":"de","potentialAction":[{"@type":"ReadAction","target":["https:\/\/decofoodshop.nl\/product\/namaak-shaslick-sticks\/"]}]},{"@type":"ImageObject","inLanguage":"de","@id":"https:\/\/decofoodshop.nl\/product\/namaak-shaslick-sticks\/#primaryimage","url":"https:\/\/decofoodshop.nl\/wp-content\/uploads\/2024\/03\/Namaak-Shaslick-Sticks.jpg","contentUrl":"https:\/\/decofoodshop.nl\/wp-content\/uploads\/2024\/03\/Namaak-Shaslick-Sticks.jpg","width":1500,"height":1500,"caption":"Namaak Shaslick Sticks van Decofoodshop.nl"},{"@type":"BreadcrumbList","@id":"https:\/\/decofoodshop.nl\/product\/namaak-shaslick-sticks\/#breadcrumb","itemListElement":[{"@type":"ListItem","position":1,"name":"Home","item":"https:\/\/decofoodshop.nl\/"},{"@type":"ListItem","position":2,"name":"Winkel","item":"https:\/\/decofoodshop.nl\/winkel\/"},{"@type":"ListItem","position":3,"name":"Namaak Shaslick Sticks"}]},{"@type":"WebSite","@id":"https:\/\/decofoodshop.nl\/#website","url":"https:\/\/decofoodshop.nl\/","name":"Dekofoodshop","description":"","potentialAction":[{"@type":"SearchAction","target":{"@type":"EntryPoint","urlTemplate":"https:\/\/decofoodshop.nl\/?s={search_term_string}"},"query-input":{"@type":"PropertyValueSpecification","valueRequired":true,"valueName":"search_term_string"}}],"inLanguage":"de"}]}},"_links":{"self":[{"href":"https:\/\/decofoodshop.nl\/de\/wp-json\/wp\/v2\/product\/9852","targetHints":{"allow":["GET"]}}],"collection":[{"href":"https:\/\/decofoodshop.nl\/de\/wp-json\/wp\/v2\/product"}],"about":[{"href":"https:\/\/decofoodshop.nl\/de\/wp-json\/wp\/v2\/types\/product"}],"wp:featuredmedia":[{"embeddable":true,"href":"https:\/\/decofoodshop.nl\/de\/wp-json\/wp\/v2\/media\/9856"}],"wp:attachment":[{"href":"https:\/\/decofoodshop.nl\/de\/wp-json\/wp\/v2\/media?parent=9852"}],"wp:term":[{"taxonomy":"product_brand","embeddable":true,"href":"https:\/\/decofoodshop.nl\/de\/wp-json\/wp\/v2\/product_brand?post=9852"},{"taxonomy":"product_cat","embeddable":true,"href":"https:\/\/decofoodshop.nl\/de\/wp-json\/wp\/v2\/product_cat?post=9852"},{"taxonomy":"product_tag","embeddable":true,"href":"https:\/\/decofoodshop.nl\/de\/wp-json\/wp\/v2\/product_tag?post=9852"}],"curies":[{"name":"wp","href":"https:\/\/api.w.org\/{rel}","templated":true}]}}