{"id":9873,"date":"2024-03-17T23:17:41","date_gmt":"2024-03-17T22:17:41","guid":{"rendered":"https:\/\/decofoodshop.nl\/?post_type=product&#038;p=9873"},"modified":"2026-04-17T13:53:33","modified_gmt":"2026-04-17T11:53:33","slug":"gefalschte-amerikanische-kekse","status":"publish","type":"product","link":"https:\/\/decofoodshop.nl\/de\/product\/namaak-american-cookies\/","title":{"rendered":"Gef\u00e4lschte amerikanische Kekse"},"content":{"rendered":"<p>Set aus vier gef\u00e4lschten amerikanischen Keksen.<\/p>\n<p>Auch gef\u00e4lschte Schokoladenkekse genannt.<\/p>\n<p>Von der Realit\u00e4t nicht zu unterscheiden.<\/p>\n<p>Auch mit echtem Gewicht.<\/p>\n<p>Etwas hellbraun mit braun.<\/p>\n<p>Mit gef\u00e4lschten Schokoladenst\u00fcckchen drin.<\/p>\n<p>Geeignet f\u00fcr alle Arten von Dekoration.<\/p>\n<p>Weitere besondere Food-Requisiten finden Sie auch in der Kategorie mit \u201e<span style=\"color: #008000;\"><strong><a style=\"color: #008000;\" href=\"https:\/\/decofoodshop.nl\/de\/produktkategorie-2\/andere\/\">Andere Produkte<\/a><\/strong><\/span>&#8220;.<\/p>","protected":false},"excerpt":{"rendered":"<p>Set aus vier gef\u00e4lschten amerikanischen Keksen. Auch gef\u00e4lschte Schokoladenkekse genannt. Vom Original nicht zu unterscheiden. Auch mit echtem Gewicht. Etwas hellbraun mit braun. Mit gef\u00e4lschten Schokoladenst\u00fcckchen drin. Geeignet f\u00fcr alle Arten von Dekoration. Weitere besondere Food-Requisiten finden Sie auch in der Kategorie \u201eSonstige Produkte\u201c.<\/p>","protected":false},"featured_media":9874,"template":"","meta":{"_acf_changed":false,"_genesis_hide_title":false,"_genesis_hide_breadcrumbs":false,"_genesis_hide_singular_image":false,"_genesis_hide_footer_widgets":false,"_genesis_custom_body_class":"","_genesis_custom_post_class":"","_genesis_layout":""},"product_brand":[],"product_cat":[46],"product_tag":[],"class_list":{"0":"post-9873","1":"product","2":"type-product","3":"status-publish","4":"has-post-thumbnail","6":"product_cat-broodengebak","7":"entry","8":"wpx-has-gallery","10":"first","11":"instock","12":"taxable","13":"shipping-taxable","14":"purchasable","15":"product-type-simple"},"acf":[],"yoast_head":"<!-- This site is optimized with the Yoast SEO Premium plugin v27.3 (Yoast SEO v27.4) - https:\/\/yoast.com\/product\/yoast-seo-premium-wordpress\/ -->\n<title>Namaak American Cookies - Decofoodshop<\/title>\n<meta name=\"description\" content=\"Namaak American Cookies verpakt in set van 4 stuks. Levensecht, groot en zwaar. Nepkoekjes en nepgebak bestellen bij Decofoodshop.nl\" \/>\n<meta name=\"robots\" content=\"index, follow, max-snippet:-1, max-image-preview:large, max-video-preview:-1\" \/>\n<link rel=\"canonical\" href=\"https:\/\/decofoodshop.nl\/de\/produkt\/gefalschte-amerikanische-kekse\/\" \/>\n<meta property=\"og:locale\" content=\"de_DE\" \/>\n<meta property=\"og:type\" content=\"article\" \/>\n<meta property=\"og:title\" content=\"Namaak American Cookies\" \/>\n<meta property=\"og:description\" content=\"Namaak American Cookies verpakt in set van 4 stuks. Levensecht, groot en zwaar. Nepkoekjes en nepgebak bestellen bij Decofoodshop.nl\" \/>\n<meta property=\"og:url\" content=\"https:\/\/decofoodshop.nl\/de\/produkt\/gefalschte-amerikanische-kekse\/\" \/>\n<meta property=\"og:site_name\" content=\"Decofoodshop\" \/>\n<meta property=\"article:modified_time\" content=\"2026-04-17T11:53:33+00:00\" \/>\n<meta property=\"og:image\" content=\"https:\/\/decofoodshop.nl\/wp-content\/uploads\/2024\/03\/Namaak-American-Cookies.jpg\" \/>\n\t<meta property=\"og:image:width\" content=\"1500\" \/>\n\t<meta property=\"og:image:height\" content=\"1500\" \/>\n\t<meta property=\"og:image:type\" content=\"image\/jpeg\" \/>\n<meta name=\"twitter:card\" content=\"summary_large_image\" \/>\n<meta name=\"twitter:label1\" content=\"Gesch\u00e4tzte Lesezeit\" \/>\n\t<meta name=\"twitter:data1\" content=\"1\u00a0Minute\" \/>\n<script type=\"application\/ld+json\" class=\"yoast-schema-graph\">{\"@context\":\"https:\\\/\\\/schema.org\",\"@graph\":[{\"@type\":\"WebPage\",\"@id\":\"https:\\\/\\\/decofoodshop.nl\\\/product\\\/namaak-american-cookies\\\/\",\"url\":\"https:\\\/\\\/decofoodshop.nl\\\/product\\\/namaak-american-cookies\\\/\",\"name\":\"Namaak American Cookies - Decofoodshop\",\"isPartOf\":{\"@id\":\"https:\\\/\\\/decofoodshop.nl\\\/#website\"},\"primaryImageOfPage\":{\"@id\":\"https:\\\/\\\/decofoodshop.nl\\\/product\\\/namaak-american-cookies\\\/#primaryimage\"},\"image\":{\"@id\":\"https:\\\/\\\/decofoodshop.nl\\\/product\\\/namaak-american-cookies\\\/#primaryimage\"},\"thumbnailUrl\":\"https:\\\/\\\/decofoodshop.nl\\\/wp-content\\\/uploads\\\/2024\\\/03\\\/Namaak-American-Cookies.jpg\",\"datePublished\":\"2024-03-17T22:17:41+00:00\",\"dateModified\":\"2026-04-17T11:53:33+00:00\",\"description\":\"Namaak American Cookies verpakt in set van 4 stuks. Levensecht, groot en zwaar. Nepkoekjes en nepgebak bestellen bij Decofoodshop.nl\",\"breadcrumb\":{\"@id\":\"https:\\\/\\\/decofoodshop.nl\\\/product\\\/namaak-american-cookies\\\/#breadcrumb\"},\"inLanguage\":\"de\",\"potentialAction\":[{\"@type\":\"ReadAction\",\"target\":[\"https:\\\/\\\/decofoodshop.nl\\\/product\\\/namaak-american-cookies\\\/\"]}]},{\"@type\":\"ImageObject\",\"inLanguage\":\"de\",\"@id\":\"https:\\\/\\\/decofoodshop.nl\\\/product\\\/namaak-american-cookies\\\/#primaryimage\",\"url\":\"https:\\\/\\\/decofoodshop.nl\\\/wp-content\\\/uploads\\\/2024\\\/03\\\/Namaak-American-Cookies.jpg\",\"contentUrl\":\"https:\\\/\\\/decofoodshop.nl\\\/wp-content\\\/uploads\\\/2024\\\/03\\\/Namaak-American-Cookies.jpg\",\"width\":1500,\"height\":1500,\"caption\":\"Namaak American Cookies van Decofoodshop.nl\"},{\"@type\":\"BreadcrumbList\",\"@id\":\"https:\\\/\\\/decofoodshop.nl\\\/product\\\/namaak-american-cookies\\\/#breadcrumb\",\"itemListElement\":[{\"@type\":\"ListItem\",\"position\":1,\"name\":\"Home\",\"item\":\"https:\\\/\\\/decofoodshop.nl\\\/\"},{\"@type\":\"ListItem\",\"position\":2,\"name\":\"Winkel\",\"item\":\"https:\\\/\\\/decofoodshop.nl\\\/winkel\\\/\"},{\"@type\":\"ListItem\",\"position\":3,\"name\":\"Namaak American Cookies\"}]},{\"@type\":\"WebSite\",\"@id\":\"https:\\\/\\\/decofoodshop.nl\\\/#website\",\"url\":\"https:\\\/\\\/decofoodshop.nl\\\/\",\"name\":\"Decofoodshop\",\"description\":\"\",\"potentialAction\":[{\"@type\":\"SearchAction\",\"target\":{\"@type\":\"EntryPoint\",\"urlTemplate\":\"https:\\\/\\\/decofoodshop.nl\\\/?s={search_term_string}\"},\"query-input\":{\"@type\":\"PropertyValueSpecification\",\"valueRequired\":true,\"valueName\":\"search_term_string\"}}],\"inLanguage\":\"de\"}]}<\/script>\n<!-- \/ Yoast SEO Premium plugin. -->","yoast_head_json":{"title":"Gef\u00e4lschte amerikanische Kekse - Decofoodshop","description":"Gef\u00e4lschte amerikanische Kekse, verpackt im 4er-Set. Lebensecht, gro\u00df und schwer. Bestellen Sie gef\u00e4lschte Kekse und gef\u00e4lschtes Geb\u00e4ck bei Decofoodshop.nl","robots":{"index":"index","follow":"follow","max-snippet":"max-snippet:-1","max-image-preview":"max-image-preview:large","max-video-preview":"max-video-preview:-1"},"canonical":"https:\/\/decofoodshop.nl\/de\/produkt\/gefalschte-amerikanische-kekse\/","og_locale":"de_DE","og_type":"article","og_title":"Namaak American Cookies","og_description":"Namaak American Cookies verpakt in set van 4 stuks. Levensecht, groot en zwaar. Nepkoekjes en nepgebak bestellen bij Decofoodshop.nl","og_url":"https:\/\/decofoodshop.nl\/de\/produkt\/gefalschte-amerikanische-kekse\/","og_site_name":"Decofoodshop","article_modified_time":"2026-04-17T11:53:33+00:00","og_image":[{"width":1500,"height":1500,"url":"https:\/\/decofoodshop.nl\/wp-content\/uploads\/2024\/03\/Namaak-American-Cookies.jpg","type":"image\/jpeg"}],"twitter_card":"summary_large_image","twitter_misc":{"Gesch\u00e4tzte Lesezeit":"1\u00a0Minute"},"schema":{"@context":"https:\/\/schema.org","@graph":[{"@type":"WebPage","@id":"https:\/\/decofoodshop.nl\/product\/namaak-american-cookies\/","url":"https:\/\/decofoodshop.nl\/product\/namaak-american-cookies\/","name":"Gef\u00e4lschte amerikanische Kekse - Decofoodshop","isPartOf":{"@id":"https:\/\/decofoodshop.nl\/#website"},"primaryImageOfPage":{"@id":"https:\/\/decofoodshop.nl\/product\/namaak-american-cookies\/#primaryimage"},"image":{"@id":"https:\/\/decofoodshop.nl\/product\/namaak-american-cookies\/#primaryimage"},"thumbnailUrl":"https:\/\/decofoodshop.nl\/wp-content\/uploads\/2024\/03\/Namaak-American-Cookies.jpg","datePublished":"2024-03-17T22:17:41+00:00","dateModified":"2026-04-17T11:53:33+00:00","description":"Gef\u00e4lschte amerikanische Kekse, verpackt im 4er-Set. Lebensecht, gro\u00df und schwer. Bestellen Sie gef\u00e4lschte Kekse und gef\u00e4lschtes Geb\u00e4ck bei Decofoodshop.nl","breadcrumb":{"@id":"https:\/\/decofoodshop.nl\/product\/namaak-american-cookies\/#breadcrumb"},"inLanguage":"de","potentialAction":[{"@type":"ReadAction","target":["https:\/\/decofoodshop.nl\/product\/namaak-american-cookies\/"]}]},{"@type":"ImageObject","inLanguage":"de","@id":"https:\/\/decofoodshop.nl\/product\/namaak-american-cookies\/#primaryimage","url":"https:\/\/decofoodshop.nl\/wp-content\/uploads\/2024\/03\/Namaak-American-Cookies.jpg","contentUrl":"https:\/\/decofoodshop.nl\/wp-content\/uploads\/2024\/03\/Namaak-American-Cookies.jpg","width":1500,"height":1500,"caption":"Namaak American Cookies van Decofoodshop.nl"},{"@type":"BreadcrumbList","@id":"https:\/\/decofoodshop.nl\/product\/namaak-american-cookies\/#breadcrumb","itemListElement":[{"@type":"ListItem","position":1,"name":"Home","item":"https:\/\/decofoodshop.nl\/"},{"@type":"ListItem","position":2,"name":"Winkel","item":"https:\/\/decofoodshop.nl\/winkel\/"},{"@type":"ListItem","position":3,"name":"Namaak American Cookies"}]},{"@type":"WebSite","@id":"https:\/\/decofoodshop.nl\/#website","url":"https:\/\/decofoodshop.nl\/","name":"Dekofoodshop","description":"","potentialAction":[{"@type":"SearchAction","target":{"@type":"EntryPoint","urlTemplate":"https:\/\/decofoodshop.nl\/?s={search_term_string}"},"query-input":{"@type":"PropertyValueSpecification","valueRequired":true,"valueName":"search_term_string"}}],"inLanguage":"de"}]}},"_links":{"self":[{"href":"https:\/\/decofoodshop.nl\/de\/wp-json\/wp\/v2\/product\/9873","targetHints":{"allow":["GET"]}}],"collection":[{"href":"https:\/\/decofoodshop.nl\/de\/wp-json\/wp\/v2\/product"}],"about":[{"href":"https:\/\/decofoodshop.nl\/de\/wp-json\/wp\/v2\/types\/product"}],"wp:featuredmedia":[{"embeddable":true,"href":"https:\/\/decofoodshop.nl\/de\/wp-json\/wp\/v2\/media\/9874"}],"wp:attachment":[{"href":"https:\/\/decofoodshop.nl\/de\/wp-json\/wp\/v2\/media?parent=9873"}],"wp:term":[{"taxonomy":"product_brand","embeddable":true,"href":"https:\/\/decofoodshop.nl\/de\/wp-json\/wp\/v2\/product_brand?post=9873"},{"taxonomy":"product_cat","embeddable":true,"href":"https:\/\/decofoodshop.nl\/de\/wp-json\/wp\/v2\/product_cat?post=9873"},{"taxonomy":"product_tag","embeddable":true,"href":"https:\/\/decofoodshop.nl\/de\/wp-json\/wp\/v2\/product_tag?post=9873"}],"curies":[{"name":"wp","href":"https:\/\/api.w.org\/{rel}","templated":true}]}}