{"id":9879,"date":"2024-03-17T23:15:43","date_gmt":"2024-03-17T22:15:43","guid":{"rendered":"https:\/\/decofoodshop.nl\/?post_type=product&#038;p=9879"},"modified":"2026-03-20T22:17:38","modified_gmt":"2026-03-20T21:17:38","slug":"gefalschte-schmetterlingskekse","status":"publish","type":"product","link":"https:\/\/decofoodshop.nl\/de\/product\/namaak-vlinderkoekjes\/","title":{"rendered":"Nachgemachte Schmetterlingskekse"},"content":{"rendered":"<p>Set aus vier imitierten Schmetterlingskeksen<\/p>\n<p>Lebensechte, gef\u00e4lschte Schmetterlingskekse.<\/p>\n<p>Leichen aus echtem Bl\u00e4tterteig.<\/p>\n<p>Mit nat\u00fcrlicher Schmetterlingsform.<\/p>\n<p>Goldbraune Farbe.<\/p>\n<p>Robust und schwer.<\/p>\n<p>Absolut lebensechte gef\u00e4lschte Keks-Requisiten.<\/p>\n<p>Weitere lebensechte k\u00fcnstliche Lebensmittel finden Sie unter <a href=\"https:\/\/decofoodshop.nl\/de\/produktkategorie-2\/gefalschter-fisch-und-fleisch\/\"><span style=\"color: #008000;\"><strong>gef\u00e4lschtes Fleisch und gef\u00e4lschter Fisch<\/strong><\/span><\/a>.<\/p>","protected":false},"excerpt":{"rendered":"<p>Set aus vier gef\u00e4lschten Schmetterlingskeksen. Lebensechte gef\u00e4lschte Schmetterlingskekse. Leichen aus echtem Bl\u00e4tterteig. Mit nat\u00fcrlicher Schmetterlingsform. Goldbraune Farbe. Robust und schwer. Absolut lebensechte gef\u00e4lschte Keks-Requisiten. F\u00fcr andere lebensechte k\u00fcnstliche Lebensmittel werfen Sie einen Blick auf Fleisch- und Fischimitate.<\/p>","protected":false},"featured_media":9880,"template":"","meta":{"_acf_changed":false,"_genesis_hide_title":false,"_genesis_hide_breadcrumbs":false,"_genesis_hide_singular_image":false,"_genesis_hide_footer_widgets":false,"_genesis_custom_body_class":"","_genesis_custom_post_class":"","_genesis_layout":""},"product_brand":[],"product_cat":[46],"product_tag":[],"class_list":{"0":"post-9879","1":"product","2":"type-product","3":"status-publish","4":"has-post-thumbnail","6":"product_cat-broodengebak","7":"entry","8":"wpx-has-gallery","10":"first","11":"instock","12":"taxable","13":"shipping-taxable","14":"purchasable","15":"product-type-simple"},"acf":[],"yoast_head":"<!-- This site is optimized with the Yoast SEO Premium plugin v27.3 (Yoast SEO v27.3) - https:\/\/yoast.com\/product\/yoast-seo-premium-wordpress\/ -->\n<title>Namaak Vlinderkoekjes - Decofoodshop<\/title>\n<meta name=\"description\" content=\"Namaak Vlinderkoekjes en meer nepkoekjes en nepgebak bestellen bij Decofoodshop.nl De aanbieder van namaakvoedsel en voedselprops. Alles direct bezorgd.\" \/>\n<meta name=\"robots\" content=\"index, follow, max-snippet:-1, max-image-preview:large, max-video-preview:-1\" \/>\n<link rel=\"canonical\" href=\"https:\/\/decofoodshop.nl\/de\/produkt\/gefalschte-schmetterlingskekse\/\" \/>\n<meta property=\"og:locale\" content=\"de_DE\" \/>\n<meta property=\"og:type\" content=\"article\" \/>\n<meta property=\"og:title\" content=\"Namaak Vlinderkoekjes\" \/>\n<meta property=\"og:description\" content=\"Namaak Vlinderkoekjes en meer nepkoekjes en nepgebak bestellen bij Decofoodshop.nl De aanbieder van namaakvoedsel en voedselprops. Alles direct bezorgd.\" \/>\n<meta property=\"og:url\" content=\"https:\/\/decofoodshop.nl\/de\/produkt\/gefalschte-schmetterlingskekse\/\" \/>\n<meta property=\"og:site_name\" content=\"Decofoodshop\" \/>\n<meta property=\"article:modified_time\" content=\"2026-03-20T21:17:38+00:00\" \/>\n<meta property=\"og:image\" content=\"https:\/\/decofoodshop.nl\/wp-content\/uploads\/2024\/03\/Namaak-Vlinderkoekjes-_02.jpg\" \/>\n\t<meta property=\"og:image:width\" content=\"1500\" \/>\n\t<meta property=\"og:image:height\" content=\"1500\" \/>\n\t<meta property=\"og:image:type\" content=\"image\/jpeg\" \/>\n<meta name=\"twitter:card\" content=\"summary_large_image\" \/>\n<meta name=\"twitter:label1\" content=\"Gesch\u00e4tzte Lesezeit\" \/>\n\t<meta name=\"twitter:data1\" content=\"1\u00a0Minute\" \/>\n<script type=\"application\/ld+json\" class=\"yoast-schema-graph\">{\"@context\":\"https:\\\/\\\/schema.org\",\"@graph\":[{\"@type\":\"WebPage\",\"@id\":\"https:\\\/\\\/decofoodshop.nl\\\/product\\\/namaak-vlinderkoekjes\\\/\",\"url\":\"https:\\\/\\\/decofoodshop.nl\\\/product\\\/namaak-vlinderkoekjes\\\/\",\"name\":\"Namaak Vlinderkoekjes - Decofoodshop\",\"isPartOf\":{\"@id\":\"https:\\\/\\\/decofoodshop.nl\\\/#website\"},\"primaryImageOfPage\":{\"@id\":\"https:\\\/\\\/decofoodshop.nl\\\/product\\\/namaak-vlinderkoekjes\\\/#primaryimage\"},\"image\":{\"@id\":\"https:\\\/\\\/decofoodshop.nl\\\/product\\\/namaak-vlinderkoekjes\\\/#primaryimage\"},\"thumbnailUrl\":\"https:\\\/\\\/decofoodshop.nl\\\/wp-content\\\/uploads\\\/2024\\\/03\\\/Namaak-Vlinderkoekjes-_02.jpg\",\"datePublished\":\"2024-03-17T22:15:43+00:00\",\"dateModified\":\"2026-03-20T21:17:38+00:00\",\"description\":\"Namaak Vlinderkoekjes en meer nepkoekjes en nepgebak bestellen bij Decofoodshop.nl De aanbieder van namaakvoedsel en voedselprops. Alles direct bezorgd.\",\"breadcrumb\":{\"@id\":\"https:\\\/\\\/decofoodshop.nl\\\/product\\\/namaak-vlinderkoekjes\\\/#breadcrumb\"},\"inLanguage\":\"de\",\"potentialAction\":[{\"@type\":\"ReadAction\",\"target\":[\"https:\\\/\\\/decofoodshop.nl\\\/product\\\/namaak-vlinderkoekjes\\\/\"]}]},{\"@type\":\"ImageObject\",\"inLanguage\":\"de\",\"@id\":\"https:\\\/\\\/decofoodshop.nl\\\/product\\\/namaak-vlinderkoekjes\\\/#primaryimage\",\"url\":\"https:\\\/\\\/decofoodshop.nl\\\/wp-content\\\/uploads\\\/2024\\\/03\\\/Namaak-Vlinderkoekjes-_02.jpg\",\"contentUrl\":\"https:\\\/\\\/decofoodshop.nl\\\/wp-content\\\/uploads\\\/2024\\\/03\\\/Namaak-Vlinderkoekjes-_02.jpg\",\"width\":1500,\"height\":1500,\"caption\":\"Namaak Vlinderkoekjes van Decofoodshop.nl\"},{\"@type\":\"BreadcrumbList\",\"@id\":\"https:\\\/\\\/decofoodshop.nl\\\/product\\\/namaak-vlinderkoekjes\\\/#breadcrumb\",\"itemListElement\":[{\"@type\":\"ListItem\",\"position\":1,\"name\":\"Home\",\"item\":\"https:\\\/\\\/decofoodshop.nl\\\/\"},{\"@type\":\"ListItem\",\"position\":2,\"name\":\"Winkel\",\"item\":\"https:\\\/\\\/decofoodshop.nl\\\/winkel\\\/\"},{\"@type\":\"ListItem\",\"position\":3,\"name\":\"Namaak Vlinderkoekjes\"}]},{\"@type\":\"WebSite\",\"@id\":\"https:\\\/\\\/decofoodshop.nl\\\/#website\",\"url\":\"https:\\\/\\\/decofoodshop.nl\\\/\",\"name\":\"Decofoodshop\",\"description\":\"\",\"potentialAction\":[{\"@type\":\"SearchAction\",\"target\":{\"@type\":\"EntryPoint\",\"urlTemplate\":\"https:\\\/\\\/decofoodshop.nl\\\/?s={search_term_string}\"},\"query-input\":{\"@type\":\"PropertyValueSpecification\",\"valueRequired\":true,\"valueName\":\"search_term_string\"}}],\"inLanguage\":\"de\"}]}<\/script>\n<!-- \/ Yoast SEO Premium plugin. -->","yoast_head_json":{"title":"Nachgemachte Schmetterlingskekse - Decofoodshop","description":"Bestellen Sie gef\u00e4lschte Schmetterlingskekse und weitere gef\u00e4lschte Kekse und gef\u00e4lschtes Geb\u00e4ck bei Decofoodshop.nl, dem Anbieter von gef\u00e4lschten Lebensmitteln und Lebensmittel-Requisiten. Alles sofort geliefert.","robots":{"index":"index","follow":"follow","max-snippet":"max-snippet:-1","max-image-preview":"max-image-preview:large","max-video-preview":"max-video-preview:-1"},"canonical":"https:\/\/decofoodshop.nl\/de\/produkt\/gefalschte-schmetterlingskekse\/","og_locale":"de_DE","og_type":"article","og_title":"Namaak Vlinderkoekjes","og_description":"Namaak Vlinderkoekjes en meer nepkoekjes en nepgebak bestellen bij Decofoodshop.nl De aanbieder van namaakvoedsel en voedselprops. Alles direct bezorgd.","og_url":"https:\/\/decofoodshop.nl\/de\/produkt\/gefalschte-schmetterlingskekse\/","og_site_name":"Decofoodshop","article_modified_time":"2026-03-20T21:17:38+00:00","og_image":[{"width":1500,"height":1500,"url":"https:\/\/decofoodshop.nl\/wp-content\/uploads\/2024\/03\/Namaak-Vlinderkoekjes-_02.jpg","type":"image\/jpeg"}],"twitter_card":"summary_large_image","twitter_misc":{"Gesch\u00e4tzte Lesezeit":"1\u00a0Minute"},"schema":{"@context":"https:\/\/schema.org","@graph":[{"@type":"WebPage","@id":"https:\/\/decofoodshop.nl\/product\/namaak-vlinderkoekjes\/","url":"https:\/\/decofoodshop.nl\/product\/namaak-vlinderkoekjes\/","name":"Nachgemachte Schmetterlingskekse - Decofoodshop","isPartOf":{"@id":"https:\/\/decofoodshop.nl\/#website"},"primaryImageOfPage":{"@id":"https:\/\/decofoodshop.nl\/product\/namaak-vlinderkoekjes\/#primaryimage"},"image":{"@id":"https:\/\/decofoodshop.nl\/product\/namaak-vlinderkoekjes\/#primaryimage"},"thumbnailUrl":"https:\/\/decofoodshop.nl\/wp-content\/uploads\/2024\/03\/Namaak-Vlinderkoekjes-_02.jpg","datePublished":"2024-03-17T22:15:43+00:00","dateModified":"2026-03-20T21:17:38+00:00","description":"Bestellen Sie gef\u00e4lschte Schmetterlingskekse und weitere gef\u00e4lschte Kekse und gef\u00e4lschtes Geb\u00e4ck bei Decofoodshop.nl, dem Anbieter von gef\u00e4lschten Lebensmitteln und Lebensmittel-Requisiten. Alles sofort geliefert.","breadcrumb":{"@id":"https:\/\/decofoodshop.nl\/product\/namaak-vlinderkoekjes\/#breadcrumb"},"inLanguage":"de","potentialAction":[{"@type":"ReadAction","target":["https:\/\/decofoodshop.nl\/product\/namaak-vlinderkoekjes\/"]}]},{"@type":"ImageObject","inLanguage":"de","@id":"https:\/\/decofoodshop.nl\/product\/namaak-vlinderkoekjes\/#primaryimage","url":"https:\/\/decofoodshop.nl\/wp-content\/uploads\/2024\/03\/Namaak-Vlinderkoekjes-_02.jpg","contentUrl":"https:\/\/decofoodshop.nl\/wp-content\/uploads\/2024\/03\/Namaak-Vlinderkoekjes-_02.jpg","width":1500,"height":1500,"caption":"Namaak Vlinderkoekjes van Decofoodshop.nl"},{"@type":"BreadcrumbList","@id":"https:\/\/decofoodshop.nl\/product\/namaak-vlinderkoekjes\/#breadcrumb","itemListElement":[{"@type":"ListItem","position":1,"name":"Home","item":"https:\/\/decofoodshop.nl\/"},{"@type":"ListItem","position":2,"name":"Winkel","item":"https:\/\/decofoodshop.nl\/winkel\/"},{"@type":"ListItem","position":3,"name":"Namaak Vlinderkoekjes"}]},{"@type":"WebSite","@id":"https:\/\/decofoodshop.nl\/#website","url":"https:\/\/decofoodshop.nl\/","name":"Dekofoodshop","description":"","potentialAction":[{"@type":"SearchAction","target":{"@type":"EntryPoint","urlTemplate":"https:\/\/decofoodshop.nl\/?s={search_term_string}"},"query-input":{"@type":"PropertyValueSpecification","valueRequired":true,"valueName":"search_term_string"}}],"inLanguage":"de"}]}},"_links":{"self":[{"href":"https:\/\/decofoodshop.nl\/de\/wp-json\/wp\/v2\/product\/9879","targetHints":{"allow":["GET"]}}],"collection":[{"href":"https:\/\/decofoodshop.nl\/de\/wp-json\/wp\/v2\/product"}],"about":[{"href":"https:\/\/decofoodshop.nl\/de\/wp-json\/wp\/v2\/types\/product"}],"wp:featuredmedia":[{"embeddable":true,"href":"https:\/\/decofoodshop.nl\/de\/wp-json\/wp\/v2\/media\/9880"}],"wp:attachment":[{"href":"https:\/\/decofoodshop.nl\/de\/wp-json\/wp\/v2\/media?parent=9879"}],"wp:term":[{"taxonomy":"product_brand","embeddable":true,"href":"https:\/\/decofoodshop.nl\/de\/wp-json\/wp\/v2\/product_brand?post=9879"},{"taxonomy":"product_cat","embeddable":true,"href":"https:\/\/decofoodshop.nl\/de\/wp-json\/wp\/v2\/product_cat?post=9879"},{"taxonomy":"product_tag","embeddable":true,"href":"https:\/\/decofoodshop.nl\/de\/wp-json\/wp\/v2\/product_tag?post=9879"}],"curies":[{"name":"wp","href":"https:\/\/api.w.org\/{rel}","templated":true}]}}