{"id":9889,"date":"2024-03-18T22:56:03","date_gmt":"2024-03-18T21:56:03","guid":{"rendered":"https:\/\/decofoodshop.nl\/?post_type=product&#038;p=9889"},"modified":"2026-03-02T11:59:06","modified_gmt":"2026-03-02T10:59:06","slug":"gefalschter-tursteher","status":"publish","type":"product","link":"https:\/\/decofoodshop.nl\/de\/product\/namaak-uitsmijter\/","title":{"rendered":"Gef\u00e4lschter T\u00fcrsteher"},"content":{"rendered":"<p>Lebensechter gro\u00dfer Fake-T\u00fcrsteher.<\/p>\n<p>Sehr dekorativer und robuster Fake-T\u00fcrsteher.<\/p>\n<p>Schweres Gewicht und gute Qualit\u00e4t.<\/p>\n<p>Ausgestattet mit k\u00fcnstlichem Schinken und k\u00fcnstlichem Spiegelei.<\/p>\n<p>Mit Mayonnaise und Kr\u00e4utern bestreut.<\/p>\n<p>Dieser H\u00fcpferimitat l\u00e4sst sich auch gut mit unseren k\u00fcnstlichen Salatbl\u00e4ttern und anderem Kunstgem\u00fcse kombinieren.<\/p>\n<p>F\u00fcr weitere sch\u00f6ne k\u00fcnstliche Lebensmittel schauen Sie bei uns vorbei\u201c<a href=\"https:\/\/decofoodshop.nl\/de\/produktkategorie-2\/kunstliche-fruchte\/\"><span style=\"color: #008000;\"><strong>k\u00fcnstliche Fr\u00fcchte<\/strong><\/span><\/a>&#8220;.<\/p>","protected":false},"excerpt":{"rendered":"<p>Lebensechter gro\u00dfer Fake-T\u00fcrsteher. Sehr dekorativer und robuster Fake-T\u00fcrsteher. Schweres Gewicht und gute Qualit\u00e4t. Ausgestattet mit k\u00fcnstlichem Schinken und k\u00fcnstlichem Spiegelei. Mit Mayonnaise und Kr\u00e4utern bestreut. Dieser H\u00fcpferimitat l\u00e4sst sich auch gut mit unseren k\u00fcnstlichen Salatbl\u00e4ttern und anderem Kunstgem\u00fcse kombinieren. Weitere sch\u00f6ne k\u00fcnstliche Lebensmittel finden Sie unter \u201eK\u00fcnstliche Fr\u00fcchte\u201c.<\/p>","protected":false},"featured_media":9893,"template":"","meta":{"_acf_changed":false,"_genesis_hide_title":false,"_genesis_hide_breadcrumbs":false,"_genesis_hide_singular_image":false,"_genesis_hide_footer_widgets":false,"_genesis_custom_body_class":"","_genesis_custom_post_class":"","_genesis_layout":""},"product_brand":[],"product_cat":[46,51],"product_tag":[],"class_list":{"0":"post-9889","1":"product","2":"type-product","3":"status-publish","4":"has-post-thumbnail","6":"product_cat-broodengebak","7":"product_cat-overige","8":"entry","9":"wpx-has-gallery","11":"first","12":"instock","13":"taxable","14":"shipping-taxable","15":"purchasable","16":"product-type-simple"},"acf":[],"yoast_head":"<!-- This site is optimized with the Yoast SEO Premium plugin v27.3 (Yoast SEO v27.3) - https:\/\/yoast.com\/product\/yoast-seo-premium-wordpress\/ -->\n<title>Namaak Uitsmijter - Decofoodshop<\/title>\n<meta name=\"description\" content=\"Namaak Uitsmijter en meer namaakvoeding van hoge kwaliteit bestellen bij Decofoodshop.nl De aanbieder van nepvoedsel en voor professionals.\" \/>\n<meta name=\"robots\" content=\"index, follow, max-snippet:-1, max-image-preview:large, max-video-preview:-1\" \/>\n<link rel=\"canonical\" href=\"https:\/\/decofoodshop.nl\/de\/produkt\/gefalschter-tursteher\/\" \/>\n<meta property=\"og:locale\" content=\"de_DE\" \/>\n<meta property=\"og:type\" content=\"article\" \/>\n<meta property=\"og:title\" content=\"Namaak Uitsmijter\" \/>\n<meta property=\"og:description\" content=\"Namaak Uitsmijter en meer namaakvoeding van hoge kwaliteit bestellen bij Decofoodshop.nl De aanbieder van nepvoedsel en voor professionals.\" \/>\n<meta property=\"og:url\" content=\"https:\/\/decofoodshop.nl\/de\/produkt\/gefalschter-tursteher\/\" \/>\n<meta property=\"og:site_name\" content=\"Decofoodshop\" \/>\n<meta property=\"article:modified_time\" content=\"2026-03-02T10:59:06+00:00\" \/>\n<meta property=\"og:image\" content=\"https:\/\/decofoodshop.nl\/wp-content\/uploads\/2024\/03\/Namaak-Uitsmijter-zij-aanzicht.jpg\" \/>\n\t<meta property=\"og:image:width\" content=\"1499\" \/>\n\t<meta property=\"og:image:height\" content=\"1500\" \/>\n\t<meta property=\"og:image:type\" content=\"image\/jpeg\" \/>\n<meta name=\"twitter:card\" content=\"summary_large_image\" \/>\n<meta name=\"twitter:label1\" content=\"Gesch\u00e4tzte Lesezeit\" \/>\n\t<meta name=\"twitter:data1\" content=\"1\u00a0Minute\" \/>\n<script type=\"application\/ld+json\" class=\"yoast-schema-graph\">{\"@context\":\"https:\\\/\\\/schema.org\",\"@graph\":[{\"@type\":\"WebPage\",\"@id\":\"https:\\\/\\\/decofoodshop.nl\\\/product\\\/namaak-uitsmijter\\\/\",\"url\":\"https:\\\/\\\/decofoodshop.nl\\\/product\\\/namaak-uitsmijter\\\/\",\"name\":\"Namaak Uitsmijter - Decofoodshop\",\"isPartOf\":{\"@id\":\"https:\\\/\\\/decofoodshop.nl\\\/#website\"},\"primaryImageOfPage\":{\"@id\":\"https:\\\/\\\/decofoodshop.nl\\\/product\\\/namaak-uitsmijter\\\/#primaryimage\"},\"image\":{\"@id\":\"https:\\\/\\\/decofoodshop.nl\\\/product\\\/namaak-uitsmijter\\\/#primaryimage\"},\"thumbnailUrl\":\"https:\\\/\\\/decofoodshop.nl\\\/wp-content\\\/uploads\\\/2024\\\/03\\\/Namaak-Uitsmijter-zij-aanzicht.jpg\",\"datePublished\":\"2024-03-18T21:56:03+00:00\",\"dateModified\":\"2026-03-02T10:59:06+00:00\",\"description\":\"Namaak Uitsmijter en meer namaakvoeding van hoge kwaliteit bestellen bij Decofoodshop.nl De aanbieder van nepvoedsel en voor professionals.\",\"breadcrumb\":{\"@id\":\"https:\\\/\\\/decofoodshop.nl\\\/product\\\/namaak-uitsmijter\\\/#breadcrumb\"},\"inLanguage\":\"de\",\"potentialAction\":[{\"@type\":\"ReadAction\",\"target\":[\"https:\\\/\\\/decofoodshop.nl\\\/product\\\/namaak-uitsmijter\\\/\"]}]},{\"@type\":\"ImageObject\",\"inLanguage\":\"de\",\"@id\":\"https:\\\/\\\/decofoodshop.nl\\\/product\\\/namaak-uitsmijter\\\/#primaryimage\",\"url\":\"https:\\\/\\\/decofoodshop.nl\\\/wp-content\\\/uploads\\\/2024\\\/03\\\/Namaak-Uitsmijter-zij-aanzicht.jpg\",\"contentUrl\":\"https:\\\/\\\/decofoodshop.nl\\\/wp-content\\\/uploads\\\/2024\\\/03\\\/Namaak-Uitsmijter-zij-aanzicht.jpg\",\"width\":1499,\"height\":1500,\"caption\":\"Namaak Uitsmijter van Decofoodshop.nl\"},{\"@type\":\"BreadcrumbList\",\"@id\":\"https:\\\/\\\/decofoodshop.nl\\\/product\\\/namaak-uitsmijter\\\/#breadcrumb\",\"itemListElement\":[{\"@type\":\"ListItem\",\"position\":1,\"name\":\"Home\",\"item\":\"https:\\\/\\\/decofoodshop.nl\\\/\"},{\"@type\":\"ListItem\",\"position\":2,\"name\":\"Winkel\",\"item\":\"https:\\\/\\\/decofoodshop.nl\\\/winkel\\\/\"},{\"@type\":\"ListItem\",\"position\":3,\"name\":\"Namaak Uitsmijter\"}]},{\"@type\":\"WebSite\",\"@id\":\"https:\\\/\\\/decofoodshop.nl\\\/#website\",\"url\":\"https:\\\/\\\/decofoodshop.nl\\\/\",\"name\":\"Decofoodshop\",\"description\":\"\",\"potentialAction\":[{\"@type\":\"SearchAction\",\"target\":{\"@type\":\"EntryPoint\",\"urlTemplate\":\"https:\\\/\\\/decofoodshop.nl\\\/?s={search_term_string}\"},\"query-input\":{\"@type\":\"PropertyValueSpecification\",\"valueRequired\":true,\"valueName\":\"search_term_string\"}}],\"inLanguage\":\"de\"}]}<\/script>\n<!-- \/ Yoast SEO Premium plugin. -->","yoast_head_json":{"title":"Fake-T\u00fcrsteher - Decofoodshop","description":"Bestellen Sie gef\u00e4lschte H\u00fcpfburgen und weitere hochwertige gef\u00e4lschte Lebensmittel bei Decofoodshop.nl, dem Anbieter von gef\u00e4lschten Lebensmitteln und f\u00fcr Profis.","robots":{"index":"index","follow":"follow","max-snippet":"max-snippet:-1","max-image-preview":"max-image-preview:large","max-video-preview":"max-video-preview:-1"},"canonical":"https:\/\/decofoodshop.nl\/de\/produkt\/gefalschter-tursteher\/","og_locale":"de_DE","og_type":"article","og_title":"Namaak Uitsmijter","og_description":"Namaak Uitsmijter en meer namaakvoeding van hoge kwaliteit bestellen bij Decofoodshop.nl De aanbieder van nepvoedsel en voor professionals.","og_url":"https:\/\/decofoodshop.nl\/de\/produkt\/gefalschter-tursteher\/","og_site_name":"Decofoodshop","article_modified_time":"2026-03-02T10:59:06+00:00","og_image":[{"width":1499,"height":1500,"url":"https:\/\/decofoodshop.nl\/wp-content\/uploads\/2024\/03\/Namaak-Uitsmijter-zij-aanzicht.jpg","type":"image\/jpeg"}],"twitter_card":"summary_large_image","twitter_misc":{"Gesch\u00e4tzte Lesezeit":"1\u00a0Minute"},"schema":{"@context":"https:\/\/schema.org","@graph":[{"@type":"WebPage","@id":"https:\/\/decofoodshop.nl\/product\/namaak-uitsmijter\/","url":"https:\/\/decofoodshop.nl\/product\/namaak-uitsmijter\/","name":"Fake-T\u00fcrsteher - Decofoodshop","isPartOf":{"@id":"https:\/\/decofoodshop.nl\/#website"},"primaryImageOfPage":{"@id":"https:\/\/decofoodshop.nl\/product\/namaak-uitsmijter\/#primaryimage"},"image":{"@id":"https:\/\/decofoodshop.nl\/product\/namaak-uitsmijter\/#primaryimage"},"thumbnailUrl":"https:\/\/decofoodshop.nl\/wp-content\/uploads\/2024\/03\/Namaak-Uitsmijter-zij-aanzicht.jpg","datePublished":"2024-03-18T21:56:03+00:00","dateModified":"2026-03-02T10:59:06+00:00","description":"Bestellen Sie gef\u00e4lschte H\u00fcpfburgen und weitere hochwertige gef\u00e4lschte Lebensmittel bei Decofoodshop.nl, dem Anbieter von gef\u00e4lschten Lebensmitteln und f\u00fcr Profis.","breadcrumb":{"@id":"https:\/\/decofoodshop.nl\/product\/namaak-uitsmijter\/#breadcrumb"},"inLanguage":"de","potentialAction":[{"@type":"ReadAction","target":["https:\/\/decofoodshop.nl\/product\/namaak-uitsmijter\/"]}]},{"@type":"ImageObject","inLanguage":"de","@id":"https:\/\/decofoodshop.nl\/product\/namaak-uitsmijter\/#primaryimage","url":"https:\/\/decofoodshop.nl\/wp-content\/uploads\/2024\/03\/Namaak-Uitsmijter-zij-aanzicht.jpg","contentUrl":"https:\/\/decofoodshop.nl\/wp-content\/uploads\/2024\/03\/Namaak-Uitsmijter-zij-aanzicht.jpg","width":1499,"height":1500,"caption":"Namaak Uitsmijter van Decofoodshop.nl"},{"@type":"BreadcrumbList","@id":"https:\/\/decofoodshop.nl\/product\/namaak-uitsmijter\/#breadcrumb","itemListElement":[{"@type":"ListItem","position":1,"name":"Home","item":"https:\/\/decofoodshop.nl\/"},{"@type":"ListItem","position":2,"name":"Winkel","item":"https:\/\/decofoodshop.nl\/winkel\/"},{"@type":"ListItem","position":3,"name":"Namaak Uitsmijter"}]},{"@type":"WebSite","@id":"https:\/\/decofoodshop.nl\/#website","url":"https:\/\/decofoodshop.nl\/","name":"Dekofoodshop","description":"","potentialAction":[{"@type":"SearchAction","target":{"@type":"EntryPoint","urlTemplate":"https:\/\/decofoodshop.nl\/?s={search_term_string}"},"query-input":{"@type":"PropertyValueSpecification","valueRequired":true,"valueName":"search_term_string"}}],"inLanguage":"de"}]}},"_links":{"self":[{"href":"https:\/\/decofoodshop.nl\/de\/wp-json\/wp\/v2\/product\/9889","targetHints":{"allow":["GET"]}}],"collection":[{"href":"https:\/\/decofoodshop.nl\/de\/wp-json\/wp\/v2\/product"}],"about":[{"href":"https:\/\/decofoodshop.nl\/de\/wp-json\/wp\/v2\/types\/product"}],"wp:featuredmedia":[{"embeddable":true,"href":"https:\/\/decofoodshop.nl\/de\/wp-json\/wp\/v2\/media\/9893"}],"wp:attachment":[{"href":"https:\/\/decofoodshop.nl\/de\/wp-json\/wp\/v2\/media?parent=9889"}],"wp:term":[{"taxonomy":"product_brand","embeddable":true,"href":"https:\/\/decofoodshop.nl\/de\/wp-json\/wp\/v2\/product_brand?post=9889"},{"taxonomy":"product_cat","embeddable":true,"href":"https:\/\/decofoodshop.nl\/de\/wp-json\/wp\/v2\/product_cat?post=9889"},{"taxonomy":"product_tag","embeddable":true,"href":"https:\/\/decofoodshop.nl\/de\/wp-json\/wp\/v2\/product_tag?post=9889"}],"curies":[{"name":"wp","href":"https:\/\/api.w.org\/{rel}","templated":true}]}}