{"id":2809,"date":"2020-03-17T11:50:58","date_gmt":"2020-03-17T11:50:58","guid":{"rendered":"https:\/\/decofoodshop.nl\/?page_id=2809"},"modified":"2020-10-27T10:06:17","modified_gmt":"2020-10-27T10:06:17","slug":"general-questions","status":"publish","type":"page","link":"https:\/\/decofoodshop.nl\/en\/algemene-vragen\/","title":{"rendered":"General questions"},"content":{"rendered":"<h3><span style=\"color: #008000;\"><strong>Packing:<\/strong><\/span><\/h3>\n<p><em><span style=\"color: #008000;\"><strong>How are the products delivered?<\/strong><\/span><\/em><\/p>\n<p>All our products are well packaged and delivered to you by one of our regular suppliers.<\/p>\n<p>Decofood materials are packaged individually or in multiples in cardboard boxes.<\/p>\n<p>In addition, they are provided with filling material such as paper, cushion foil or extra cardboard.<\/p>\n<p>We can send multiple boxes for large orders or products.<\/p>\n<p>&nbsp;<\/p>\n<h3><span style=\"color: #008000;\"><strong>Products:<\/strong><\/span><\/h3>\n<p><em><span style=\"color: #008000;\"><strong>Are Decofood products suitable for children?<\/strong><\/span><\/em><\/p>\n<p>All Decofood products are intended for decoration. The counterfeit food products smell, look and feel very real. They are therefore explicit <span style=\"color: #008000;\"><strong>not suitable as a children&#039;s toy<\/strong><\/span>. We recommend that you always keep the decoration food out of the reach of children. These decofood products contain small parts that resemble real food.<\/p>\n<p>Decofoodshop accepts no liability if our products are used in a way other than for decoration. See also article 12 paragraph 2 of our General Terms and Conditions.<\/p>\n<p>&nbsp;<\/p>\n<p><span style=\"color: #008000;\"><em><strong>How real do Decofood products seem?<\/strong><\/em><\/span><\/p>\n<p>In addition to a very wide range of imitation food, Decofoodshop also distinguishes itself by the very good quality of our products. All products are counterfeit on the model of real food products.<\/p>\n<p>Both the size and the color are very true to life and in most cases hardly distinguishable from the real thing.<\/p>\n<p>The weight and surface of our Decofood products also approach those of real food products as far as possible. We call the natural surface and feel of the products: \u201c<span style=\"color: #008000;\"><strong>natural touch<\/strong><\/span>\u201d. This is also displayed with the relevant products.<\/p>\n<p>&nbsp;<\/p>\n<p><span style=\"color: #008000;\"><em><strong>What material are the Decofood products made of?<\/strong><\/em><\/span><\/p>\n<p>The composition of the fake food is very diverse. The following materials are used, among others: plastic, metal, Styrofoam\/Tempex (= polystyrene), mortar, lime, paper, textile, sisal, coconut, glue, dyes, sand, seeds, quartz and rubber.<\/p>\n<p>&nbsp;<\/p>\n<p><em><span style=\"color: #008000;\"><strong>Can Decofood products be used outdoors?<\/strong><\/span><\/em><\/p>\n<p>Decofood products are not specially developed for outdoor applications. A large part of the range is very sturdy and has a high-quality finish. However, the lifespan for outdoor use can differ per product.<\/p>\n<p>As a rule, we recommend using the products temporarily outside, but not permanently.<\/p>\n<p>We cannot guarantee the quality and lifespan for outdoor use.<\/p>\n<p>&nbsp;<\/p>\n<h3><span style=\"color: #008000;\"><strong>Prices and discounts:<\/strong><\/span><\/h3>\n<p>Decofoodshop shows the price with and without VAT for all products.<\/p>\n<p>&nbsp;<\/p>\n<p><span style=\"color: #008000;\"><em><strong>When do I get a discount?<\/strong><\/em><\/span><\/p>\n<p>Discounts are automatically calculated in the Decofoodshop webshop.<\/p>\n<p>All standard discounts are listed next to the relevant product.<\/p>\n<p>You can also find special promotions on our homepage or via the newsletter.<\/p>\n<p>&nbsp;<\/p>\n<p><em><span style=\"color: #008000;\"><strong>Businesses<\/strong>:<\/span><\/em><\/p>\n<p>For companies within the EU it is possible to transfer VAT in some cases.<\/p>\n<p>You do this by stating your company details and VAT identification number at checkout.<\/p>\n<p>Decofoodshop checks this information immediately.<\/p>\n<p>You will immediately receive your order confirmation and later also an invoice by e-mail.<\/p>\n<p>&nbsp;<\/p>\n<h3><span style=\"color: #008000;\"><strong>Guarantee:<\/strong><\/span><\/h3>\n<p><span style=\"color: #008000;\"><em><strong>Am I entitled to warranty?<\/strong><\/em><\/span><\/p>\n<p>Yes, like any consumer, you are entitled to a guarantee.<\/p>\n<p>You will find all warranty conditions unambiguously and clearly in our general terms and conditions.<\/p>\n<p>In addition, we guarantee a correct handling of complaints.<\/p>\n<p>&nbsp;<\/p>\n<h3><span style=\"color: #008000;\"><strong>Quotations:<\/strong><\/span><\/h3>\n<p><span style=\"color: #008000;\"><em><strong>Can I receive a quote?<\/strong><\/em><\/span><\/p>\n<p>It can be useful for companies to first receive an overview of the expected costs.<\/p>\n<p>We will prepare a quote for this free of charge and without obligations. You will receive this from us by email.<\/p>\n<p>You can always ask questions via the contact form or an email to info@decofoodshop.nl<\/p>\n<p>&nbsp;<\/p>\n<h3><span style=\"color: #008000;\"><strong>Visit:<\/strong><\/span><\/h3>\n<p><span style=\"color: #008000;\"><em><strong>Is it possible to view the products?<\/strong><\/em><\/span><\/p>\n<p>Unfortunately, Decofoodshoop does not have a physical store. We do receive business customers in our warehouse by appointment to assess products and discuss orders.<\/p>\n<p>If you represent a company and would like to make an appointment for a visit, please send an email to <a href=\"mailto:info@decofoodshop.com\">info@decofoodshop.com<\/a><\/p>\n<p>&nbsp;<\/p>\n<p>&nbsp;<\/p>\n<p>&nbsp;<\/p>\n<p>&nbsp;<\/p>","protected":false},"excerpt":{"rendered":"<p>Verpakking: Hoe worden de producten bezorgd? Al onze producten worden goed verpakt bij u bezorgd door \u00e9\u00e9n van onze vaste leveranciers. Decofood materialen worden per \u00e9\u00e9n of met meerdere stuks samen verpakt in kartonnen dozen. Daarbij worden ze voorzien van vulmateriaal zoals papier, kussenfolie of extra karton. Bij grote bestellingen of producten kunnen we meerdere [&hellip;]<\/p>\n","protected":false},"author":2,"featured_media":0,"parent":0,"menu_order":0,"comment_status":"closed","ping_status":"closed","template":"","meta":{"_acf_changed":false,"_genesis_hide_title":false,"_genesis_hide_breadcrumbs":false,"_genesis_hide_singular_image":false,"_genesis_hide_footer_widgets":false,"_genesis_custom_body_class":"","_genesis_custom_post_class":"","_genesis_layout":"","footnotes":""},"class_list":{"0":"post-2809","1":"page","2":"type-page","3":"status-publish","5":"entry"},"acf":[],"yoast_head":"<!-- This site is optimized with the Yoast SEO Premium plugin v27.3 (Yoast SEO v27.3) - https:\/\/yoast.com\/product\/yoast-seo-premium-wordpress\/ -->\n<title>Algemene Vragen - Decofoodshop<\/title>\n<meta name=\"robots\" content=\"index, follow, max-snippet:-1, max-image-preview:large, max-video-preview:-1\" \/>\n<link rel=\"canonical\" href=\"https:\/\/decofoodshop.nl\/en\/general-questions\/\" \/>\n<meta property=\"og:locale\" content=\"en_GB\" \/>\n<meta property=\"og:type\" content=\"article\" \/>\n<meta property=\"og:title\" content=\"Algemene Vragen\" \/>\n<meta property=\"og:description\" content=\"Verpakking: Hoe worden de producten bezorgd? Al onze producten worden goed verpakt bij u bezorgd door \u00e9\u00e9n van onze vaste leveranciers. Decofood materialen worden per \u00e9\u00e9n of met meerdere stuks samen verpakt in kartonnen dozen. Daarbij worden ze voorzien van vulmateriaal zoals papier, kussenfolie of extra karton. Bij grote bestellingen of producten kunnen we meerdere [&hellip;]\" \/>\n<meta property=\"og:url\" content=\"https:\/\/decofoodshop.nl\/en\/general-questions\/\" \/>\n<meta property=\"og:site_name\" content=\"Decofoodshop\" \/>\n<meta property=\"article:modified_time\" content=\"2020-10-27T10:06:17+00:00\" \/>\n<meta name=\"twitter:card\" content=\"summary_large_image\" \/>\n<meta name=\"twitter:label1\" content=\"Estimated reading time\" \/>\n\t<meta name=\"twitter:data1\" content=\"3 minutes\" \/>\n<script type=\"application\/ld+json\" class=\"yoast-schema-graph\">{\"@context\":\"https:\\\/\\\/schema.org\",\"@graph\":[{\"@type\":\"WebPage\",\"@id\":\"https:\\\/\\\/decofoodshop.nl\\\/algemene-vragen\\\/\",\"url\":\"https:\\\/\\\/decofoodshop.nl\\\/algemene-vragen\\\/\",\"name\":\"Algemene Vragen - Decofoodshop\",\"isPartOf\":{\"@id\":\"https:\\\/\\\/decofoodshop.nl\\\/#website\"},\"datePublished\":\"2020-03-17T11:50:58+00:00\",\"dateModified\":\"2020-10-27T10:06:17+00:00\",\"breadcrumb\":{\"@id\":\"https:\\\/\\\/decofoodshop.nl\\\/algemene-vragen\\\/#breadcrumb\"},\"inLanguage\":\"en-GB\",\"potentialAction\":[{\"@type\":\"ReadAction\",\"target\":[\"https:\\\/\\\/decofoodshop.nl\\\/algemene-vragen\\\/\"]}]},{\"@type\":\"BreadcrumbList\",\"@id\":\"https:\\\/\\\/decofoodshop.nl\\\/algemene-vragen\\\/#breadcrumb\",\"itemListElement\":[{\"@type\":\"ListItem\",\"position\":1,\"name\":\"Home\",\"item\":\"https:\\\/\\\/decofoodshop.nl\\\/\"},{\"@type\":\"ListItem\",\"position\":2,\"name\":\"Algemene Vragen\"}]},{\"@type\":\"WebSite\",\"@id\":\"https:\\\/\\\/decofoodshop.nl\\\/#website\",\"url\":\"https:\\\/\\\/decofoodshop.nl\\\/\",\"name\":\"Decofoodshop\",\"description\":\"\",\"potentialAction\":[{\"@type\":\"SearchAction\",\"target\":{\"@type\":\"EntryPoint\",\"urlTemplate\":\"https:\\\/\\\/decofoodshop.nl\\\/?s={search_term_string}\"},\"query-input\":{\"@type\":\"PropertyValueSpecification\",\"valueRequired\":true,\"valueName\":\"search_term_string\"}}],\"inLanguage\":\"en-GB\"}]}<\/script>\n<!-- \/ Yoast SEO Premium plugin. -->","yoast_head_json":{"title":"General Questions - Decofoodshop","robots":{"index":"index","follow":"follow","max-snippet":"max-snippet:-1","max-image-preview":"max-image-preview:large","max-video-preview":"max-video-preview:-1"},"canonical":"https:\/\/decofoodshop.nl\/en\/general-questions\/","og_locale":"en_GB","og_type":"article","og_title":"Algemene Vragen","og_description":"Verpakking: Hoe worden de producten bezorgd? Al onze producten worden goed verpakt bij u bezorgd door \u00e9\u00e9n van onze vaste leveranciers. Decofood materialen worden per \u00e9\u00e9n of met meerdere stuks samen verpakt in kartonnen dozen. Daarbij worden ze voorzien van vulmateriaal zoals papier, kussenfolie of extra karton. Bij grote bestellingen of producten kunnen we meerdere [&hellip;]","og_url":"https:\/\/decofoodshop.nl\/en\/general-questions\/","og_site_name":"Decofoodshop","article_modified_time":"2020-10-27T10:06:17+00:00","twitter_card":"summary_large_image","twitter_misc":{"Estimated reading time":"3 minutes"},"schema":{"@context":"https:\/\/schema.org","@graph":[{"@type":"WebPage","@id":"https:\/\/decofoodshop.nl\/algemene-vragen\/","url":"https:\/\/decofoodshop.nl\/algemene-vragen\/","name":"General Questions - Decofoodshop","isPartOf":{"@id":"https:\/\/decofoodshop.nl\/#website"},"datePublished":"2020-03-17T11:50:58+00:00","dateModified":"2020-10-27T10:06:17+00:00","breadcrumb":{"@id":"https:\/\/decofoodshop.nl\/algemene-vragen\/#breadcrumb"},"inLanguage":"en-GB","potentialAction":[{"@type":"ReadAction","target":["https:\/\/decofoodshop.nl\/algemene-vragen\/"]}]},{"@type":"BreadcrumbList","@id":"https:\/\/decofoodshop.nl\/algemene-vragen\/#breadcrumb","itemListElement":[{"@type":"ListItem","position":1,"name":"Home","item":"https:\/\/decofoodshop.nl\/"},{"@type":"ListItem","position":2,"name":"Algemene Vragen"}]},{"@type":"WebSite","@id":"https:\/\/decofoodshop.nl\/#website","url":"https:\/\/decofoodshop.nl\/","name":"Decofoodshop","description":"","potentialAction":[{"@type":"SearchAction","target":{"@type":"EntryPoint","urlTemplate":"https:\/\/decofoodshop.nl\/?s={search_term_string}"},"query-input":{"@type":"PropertyValueSpecification","valueRequired":true,"valueName":"search_term_string"}}],"inLanguage":"en-GB"}]}},"_links":{"self":[{"href":"https:\/\/decofoodshop.nl\/en\/wp-json\/wp\/v2\/pages\/2809","targetHints":{"allow":["GET"]}}],"collection":[{"href":"https:\/\/decofoodshop.nl\/en\/wp-json\/wp\/v2\/pages"}],"about":[{"href":"https:\/\/decofoodshop.nl\/en\/wp-json\/wp\/v2\/types\/page"}],"author":[{"embeddable":true,"href":"https:\/\/decofoodshop.nl\/en\/wp-json\/wp\/v2\/users\/2"}],"replies":[{"embeddable":true,"href":"https:\/\/decofoodshop.nl\/en\/wp-json\/wp\/v2\/comments?post=2809"}],"version-history":[{"count":0,"href":"https:\/\/decofoodshop.nl\/en\/wp-json\/wp\/v2\/pages\/2809\/revisions"}],"wp:attachment":[{"href":"https:\/\/decofoodshop.nl\/en\/wp-json\/wp\/v2\/media?parent=2809"}],"curies":[{"name":"wp","href":"https:\/\/api.w.org\/{rel}","templated":true}]}}