{"id":5184,"date":"2021-12-03T11:41:35","date_gmt":"2021-12-03T10:41:35","guid":{"rendered":"https:\/\/decofoodshop.nl\/datenschutzrichtlinie-decofoodshop\/"},"modified":"2021-12-03T11:41:35","modified_gmt":"2021-12-03T10:41:35","slug":"datenschutzrichtlinie-decofoodshop","status":"publish","type":"page","link":"https:\/\/decofoodshop.nl\/en\/datenschutzrichtlinie-decofoodshop\/","title":{"rendered":"Datenschutzrichtlinie Decofoodshop"},"content":{"rendered":"<p><span style=\"font-weight: 400;\">Diese Seite wurde zaletzt<\/span><span style=\"font-weight: 400;\">am 3-4-2021 updated. <\/span> <\/p>\n<p><span style=\"font-weight: 400;\">Es ist uns conscious, dass Sie Ihr Vertrauen in uns setzen. Wir sehen es daher als unsere Verantwortung an, Ihre Privatsph\u00e4re zu sch\u00fctzen. Auf dieser Seite erfahren Sie, welche Daten wir sammeln, wenn Sie unsere Website nutzen, warum wir sie sammeln und wie wir sie pamperen, um Ihre Nutzererfahrung zu versessern. Dann k\u00f6nnen Sie genau verstehen, wie wir arbeiten. <\/span><\/p>\n<p><span style=\"font-weight: 400;\">Diese Datenschutzrichtlinie gilt f\u00fcr die Dienste von <\/span>. <span style=\"color: #008000;\"><i><span style=\"font-weight: 400;\">Decofoodshop<\/span><\/i>.<br \/>\n <\/span><span style=\"font-weight: 400;\"><span style=\"color: #008000;\">.<\/span> <\/span> <\/p>\n<h3><span style=\"font-weight: 400; color: #008000;\">Von wem wir personenbezogene Daten verarbeiten:<\/span><\/h3>\n<p><span style=\"font-weight: 400;\">\u2013 Website-Besucher \u2013 Unsere Kunden und Gesch\u00e4ftspartner \u2013 Persons, deren Daten wir aufgrund eines Vertrags verarbeiten \u2013 Contact persons von Lieferanten, Kunden und Dritten, mit denen wir sisterammenarbeiten \u2013 Persons, die mit Fragen oder aus Interesse an ours. <\/span><\/p>\n<h3><span style=\"font-weight: 400; color: #008000;\">Empf\u00e4nger Ihrer personsbezogenen Dating:<\/span><\/h3>\n<p><span style=\"font-weight: 400;\">\u2013 Unsere Lieferanten, soweit dies zur Lieferung der von Ihnen orderllten Waren notern ist <\/span><\/p>\n<p><span style=\"font-weight: 400;\">\u2013 Dritte, wenn dies notern ist und wenn es sich aus einem Vertrag, einer Erlaubnis oder einem Gesetz ergibt, wie z. B. ein Paketzustelldienst. <\/span><\/p>\n<h3><span style=\"font-weight: 400; color: #008000;\">Von wem wir personenbezogene Daten erhalten:<\/span><\/h3>\n<p><span style=\"font-weight: 400;\">Personenbezogene Daten erhalten wir von Ihnen vor allem dann, wenn Sie eine Bestelung aufgeben und Ihre Daten in das Bestellformular eintragen. Wenn Sie diese Informationen nicht zur Verf\u00fcgungstellen, k\u00f6nnen wir Ihre Orderlung nicht bearbeiten und an Sie liefern. Es ist auch m\u00f6glich, dass ein Kunde\/Lieferant\/Dritter Ihre personenbezogenen Daten zur Verf\u00fcgung stellt, z. <\/span><\/p>\n<h3><span style=\"font-weight: 400; color: #008000;\">Zwecke und Verarbeitung der personenbezogenen Daten:<\/span><\/h3>\n<ol>\n<li>Wenn Sie mit uns in Kontakt treten, eine Orderlung aufgeben oder Ihr Konto \u00e4ndern, were Ihr Vor- <span style=\"font-size: 16px;\">und Nachname, Ihr Firmenname, Ihre Adresse, Ihre E-Mail-Adresse, Ihre Telefonnummer und Ihre IP-Adresse verarbeitet, um Ihre Orderlung oder Frage zu bearbeiten.<\/span><\/li>\n<li>Wenn Sie eine Kontaktperson einer Organization sind, zijn Ihr Vor- und Nachname, Ihre Telefonnummer und Ihre E-Mail-Adresse pampered, damit wir mit Ihnen Kontakt aufnehmen und den Vertrag ausf\u00fchren k\u00f6nnen.<\/li>\n<li>Wenn Sie unseren Newsletter abonnieren, verarbeiten wir Ihren Namen und Ihre E-Mail-Adresse, um den Newsletter zu personalisieren und ihn per E-Mail zuzusenden. You can abbestellen the Newsletter jederzeit. Wie man das macht, erfahren Sie am Ende des Newsletters.<\/li>\n<li>Wenn Sie ein Konto f\u00fcr unseren Webshop anlegen, verarbeiten wir neben den unter Punkt 1 und\/oder 2 genannten Daten auch Ihren Benutzernamen und das von Ihnen festgelegte Passwort. We were treated vertraulich diese Angaben.<\/li>\n<li>Mit Hilfe von Cookies, Google Analytics oder Google Ads und \u00c4hnlichem k\u00f6nnen wir verfolgen, wie Besucher unsere Website nutzen. So k\u00f6nnen wir unsere Website und unsere Dienstleistungen bessern und besser auf die Bed\u00fcrfnisse unserer Kunden und Besucher eingehen. Zu diesem Zweck verarbeiten wir Daten \u00fcber die von Ihnen besuchten Seiten, Ihr Klick- und Surfverhalten und die Dauer Ihres Besuchs.<\/li>\n<li><span style=\"font-weight: 400;\">Um ein optimals Funktionieren unserer Website zu gew\u00e4hrleisten, protokolliert der Webserver <\/span>Ihre IP-Adresse, das Betriebssystem und den von Ihnen spoiledeten Browser, wenn Login-Fehler oder Fehlermeldungen bei der Nutzung des Webshops auftreten. Dadurch wird die Website optimiert und Fehler were behoben und vermieden.<\/li>\n<li>Wir sind in den sozialen Medien aktiv. Wenn Sie uns \u00fcber die sozialen Medien kontaktieren, k\u00f6nnen wir Ihren Namen, Ihre E-Mail-Adresse oder Ihre soziale ID verarbeiten, damit wir Sie kontaktieren und Ihre Frage beantworten k\u00f6nnen.<\/li>\n<li>Zu Verwaltungs- und Abrechnungszwecken k\u00f6nnen wir die Daten von Kontaktpersonen und m\u00f6glicherweise die Adressdaten einer Kontaktperson verarbeiten.<\/li>\n<li>Wir verarbeiten Zahlungsdaten, damit wir Ihre Zahlungen in unserer Verwaltung abwickeln k\u00f6nnen.<\/li>\n<li>Ihre Daten k\u00f6nnen f\u00fcr Werbe- und Marketingzwecke pampered und gegebenenfalls an Dritte weitergeben.<\/li>\n<li>Es zijn nicht mehr personenbezogene Daten erhoben, als f\u00fcr die genannten Zwecke erforderlich ist. Wenn die Daten nicht f\u00fcr diese Zwecke aufbewahrt zijn, k\u00f6nnen wir sie dennoch f\u00fcr Archivzwecke oder im Zugerechtlicher Angelegenheiten und Verj\u00e4hrungsfristen aufbewahren.<\/li>\n<\/ol>\n<h3><span style=\"font-weight: 400; color: #008000;\">Aufbewahrung von Daten: <\/span><\/h3>\n<p><span style=\"font-weight: 400;\">Decofoodshop speichert personenbezogene Daten f\u00fcr die Dauer der Dienstleistung oder solange, wie es f\u00fcrother Zwecke erforderlich ist. Personenbezogene Daten k\u00f6nnen nach Beendigung des Vertrags aufgrund steuerlicher Aufbewahrungsfristen (Verwaltung 7 Jahre), gesetzlichen Verj\u00e4hrungsfristen (Anmeldung von Anspr\u00fcchen innerhalb einer bestimmten Frist) oder weil Sie ein Konto bei uns haben und in Zukunft Orders aufgeben, <\/span><\/p>\n<h3><span style=\"font-weight: 400; color: #008000;\">Dritte: <\/span><\/h3>\n<p><span style=\"font-weight: 400;\">Ihre personenbezogenen Daten were ohne Ihre Einwilligung weer an Dritte vermietet nor vermietet, es sei denn, dies ist zur Vertragserf\u00fcllung notern, wie zB die Weitergabe Ihrer Adressdaten an den Paketzusteller. In einigen F\u00e4llen could die Informationen be weitergeben internally. Unsere Mitarbeiter sind verpflichtet, die Vertraulichkeit Ihrer Daten zu wahren. <\/span><\/p>\n<p><span style=\"font-weight: 400;\">Zur Abwicklung des Zahlungsverkehrs zwischen unseren Kunden und Decofoodshop arbeiten wir mit Zahlungsdienstleistern sisterammen, die einen gro\u00dfen Teil unserer Zahlungen abwickeln, unter andersem mit Mollie.com. We propose dieser Partei nur die Daten zur Verf\u00fcgung, die f\u00fcr die Ausf\u00fchrung des Vertrags und die administrative Abwicklung Ihrer Zahlung erforderlich sind. Dar\u00fcber hinaus arbeiten wir bei der Abwicklung der Korrespondenz mit unseren Kunden mit Postmarkzusammen. <\/span><\/p>\n<h3><span style=\"font-weight: 400; color: #008000;\">Security: <\/span><\/h3>\n<p><span style=\"font-weight: 400;\">Decofoodshop ergreift ausreichende technical und organizational Ma\u00dfnahmen, um personenbezogene Daten gegen Verlust oder jede Form der unrechtm\u00e4\u00dfigen Verarbeitung zu sch\u00fctzen. Diese Ma\u00dfnahmen gew\u00e4hrleisten unter Ber\u00fccksichtigung des Stands der Technik und der Kosten ihrer Durchf\u00fchrung ein Sicherheitlevel, das den von der Verarbeitung ausgehenden spezifischen Risiken und der Art der zu sch\u00fctzenden Daten angemessen ist. Die Ma\u00dfnahmen sind zudem darauf ausgerichtet, unn\u00f6tige Erhebung und Weiterverarbeitung personenbezogener Daten zu verververn. <\/span><\/p>\n<h3><span style=\"font-weight: 400; color: #008000;\">Ihre Straight: <\/span><\/h3>\n<p><span style=\"font-weight: 400;\">Sie k\u00f6nnen auf Anfrage Einsicht in die personenbezogenen Daten nehmen und deren L\u00f6schung, \u00c4nderung, Vernichtung oder Einschr\u00e4nkung longing. Sie k\u00f6nnen auch Ihre Zustimmung zur Weitergabe Ihrer Daten an Dritte widerrufen. Wir zijn Ihrem Ersuchen so schnell wie m\u00f6glich nachkommen, sp\u00e4testens jedoch innerhalb von 30 Tagen. <\/span><\/p>\n<p><span style=\"font-weight: 400;\">Sie k\u00f6nnen der Verwendung Ihrer personenbezogenen Daten widersprechen, wenn diese f\u00fcr andere als die vereinbarten oder in dieser Erkl\u00e4rung genannten Zwecke pampered. Sie haben auch das Recht, eine Beschwerde bei uns oder bei der Beh\u00f6rde f\u00fcr personenbezogene Daten eizureichen. <\/span><\/p>\n<p><span style=\"font-weight: 400;\">Sie k\u00f6nnen Ihre Anfrage oder Beschwerde an unser B\u00fcro zu H\u00e4nden der Gesch\u00e4ftsleitung unter info@ decofoodshop.nl senden. <\/span><\/p>\n<h3><span style=\"font-weight: 400; color: #008000;\">Changes:<\/span><\/h3>\n<p><span style=\"font-weight: 400;\">Unsere Datenschutzrichtlinie kann sich \u00e4ndern, wenn neue Entwicklungen Anlass dazu geben. Die aktuellsten Richtlinien sind immer auf unserer Website zu finden. <\/span><\/p>\n<h3><span style=\"font-weight: 400; color: #008000;\">Questions and Feedback: <\/span><\/h3>\n<p><span style=\"font-weight: 400;\">Wir \u00fcberpr\u00fcfen regular, ob wir diese Datenschutzrichtlinie einhalten. Wenn Sie Fragen zu dieser Datenschutzrichtlinie haben, to turn Sie sich bitte an uns: <\/span><\/p>\n<ul>\n<li><i><span style=\"font-weight: 400;\">Decofoodshop Koningshoek 14<\/span><\/i><\/li>\n<li><i><span style=\"font-weight: 400;\"> 5094CD Low Mierde<\/span><\/i><\/li>\n<li>Netherlands<\/li>\n<li><i><span style=\"font-weight: 400;\"> info@decofoodshop.com<\/span><\/i><\/li>\n<\/ul>","protected":false},"excerpt":{"rendered":"<p>Diese Seite wurde zuletztam 3-4-2021 aktualisiert. Es ist uns bewusst, dass Sie Ihr Vertrauen in uns setzen. Wir sehen es daher als unsere Verantwortung an, Ihre Privatsph\u00e4re zu sch\u00fctzen. Auf dieser Seite erfahren Sie, welche Daten wir sammeln, wenn Sie unsere Website nutzen, warum wir sie sammeln und wie wir sie verwenden, um Ihre Nutzererfahrung [&hellip;]<\/p>\n","protected":false},"author":2,"featured_media":0,"parent":0,"menu_order":0,"comment_status":"closed","ping_status":"closed","template":"","meta":{"_acf_changed":false,"_genesis_hide_title":false,"_genesis_hide_breadcrumbs":false,"_genesis_hide_singular_image":false,"_genesis_hide_footer_widgets":false,"_genesis_custom_body_class":"","_genesis_custom_post_class":"","_genesis_layout":"","footnotes":""},"class_list":{"0":"post-5184","1":"page","2":"type-page","3":"status-publish","5":"entry"},"acf":[],"yoast_head":"<!-- This site is optimized with the Yoast SEO Premium plugin v27.3 (Yoast SEO v27.4) - https:\/\/yoast.com\/product\/yoast-seo-premium-wordpress\/ -->\n<title>Datenschutzrichtlinie Decofoodshop - Decofoodshop<\/title>\n<meta name=\"robots\" content=\"index, follow, max-snippet:-1, max-image-preview:large, max-video-preview:-1\" \/>\n<link rel=\"canonical\" href=\"https:\/\/www.decofoodshop.de\/datenschutzrichtlinie-decofoodshop\/\" \/>\n<meta property=\"og:locale\" content=\"en_GB\" \/>\n<meta property=\"og:type\" content=\"article\" \/>\n<meta property=\"og:title\" content=\"Datenschutzrichtlinie Decofoodshop\" \/>\n<meta property=\"og:description\" content=\"Diese Seite wurde zuletztam 3-4-2021 aktualisiert. Es ist uns bewusst, dass Sie Ihr Vertrauen in uns setzen. Wir sehen es daher als unsere Verantwortung an, Ihre Privatsph\u00e4re zu sch\u00fctzen. Auf dieser Seite erfahren Sie, welche Daten wir sammeln, wenn Sie unsere Website nutzen, warum wir sie sammeln und wie wir sie verwenden, um Ihre Nutzererfahrung [&hellip;]\" \/>\n<meta property=\"og:url\" content=\"https:\/\/www.decofoodshop.de\/datenschutzrichtlinie-decofoodshop\/\" \/>\n<meta property=\"og:site_name\" content=\"Decofoodshop\" \/>\n<meta name=\"twitter:card\" content=\"summary_large_image\" \/>\n<meta name=\"twitter:label1\" content=\"Estimated reading time\" \/>\n\t<meta name=\"twitter:data1\" content=\"5 minutes\" \/>\n<script type=\"application\/ld+json\" class=\"yoast-schema-graph\">{\"@context\":\"https:\\\/\\\/schema.org\",\"@graph\":[{\"@type\":\"WebPage\",\"@id\":\"https:\\\/\\\/www.decofoodshop.de\\\/datenschutzrichtlinie-decofoodshop\\\/\",\"url\":\"https:\\\/\\\/www.decofoodshop.de\\\/datenschutzrichtlinie-decofoodshop\\\/\",\"name\":\"Datenschutzrichtlinie Decofoodshop - Decofoodshop\",\"isPartOf\":{\"@id\":\"https:\\\/\\\/decofoodshop.nl\\\/#website\"},\"datePublished\":\"2021-12-03T10:41:35+00:00\",\"breadcrumb\":{\"@id\":\"https:\\\/\\\/www.decofoodshop.de\\\/datenschutzrichtlinie-decofoodshop\\\/#breadcrumb\"},\"inLanguage\":\"en-GB\",\"potentialAction\":[{\"@type\":\"ReadAction\",\"target\":[\"https:\\\/\\\/www.decofoodshop.de\\\/datenschutzrichtlinie-decofoodshop\\\/\"]}]},{\"@type\":\"BreadcrumbList\",\"@id\":\"https:\\\/\\\/www.decofoodshop.de\\\/datenschutzrichtlinie-decofoodshop\\\/#breadcrumb\",\"itemListElement\":[{\"@type\":\"ListItem\",\"position\":1,\"name\":\"Home\",\"item\":\"https:\\\/\\\/decofoodshop.nl\\\/\"},{\"@type\":\"ListItem\",\"position\":2,\"name\":\"Datenschutzrichtlinie Decofoodshop\"}]},{\"@type\":\"WebSite\",\"@id\":\"https:\\\/\\\/decofoodshop.nl\\\/#website\",\"url\":\"https:\\\/\\\/decofoodshop.nl\\\/\",\"name\":\"Decofoodshop\",\"description\":\"\",\"potentialAction\":[{\"@type\":\"SearchAction\",\"target\":{\"@type\":\"EntryPoint\",\"urlTemplate\":\"https:\\\/\\\/decofoodshop.nl\\\/?s={search_term_string}\"},\"query-input\":{\"@type\":\"PropertyValueSpecification\",\"valueRequired\":true,\"valueName\":\"search_term_string\"}}],\"inLanguage\":\"en-GB\"}]}<\/script>\n<!-- \/ Yoast SEO Premium plugin. -->","yoast_head_json":{"title":"Datenschutzrichtlinie Decofoodshop - Decofoodshop","robots":{"index":"index","follow":"follow","max-snippet":"max-snippet:-1","max-image-preview":"max-image-preview:large","max-video-preview":"max-video-preview:-1"},"canonical":"https:\/\/www.decofoodshop.de\/datenschutzrichtlinie-decofoodshop\/","og_locale":"en_GB","og_type":"article","og_title":"Datenschutzrichtlinie Decofoodshop","og_description":"Diese Seite wurde zuletztam 3-4-2021 aktualisiert. Es ist uns bewusst, dass Sie Ihr Vertrauen in uns setzen. Wir sehen es daher als unsere Verantwortung an, Ihre Privatsph\u00e4re zu sch\u00fctzen. Auf dieser Seite erfahren Sie, welche Daten wir sammeln, wenn Sie unsere Website nutzen, warum wir sie sammeln und wie wir sie verwenden, um Ihre Nutzererfahrung [&hellip;]","og_url":"https:\/\/www.decofoodshop.de\/datenschutzrichtlinie-decofoodshop\/","og_site_name":"Decofoodshop","twitter_card":"summary_large_image","twitter_misc":{"Estimated reading time":"5 minutes"},"schema":{"@context":"https:\/\/schema.org","@graph":[{"@type":"WebPage","@id":"https:\/\/www.decofoodshop.de\/datenschutzrichtlinie-decofoodshop\/","url":"https:\/\/www.decofoodshop.de\/datenschutzrichtlinie-decofoodshop\/","name":"Datenschutzrichtlinie Decofoodshop - Decofoodshop","isPartOf":{"@id":"https:\/\/decofoodshop.nl\/#website"},"datePublished":"2021-12-03T10:41:35+00:00","breadcrumb":{"@id":"https:\/\/www.decofoodshop.de\/datenschutzrichtlinie-decofoodshop\/#breadcrumb"},"inLanguage":"en-GB","potentialAction":[{"@type":"ReadAction","target":["https:\/\/www.decofoodshop.de\/datenschutzrichtlinie-decofoodshop\/"]}]},{"@type":"BreadcrumbList","@id":"https:\/\/www.decofoodshop.de\/datenschutzrichtlinie-decofoodshop\/#breadcrumb","itemListElement":[{"@type":"ListItem","position":1,"name":"Home","item":"https:\/\/decofoodshop.nl\/"},{"@type":"ListItem","position":2,"name":"Datenschutzrichtlinie Decofoodshop"}]},{"@type":"WebSite","@id":"https:\/\/decofoodshop.nl\/#website","url":"https:\/\/decofoodshop.nl\/","name":"Decofoodshop","description":"","potentialAction":[{"@type":"SearchAction","target":{"@type":"EntryPoint","urlTemplate":"https:\/\/decofoodshop.nl\/?s={search_term_string}"},"query-input":{"@type":"PropertyValueSpecification","valueRequired":true,"valueName":"search_term_string"}}],"inLanguage":"en-GB"}]}},"_links":{"self":[{"href":"https:\/\/decofoodshop.nl\/en\/wp-json\/wp\/v2\/pages\/5184","targetHints":{"allow":["GET"]}}],"collection":[{"href":"https:\/\/decofoodshop.nl\/en\/wp-json\/wp\/v2\/pages"}],"about":[{"href":"https:\/\/decofoodshop.nl\/en\/wp-json\/wp\/v2\/types\/page"}],"author":[{"embeddable":true,"href":"https:\/\/decofoodshop.nl\/en\/wp-json\/wp\/v2\/users\/2"}],"replies":[{"embeddable":true,"href":"https:\/\/decofoodshop.nl\/en\/wp-json\/wp\/v2\/comments?post=5184"}],"version-history":[{"count":0,"href":"https:\/\/decofoodshop.nl\/en\/wp-json\/wp\/v2\/pages\/5184\/revisions"}],"wp:attachment":[{"href":"https:\/\/decofoodshop.nl\/en\/wp-json\/wp\/v2\/media?parent=5184"}],"curies":[{"name":"wp","href":"https:\/\/api.w.org\/{rel}","templated":true}]}}