{"id":10061,"date":"2024-04-10T20:25:31","date_gmt":"2024-04-10T18:25:31","guid":{"rendered":"https:\/\/decofoodshop.nl\/?post_type=product&#038;p=10061"},"modified":"2026-03-02T11:58:19","modified_gmt":"2026-03-02T10:58:19","slug":"fake-sushi-cups-set","status":"publish","type":"product","link":"https:\/\/decofoodshop.nl\/en\/product\/nep-sushi-cups-set\/","title":{"rendered":"Fake Sushi Cups Set"},"content":{"rendered":"<p>Very decorative Fake Sushi Cups Set of four pieces.<\/p>\n<p>These fake sushi cups are just like the real thing.<\/p>\n<p>All four cups consist of small black bowls.<\/p>\n<p>The fake sushi bowls contain white fake rice in true size.<\/p>\n<p>A piece of fake fish is placed on each piece of fake rice.<\/p>\n<p>One bowl with fake salmon, one with fake tuna, one with fake whitefish and one with fake fish eggs.<\/p>\n<p>All four bowls are finished with a lively topping.<\/p>\n<p>Extremely decorative and just like real.<\/p>\n<p>The Fake Sushi Cups Set is also particularly sturdy.<\/p>\n<p>Very suitable as decoration for restaurants, food trucks, advertising and shop windows.<\/p>\n<p>For more decorative food, also look at the category with \u201c<a href=\"https:\/\/decofoodshop.nl\/en\/product-category\/other\/\"><span style=\"color: #008000;\"><strong>other<\/strong><\/span><\/a>&#8220;.<\/p>","protected":false},"excerpt":{"rendered":"<p>Bijzonder decoratieve Nep Sushi Cups Set van vier stuks. Deze nepsushi cupjes zijn net echt. Alle vier de cups bestaan uit kleine zwarte schaaltjes. In de namaak sushi schaaltjes zit witte namaak rijst op waar formaat. Op de neprijst is telkens een stukje nepvis aangebracht. \u00c9en schaaltje met nepzalm, \u00e9\u00e9n met neptonijn, \u00e9\u00e9n met nepwitvis [&hellip;]<\/p>\n","protected":false},"featured_media":10064,"template":"","meta":{"_acf_changed":false,"_genesis_hide_title":false,"_genesis_hide_breadcrumbs":false,"_genesis_hide_singular_image":false,"_genesis_hide_footer_widgets":false,"_genesis_custom_body_class":"","_genesis_custom_post_class":"","_genesis_layout":""},"product_brand":[],"product_cat":[50,51],"product_tag":[],"class_list":{"0":"post-10061","1":"product","2":"type-product","3":"status-publish","4":"has-post-thumbnail","6":"product_cat-namaak-vis-en-vlees","7":"product_cat-overige","8":"entry","9":"wpx-has-gallery","11":"first","12":"instock","13":"taxable","14":"shipping-taxable","15":"purchasable","16":"product-type-simple"},"acf":[],"yoast_head":"<!-- This site is optimized with the Yoast SEO Premium plugin v27.3 (Yoast SEO v27.3) - https:\/\/yoast.com\/product\/yoast-seo-premium-wordpress\/ -->\n<title>Nep Sushi Cups Set - Decofoodshop<\/title>\n<meta name=\"description\" content=\"Nep Sushi Cups Set en meer namaak sushi bestellen bij Decofoodshop.nl Diverse soorten zeer fraaie kwaliteit kunst sushi props en namaak vis direct bezorgd.\" \/>\n<meta name=\"robots\" content=\"index, follow, max-snippet:-1, max-image-preview:large, max-video-preview:-1\" \/>\n<link rel=\"canonical\" href=\"https:\/\/decofoodshop.nl\/en\/product\/fake-sushi-cups-set\/\" \/>\n<meta property=\"og:locale\" content=\"en_GB\" \/>\n<meta property=\"og:type\" content=\"article\" \/>\n<meta property=\"og:title\" content=\"Nep Sushi Cups Set\" \/>\n<meta property=\"og:description\" content=\"Nep Sushi Cups Set en meer namaak sushi bestellen bij Decofoodshop.nl Diverse soorten zeer fraaie kwaliteit kunst sushi props en namaak vis direct bezorgd.\" \/>\n<meta property=\"og:url\" content=\"https:\/\/decofoodshop.nl\/en\/product\/fake-sushi-cups-set\/\" \/>\n<meta property=\"og:site_name\" content=\"Decofoodshop\" \/>\n<meta property=\"article:modified_time\" content=\"2026-03-02T10:58:19+00:00\" \/>\n<meta property=\"og:image\" content=\"https:\/\/decofoodshop.nl\/wp-content\/uploads\/2024\/04\/Sushi-Cups-set.jpg\" \/>\n\t<meta property=\"og:image:width\" content=\"1500\" \/>\n\t<meta property=\"og:image:height\" content=\"1500\" \/>\n\t<meta property=\"og:image:type\" content=\"image\/jpeg\" \/>\n<meta name=\"twitter:card\" content=\"summary_large_image\" \/>\n<meta name=\"twitter:label1\" content=\"Estimated reading time\" \/>\n\t<meta name=\"twitter:data1\" content=\"1 minute\" \/>\n<script type=\"application\/ld+json\" class=\"yoast-schema-graph\">{\"@context\":\"https:\\\/\\\/schema.org\",\"@graph\":[{\"@type\":\"WebPage\",\"@id\":\"https:\\\/\\\/decofoodshop.nl\\\/product\\\/nep-sushi-cups-set\\\/\",\"url\":\"https:\\\/\\\/decofoodshop.nl\\\/product\\\/nep-sushi-cups-set\\\/\",\"name\":\"Nep Sushi Cups Set - Decofoodshop\",\"isPartOf\":{\"@id\":\"https:\\\/\\\/decofoodshop.nl\\\/#website\"},\"primaryImageOfPage\":{\"@id\":\"https:\\\/\\\/decofoodshop.nl\\\/product\\\/nep-sushi-cups-set\\\/#primaryimage\"},\"image\":{\"@id\":\"https:\\\/\\\/decofoodshop.nl\\\/product\\\/nep-sushi-cups-set\\\/#primaryimage\"},\"thumbnailUrl\":\"https:\\\/\\\/decofoodshop.nl\\\/wp-content\\\/uploads\\\/2024\\\/04\\\/Sushi-Cups-set.jpg\",\"datePublished\":\"2024-04-10T18:25:31+00:00\",\"dateModified\":\"2026-03-02T10:58:19+00:00\",\"description\":\"Nep Sushi Cups Set en meer namaak sushi bestellen bij Decofoodshop.nl Diverse soorten zeer fraaie kwaliteit kunst sushi props en namaak vis direct bezorgd.\",\"breadcrumb\":{\"@id\":\"https:\\\/\\\/decofoodshop.nl\\\/product\\\/nep-sushi-cups-set\\\/#breadcrumb\"},\"inLanguage\":\"en-GB\",\"potentialAction\":[{\"@type\":\"ReadAction\",\"target\":[\"https:\\\/\\\/decofoodshop.nl\\\/product\\\/nep-sushi-cups-set\\\/\"]}]},{\"@type\":\"ImageObject\",\"inLanguage\":\"en-GB\",\"@id\":\"https:\\\/\\\/decofoodshop.nl\\\/product\\\/nep-sushi-cups-set\\\/#primaryimage\",\"url\":\"https:\\\/\\\/decofoodshop.nl\\\/wp-content\\\/uploads\\\/2024\\\/04\\\/Sushi-Cups-set.jpg\",\"contentUrl\":\"https:\\\/\\\/decofoodshop.nl\\\/wp-content\\\/uploads\\\/2024\\\/04\\\/Sushi-Cups-set.jpg\",\"width\":1500,\"height\":1500,\"caption\":\"Nep Sushi Cups Set enb meer fake sushi van Decofoodshop.nl\"},{\"@type\":\"BreadcrumbList\",\"@id\":\"https:\\\/\\\/decofoodshop.nl\\\/product\\\/nep-sushi-cups-set\\\/#breadcrumb\",\"itemListElement\":[{\"@type\":\"ListItem\",\"position\":1,\"name\":\"Home\",\"item\":\"https:\\\/\\\/decofoodshop.nl\\\/\"},{\"@type\":\"ListItem\",\"position\":2,\"name\":\"Winkel\",\"item\":\"https:\\\/\\\/decofoodshop.nl\\\/winkel\\\/\"},{\"@type\":\"ListItem\",\"position\":3,\"name\":\"Nep Sushi Cups Set\"}]},{\"@type\":\"WebSite\",\"@id\":\"https:\\\/\\\/decofoodshop.nl\\\/#website\",\"url\":\"https:\\\/\\\/decofoodshop.nl\\\/\",\"name\":\"Decofoodshop\",\"description\":\"\",\"potentialAction\":[{\"@type\":\"SearchAction\",\"target\":{\"@type\":\"EntryPoint\",\"urlTemplate\":\"https:\\\/\\\/decofoodshop.nl\\\/?s={search_term_string}\"},\"query-input\":{\"@type\":\"PropertyValueSpecification\",\"valueRequired\":true,\"valueName\":\"search_term_string\"}}],\"inLanguage\":\"en-GB\"}]}<\/script>\n<!-- \/ Yoast SEO Premium plugin. -->","yoast_head_json":{"title":"Fake Sushi Cups Set - Decofoodshop","description":"Order fake Sushi Cups Set and more fake sushi at Decofoodshop.nl Various types of very nice quality art sushi props and fake fish delivered immediately.","robots":{"index":"index","follow":"follow","max-snippet":"max-snippet:-1","max-image-preview":"max-image-preview:large","max-video-preview":"max-video-preview:-1"},"canonical":"https:\/\/decofoodshop.nl\/en\/product\/fake-sushi-cups-set\/","og_locale":"en_GB","og_type":"article","og_title":"Nep Sushi Cups Set","og_description":"Nep Sushi Cups Set en meer namaak sushi bestellen bij Decofoodshop.nl Diverse soorten zeer fraaie kwaliteit kunst sushi props en namaak vis direct bezorgd.","og_url":"https:\/\/decofoodshop.nl\/en\/product\/fake-sushi-cups-set\/","og_site_name":"Decofoodshop","article_modified_time":"2026-03-02T10:58:19+00:00","og_image":[{"width":1500,"height":1500,"url":"https:\/\/decofoodshop.nl\/wp-content\/uploads\/2024\/04\/Sushi-Cups-set.jpg","type":"image\/jpeg"}],"twitter_card":"summary_large_image","twitter_misc":{"Estimated reading time":"1 minute"},"schema":{"@context":"https:\/\/schema.org","@graph":[{"@type":"WebPage","@id":"https:\/\/decofoodshop.nl\/product\/nep-sushi-cups-set\/","url":"https:\/\/decofoodshop.nl\/product\/nep-sushi-cups-set\/","name":"Fake Sushi Cups Set - Decofoodshop","isPartOf":{"@id":"https:\/\/decofoodshop.nl\/#website"},"primaryImageOfPage":{"@id":"https:\/\/decofoodshop.nl\/product\/nep-sushi-cups-set\/#primaryimage"},"image":{"@id":"https:\/\/decofoodshop.nl\/product\/nep-sushi-cups-set\/#primaryimage"},"thumbnailUrl":"https:\/\/decofoodshop.nl\/wp-content\/uploads\/2024\/04\/Sushi-Cups-set.jpg","datePublished":"2024-04-10T18:25:31+00:00","dateModified":"2026-03-02T10:58:19+00:00","description":"Order fake Sushi Cups Set and more fake sushi at Decofoodshop.nl Various types of very nice quality art sushi props and fake fish delivered immediately.","breadcrumb":{"@id":"https:\/\/decofoodshop.nl\/product\/nep-sushi-cups-set\/#breadcrumb"},"inLanguage":"en-GB","potentialAction":[{"@type":"ReadAction","target":["https:\/\/decofoodshop.nl\/product\/nep-sushi-cups-set\/"]}]},{"@type":"ImageObject","inLanguage":"en-GB","@id":"https:\/\/decofoodshop.nl\/product\/nep-sushi-cups-set\/#primaryimage","url":"https:\/\/decofoodshop.nl\/wp-content\/uploads\/2024\/04\/Sushi-Cups-set.jpg","contentUrl":"https:\/\/decofoodshop.nl\/wp-content\/uploads\/2024\/04\/Sushi-Cups-set.jpg","width":1500,"height":1500,"caption":"Nep Sushi Cups Set enb meer fake sushi van Decofoodshop.nl"},{"@type":"BreadcrumbList","@id":"https:\/\/decofoodshop.nl\/product\/nep-sushi-cups-set\/#breadcrumb","itemListElement":[{"@type":"ListItem","position":1,"name":"Home","item":"https:\/\/decofoodshop.nl\/"},{"@type":"ListItem","position":2,"name":"Winkel","item":"https:\/\/decofoodshop.nl\/winkel\/"},{"@type":"ListItem","position":3,"name":"Nep Sushi Cups Set"}]},{"@type":"WebSite","@id":"https:\/\/decofoodshop.nl\/#website","url":"https:\/\/decofoodshop.nl\/","name":"Decofoodshop","description":"","potentialAction":[{"@type":"SearchAction","target":{"@type":"EntryPoint","urlTemplate":"https:\/\/decofoodshop.nl\/?s={search_term_string}"},"query-input":{"@type":"PropertyValueSpecification","valueRequired":true,"valueName":"search_term_string"}}],"inLanguage":"en-GB"}]}},"_links":{"self":[{"href":"https:\/\/decofoodshop.nl\/en\/wp-json\/wp\/v2\/product\/10061","targetHints":{"allow":["GET"]}}],"collection":[{"href":"https:\/\/decofoodshop.nl\/en\/wp-json\/wp\/v2\/product"}],"about":[{"href":"https:\/\/decofoodshop.nl\/en\/wp-json\/wp\/v2\/types\/product"}],"wp:featuredmedia":[{"embeddable":true,"href":"https:\/\/decofoodshop.nl\/en\/wp-json\/wp\/v2\/media\/10064"}],"wp:attachment":[{"href":"https:\/\/decofoodshop.nl\/en\/wp-json\/wp\/v2\/media?parent=10061"}],"wp:term":[{"taxonomy":"product_brand","embeddable":true,"href":"https:\/\/decofoodshop.nl\/en\/wp-json\/wp\/v2\/product_brand?post=10061"},{"taxonomy":"product_cat","embeddable":true,"href":"https:\/\/decofoodshop.nl\/en\/wp-json\/wp\/v2\/product_cat?post=10061"},{"taxonomy":"product_tag","embeddable":true,"href":"https:\/\/decofoodshop.nl\/en\/wp-json\/wp\/v2\/product_tag?post=10061"}],"curies":[{"name":"wp","href":"https:\/\/api.w.org\/{rel}","templated":true}]}}