{"id":10900,"date":"2024-08-23T09:44:58","date_gmt":"2024-08-23T07:44:58","guid":{"rendered":"https:\/\/decofoodshop.nl\/?post_type=product&#038;p=10900"},"modified":"2026-03-11T12:22:01","modified_gmt":"2026-03-11T11:22:01","slug":"namaak-sate-stokjes","status":"publish","type":"product","link":"https:\/\/decofoodshop.nl\/en\/product\/namaak-sate-stokjes\/","title":{"rendered":"Namaak Sat\u00e9 Stokjes"},"content":{"rendered":"<p>Set van drie stuks Namaak Sat\u00e9 Stokjes.<\/p>\n<p>Deze Nep Sat\u00e9 Stokjes lijken net echt.<\/p>\n<p>De nepvlees stukjes zitten in z&#8217;n geheel aan \u00e9\u00e9n stuk vast.<\/p>\n<p>Het houten stokje is 25cm lang, de nep kipfilet zelf is 8cm lang.<\/p>\n<p>De kleur is goudbruin.<\/p>\n<p>Gemaakt van stevig kunststof materiaal.<\/p>\n<p>Kan goed tegen vallen en stoten.<\/p>\n<p>Prijs is per 3 stuks!<\/p>\n<p>Geschikt als professionele kunstvoeding.<\/p>\n<p>Bijvoorbeeld als dummie bbq-vlees of in showvitrines.<\/p>\n<p>Kortom een fraai en decoratief stuk nep bbq vlees van hoge kwaliteit.<\/p>\n<p>Kijk voor meer decoratieve voeding ook eens in de categorie met <span style=\"color: #008000;\"><strong><a style=\"color: #008000;\" href=\"https:\/\/decofoodshop.nl\/en\/product-category\/other\/\">Overige Decovoedsel<\/a><\/strong><\/span>.<\/p>\n<p>&nbsp;<\/p>","protected":false},"excerpt":{"rendered":"<p>Set van drie stuks Namaak Sat\u00e9 Stokjes. Deze Nep Sat\u00e9 Stokjes lijken net echt. De nepvlees stukjes zitten in z&#8217;n geheel aan \u00e9\u00e9n stuk vast. Het houten stokje is 25cm lang, de nep kipfilet zelf is 8cm lang. De kleur is goudbruin. Gemaakt van stevig kunststof materiaal. Kan goed tegen vallen en stoten. Prijs is [&hellip;]<\/p>\n","protected":false},"featured_media":10901,"template":"","meta":{"_acf_changed":false,"_genesis_hide_title":false,"_genesis_hide_breadcrumbs":false,"_genesis_hide_singular_image":false,"_genesis_hide_footer_widgets":false,"_genesis_custom_body_class":"","_genesis_custom_post_class":"","_genesis_layout":""},"product_brand":[],"product_cat":[50],"product_tag":[],"class_list":{"0":"post-10900","1":"product","2":"type-product","3":"status-publish","4":"has-post-thumbnail","6":"product_cat-namaak-vis-en-vlees","7":"entry","8":"wpx-has-gallery","10":"first","11":"instock","12":"taxable","13":"shipping-taxable","14":"purchasable","15":"product-type-simple"},"acf":[],"yoast_head":"<!-- This site is optimized with the Yoast SEO Premium plugin v27.3 (Yoast SEO v27.3) - https:\/\/yoast.com\/product\/yoast-seo-premium-wordpress\/ -->\n<title>Namaak Sat\u00e9 Stokjes - Decofoodshop<\/title>\n<meta name=\"description\" content=\"Namaak Sat\u00e9 Stokjes en veel meer decoratieve vleesdummies en bbq-vlees dummie van Decofoodshop.nl Professionele kwaliteit kunstvoeding direct bezorgd.\" \/>\n<meta name=\"robots\" content=\"index, follow, max-snippet:-1, max-image-preview:large, max-video-preview:-1\" \/>\n<link rel=\"canonical\" href=\"https:\/\/decofoodshop.nl\/en\/product\/namaak-sate-stokjes\/\" \/>\n<meta property=\"og:locale\" content=\"en_GB\" \/>\n<meta property=\"og:type\" content=\"article\" \/>\n<meta property=\"og:title\" content=\"Namaak Sat\u00e9 Stokjes\" \/>\n<meta property=\"og:description\" content=\"Namaak Sat\u00e9 Stokjes en veel meer decoratieve vleesdummies en bbq-vlees dummie van Decofoodshop.nl Professionele kwaliteit kunstvoeding direct bezorgd.\" \/>\n<meta property=\"og:url\" content=\"https:\/\/decofoodshop.nl\/en\/product\/namaak-sate-stokjes\/\" \/>\n<meta property=\"og:site_name\" content=\"Decofoodshop\" \/>\n<meta property=\"article:modified_time\" content=\"2026-03-11T11:22:01+00:00\" \/>\n<meta property=\"og:image\" content=\"https:\/\/decofoodshop.nl\/wp-content\/uploads\/2024\/08\/Namaak-Sate-Stokjes_05.jpg\" \/>\n\t<meta property=\"og:image:width\" content=\"1500\" \/>\n\t<meta property=\"og:image:height\" content=\"1500\" \/>\n\t<meta property=\"og:image:type\" content=\"image\/jpeg\" \/>\n<meta name=\"twitter:card\" content=\"summary_large_image\" \/>\n<meta name=\"twitter:label1\" content=\"Estimated reading time\" \/>\n\t<meta name=\"twitter:data1\" content=\"1 minute\" \/>\n<script type=\"application\/ld+json\" class=\"yoast-schema-graph\">{\"@context\":\"https:\\\/\\\/schema.org\",\"@graph\":[{\"@type\":\"WebPage\",\"@id\":\"https:\\\/\\\/decofoodshop.nl\\\/product\\\/namaak-sate-stokjes\\\/\",\"url\":\"https:\\\/\\\/decofoodshop.nl\\\/product\\\/namaak-sate-stokjes\\\/\",\"name\":\"Namaak Sat\u00e9 Stokjes - Decofoodshop\",\"isPartOf\":{\"@id\":\"https:\\\/\\\/decofoodshop.nl\\\/#website\"},\"primaryImageOfPage\":{\"@id\":\"https:\\\/\\\/decofoodshop.nl\\\/product\\\/namaak-sate-stokjes\\\/#primaryimage\"},\"image\":{\"@id\":\"https:\\\/\\\/decofoodshop.nl\\\/product\\\/namaak-sate-stokjes\\\/#primaryimage\"},\"thumbnailUrl\":\"https:\\\/\\\/decofoodshop.nl\\\/wp-content\\\/uploads\\\/2024\\\/08\\\/Namaak-Sate-Stokjes_05.jpg\",\"datePublished\":\"2024-08-23T07:44:58+00:00\",\"dateModified\":\"2026-03-11T11:22:01+00:00\",\"description\":\"Namaak Sat\u00e9 Stokjes en veel meer decoratieve vleesdummies en bbq-vlees dummie van Decofoodshop.nl Professionele kwaliteit kunstvoeding direct bezorgd.\",\"breadcrumb\":{\"@id\":\"https:\\\/\\\/decofoodshop.nl\\\/product\\\/namaak-sate-stokjes\\\/#breadcrumb\"},\"inLanguage\":\"en-GB\",\"potentialAction\":[{\"@type\":\"ReadAction\",\"target\":[\"https:\\\/\\\/decofoodshop.nl\\\/product\\\/namaak-sate-stokjes\\\/\"]}]},{\"@type\":\"ImageObject\",\"inLanguage\":\"en-GB\",\"@id\":\"https:\\\/\\\/decofoodshop.nl\\\/product\\\/namaak-sate-stokjes\\\/#primaryimage\",\"url\":\"https:\\\/\\\/decofoodshop.nl\\\/wp-content\\\/uploads\\\/2024\\\/08\\\/Namaak-Sate-Stokjes_05.jpg\",\"contentUrl\":\"https:\\\/\\\/decofoodshop.nl\\\/wp-content\\\/uploads\\\/2024\\\/08\\\/Namaak-Sate-Stokjes_05.jpg\",\"width\":1500,\"height\":1500,\"caption\":\"Namaak Sat\u00e9 Stokjes van Decofoodshop.nl\"},{\"@type\":\"BreadcrumbList\",\"@id\":\"https:\\\/\\\/decofoodshop.nl\\\/product\\\/namaak-sate-stokjes\\\/#breadcrumb\",\"itemListElement\":[{\"@type\":\"ListItem\",\"position\":1,\"name\":\"Home\",\"item\":\"https:\\\/\\\/decofoodshop.nl\\\/\"},{\"@type\":\"ListItem\",\"position\":2,\"name\":\"Winkel\",\"item\":\"https:\\\/\\\/decofoodshop.nl\\\/winkel\\\/\"},{\"@type\":\"ListItem\",\"position\":3,\"name\":\"Namaak Sat\u00e9 Stokjes\"}]},{\"@type\":\"WebSite\",\"@id\":\"https:\\\/\\\/decofoodshop.nl\\\/#website\",\"url\":\"https:\\\/\\\/decofoodshop.nl\\\/\",\"name\":\"Decofoodshop\",\"description\":\"\",\"potentialAction\":[{\"@type\":\"SearchAction\",\"target\":{\"@type\":\"EntryPoint\",\"urlTemplate\":\"https:\\\/\\\/decofoodshop.nl\\\/?s={search_term_string}\"},\"query-input\":{\"@type\":\"PropertyValueSpecification\",\"valueRequired\":true,\"valueName\":\"search_term_string\"}}],\"inLanguage\":\"en-GB\"}]}<\/script>\n<!-- \/ Yoast SEO Premium plugin. -->","yoast_head_json":{"title":"Namaak Sat\u00e9 Stokjes - Decofoodshop","description":"Namaak Sat\u00e9 Stokjes en veel meer decoratieve vleesdummies en bbq-vlees dummie van Decofoodshop.nl Professionele kwaliteit kunstvoeding direct bezorgd.","robots":{"index":"index","follow":"follow","max-snippet":"max-snippet:-1","max-image-preview":"max-image-preview:large","max-video-preview":"max-video-preview:-1"},"canonical":"https:\/\/decofoodshop.nl\/en\/product\/namaak-sate-stokjes\/","og_locale":"en_GB","og_type":"article","og_title":"Namaak Sat\u00e9 Stokjes","og_description":"Namaak Sat\u00e9 Stokjes en veel meer decoratieve vleesdummies en bbq-vlees dummie van Decofoodshop.nl Professionele kwaliteit kunstvoeding direct bezorgd.","og_url":"https:\/\/decofoodshop.nl\/en\/product\/namaak-sate-stokjes\/","og_site_name":"Decofoodshop","article_modified_time":"2026-03-11T11:22:01+00:00","og_image":[{"width":1500,"height":1500,"url":"https:\/\/decofoodshop.nl\/wp-content\/uploads\/2024\/08\/Namaak-Sate-Stokjes_05.jpg","type":"image\/jpeg"}],"twitter_card":"summary_large_image","twitter_misc":{"Estimated reading time":"1 minute"},"schema":{"@context":"https:\/\/schema.org","@graph":[{"@type":"WebPage","@id":"https:\/\/decofoodshop.nl\/product\/namaak-sate-stokjes\/","url":"https:\/\/decofoodshop.nl\/product\/namaak-sate-stokjes\/","name":"Namaak Sat\u00e9 Stokjes - Decofoodshop","isPartOf":{"@id":"https:\/\/decofoodshop.nl\/#website"},"primaryImageOfPage":{"@id":"https:\/\/decofoodshop.nl\/product\/namaak-sate-stokjes\/#primaryimage"},"image":{"@id":"https:\/\/decofoodshop.nl\/product\/namaak-sate-stokjes\/#primaryimage"},"thumbnailUrl":"https:\/\/decofoodshop.nl\/wp-content\/uploads\/2024\/08\/Namaak-Sate-Stokjes_05.jpg","datePublished":"2024-08-23T07:44:58+00:00","dateModified":"2026-03-11T11:22:01+00:00","description":"Namaak Sat\u00e9 Stokjes en veel meer decoratieve vleesdummies en bbq-vlees dummie van Decofoodshop.nl Professionele kwaliteit kunstvoeding direct bezorgd.","breadcrumb":{"@id":"https:\/\/decofoodshop.nl\/product\/namaak-sate-stokjes\/#breadcrumb"},"inLanguage":"en-GB","potentialAction":[{"@type":"ReadAction","target":["https:\/\/decofoodshop.nl\/product\/namaak-sate-stokjes\/"]}]},{"@type":"ImageObject","inLanguage":"en-GB","@id":"https:\/\/decofoodshop.nl\/product\/namaak-sate-stokjes\/#primaryimage","url":"https:\/\/decofoodshop.nl\/wp-content\/uploads\/2024\/08\/Namaak-Sate-Stokjes_05.jpg","contentUrl":"https:\/\/decofoodshop.nl\/wp-content\/uploads\/2024\/08\/Namaak-Sate-Stokjes_05.jpg","width":1500,"height":1500,"caption":"Namaak Sat\u00e9 Stokjes van Decofoodshop.nl"},{"@type":"BreadcrumbList","@id":"https:\/\/decofoodshop.nl\/product\/namaak-sate-stokjes\/#breadcrumb","itemListElement":[{"@type":"ListItem","position":1,"name":"Home","item":"https:\/\/decofoodshop.nl\/"},{"@type":"ListItem","position":2,"name":"Winkel","item":"https:\/\/decofoodshop.nl\/winkel\/"},{"@type":"ListItem","position":3,"name":"Namaak Sat\u00e9 Stokjes"}]},{"@type":"WebSite","@id":"https:\/\/decofoodshop.nl\/#website","url":"https:\/\/decofoodshop.nl\/","name":"Decofoodshop","description":"","potentialAction":[{"@type":"SearchAction","target":{"@type":"EntryPoint","urlTemplate":"https:\/\/decofoodshop.nl\/?s={search_term_string}"},"query-input":{"@type":"PropertyValueSpecification","valueRequired":true,"valueName":"search_term_string"}}],"inLanguage":"en-GB"}]}},"_links":{"self":[{"href":"https:\/\/decofoodshop.nl\/en\/wp-json\/wp\/v2\/product\/10900","targetHints":{"allow":["GET"]}}],"collection":[{"href":"https:\/\/decofoodshop.nl\/en\/wp-json\/wp\/v2\/product"}],"about":[{"href":"https:\/\/decofoodshop.nl\/en\/wp-json\/wp\/v2\/types\/product"}],"wp:featuredmedia":[{"embeddable":true,"href":"https:\/\/decofoodshop.nl\/en\/wp-json\/wp\/v2\/media\/10901"}],"wp:attachment":[{"href":"https:\/\/decofoodshop.nl\/en\/wp-json\/wp\/v2\/media?parent=10900"}],"wp:term":[{"taxonomy":"product_brand","embeddable":true,"href":"https:\/\/decofoodshop.nl\/en\/wp-json\/wp\/v2\/product_brand?post=10900"},{"taxonomy":"product_cat","embeddable":true,"href":"https:\/\/decofoodshop.nl\/en\/wp-json\/wp\/v2\/product_cat?post=10900"},{"taxonomy":"product_tag","embeddable":true,"href":"https:\/\/decofoodshop.nl\/en\/wp-json\/wp\/v2\/product_tag?post=10900"}],"curies":[{"name":"wp","href":"https:\/\/api.w.org\/{rel}","templated":true}]}}