{"id":2021,"date":"2020-01-21T12:29:39","date_gmt":"2020-01-21T12:29:39","guid":{"rendered":"https:\/\/decofoodshop.nl\/?post_type=product&#038;p=2021"},"modified":"2026-03-02T13:45:58","modified_gmt":"2026-03-02T12:45:58","slug":"fake-sushi-maki-set","status":"publish","type":"product","link":"https:\/\/decofoodshop.nl\/en\/product\/nep-sushi-nigiri\/","title":{"rendered":"Fake Sushi Nigiri Set"},"content":{"rendered":"<p>Ready-made Fake Sushi Nigiri set of 4 pieces.<\/p>\n<p>All four fake sushis consist of a bed of white fake rice grains.<\/p>\n<p>A different piece of fish on each bed of rice.<\/p>\n<p>One with salmon, one with shrimp, one with tuna and one finished with omelette.<\/p>\n<p>All sushi props are extremely detailed and look real.<\/p>\n<p>The fake sushi is not fragile and very decorative.<\/p>\n<p>Also take a look<strong><span style=\"color: #008000;\"> <a style=\"color: #008000;\" href=\"https:\/\/decofoodshop.nl\/en\/product-category\/other\/\">&#039;Other&#039;<\/a><\/span><\/strong> for various other types of counterfeit food items.<\/p>\n<p>&nbsp;<\/p>\n<p>&nbsp;<\/p>\n<p>&nbsp;<\/p>","protected":false},"excerpt":{"rendered":"<p>Kant en klare Nep Sushi Nigiri set van 4 stuks. Alle vier de namaak sushi&#8217;s bestaan uit een bedje witte namaak rijstkorrels. Op elk rijstbedje een ander stukje vis. \u00c9\u00e9n met zalm, \u00e9\u00e9n met garnaal, \u00e9\u00e9n met tonijn en \u00e9\u00e9n afgewerkt met omelet. Alle sushi props zijn uiterst gedetailleerd en net echt. De namaak sushi [&hellip;]<\/p>\n","protected":false},"featured_media":10047,"template":"","meta":{"_acf_changed":false,"_genesis_hide_title":false,"_genesis_hide_breadcrumbs":false,"_genesis_hide_singular_image":false,"_genesis_hide_footer_widgets":false,"_genesis_custom_body_class":"","_genesis_custom_post_class":"","_genesis_layout":""},"product_brand":[],"product_cat":[50,51],"product_tag":[],"class_list":{"0":"post-2021","1":"product","2":"type-product","3":"status-publish","4":"has-post-thumbnail","6":"product_cat-namaak-vis-en-vlees","7":"product_cat-overige","8":"entry","9":"wpx-has-gallery","11":"first","12":"instock","13":"taxable","14":"shipping-taxable","15":"purchasable","16":"product-type-simple"},"acf":[],"yoast_head":"<!-- This site is optimized with the Yoast SEO Premium plugin v27.4 (Yoast SEO v27.4) - https:\/\/yoast.com\/product\/yoast-seo-premium-wordpress\/ -->\n<title>Nep Sushi Nigiri Set - Verkrijgbaar Bij Decofoodshop<\/title>\n<meta name=\"description\" content=\"Nep Sushi Nigiri Set. Wij bieden verschillende plastic sushi sets aan. Bekijk alle namaak sushi bij Decofoodshop. Alle soorten levensecht decoratie voedsel.\" \/>\n<meta name=\"robots\" content=\"index, follow, max-snippet:-1, max-image-preview:large, max-video-preview:-1\" \/>\n<link rel=\"canonical\" href=\"https:\/\/decofoodshop.nl\/en\/product\/fake-sushi-maki-set\/\" \/>\n<meta property=\"og:locale\" content=\"en_GB\" \/>\n<meta property=\"og:type\" content=\"article\" \/>\n<meta property=\"og:title\" content=\"Nep Sushi Nigiri Set\" \/>\n<meta property=\"og:description\" content=\"Nep Sushi Nigiri Set. Wij bieden verschillende plastic sushi sets aan. Bekijk alle namaak sushi bij Decofoodshop. Alle soorten levensecht decoratie voedsel.\" \/>\n<meta property=\"og:url\" content=\"https:\/\/decofoodshop.nl\/en\/product\/fake-sushi-maki-set\/\" \/>\n<meta property=\"og:site_name\" content=\"Decofoodshop\" \/>\n<meta property=\"article:modified_time\" content=\"2026-03-02T12:45:58+00:00\" \/>\n<meta property=\"og:image\" content=\"https:\/\/decofoodshop.nl\/wp-content\/uploads\/2020\/01\/Nep-Sushi-Nigiri-set.jpg\" \/>\n\t<meta property=\"og:image:width\" content=\"1499\" \/>\n\t<meta property=\"og:image:height\" content=\"1500\" \/>\n\t<meta property=\"og:image:type\" content=\"image\/jpeg\" \/>\n<meta name=\"twitter:card\" content=\"summary_large_image\" \/>\n<meta name=\"twitter:label1\" content=\"Estimated reading time\" \/>\n\t<meta name=\"twitter:data1\" content=\"1 minute\" \/>\n<script type=\"application\/ld+json\" class=\"yoast-schema-graph\">{\"@context\":\"https:\\\/\\\/schema.org\",\"@graph\":[{\"@type\":\"WebPage\",\"@id\":\"https:\\\/\\\/decofoodshop.nl\\\/product\\\/nep-sushi-nigiri\\\/\",\"url\":\"https:\\\/\\\/decofoodshop.nl\\\/product\\\/nep-sushi-nigiri\\\/\",\"name\":\"Nep Sushi Nigiri Set - Verkrijgbaar Bij Decofoodshop\",\"isPartOf\":{\"@id\":\"https:\\\/\\\/decofoodshop.nl\\\/#website\"},\"primaryImageOfPage\":{\"@id\":\"https:\\\/\\\/decofoodshop.nl\\\/product\\\/nep-sushi-nigiri\\\/#primaryimage\"},\"image\":{\"@id\":\"https:\\\/\\\/decofoodshop.nl\\\/product\\\/nep-sushi-nigiri\\\/#primaryimage\"},\"thumbnailUrl\":\"https:\\\/\\\/decofoodshop.nl\\\/wp-content\\\/uploads\\\/2020\\\/01\\\/Nep-Sushi-Nigiri-set.jpg\",\"datePublished\":\"2020-01-21T12:29:39+00:00\",\"dateModified\":\"2026-03-02T12:45:58+00:00\",\"description\":\"Nep Sushi Nigiri Set. Wij bieden verschillende plastic sushi sets aan. Bekijk alle namaak sushi bij Decofoodshop. Alle soorten levensecht decoratie voedsel.\",\"breadcrumb\":{\"@id\":\"https:\\\/\\\/decofoodshop.nl\\\/product\\\/nep-sushi-nigiri\\\/#breadcrumb\"},\"inLanguage\":\"en-GB\",\"potentialAction\":[{\"@type\":\"ReadAction\",\"target\":[\"https:\\\/\\\/decofoodshop.nl\\\/product\\\/nep-sushi-nigiri\\\/\"]}]},{\"@type\":\"ImageObject\",\"inLanguage\":\"en-GB\",\"@id\":\"https:\\\/\\\/decofoodshop.nl\\\/product\\\/nep-sushi-nigiri\\\/#primaryimage\",\"url\":\"https:\\\/\\\/decofoodshop.nl\\\/wp-content\\\/uploads\\\/2020\\\/01\\\/Nep-Sushi-Nigiri-set.jpg\",\"contentUrl\":\"https:\\\/\\\/decofoodshop.nl\\\/wp-content\\\/uploads\\\/2020\\\/01\\\/Nep-Sushi-Nigiri-set.jpg\",\"width\":1499,\"height\":1500,\"caption\":\"Nep Sushi Nigiri Set van Decofoodshop.nl\"},{\"@type\":\"BreadcrumbList\",\"@id\":\"https:\\\/\\\/decofoodshop.nl\\\/product\\\/nep-sushi-nigiri\\\/#breadcrumb\",\"itemListElement\":[{\"@type\":\"ListItem\",\"position\":1,\"name\":\"Home\",\"item\":\"https:\\\/\\\/decofoodshop.nl\\\/\"},{\"@type\":\"ListItem\",\"position\":2,\"name\":\"Winkel\",\"item\":\"https:\\\/\\\/decofoodshop.nl\\\/winkel\\\/\"},{\"@type\":\"ListItem\",\"position\":3,\"name\":\"Nep Sushi Nigiri Set\"}]},{\"@type\":\"WebSite\",\"@id\":\"https:\\\/\\\/decofoodshop.nl\\\/#website\",\"url\":\"https:\\\/\\\/decofoodshop.nl\\\/\",\"name\":\"Decofoodshop\",\"description\":\"\",\"potentialAction\":[{\"@type\":\"SearchAction\",\"target\":{\"@type\":\"EntryPoint\",\"urlTemplate\":\"https:\\\/\\\/decofoodshop.nl\\\/?s={search_term_string}\"},\"query-input\":{\"@type\":\"PropertyValueSpecification\",\"valueRequired\":true,\"valueName\":\"search_term_string\"}}],\"inLanguage\":\"en-GB\"}]}<\/script>\n<!-- \/ Yoast SEO Premium plugin. -->","yoast_head_json":{"title":"Fake Sushi Nigiri Set - Available at Decofoodshop","description":"Fake Sushi Nigiri Set. We offer various plastic sushi sets. View all fake sushi at Decofoodshop. All kinds of lifelike decoration food.","robots":{"index":"index","follow":"follow","max-snippet":"max-snippet:-1","max-image-preview":"max-image-preview:large","max-video-preview":"max-video-preview:-1"},"canonical":"https:\/\/decofoodshop.nl\/en\/product\/fake-sushi-maki-set\/","og_locale":"en_GB","og_type":"article","og_title":"Nep Sushi Nigiri Set","og_description":"Nep Sushi Nigiri Set. Wij bieden verschillende plastic sushi sets aan. Bekijk alle namaak sushi bij Decofoodshop. Alle soorten levensecht decoratie voedsel.","og_url":"https:\/\/decofoodshop.nl\/en\/product\/fake-sushi-maki-set\/","og_site_name":"Decofoodshop","article_modified_time":"2026-03-02T12:45:58+00:00","og_image":[{"width":1499,"height":1500,"url":"https:\/\/decofoodshop.nl\/wp-content\/uploads\/2020\/01\/Nep-Sushi-Nigiri-set.jpg","type":"image\/jpeg"}],"twitter_card":"summary_large_image","twitter_misc":{"Estimated reading time":"1 minute"},"schema":{"@context":"https:\/\/schema.org","@graph":[{"@type":"WebPage","@id":"https:\/\/decofoodshop.nl\/product\/nep-sushi-nigiri\/","url":"https:\/\/decofoodshop.nl\/product\/nep-sushi-nigiri\/","name":"Fake Sushi Nigiri Set - Available at Decofoodshop","isPartOf":{"@id":"https:\/\/decofoodshop.nl\/#website"},"primaryImageOfPage":{"@id":"https:\/\/decofoodshop.nl\/product\/nep-sushi-nigiri\/#primaryimage"},"image":{"@id":"https:\/\/decofoodshop.nl\/product\/nep-sushi-nigiri\/#primaryimage"},"thumbnailUrl":"https:\/\/decofoodshop.nl\/wp-content\/uploads\/2020\/01\/Nep-Sushi-Nigiri-set.jpg","datePublished":"2020-01-21T12:29:39+00:00","dateModified":"2026-03-02T12:45:58+00:00","description":"Fake Sushi Nigiri Set. We offer various plastic sushi sets. View all fake sushi at Decofoodshop. All kinds of lifelike decoration food.","breadcrumb":{"@id":"https:\/\/decofoodshop.nl\/product\/nep-sushi-nigiri\/#breadcrumb"},"inLanguage":"en-GB","potentialAction":[{"@type":"ReadAction","target":["https:\/\/decofoodshop.nl\/product\/nep-sushi-nigiri\/"]}]},{"@type":"ImageObject","inLanguage":"en-GB","@id":"https:\/\/decofoodshop.nl\/product\/nep-sushi-nigiri\/#primaryimage","url":"https:\/\/decofoodshop.nl\/wp-content\/uploads\/2020\/01\/Nep-Sushi-Nigiri-set.jpg","contentUrl":"https:\/\/decofoodshop.nl\/wp-content\/uploads\/2020\/01\/Nep-Sushi-Nigiri-set.jpg","width":1499,"height":1500,"caption":"Nep Sushi Nigiri Set van Decofoodshop.nl"},{"@type":"BreadcrumbList","@id":"https:\/\/decofoodshop.nl\/product\/nep-sushi-nigiri\/#breadcrumb","itemListElement":[{"@type":"ListItem","position":1,"name":"Home","item":"https:\/\/decofoodshop.nl\/"},{"@type":"ListItem","position":2,"name":"Winkel","item":"https:\/\/decofoodshop.nl\/winkel\/"},{"@type":"ListItem","position":3,"name":"Nep Sushi Nigiri Set"}]},{"@type":"WebSite","@id":"https:\/\/decofoodshop.nl\/#website","url":"https:\/\/decofoodshop.nl\/","name":"Decofoodshop","description":"","potentialAction":[{"@type":"SearchAction","target":{"@type":"EntryPoint","urlTemplate":"https:\/\/decofoodshop.nl\/?s={search_term_string}"},"query-input":{"@type":"PropertyValueSpecification","valueRequired":true,"valueName":"search_term_string"}}],"inLanguage":"en-GB"}]}},"_links":{"self":[{"href":"https:\/\/decofoodshop.nl\/en\/wp-json\/wp\/v2\/product\/2021","targetHints":{"allow":["GET"]}}],"collection":[{"href":"https:\/\/decofoodshop.nl\/en\/wp-json\/wp\/v2\/product"}],"about":[{"href":"https:\/\/decofoodshop.nl\/en\/wp-json\/wp\/v2\/types\/product"}],"wp:featuredmedia":[{"embeddable":true,"href":"https:\/\/decofoodshop.nl\/en\/wp-json\/wp\/v2\/media\/10047"}],"wp:attachment":[{"href":"https:\/\/decofoodshop.nl\/en\/wp-json\/wp\/v2\/media?parent=2021"}],"wp:term":[{"taxonomy":"product_brand","embeddable":true,"href":"https:\/\/decofoodshop.nl\/en\/wp-json\/wp\/v2\/product_brand?post=2021"},{"taxonomy":"product_cat","embeddable":true,"href":"https:\/\/decofoodshop.nl\/en\/wp-json\/wp\/v2\/product_cat?post=2021"},{"taxonomy":"product_tag","embeddable":true,"href":"https:\/\/decofoodshop.nl\/en\/wp-json\/wp\/v2\/product_tag?post=2021"}],"curies":[{"name":"wp","href":"https:\/\/api.w.org\/{rel}","templated":true}]}}