{"id":2411,"date":"2020-02-18T09:19:08","date_gmt":"2020-02-18T09:19:08","guid":{"rendered":"https:\/\/decofoodshop.nl\/?post_type=product&#038;p=2411"},"modified":"2026-04-09T20:53:14","modified_gmt":"2026-04-09T18:53:14","slug":"fake-corncob-skein","status":"publish","type":"product","link":"https:\/\/decofoodshop.nl\/en\/product\/namaak-maiskolven-streng\/","title":{"rendered":"Counterfeit Corn Cob Skein"},"content":{"rendered":"<p>This fake corn cob strand is super decorative.<\/p>\n<p>It is easy to hang from the loop at the end of the braided rope.<\/p>\n<p>The artificial corn cobs are true to nature and very realistic.<\/p>\n<p>The fake corncobs also have a natural yellow color.<\/p>\n<p>Provided with a lot of detail and not breakable.<\/p>\n<p>Are you looking for more counterfeit vegetables? Click<strong><span style=\"color: #008000;\"> <a style=\"color: #008000;\" href=\"https:\/\/decofoodshop.nl\/en\/product-category\/artificial-vegetables\/\">&#039;Here&#039;<\/a> <\/span><\/strong>for artificial vegetables.<\/p>","protected":false},"excerpt":{"rendered":"<p>Deze namaak ma\u00efskolven streng is super decoratief. Hij is makkelijk op te hangen aan de lus aan het uiteinde van het gevlochten touw. De kunst ma\u00efskolven zijn natuurgetrouw en heel realistisch. Ook hebben de nep ma\u00efskolven een natuurlijk gele kleur. Voorzien van veel detail en niet breekbaar. Zoekt u meer namaak groenten? Klik &#8216;Hier&#8217; voor [&hellip;]<\/p>\n","protected":false},"featured_media":2412,"template":"","meta":{"_acf_changed":false,"_genesis_hide_title":false,"_genesis_hide_breadcrumbs":false,"_genesis_hide_singular_image":false,"_genesis_hide_footer_widgets":false,"_genesis_custom_body_class":"","_genesis_custom_post_class":"","_genesis_layout":""},"product_brand":[],"product_cat":[48,51],"product_tag":[],"class_list":{"0":"post-2411","1":"product","2":"type-product","3":"status-publish","4":"has-post-thumbnail","6":"product_cat-kunstgroenten","7":"product_cat-overige","8":"entry","9":"wpx-has-gallery","11":"first","12":"instock","13":"taxable","14":"shipping-taxable","15":"purchasable","16":"product-type-simple"},"acf":[],"yoast_head":"<!-- This site is optimized with the Yoast SEO Premium plugin v27.3 (Yoast SEO v27.3) - https:\/\/yoast.com\/product\/yoast-seo-premium-wordpress\/ -->\n<title>Namaak Ma\u00efskolven Streng - Verkrijgbaar Bij Decofoodshop<\/title>\n<meta name=\"description\" content=\"Mooie namaak ma\u00efskolven streng met 5 ma\u00efskolven per streng. Makkelijk op te hangen door het lusje aan het gevlochten touw.\" \/>\n<meta name=\"robots\" content=\"index, follow, max-snippet:-1, max-image-preview:large, max-video-preview:-1\" \/>\n<link rel=\"canonical\" href=\"https:\/\/decofoodshop.nl\/en\/product\/fake-corncob-skein\/\" \/>\n<meta property=\"og:locale\" content=\"en_GB\" \/>\n<meta property=\"og:type\" content=\"article\" \/>\n<meta property=\"og:title\" content=\"Namaak Ma\u00efskolven Streng\" \/>\n<meta property=\"og:description\" content=\"Mooie namaak ma\u00efskolven streng met 5 ma\u00efskolven per streng. Makkelijk op te hangen door het lusje aan het gevlochten touw.\" \/>\n<meta property=\"og:url\" content=\"https:\/\/decofoodshop.nl\/en\/product\/fake-corncob-skein\/\" \/>\n<meta property=\"og:site_name\" content=\"Decofoodshop\" \/>\n<meta property=\"article:modified_time\" content=\"2026-04-09T18:53:14+00:00\" \/>\n<meta property=\"og:image\" content=\"https:\/\/decofoodshop.nl\/wp-content\/uploads\/2020\/02\/Namaak-Maiskolven-Streng-60cm.jpg\" \/>\n\t<meta property=\"og:image:width\" content=\"1200\" \/>\n\t<meta property=\"og:image:height\" content=\"1197\" \/>\n\t<meta property=\"og:image:type\" content=\"image\/jpeg\" \/>\n<meta name=\"twitter:card\" content=\"summary_large_image\" \/>\n<meta name=\"twitter:label1\" content=\"Estimated reading time\" \/>\n\t<meta name=\"twitter:data1\" content=\"1 minute\" \/>\n<script type=\"application\/ld+json\" class=\"yoast-schema-graph\">{\"@context\":\"https:\\\/\\\/schema.org\",\"@graph\":[{\"@type\":\"WebPage\",\"@id\":\"https:\\\/\\\/decofoodshop.nl\\\/product\\\/namaak-maiskolven-streng\\\/\",\"url\":\"https:\\\/\\\/decofoodshop.nl\\\/product\\\/namaak-maiskolven-streng\\\/\",\"name\":\"Namaak Ma\u00efskolven Streng - Verkrijgbaar Bij Decofoodshop\",\"isPartOf\":{\"@id\":\"https:\\\/\\\/decofoodshop.nl\\\/#website\"},\"primaryImageOfPage\":{\"@id\":\"https:\\\/\\\/decofoodshop.nl\\\/product\\\/namaak-maiskolven-streng\\\/#primaryimage\"},\"image\":{\"@id\":\"https:\\\/\\\/decofoodshop.nl\\\/product\\\/namaak-maiskolven-streng\\\/#primaryimage\"},\"thumbnailUrl\":\"https:\\\/\\\/decofoodshop.nl\\\/wp-content\\\/uploads\\\/2020\\\/02\\\/Namaak-Maiskolven-Streng-60cm.jpg\",\"datePublished\":\"2020-02-18T09:19:08+00:00\",\"dateModified\":\"2026-04-09T18:53:14+00:00\",\"description\":\"Mooie namaak ma\u00efskolven streng met 5 ma\u00efskolven per streng. Makkelijk op te hangen door het lusje aan het gevlochten touw.\",\"breadcrumb\":{\"@id\":\"https:\\\/\\\/decofoodshop.nl\\\/product\\\/namaak-maiskolven-streng\\\/#breadcrumb\"},\"inLanguage\":\"en-GB\",\"potentialAction\":[{\"@type\":\"ReadAction\",\"target\":[\"https:\\\/\\\/decofoodshop.nl\\\/product\\\/namaak-maiskolven-streng\\\/\"]}]},{\"@type\":\"ImageObject\",\"inLanguage\":\"en-GB\",\"@id\":\"https:\\\/\\\/decofoodshop.nl\\\/product\\\/namaak-maiskolven-streng\\\/#primaryimage\",\"url\":\"https:\\\/\\\/decofoodshop.nl\\\/wp-content\\\/uploads\\\/2020\\\/02\\\/Namaak-Maiskolven-Streng-60cm.jpg\",\"contentUrl\":\"https:\\\/\\\/decofoodshop.nl\\\/wp-content\\\/uploads\\\/2020\\\/02\\\/Namaak-Maiskolven-Streng-60cm.jpg\",\"width\":1200,\"height\":1197,\"caption\":\"Namaak Ma\u00efskolven Streng\"},{\"@type\":\"BreadcrumbList\",\"@id\":\"https:\\\/\\\/decofoodshop.nl\\\/product\\\/namaak-maiskolven-streng\\\/#breadcrumb\",\"itemListElement\":[{\"@type\":\"ListItem\",\"position\":1,\"name\":\"Home\",\"item\":\"https:\\\/\\\/decofoodshop.nl\\\/\"},{\"@type\":\"ListItem\",\"position\":2,\"name\":\"Winkel\",\"item\":\"https:\\\/\\\/decofoodshop.nl\\\/winkel\\\/\"},{\"@type\":\"ListItem\",\"position\":3,\"name\":\"Namaak Ma\u00efskolven Streng\"}]},{\"@type\":\"WebSite\",\"@id\":\"https:\\\/\\\/decofoodshop.nl\\\/#website\",\"url\":\"https:\\\/\\\/decofoodshop.nl\\\/\",\"name\":\"Decofoodshop\",\"description\":\"\",\"potentialAction\":[{\"@type\":\"SearchAction\",\"target\":{\"@type\":\"EntryPoint\",\"urlTemplate\":\"https:\\\/\\\/decofoodshop.nl\\\/?s={search_term_string}\"},\"query-input\":{\"@type\":\"PropertyValueSpecification\",\"valueRequired\":true,\"valueName\":\"search_term_string\"}}],\"inLanguage\":\"en-GB\"}]}<\/script>\n<!-- \/ Yoast SEO Premium plugin. -->","yoast_head_json":{"title":"Counterfeit Corncobs Skein - Available at Decofoodshop","description":"Beautiful fake corncob skein with 5 corncobs per skein. Easy to hang with the loop on the braided rope.","robots":{"index":"index","follow":"follow","max-snippet":"max-snippet:-1","max-image-preview":"max-image-preview:large","max-video-preview":"max-video-preview:-1"},"canonical":"https:\/\/decofoodshop.nl\/en\/product\/fake-corncob-skein\/","og_locale":"en_GB","og_type":"article","og_title":"Namaak Ma\u00efskolven Streng","og_description":"Mooie namaak ma\u00efskolven streng met 5 ma\u00efskolven per streng. Makkelijk op te hangen door het lusje aan het gevlochten touw.","og_url":"https:\/\/decofoodshop.nl\/en\/product\/fake-corncob-skein\/","og_site_name":"Decofoodshop","article_modified_time":"2026-04-09T18:53:14+00:00","og_image":[{"width":1200,"height":1197,"url":"https:\/\/decofoodshop.nl\/wp-content\/uploads\/2020\/02\/Namaak-Maiskolven-Streng-60cm.jpg","type":"image\/jpeg"}],"twitter_card":"summary_large_image","twitter_misc":{"Estimated reading time":"1 minute"},"schema":{"@context":"https:\/\/schema.org","@graph":[{"@type":"WebPage","@id":"https:\/\/decofoodshop.nl\/product\/namaak-maiskolven-streng\/","url":"https:\/\/decofoodshop.nl\/product\/namaak-maiskolven-streng\/","name":"Counterfeit Corncobs Skein - Available at Decofoodshop","isPartOf":{"@id":"https:\/\/decofoodshop.nl\/#website"},"primaryImageOfPage":{"@id":"https:\/\/decofoodshop.nl\/product\/namaak-maiskolven-streng\/#primaryimage"},"image":{"@id":"https:\/\/decofoodshop.nl\/product\/namaak-maiskolven-streng\/#primaryimage"},"thumbnailUrl":"https:\/\/decofoodshop.nl\/wp-content\/uploads\/2020\/02\/Namaak-Maiskolven-Streng-60cm.jpg","datePublished":"2020-02-18T09:19:08+00:00","dateModified":"2026-04-09T18:53:14+00:00","description":"Beautiful fake corncob skein with 5 corncobs per skein. Easy to hang with the loop on the braided rope.","breadcrumb":{"@id":"https:\/\/decofoodshop.nl\/product\/namaak-maiskolven-streng\/#breadcrumb"},"inLanguage":"en-GB","potentialAction":[{"@type":"ReadAction","target":["https:\/\/decofoodshop.nl\/product\/namaak-maiskolven-streng\/"]}]},{"@type":"ImageObject","inLanguage":"en-GB","@id":"https:\/\/decofoodshop.nl\/product\/namaak-maiskolven-streng\/#primaryimage","url":"https:\/\/decofoodshop.nl\/wp-content\/uploads\/2020\/02\/Namaak-Maiskolven-Streng-60cm.jpg","contentUrl":"https:\/\/decofoodshop.nl\/wp-content\/uploads\/2020\/02\/Namaak-Maiskolven-Streng-60cm.jpg","width":1200,"height":1197,"caption":"Namaak Ma\u00efskolven Streng"},{"@type":"BreadcrumbList","@id":"https:\/\/decofoodshop.nl\/product\/namaak-maiskolven-streng\/#breadcrumb","itemListElement":[{"@type":"ListItem","position":1,"name":"Home","item":"https:\/\/decofoodshop.nl\/"},{"@type":"ListItem","position":2,"name":"Winkel","item":"https:\/\/decofoodshop.nl\/winkel\/"},{"@type":"ListItem","position":3,"name":"Namaak Ma\u00efskolven Streng"}]},{"@type":"WebSite","@id":"https:\/\/decofoodshop.nl\/#website","url":"https:\/\/decofoodshop.nl\/","name":"Decofoodshop","description":"","potentialAction":[{"@type":"SearchAction","target":{"@type":"EntryPoint","urlTemplate":"https:\/\/decofoodshop.nl\/?s={search_term_string}"},"query-input":{"@type":"PropertyValueSpecification","valueRequired":true,"valueName":"search_term_string"}}],"inLanguage":"en-GB"}]}},"_links":{"self":[{"href":"https:\/\/decofoodshop.nl\/en\/wp-json\/wp\/v2\/product\/2411","targetHints":{"allow":["GET"]}}],"collection":[{"href":"https:\/\/decofoodshop.nl\/en\/wp-json\/wp\/v2\/product"}],"about":[{"href":"https:\/\/decofoodshop.nl\/en\/wp-json\/wp\/v2\/types\/product"}],"wp:featuredmedia":[{"embeddable":true,"href":"https:\/\/decofoodshop.nl\/en\/wp-json\/wp\/v2\/media\/2412"}],"wp:attachment":[{"href":"https:\/\/decofoodshop.nl\/en\/wp-json\/wp\/v2\/media?parent=2411"}],"wp:term":[{"taxonomy":"product_brand","embeddable":true,"href":"https:\/\/decofoodshop.nl\/en\/wp-json\/wp\/v2\/product_brand?post=2411"},{"taxonomy":"product_cat","embeddable":true,"href":"https:\/\/decofoodshop.nl\/en\/wp-json\/wp\/v2\/product_cat?post=2411"},{"taxonomy":"product_tag","embeddable":true,"href":"https:\/\/decofoodshop.nl\/en\/wp-json\/wp\/v2\/product_tag?post=2411"}],"curies":[{"name":"wp","href":"https:\/\/api.w.org\/{rel}","templated":true}]}}